{"id":77387,"date":"2025-03-22T16:44:53","date_gmt":"2025-03-22T16:44:53","guid":{"rendered":"https:\/\/brandss.com.py\/index\/?post_type=product&#038;p=77387"},"modified":"2025-03-22T16:46:08","modified_gmt":"2025-03-22T16:46:08","slug":"estante-de-pie-tchibo-independiente-de-3-compartimientos","status":"publish","type":"product","link":"https:\/\/brandss.com.py\/index\/producto\/estante-de-pie-tchibo-independiente-de-3-compartimientos\/","title":{"rendered":"ESTANTE DE PIE TCHIBO INDEPENDIENTE DE 3 COMPARTIMIENTOS"},"content":{"rendered":"<p><img loading=\"lazy\" decoding=\"async\" class=\"\" src=\"https:\/\/images.seeklogo.com\/logo-png\/49\/2\/tchibo-logo-png_seeklogo-499760.png\" alt=\"Tchibo Logo PNG Vector (AI, CDR, EPS, PDF, SVG) Free Download\" width=\"94\" height=\"94\" \/><\/p>\n<h1>Standregal<\/h1>\n<h2 class=\"tp-display-2 pdp__product-description__headline\" data-v-0cc81e92=\"\"><span>Estanter\u00eda independiente con 3 compartimentos de almacenaje, color antracita<\/span><\/h2>\n<p class=\"tp-footnote\" data-v-0cc81e92=\"\">\n<div class=\"pdp__product-description__section pdp__product-description__section__facts\" data-v-0cc81e92=\"\">\n<div class=\"pdp__product-description__section__items\" data-v-0cc81e92=\"\">\n<div class=\"pdp__product-description__key-facts pdp__product-description__section__item\" data-v-0cc81e92=\"\">\n<ul class=\"tp-list\" data-v-0cc81e92=\"\">\n<li data-v-0cc81e92=\"\">Combinaci\u00f3n vers\u00e1til con otros muebles de la serie.<\/li>\n<li data-v-0cc81e92=\"\">Estante de pie de madera<\/li>\n<li data-v-0cc81e92=\"\">Con 3 cajas de igual tama\u00f1o para uso individual.<\/li>\n<li data-v-0cc81e92=\"\">Estante de pie port\u00e1til que ocupa poco espacio<\/li>\n<li data-v-0cc81e92=\"\">Espacio de almacenamiento abierto<\/li>\n<li data-v-0cc81e92=\"\">Probado para detectar sustancias nocivas por institutos externos acreditados<\/li>\n<\/ul>\n<\/div>\n<\/div>\n<div class=\"pdp__product-description__section__items\" data-v-0cc81e92=\"\">\n<div class=\"pdp__product-description__hard-facts pdp__product-description__section__item\" data-v-0cc81e92=\"\">\n<dl data-v-0cc81e92=\"\">\n<dt data-v-0cc81e92=\"\"><strong>Color<\/strong><\/dt>\n<dt data-v-0cc81e92=\"\"><\/dt>\n<dd data-v-0cc81e92=\"\">Cajas de color antracita<\/dd>\n<dd data-v-0cc81e92=\"\">Marco de roble natural<\/dd>\n<\/dl>\n<dl data-v-0cc81e92=\"\">\n<dt data-v-0cc81e92=\"\"><strong>Material<\/strong><\/dt>\n<dt data-v-0cc81e92=\"\"><\/dt>\n<dd data-v-0cc81e92=\"\">Cajas de tablero de fibra de densidad media (MDF), barnizadas<\/dd>\n<dd data-v-0cc81e92=\"\">Marco de roble macizo<\/dd>\n<\/dl>\n<dl data-v-0cc81e92=\"\">\n<dt data-v-0cc81e92=\"\"><strong>Contenido<\/strong><\/dt>\n<dt data-v-0cc81e92=\"\"><\/dt>\n<dd data-v-0cc81e92=\"\">Incluye protectores de suelo, material de montaje e instrucciones.<\/dd>\n<\/dl>\n<dl data-v-0cc81e92=\"\">\n<dt data-v-0cc81e92=\"\"><strong>Capacidad de carga<\/strong><\/dt>\n<dt data-v-0cc81e92=\"\"><\/dt>\n<dd data-v-0cc81e92=\"\">M\u00e1x. 5 kg por caja<\/dd>\n<\/dl>\n<dl data-v-0cc81e92=\"\">\n<dt data-v-0cc81e92=\"\"><strong>Otra informaci\u00f3n<\/strong><\/dt>\n<dt data-v-0cc81e92=\"\"><\/dt>\n<dd data-v-0cc81e92=\"\">El art\u00edculo se entrega desmontado.<\/dd>\n<dd data-v-0cc81e92=\"\">Entrega en 1 paquete<\/dd>\n<dd data-v-0cc81e92=\"\">Dimensiones del paquete: ancho x alto x profundidad: aprox. 30,5 x 11,5 x 82,5 cm<\/dd>\n<dd data-v-0cc81e92=\"\">Peso aproximado 4,5 kg<\/dd>\n<\/dl>\n<dl data-v-0cc81e92=\"\">\n<dt data-v-0cc81e92=\"\"><strong>Masa<\/strong><\/dt>\n<dt data-v-0cc81e92=\"\"><\/dt>\n<dd data-v-0cc81e92=\"\">Ancho x Alto x Profundidad aprox. 28,5 x 78 x 23 cm<\/dd>\n<\/dl>\n<div class=\"tp-expansion-panel-header tp-expansion-panel-header--active\" data-v-cc40660d=\"\">\n<div class=\"tp-expansion-panel-header-inner\" role=\"button\" aria-expanded=\"true\" data-v-cc40660d=\"\">\n<div class=\"tp-expansion-panel-header-inner-wrapper\" data-v-cc40660d=\"\">\n<div class=\"tp-expansion-panel-header-title\" data-subtitle-nowrap=\"false\" data-v-cc40660d=\"\">\n<div data-v-b9959fea=\"\"><strong>Calidad<\/strong><\/div>\n<div data-v-b9959fea=\"\"><\/div>\n<\/div>\n<\/div>\n<\/div>\n<\/div>\n<div class=\"tp-expansion-panel-content\" data-v-1d216662=\"\">\n<div class=\"tp-expansion-panel-content-inner\" data-v-1d216662=\"\">\n<div data-v-b9959fea=\"\">\n<div class=\"pdp-productinformation-logos__container\" data-v-b9959fea=\"\">\n<div class=\"pdp-productinformation-logos__item\" data-v-b9959fea=\"\">\n<div class=\"pdp-productinformation-logos__image\" data-v-b9959fea=\"\">\n<div class=\"tp-image\" data-state=\"srcLoaded\" data-v-b9959fea=\"\" data-v-150d33fe=\"\"><img decoding=\"async\" src=\"https:\/\/www.tchibo.de\/newmedia\/logo\/44\/c0\/5b9a739fbae9\/31bbbaee347e5f6f\/tcm102.gif\" alt=\"Aviso de calidad\" width=\"auto\" height=\"auto\" data-v-150d33fe=\"\" \/><\/div>\n<\/div>\n<div class=\"pdp-productinformation-logos__details\" data-v-b9959fea=\"\">\n<div class=\"pdp-productinformation-logos__title\" data-v-b9959fea=\"\"><span>Aviso de calidad<\/span><\/div>\n<div class=\"pdp-productinformation-logos__text\" data-v-b9959fea=\"\"><span>El sello de calidad TCM significa una excelente calidad del producto.<\/span><\/div>\n<\/div>\n<\/div>\n<\/div>\n<\/div>\n<\/div>\n<\/div>\n<\/div>\n<\/div>\n<\/div>\n","protected":false},"excerpt":{"rendered":"<p>Standregal Estanter\u00eda independiente con 3 compartimentos de almacenaje, color antracita Combinaci\u00f3n vers\u00e1til con otros muebles de la serie. Estante de<\/p>\n","protected":false},"featured_media":77394,"comment_status":"open","ping_status":"closed","template":"","meta":{"nf_dc_page":""},"product_brand":[],"product_cat":[72],"product_tag":[],"class_list":{"0":"post-77387","1":"product","2":"type-product","3":"status-publish","4":"has-post-thumbnail","6":"product_cat-tchibo","8":"first","9":"instock","10":"shipping-taxable","11":"purchasable","12":"product-type-simple"},"_links":{"self":[{"href":"https:\/\/brandss.com.py\/index\/wp-json\/wp\/v2\/product\/77387","targetHints":{"allow":["GET"]}}],"collection":[{"href":"https:\/\/brandss.com.py\/index\/wp-json\/wp\/v2\/product"}],"about":[{"href":"https:\/\/brandss.com.py\/index\/wp-json\/wp\/v2\/types\/product"}],"replies":[{"embeddable":true,"href":"https:\/\/brandss.com.py\/index\/wp-json\/wp\/v2\/comments?post=77387"}],"version-history":[{"count":1,"href":"https:\/\/brandss.com.py\/index\/wp-json\/wp\/v2\/product\/77387\/revisions"}],"predecessor-version":[{"id":77401,"href":"https:\/\/brandss.com.py\/index\/wp-json\/wp\/v2\/product\/77387\/revisions\/77401"}],"wp:featuredmedia":[{"embeddable":true,"href":"https:\/\/brandss.com.py\/index\/wp-json\/wp\/v2\/media\/77394"}],"wp:attachment":[{"href":"https:\/\/brandss.com.py\/index\/wp-json\/wp\/v2\/media?parent=77387"}],"wp:term":[{"taxonomy":"product_brand","embeddable":true,"href":"https:\/\/brandss.com.py\/index\/wp-json\/wp\/v2\/product_brand?post=77387"},{"taxonomy":"product_cat","embeddable":true,"href":"https:\/\/brandss.com.py\/index\/wp-json\/wp\/v2\/product_cat?post=77387"},{"taxonomy":"product_tag","embeddable":true,"href":"https:\/\/brandss.com.py\/index\/wp-json\/wp\/v2\/product_tag?post=77387"}],"curies":[{"name":"wp","href":"https:\/\/api.w.org\/{rel}","templated":true}]}}