{"id":77402,"date":"2025-03-22T17:47:38","date_gmt":"2025-03-22T17:47:38","guid":{"rendered":"https:\/\/brandss.com.py\/index\/?post_type=product&#038;p=77402"},"modified":"2025-03-22T17:48:04","modified_gmt":"2025-03-22T17:48:04","slug":"calzado-casual-femenino-nike-court-legacy-lift-4","status":"publish","type":"product","link":"https:\/\/brandss.com.py\/index\/producto\/calzado-casual-femenino-nike-court-legacy-lift-4\/","title":{"rendered":"CALZADO CASUAL FEMENINO NIKE COURT LEGACY LIFT"},"content":{"rendered":"<p><img loading=\"lazy\" decoding=\"async\" class=\"\" src=\"https:\/\/1000marcas.net\/wp-content\/uploads\/2019\/11\/Nike-logo.jpg\" alt=\"Logo de Nike: la historia y el significado del logotipo, la ...\" width=\"400\" height=\"225\" \/><\/p>\n<div class=\"flex flex-1 grow basis-auto flex-col overflow-hidden\">\n<div class=\"relative h-full\">\n<div class=\"flex h-full flex-col overflow-y-auto [scrollbar-gutter:stable]\">\n<div class=\"mt-1.5 flex flex-col text-sm @thread-xl\/thread:pt-header-height md:pb-9\">\n<article class=\"group\/turn w-full text-token-text-primary focus-visible:outline-2 focus-visible:outline-offset-[-4px]\" dir=\"auto\" data-testid=\"conversation-turn-30\" data-scroll-anchor=\"true\">\n<div class=\"text-base my-auto mx-auto py-[18px] px-6\">\n<div class=\"mx-auto flex flex-1 text-base gap-4 md:gap-5 lg:gap-6 md:max-w-3xl lg:max-w-[40rem] xl:max-w-[48rem]\">\n<div class=\"group\/conversation-turn relative flex w-full min-w-0 flex-col agent-turn @xs\/thread:px-0 @sm\/thread:px-1.5 @md\/thread:px-4\">\n<div class=\"flex-col gap-1 md:gap-3\">\n<div class=\"flex max-w-full flex-col flex-grow\">\n<div class=\"min-h-8 text-message relative flex w-full flex-col items-end gap-2 whitespace-normal break-words text-start [.text-message+&amp;]:mt-5\" dir=\"auto\" data-message-author-role=\"assistant\" data-message-id=\"6af5c16f-0408-418d-b6e0-722aa92410f1\" data-message-model-slug=\"gpt-4o\">\n<div class=\"flex w-full flex-col gap-1 empty:hidden first:pt-[3px]\">\n<div class=\"markdown prose w-full break-words dark:prose-invert light\">\n<p class=\"\" data-start=\"0\" data-end=\"334\"><span>Los <\/span><strong data-start=\"23\" data-end=\"49\"><span>Nike Court Legacy Lift<\/span><\/strong><span> son tenis femeninos dise\u00f1ados para quienes buscan una combinaci\u00f3n de estilo cl\u00e1sico y un toque moderno. Inspirados en el dise\u00f1o tradicional de los tenis de tenis, incorporan una plataforma elevada que no solo aporta mayor altura, sino tambi\u00e9n comodidad y soporte para el uso diario.<\/span><\/p>\n<p class=\"\" data-start=\"336\" data-end=\"807\"><span>Confeccionados con materiales de alta calidad, estos tenis presentan una parte superior de cuero sint\u00e9tico que brinda un ajuste suave y flexible, mientras que la entresuela de espuma garantiza una amortiguaci\u00f3n ligera. La suela de goma proporciona tracci\u00f3n y durabilidad, asegurando un agarre seguro en diferentes superficies. Su dise\u00f1o vers\u00e1til permite combinarlos f\u00e1cilmente con atuendos casuales y urbanos, convirti\u00e9ndolos en una opci\u00f3n ideal para cualquier ocasi\u00f3n.<\/span><\/p>\n<p class=\"\" data-start=\"809\" data-end=\"831\"><strong data-start=\"809\" data-end=\"829\"><span>Caracter\u00edsticas:<\/span><\/strong><\/p>\n<ul data-start=\"832\" data-end=\"1268\">\n<li class=\"\" data-start=\"832\" data-end=\"922\">\n<p class=\"\" data-start=\"834\" data-end=\"922\"><strong data-start=\"834\" data-end=\"871\"><span>Parte superior de piel sint\u00e9tica:<\/span><\/strong><span> Ajuste c\u00f3modo y flexible con un dise\u00f1o elegante.<\/span><\/p>\n<\/li>\n<li class=\"\" data-start=\"923\" data-end=\"1008\">\n<p class=\"\" data-start=\"925\" data-end=\"1008\"><strong data-start=\"925\" data-end=\"948\"><span>Plataforma elevada:<\/span><\/strong><span> Agrega altura y un estilo moderno sin sacrificar el confort.<\/span><\/p>\n<\/li>\n<li class=\"\" data-start=\"1009\" data-end=\"1097\">\n<p class=\"\" data-start=\"1011\" data-end=\"1097\"><strong data-start=\"1011\" data-end=\"1036\"><span>Entresuela de espuma:<\/span><\/strong><span> Ofrece amortiguaci\u00f3n ligera y soporte durante todo el d\u00eda.<\/span><\/p>\n<\/li>\n<li class=\"\" data-start=\"1098\" data-end=\"1187\">\n<p class=\"\" data-start=\"1100\" data-end=\"1187\"><strong data-start=\"1100\" data-end=\"1127\"><span>Suela de goma duradera:<\/span><\/strong><span> Proporciona excelente tracci\u00f3n y resistencia al desgaste.<\/span><\/p>\n<\/li>\n<li class=\"\" data-start=\"1188\" data-end=\"1268\">\n<p class=\"\" data-start=\"1190\" data-end=\"1268\"><strong data-start=\"1190\" data-end=\"1210\"><span>Estilo vers\u00e1til:<\/span><\/strong><span> Perfectos para combinar con outfits casuales y urbanos.<\/span><\/p>\n<\/li>\n<\/ul>\n<p class=\"\" data-start=\"1270\" data-end=\"1457\"><span>Si buscas un modelo similar, puedes considerar los <\/span><strong data-start=\"1321\" data-end=\"1349\"><span>Nike Blazer Low Platform<\/span><\/strong><span> , que comparten un dise\u00f1o minimalista con plataforma y una est\u00e9tica retro inspirada en los cl\u00e1sicos de Nike.<\/span><\/p>\n<\/div>\n<\/div>\n<\/div>\n<\/div>\n<div class=\"mb-2 flex gap-3 -ml-2\">\n<div class=\"flex items-center justify-start rounded-xl p-1\">\n<div class=\"flex items-center\"><\/div>\n<\/div>\n<\/div>\n<\/div>\n<\/div>\n<\/div>\n<\/div>\n<\/article>\n<\/div>\n<\/div>\n<\/div>\n<\/div>\n","protected":false},"excerpt":{"rendered":"<p>Los Nike Court Legacy Lift son tenis femeninos dise\u00f1ados para quienes buscan una combinaci\u00f3n de estilo cl\u00e1sico y un toque<\/p>\n","protected":false},"featured_media":77403,"comment_status":"open","ping_status":"closed","template":"","meta":{"nf_dc_page":""},"product_brand":[],"product_cat":[73],"product_tag":[],"class_list":{"0":"post-77402","1":"product","2":"type-product","3":"status-publish","4":"has-post-thumbnail","6":"product_cat-femenino","8":"first","9":"instock","10":"shipping-taxable","11":"purchasable","12":"product-type-simple"},"_links":{"self":[{"href":"https:\/\/brandss.com.py\/index\/wp-json\/wp\/v2\/product\/77402","targetHints":{"allow":["GET"]}}],"collection":[{"href":"https:\/\/brandss.com.py\/index\/wp-json\/wp\/v2\/product"}],"about":[{"href":"https:\/\/brandss.com.py\/index\/wp-json\/wp\/v2\/types\/product"}],"replies":[{"embeddable":true,"href":"https:\/\/brandss.com.py\/index\/wp-json\/wp\/v2\/comments?post=77402"}],"version-history":[{"count":1,"href":"https:\/\/brandss.com.py\/index\/wp-json\/wp\/v2\/product\/77402\/revisions"}],"predecessor-version":[{"id":77409,"href":"https:\/\/brandss.com.py\/index\/wp-json\/wp\/v2\/product\/77402\/revisions\/77409"}],"wp:featuredmedia":[{"embeddable":true,"href":"https:\/\/brandss.com.py\/index\/wp-json\/wp\/v2\/media\/77403"}],"wp:attachment":[{"href":"https:\/\/brandss.com.py\/index\/wp-json\/wp\/v2\/media?parent=77402"}],"wp:term":[{"taxonomy":"product_brand","embeddable":true,"href":"https:\/\/brandss.com.py\/index\/wp-json\/wp\/v2\/product_brand?post=77402"},{"taxonomy":"product_cat","embeddable":true,"href":"https:\/\/brandss.com.py\/index\/wp-json\/wp\/v2\/product_cat?post=77402"},{"taxonomy":"product_tag","embeddable":true,"href":"https:\/\/brandss.com.py\/index\/wp-json\/wp\/v2\/product_tag?post=77402"}],"curies":[{"name":"wp","href":"https:\/\/api.w.org\/{rel}","templated":true}]}}