{"id":77410,"date":"2025-03-22T17:55:29","date_gmt":"2025-03-22T17:55:29","guid":{"rendered":"https:\/\/brandss.com.py\/index\/?post_type=product&#038;p=77410"},"modified":"2026-04-21T10:25:48","modified_gmt":"2026-04-21T10:25:48","slug":"calzado-deportivo-femenino-nike-air-zoom-hyperace-2-voley","status":"publish","type":"product","link":"https:\/\/brandss.com.py\/index\/producto\/calzado-deportivo-femenino-nike-air-zoom-hyperace-2-voley\/","title":{"rendered":"CALZADO DEPORTIVO FEMENINO NIKE AIR ZOOM HYPERACE 2 (VOLEY)"},"content":{"rendered":"<p><img loading=\"lazy\" decoding=\"async\" class=\"\" src=\"https:\/\/1000marcas.net\/wp-content\/uploads\/2019\/11\/Nike-logo.jpg\" alt=\"Logo de Nike: la historia y el significado del logotipo, la ...\" width=\"434\" height=\"244\" \/><\/p>\n<div class=\"flex flex-1 grow basis-auto flex-col overflow-hidden\">\n<div class=\"relative h-full\">\n<div class=\"flex h-full flex-col overflow-y-auto [scrollbar-gutter:stable]\">\n<div class=\"mt-1.5 flex flex-col text-sm @thread-xl\/thread:pt-header-height md:pb-9\">\n<article class=\"group\/turn w-full text-token-text-primary focus-visible:outline-2 focus-visible:outline-offset-[-4px]\" dir=\"auto\" data-testid=\"conversation-turn-32\" data-scroll-anchor=\"true\">\n<div class=\"text-base my-auto mx-auto py-[18px] px-6\">\n<div class=\"mx-auto flex flex-1 text-base gap-4 md:gap-5 lg:gap-6 md:max-w-3xl lg:max-w-[40rem] xl:max-w-[48rem]\">\n<div class=\"group\/conversation-turn relative flex w-full min-w-0 flex-col agent-turn @xs\/thread:px-0 @sm\/thread:px-1.5 @md\/thread:px-4\">\n<div class=\"flex-col gap-1 md:gap-3\">\n<div class=\"flex max-w-full flex-col flex-grow\">\n<div class=\"min-h-8 text-message relative flex w-full flex-col items-end gap-2 whitespace-normal break-words text-start [.text-message+&amp;]:mt-5\" dir=\"auto\" data-message-author-role=\"assistant\" data-message-id=\"0ca5fdbe-7d44-4378-ad55-95c4bc9e9a02\" data-message-model-slug=\"gpt-4o\">\n<div class=\"flex w-full flex-col gap-1 empty:hidden first:pt-[3px]\">\n<div class=\"markdown prose w-full break-words dark:prose-invert light\">\n<h1 data-start=\"0\" data-end=\"66\"><strong data-start=\"0\" data-end=\"64\"><span>Nike Zoom HyperAce 2 \u2013 Rendimiento y Agilidad para la Cancha<\/span><\/strong><\/h1>\n<p class=\"\" data-start=\"68\" data-end=\"515\"><span>Dise\u00f1ado para brindar velocidad, estabilidad y soporte en superficies duras, el <\/span><strong data-start=\"148\" data-end=\"172\"><span>Nike Zoom HyperAce 2<\/span><\/strong><span> es un calzado de v\u00f3leibol para mujer que combina tecnolog\u00eda de amortiguaci\u00f3n de alto rendimiento con una construcci\u00f3n ligera y transpirable. Creado para jugadores que buscan la m\u00e1xima respuesta en cada movimiento, este modelo ofrece un ajuste seguro y din\u00e1mico, ideal para los cambios de direcci\u00f3n r\u00e1pidos y los impactos repetitivos del juego.<\/span><\/p>\n<h3 class=\"\" data-start=\"517\" data-end=\"555\"><strong data-start=\"521\" data-end=\"553\"><span>Caracter\u00edsticas principales:<\/span><\/strong><\/h3>\n<ul data-start=\"557\" data-end=\"1563\">\n<li class=\"\" data-start=\"557\" data-end=\"794\">\n<p class=\"\" data-start=\"559\" data-end=\"794\"><strong data-start=\"559\" data-end=\"598\"><span>Construcci\u00f3n ligera y transpirable:<\/span><\/strong><span> La combinaci\u00f3n de materiales sint\u00e9ticos y de malla en la parte superior permite un flujo de aire \u00f3ptimo, manteniendo los pies frescos y c\u00f3modos incluso en los momentos m\u00e1s intensos del partido.<\/span><\/p>\n<\/li>\n<li class=\"\" data-start=\"795\" data-end=\"979\">\n<p class=\"\" data-start=\"797\" data-end=\"979\"><strong data-start=\"797\" data-end=\"825\"><span>Amortiguaci\u00f3n Nike Zoom:<\/span><\/strong><span> Incorpora una unidad Zoom Air en la entresuela, ofreciendo una respuesta r\u00e1pida y una absorci\u00f3n de impactos eficaz en cada aterrizaje y desplazamiento.<\/span><\/p>\n<\/li>\n<li class=\"\" data-start=\"980\" data-end=\"1144\">\n<p class=\"\" data-start=\"982\" data-end=\"1144\"><strong data-start=\"982\" data-end=\"1008\"><span>Soporte y estabilidad:<\/span><\/strong><span> La estructura reforzada en el tal\u00f3n brinda una sujeci\u00f3n mejorada, favoreciendo el equilibrio y el control en cada movimiento lateral.<\/span><\/p>\n<\/li>\n<li class=\"\" data-start=\"1145\" data-end=\"1378\">\n<p class=\"\" data-start=\"1147\" data-end=\"1378\"><strong data-start=\"1147\" data-end=\"1182\"><span>Suela de goma de alta tracci\u00f3n:<\/span><\/strong><span> Dise\u00f1ada espec\u00edficamente para canchas de interior, la suela exterior ofrece un agarre excepcional, ayudando a optimizar la aceleraci\u00f3n y los cambios de direcci\u00f3n sin comprometer la estabilidad.<\/span><\/p>\n<\/li>\n<li class=\"\" data-start=\"1379\" data-end=\"1563\">\n<p class=\"\" data-start=\"1381\" data-end=\"1563\"><strong data-start=\"1381\" data-end=\"1399\"><span>Ajuste seguro:<\/span><\/strong><span> Los cordones y la estructura del empeine permiten un ajuste c\u00f3modo y firme, adapt\u00e1ndose a la forma del pie para mejorar la sensaci\u00f3n de control durante el juego.<\/span><\/p>\n<\/li>\n<\/ul>\n<p class=\"\" data-start=\"1565\" data-end=\"1763\"><span>El <\/span><strong data-start=\"1568\" data-end=\"1592\"><span>Nike Zoom HyperAce 2<\/span><\/strong><span> es la opci\u00f3n ideal para jugadores de v\u00f3leibol que buscan un calzado que equilibre ligereza, soporte y durabilidad, asegurando un rendimiento \u00f3ptimo en cada set y partido.<\/span><\/p>\n<\/div>\n<\/div>\n<\/div>\n<\/div>\n<\/div>\n<\/div>\n<\/div>\n<\/div>\n<\/article>\n<\/div>\n<\/div>\n<\/div>\n<\/div>\n","protected":false},"excerpt":{"rendered":"<p>Nike Zoom HyperAce 2 \u2013 Rendimiento y Agilidad para la Cancha Dise\u00f1ado para brindar velocidad, estabilidad y soporte en superficies<\/p>\n","protected":false},"featured_media":77411,"comment_status":"open","ping_status":"closed","template":"","meta":{"nf_dc_page":""},"product_brand":[],"product_cat":[73],"product_tag":[],"class_list":{"0":"post-77410","1":"product","2":"type-product","3":"status-publish","4":"has-post-thumbnail","6":"product_cat-femenino","8":"first","9":"outofstock","10":"shipping-taxable","11":"purchasable","12":"product-type-simple"},"_links":{"self":[{"href":"https:\/\/brandss.com.py\/index\/wp-json\/wp\/v2\/product\/77410","targetHints":{"allow":["GET"]}}],"collection":[{"href":"https:\/\/brandss.com.py\/index\/wp-json\/wp\/v2\/product"}],"about":[{"href":"https:\/\/brandss.com.py\/index\/wp-json\/wp\/v2\/types\/product"}],"replies":[{"embeddable":true,"href":"https:\/\/brandss.com.py\/index\/wp-json\/wp\/v2\/comments?post=77410"}],"version-history":[{"count":1,"href":"https:\/\/brandss.com.py\/index\/wp-json\/wp\/v2\/product\/77410\/revisions"}],"predecessor-version":[{"id":77418,"href":"https:\/\/brandss.com.py\/index\/wp-json\/wp\/v2\/product\/77410\/revisions\/77418"}],"wp:featuredmedia":[{"embeddable":true,"href":"https:\/\/brandss.com.py\/index\/wp-json\/wp\/v2\/media\/77411"}],"wp:attachment":[{"href":"https:\/\/brandss.com.py\/index\/wp-json\/wp\/v2\/media?parent=77410"}],"wp:term":[{"taxonomy":"product_brand","embeddable":true,"href":"https:\/\/brandss.com.py\/index\/wp-json\/wp\/v2\/product_brand?post=77410"},{"taxonomy":"product_cat","embeddable":true,"href":"https:\/\/brandss.com.py\/index\/wp-json\/wp\/v2\/product_cat?post=77410"},{"taxonomy":"product_tag","embeddable":true,"href":"https:\/\/brandss.com.py\/index\/wp-json\/wp\/v2\/product_tag?post=77410"}],"curies":[{"name":"wp","href":"https:\/\/api.w.org\/{rel}","templated":true}]}}