{"id":77422,"date":"2025-03-22T18:04:48","date_gmt":"2025-03-22T18:04:48","guid":{"rendered":"https:\/\/brandss.com.py\/index\/?post_type=product&#038;p=77422"},"modified":"2025-03-22T18:05:12","modified_gmt":"2025-03-22T18:05:12","slug":"calzado-deportivo-masculino-nike-zoom-fly-5","status":"publish","type":"product","link":"https:\/\/brandss.com.py\/index\/producto\/calzado-deportivo-masculino-nike-zoom-fly-5\/","title":{"rendered":"CALZADO DEPORTIVO MASCULINO NIKE ZOOM FLY 5"},"content":{"rendered":"<p><img loading=\"lazy\" decoding=\"async\" class=\"\" src=\"https:\/\/1000marcas.net\/wp-content\/uploads\/2019\/11\/Nike-logo.jpg\" alt=\"Logo de Nike: la historia y el significado del logotipo, la ...\" width=\"318\" height=\"179\" \/><\/p>\n<div class=\"flex flex-1 grow basis-auto flex-col overflow-hidden\">\n<div class=\"relative h-full\">\n<div class=\"flex h-full flex-col overflow-y-auto [scrollbar-gutter:stable]\">\n<div class=\"mt-1.5 flex flex-col text-sm @thread-xl\/thread:pt-header-height md:pb-9\">\n<article class=\"group\/turn w-full text-token-text-primary focus-visible:outline-2 focus-visible:outline-offset-[-4px]\" dir=\"auto\" data-testid=\"conversation-turn-36\" data-scroll-anchor=\"true\">\n<div class=\"text-base my-auto mx-auto py-[18px] px-6\">\n<div class=\"mx-auto flex flex-1 text-base gap-4 md:gap-5 lg:gap-6 md:max-w-3xl lg:max-w-[40rem] xl:max-w-[48rem]\">\n<div class=\"group\/conversation-turn relative flex w-full min-w-0 flex-col agent-turn @xs\/thread:px-0 @sm\/thread:px-1.5 @md\/thread:px-4\">\n<div class=\"flex-col gap-1 md:gap-3\">\n<div class=\"flex max-w-full flex-col flex-grow\">\n<div class=\"min-h-8 text-message relative flex w-full flex-col items-end gap-2 whitespace-normal break-words text-start [.text-message+&amp;]:mt-5\" dir=\"auto\" data-message-author-role=\"assistant\" data-message-id=\"60eb27ce-80ce-4bc9-94c2-6728f5291770\" data-message-model-slug=\"gpt-4o\">\n<div class=\"flex w-full flex-col gap-1 empty:hidden first:pt-[3px]\">\n<div class=\"markdown prose w-full break-words dark:prose-invert light\">\n<h1 data-start=\"0\" data-end=\"80\"><strong data-start=\"4\" data-end=\"78\"><span>Corre sin l\u00edmites: Un dise\u00f1o vers\u00e1til para entrenamiento y competencia<\/span><\/strong><\/h1>\n<p class=\"\" data-start=\"82\" data-end=\"461\"><span>Evita las brechas entre las sesiones de entrenamiento y el d\u00eda de la competencia con un calzado dise\u00f1ado para ofrecer durabilidad, velocidad y comodidad en cada paso. Este modelo es ideal para quienes buscan rendimiento sin sacrificar comodidad, permiti\u00e9ndote rendir al m\u00e1ximo tanto en la l\u00ednea de salida de tu carrera favorita como en los d\u00edas y meses posteriores a tu victoria.<\/span><\/p>\n<p class=\"\" data-start=\"463\" data-end=\"913\"><span>Con una construcci\u00f3n optimizada para el running, este calzado brinda una sensaci\u00f3n de propulsi\u00f3n que te ayuda a sentirte r\u00e1pido y fresco, reduciendo el impacto en cada zancada. Su dise\u00f1o innovador proporciona la combinaci\u00f3n perfecta de reactividad, soporte y estabilidad, convirti\u00e9ndolo en una opci\u00f3n poco com\u00fan en el mundo del running: lo suficientemente ligero y din\u00e1mico para competir, pero tambi\u00e9n resistente y confiable para entrenar a diario.<\/span><\/p>\n<h3 class=\"\" data-start=\"915\" data-end=\"953\"><strong data-start=\"919\" data-end=\"951\"><span>Caracter\u00edsticas principales:<\/span><\/strong><\/h3>\n<ul data-start=\"955\" data-end=\"1819\">\n<li class=\"\" data-start=\"955\" data-end=\"1138\">\n<p class=\"\" data-start=\"957\" data-end=\"1138\"><strong data-start=\"957\" data-end=\"984\"><span>Amortiguaci\u00f3n reactiva:<\/span><\/strong><span> Incorpora tecnolog\u00eda de absorci\u00f3n de impactos que devuelve energ\u00eda en cada pisada, brindando una sensaci\u00f3n de impulso y mayor eficiencia en la carrera.<\/span><\/p>\n<\/li>\n<li class=\"\" data-start=\"1139\" data-end=\"1323\">\n<p class=\"\" data-start=\"1141\" data-end=\"1323\"><strong data-start=\"1141\" data-end=\"1173\"><span>Parte superior transpirable:<\/span><\/strong><span> Fabricada con materiales ligeros y de malla, permite una excelente ventilaci\u00f3n para mantener los pies frescos y secos incluso en largas distancias.<\/span><\/p>\n<\/li>\n<li class=\"\" data-start=\"1324\" data-end=\"1511\">\n<p class=\"\" data-start=\"1326\" data-end=\"1511\"><strong data-start=\"1326\" data-end=\"1364\"><span>Dise\u00f1o ergon\u00f3mico y ajuste seguro:<\/span><\/strong><span> Se adapta perfectamente al pie, brindando estabilidad sin sacrificar flexibilidad, lo que favorece los movimientos naturales y un mejor rendimiento.<\/span><\/p>\n<\/li>\n<li class=\"\" data-start=\"1512\" data-end=\"1655\">\n<p class=\"\" data-start=\"1514\" data-end=\"1655\"><strong data-start=\"1514\" data-end=\"1550\"><span>Suela exterior de alta tracci\u00f3n:<\/span><\/strong><span> Proporciona un agarre \u00f3ptimo en diversas superficies, asegurando estabilidad y confianza en cada paso.<\/span><\/p>\n<\/li>\n<li class=\"\" data-start=\"1656\" data-end=\"1819\">\n<p class=\"\" data-start=\"1658\" data-end=\"1819\"><strong data-start=\"1658\" data-end=\"1687\"><span>Versatilidad excepcional:<\/span><\/strong><span> Dise\u00f1ado para usarse tanto en entrenamientos como en competencias, ofreciendo la combinaci\u00f3n perfecta de velocidad y resistencia.<\/span><\/p>\n<\/li>\n<\/ul>\n<p class=\"\" data-start=\"1821\" data-end=\"1996\"><span>Este modelo redefine la experiencia de correr, asegurando que cada kil\u00f3metro cuente y ayud\u00e1ndote a superar tus marcas con una sensaci\u00f3n de frescura y potencia en cada zancada.<\/span><\/p>\n<\/div>\n<\/div>\n<\/div>\n<\/div>\n<\/div>\n<\/div>\n<\/div>\n<\/div>\n<\/article>\n<\/div>\n<\/div>\n<\/div>\n<\/div>\n<p>&nbsp;<\/p>\n","protected":false},"excerpt":{"rendered":"<p>Corre sin l\u00edmites: Un dise\u00f1o vers\u00e1til para entrenamiento y competencia Evita las brechas entre las sesiones de entrenamiento y el<\/p>\n","protected":false},"featured_media":77435,"comment_status":"open","ping_status":"closed","template":"","meta":{"nf_dc_page":""},"product_brand":[],"product_cat":[76],"product_tag":[],"class_list":{"0":"post-77422","1":"product","2":"type-product","3":"status-publish","4":"has-post-thumbnail","6":"product_cat-masculino","8":"first","9":"instock","10":"shipping-taxable","11":"purchasable","12":"product-type-simple"},"_links":{"self":[{"href":"https:\/\/brandss.com.py\/index\/wp-json\/wp\/v2\/product\/77422","targetHints":{"allow":["GET"]}}],"collection":[{"href":"https:\/\/brandss.com.py\/index\/wp-json\/wp\/v2\/product"}],"about":[{"href":"https:\/\/brandss.com.py\/index\/wp-json\/wp\/v2\/types\/product"}],"replies":[{"embeddable":true,"href":"https:\/\/brandss.com.py\/index\/wp-json\/wp\/v2\/comments?post=77422"}],"version-history":[{"count":1,"href":"https:\/\/brandss.com.py\/index\/wp-json\/wp\/v2\/product\/77422\/revisions"}],"predecessor-version":[{"id":77436,"href":"https:\/\/brandss.com.py\/index\/wp-json\/wp\/v2\/product\/77422\/revisions\/77436"}],"wp:featuredmedia":[{"embeddable":true,"href":"https:\/\/brandss.com.py\/index\/wp-json\/wp\/v2\/media\/77435"}],"wp:attachment":[{"href":"https:\/\/brandss.com.py\/index\/wp-json\/wp\/v2\/media?parent=77422"}],"wp:term":[{"taxonomy":"product_brand","embeddable":true,"href":"https:\/\/brandss.com.py\/index\/wp-json\/wp\/v2\/product_brand?post=77422"},{"taxonomy":"product_cat","embeddable":true,"href":"https:\/\/brandss.com.py\/index\/wp-json\/wp\/v2\/product_cat?post=77422"},{"taxonomy":"product_tag","embeddable":true,"href":"https:\/\/brandss.com.py\/index\/wp-json\/wp\/v2\/product_tag?post=77422"}],"curies":[{"name":"wp","href":"https:\/\/api.w.org\/{rel}","templated":true}]}}