{"id":77438,"date":"2025-03-22T18:26:18","date_gmt":"2025-03-22T18:26:18","guid":{"rendered":"https:\/\/brandss.com.py\/index\/?post_type=product&#038;p=77438"},"modified":"2025-03-22T18:26:57","modified_gmt":"2025-03-22T18:26:57","slug":"mesa-de-centro-tchibo-couchtisch","status":"publish","type":"product","link":"https:\/\/brandss.com.py\/index\/producto\/mesa-de-centro-tchibo-couchtisch\/","title":{"rendered":"MESA DE CENTRO TCHIBO COUCHTISCH"},"content":{"rendered":"<p><img loading=\"lazy\" decoding=\"async\" class=\"\" src=\"https:\/\/images.seeklogo.com\/logo-png\/49\/2\/tchibo-logo-png_seeklogo-499760.png\" alt=\"Tchibo Logo PNG Vector (AI, CDR, EPS, PDF, SVG) Free Download\" width=\"86\" height=\"86\" \/><\/p>\n<h1>COUCHTISCH<\/h1>\n<p class=\"\" data-start=\"0\" data-end=\"362\">La mesita Tchibo modelo 649123 presenta un dise\u00f1o sencillo y elegante, con un marcado estilo escandinavo. Est\u00e1 fabricada en madera con un acabado natural claro, lo que le da un aspecto c\u00e1lido y atemporal. Su tablero superior tiene esquinas suavemente redondeadas y se sostiene sobre cuatro patas ligeramente ahusadas que le aportan estabilidad y ligereza visual.<\/p>\n<p class=\"\" data-start=\"364\" data-end=\"722\">Debajo de la superficie principal, cuenta con una repisa inferior formada por listones de madera, ideal para guardar peque\u00f1os objetos o para colocar revistas y libros. Esta combinaci\u00f3n de tablero y repisa hace que la mesita sea muy pr\u00e1ctica y funcional, perfecta como mesa auxiliar en la sala de estar, en un rinc\u00f3n de lectura o incluso como mesita de noche.<\/p>\n","protected":false},"excerpt":{"rendered":"<p>COUCHTISCH La mesita Tchibo modelo 649123 presenta un dise\u00f1o sencillo y elegante, con un marcado estilo escandinavo. Est\u00e1 fabricada en<\/p>\n","protected":false},"featured_media":77439,"comment_status":"open","ping_status":"closed","template":"","meta":{"nf_dc_page":""},"product_brand":[],"product_cat":[72],"product_tag":[],"class_list":{"0":"post-77438","1":"product","2":"type-product","3":"status-publish","4":"has-post-thumbnail","6":"product_cat-tchibo","8":"first","9":"instock","10":"shipping-taxable","11":"purchasable","12":"product-type-simple"},"_links":{"self":[{"href":"https:\/\/brandss.com.py\/index\/wp-json\/wp\/v2\/product\/77438","targetHints":{"allow":["GET"]}}],"collection":[{"href":"https:\/\/brandss.com.py\/index\/wp-json\/wp\/v2\/product"}],"about":[{"href":"https:\/\/brandss.com.py\/index\/wp-json\/wp\/v2\/types\/product"}],"replies":[{"embeddable":true,"href":"https:\/\/brandss.com.py\/index\/wp-json\/wp\/v2\/comments?post=77438"}],"version-history":[{"count":1,"href":"https:\/\/brandss.com.py\/index\/wp-json\/wp\/v2\/product\/77438\/revisions"}],"predecessor-version":[{"id":77444,"href":"https:\/\/brandss.com.py\/index\/wp-json\/wp\/v2\/product\/77438\/revisions\/77444"}],"wp:featuredmedia":[{"embeddable":true,"href":"https:\/\/brandss.com.py\/index\/wp-json\/wp\/v2\/media\/77439"}],"wp:attachment":[{"href":"https:\/\/brandss.com.py\/index\/wp-json\/wp\/v2\/media?parent=77438"}],"wp:term":[{"taxonomy":"product_brand","embeddable":true,"href":"https:\/\/brandss.com.py\/index\/wp-json\/wp\/v2\/product_brand?post=77438"},{"taxonomy":"product_cat","embeddable":true,"href":"https:\/\/brandss.com.py\/index\/wp-json\/wp\/v2\/product_cat?post=77438"},{"taxonomy":"product_tag","embeddable":true,"href":"https:\/\/brandss.com.py\/index\/wp-json\/wp\/v2\/product_tag?post=77438"}],"curies":[{"name":"wp","href":"https:\/\/api.w.org\/{rel}","templated":true}]}}