{"id":77459,"date":"2025-03-22T18:55:31","date_gmt":"2025-03-22T18:55:31","guid":{"rendered":"https:\/\/brandss.com.py\/index\/?post_type=product&#038;p=77459"},"modified":"2025-03-24T13:28:25","modified_gmt":"2025-03-24T13:28:25","slug":"lampara-de-pie-tchibo-textilschirm-white","status":"publish","type":"product","link":"https:\/\/brandss.com.py\/index\/producto\/lampara-de-pie-tchibo-textilschirm-white\/","title":{"rendered":"L\u00c1MPARA DE PIE TCHIBO TEXTILSCHIRM WHITE"},"content":{"rendered":"<p><img loading=\"lazy\" decoding=\"async\" class=\"\" src=\"https:\/\/images.seeklogo.com\/logo-png\/49\/2\/tchibo-logo-png_seeklogo-499760.png\" alt=\"Tchibo Logo PNG Vector (AI, CDR, EPS, PDF, SVG) Free Download\" width=\"143\" height=\"143\" \/><\/p>\n<h1>TEXTILSCHIRM WHITE<\/h1>\n<div class=\"pdp__product-description__section__items\" data-v-0cc81e92=\"\">\n<div class=\"pdp__product-description__key-facts pdp__product-description__section__item\" data-v-0cc81e92=\"\">\n<ul class=\"tp-list\" data-v-0cc81e92=\"\">\n<li data-v-0cc81e92=\"\">Incluido. 1 bombilla LED: 806 l\u00famenes, 8,5 vatios, color de luz blanco c\u00e1lido<\/li>\n<li data-v-0cc81e92=\"\">Para acentos atmosf\u00e9ricos en la sala de estar.<\/li>\n<li data-v-0cc81e92=\"\">Con pantalla textil de alta calidad.<\/li>\n<li data-v-0cc81e92=\"\">Tapa met\u00e1lica para portal\u00e1mparas<\/li>\n<li data-v-0cc81e92=\"\">Casquillo: E27<\/li>\n<li data-v-0cc81e92=\"\">Las l\u00e1mparas se pueden atenuar directamente en el interruptor mediante atenuaci\u00f3n escalonada: 25%, 50% o 100%<\/li>\n<li data-v-0cc81e92=\"\">Reposapi\u00e9s para peso adicional<\/li>\n<li data-v-0cc81e92=\"\">Parte inferior que protege el suelo<\/li>\n<\/ul>\n<\/div>\n<\/div>\n<div class=\"pdp__product-description__section__items\" data-v-0cc81e92=\"\">\n<div class=\"pdp__product-description__hard-facts pdp__product-description__section__item\" data-v-0cc81e92=\"\">\n<dl data-v-0cc81e92=\"\">\n<dt data-v-0cc81e92=\"\"><strong>Color<\/strong><\/dt>\n<dt data-v-0cc81e92=\"\"><\/dt>\n<dd data-v-0cc81e92=\"\">Paraguas color arena<\/dd>\n<dd data-v-0cc81e92=\"\">Marco, cable e interruptor blanco<\/dd>\n<\/dl>\n<dl data-v-0cc81e92=\"\">\n<dt data-v-0cc81e92=\"\"><strong>Material<\/strong><\/dt>\n<dt data-v-0cc81e92=\"\"><\/dt>\n<dd data-v-0cc81e92=\"\">Paraguas 100% poli\u00e9ster<\/dd>\n<dd data-v-0cc81e92=\"\">Marco de metal<\/dd>\n<dd data-v-0cc81e92=\"\">cable de pl\u00e1stico<\/dd>\n<\/dl>\n<dl data-v-0cc81e92=\"\">\n<dt data-v-0cc81e92=\"\"><strong>Contenido<\/strong><\/dt>\n<dt data-v-0cc81e92=\"\"><\/dt>\n<dd data-v-0cc81e92=\"\">Incluido. Bombilla LED y manual de instrucciones<\/dd>\n<\/dl>\n<dl data-v-0cc81e92=\"\">\n<dt data-v-0cc81e92=\"\"><strong>Actuaci\u00f3n<\/strong><\/dt>\n<dt data-v-0cc81e92=\"\"><\/dt>\n<dd data-v-0cc81e92=\"\">8,5 W<\/dd>\n<\/dl>\n<dl data-v-0cc81e92=\"\">\n<dt data-v-0cc81e92=\"\"><strong>Masa<\/strong><\/dt>\n<dt data-v-0cc81e92=\"\"><\/dt>\n<dd data-v-0cc81e92=\"\">Altura total aprox. 163 cent\u00edmetros<\/dd>\n<dd data-v-0cc81e92=\"\">Pantalla \u00d8 aprox. 38\u201342 cm, altura aprox. 25 cent\u00edmetros<\/dd>\n<dd data-v-0cc81e92=\"\">Longitud del cable aprox. 200 cent\u00edmetros<\/dd>\n<\/dl>\n<div class=\"tp-expansion-panel-header tp-expansion-panel-header--active\" data-v-cc40660d=\"\">\n<div class=\"tp-expansion-panel-header-inner\" role=\"button\" aria-expanded=\"true\" data-v-cc40660d=\"\">\n<div class=\"tp-expansion-panel-header-inner-wrapper\" data-v-cc40660d=\"\">\n<div class=\"tp-expansion-panel-header-title\" data-subtitle-nowrap=\"false\" data-v-cc40660d=\"\">\n<div data-v-b9959fea=\"\"><strong>Calidad<\/strong><\/div>\n<div data-v-b9959fea=\"\"><\/div>\n<\/div>\n<\/div>\n<\/div>\n<\/div>\n<div class=\"tp-expansion-panel-content\" data-v-1d216662=\"\">\n<div class=\"tp-expansion-panel-content-inner\" data-v-1d216662=\"\">\n<div data-v-b9959fea=\"\">\n<div class=\"pdp-productinformation-logos__container\" data-v-b9959fea=\"\">\n<div class=\"pdp-productinformation-logos__item\" data-v-b9959fea=\"\">\n<div class=\"pdp-productinformation-logos__image\" data-v-b9959fea=\"\">\n<div class=\"tp-image\" data-state=\"srcLoaded\" data-v-b9959fea=\"\" data-v-150d33fe=\"\"><img decoding=\"async\" src=\"https:\/\/www.tchibo.de\/newmedia\/logo\/a98821d72c7f1857\/dpr01.png\" alt=\"\" width=\"auto\" height=\"auto\" data-v-150d33fe=\"\" \/><\/div>\n<\/div>\n<div class=\"pdp-productinformation-logos__details\" data-v-b9959fea=\"\"><\/div>\n<\/div>\n<div class=\"pdp-productinformation-logos__item\" data-v-b9959fea=\"\">\n<div class=\"pdp-productinformation-logos__image\" data-v-b9959fea=\"\">\n<div class=\"tp-image\" data-state=\"srcLoaded\" data-v-b9959fea=\"\" data-v-150d33fe=\"\"><img decoding=\"async\" src=\"https:\/\/www.tchibo.de\/newmedia\/logo\/5929906c65ef1856\/umw14.png\" alt=\"\" width=\"auto\" height=\"auto\" data-v-150d33fe=\"\" \/><\/div>\n<\/div>\n<div class=\"pdp-productinformation-logos__details\" data-v-b9959fea=\"\"><\/div>\n<\/div>\n<div class=\"pdp-productinformation-logos__item\" data-v-b9959fea=\"\">\n<div class=\"pdp-productinformation-logos__image\" data-v-b9959fea=\"\">\n<div class=\"tp-image\" data-state=\"srcLoaded\" data-v-b9959fea=\"\" data-v-150d33fe=\"\"><img decoding=\"async\" src=\"https:\/\/www.tchibo.de\/newmedia\/logo\/aefd82bc6f1ea857\/ico201.gif\" alt=\"\" width=\"auto\" height=\"auto\" data-v-150d33fe=\"\" \/><\/div>\n<\/div>\n<div class=\"pdp-productinformation-logos__details\" data-v-b9959fea=\"\"><\/div>\n<\/div>\n<div class=\"pdp-productinformation-logos__item\" data-v-b9959fea=\"\">\n<div class=\"pdp-productinformation-logos__image\" data-v-b9959fea=\"\">\n<div class=\"tp-image\" data-state=\"srcLoaded\" data-v-b9959fea=\"\" data-v-150d33fe=\"\"><img decoding=\"async\" src=\"https:\/\/www.tchibo.de\/newmedia\/logo\/45ee1d695e32075\/ico_252.png\" alt=\"garantizar\" width=\"auto\" height=\"auto\" data-v-150d33fe=\"\" \/><\/div>\n<\/div>\n<div class=\"pdp-productinformation-logos__details\" data-v-b9959fea=\"\">\n<div class=\"pdp-productinformation-logos__title\" data-v-b9959fea=\"\">garantizar<\/div>\n<div class=\"pdp-productinformation-logos__text\" data-v-b9959fea=\"\">Tchibo GmbH, \u00dcberseering 18, 22297 Hamburgo, ofrece una garant\u00eda de 3 a\u00f1os para este art\u00edculo a partir de la fecha de compra. Dentro del per\u00edodo de garant\u00eda, Tchibo reparar\u00e1 cualquier defecto de material o fabricaci\u00f3n sin cargo. La garant\u00eda es v\u00e1lida \u00fanicamente si presenta un comprobante de compra de Tchibo o de un socio de ventas autorizado de Tchibo. Esta garant\u00eda es v\u00e1lida dentro de la UE, Suiza y Turqu\u00eda. La garant\u00eda no cubre da\u00f1os ocasionados por un manejo inadecuado, as\u00ed como piezas de desgaste y consumibles. Puede encontrar m\u00e1s condiciones en las instrucciones de uso. Esta garant\u00eda no limita sus derechos de garant\u00eda legales. Los derechos de garant\u00eda legales pueden ejercerse de forma gratuita.<\/div>\n<\/div>\n<\/div>\n<\/div>\n<\/div>\n<\/div>\n<\/div>\n<\/div>\n<\/div>\n","protected":false},"excerpt":{"rendered":"<p>TEXTILSCHIRM WHITE Incluido. 1 bombilla LED: 806 l\u00famenes, 8,5 vatios, color de luz blanco c\u00e1lido Para acentos atmosf\u00e9ricos en la<\/p>\n","protected":false},"featured_media":77460,"comment_status":"open","ping_status":"closed","template":"","meta":{"nf_dc_page":""},"product_brand":[],"product_cat":[72],"product_tag":[],"class_list":{"0":"post-77459","1":"product","2":"type-product","3":"status-publish","4":"has-post-thumbnail","6":"product_cat-tchibo","8":"first","9":"instock","10":"shipping-taxable","11":"purchasable","12":"product-type-simple"},"_links":{"self":[{"href":"https:\/\/brandss.com.py\/index\/wp-json\/wp\/v2\/product\/77459","targetHints":{"allow":["GET"]}}],"collection":[{"href":"https:\/\/brandss.com.py\/index\/wp-json\/wp\/v2\/product"}],"about":[{"href":"https:\/\/brandss.com.py\/index\/wp-json\/wp\/v2\/types\/product"}],"replies":[{"embeddable":true,"href":"https:\/\/brandss.com.py\/index\/wp-json\/wp\/v2\/comments?post=77459"}],"version-history":[{"count":2,"href":"https:\/\/brandss.com.py\/index\/wp-json\/wp\/v2\/product\/77459\/revisions"}],"predecessor-version":[{"id":77463,"href":"https:\/\/brandss.com.py\/index\/wp-json\/wp\/v2\/product\/77459\/revisions\/77463"}],"wp:featuredmedia":[{"embeddable":true,"href":"https:\/\/brandss.com.py\/index\/wp-json\/wp\/v2\/media\/77460"}],"wp:attachment":[{"href":"https:\/\/brandss.com.py\/index\/wp-json\/wp\/v2\/media?parent=77459"}],"wp:term":[{"taxonomy":"product_brand","embeddable":true,"href":"https:\/\/brandss.com.py\/index\/wp-json\/wp\/v2\/product_brand?post=77459"},{"taxonomy":"product_cat","embeddable":true,"href":"https:\/\/brandss.com.py\/index\/wp-json\/wp\/v2\/product_cat?post=77459"},{"taxonomy":"product_tag","embeddable":true,"href":"https:\/\/brandss.com.py\/index\/wp-json\/wp\/v2\/product_tag?post=77459"}],"curies":[{"name":"wp","href":"https:\/\/api.w.org\/{rel}","templated":true}]}}