{"id":77464,"date":"2025-03-24T12:27:21","date_gmt":"2025-03-24T12:27:21","guid":{"rendered":"https:\/\/brandss.com.py\/index\/?post_type=product&#038;p=77464"},"modified":"2025-03-24T12:29:15","modified_gmt":"2025-03-24T12:29:15","slug":"lampara-de-pie-tchibo-metal","status":"publish","type":"product","link":"https:\/\/brandss.com.py\/index\/producto\/lampara-de-pie-tchibo-metal\/","title":{"rendered":"L\u00c1MPARA DE PIE TCHIBO METAL"},"content":{"rendered":"<p><img loading=\"lazy\" decoding=\"async\" class=\"\" src=\"https:\/\/images.seeklogo.com\/logo-png\/49\/2\/tchibo-logo-png_seeklogo-499760.png\" alt=\"Tchibo Logo PNG Vector (AI, CDR, EPS, PDF, SVG) Free Download\" width=\"94\" height=\"94\" \/><\/p>\n<h1>METAL<\/h1>\n<div class=\"pdp__product-description__section pdp__product-description__section__facts\" data-v-0cc81e92=\"\">\n<div class=\"pdp__product-description__section__items\" data-v-0cc81e92=\"\">\n<div class=\"pdp__product-description__key-facts pdp__product-description__section__item\" data-v-0cc81e92=\"\">\n<ul class=\"tp-list\" data-v-0cc81e92=\"\">\n<li data-v-0cc81e92=\"\">Con l\u00e1mpara de filamento \u00f3ptico con atenuaci\u00f3n gradual<\/li>\n<li data-v-0cc81e92=\"\">Para hermosos efectos de iluminaci\u00f3n.<\/li>\n<li data-v-0cc81e92=\"\">En un dise\u00f1o moderno fabricado en metal plano.<\/li>\n<li data-v-0cc81e92=\"\">Regulable mediante pedal en el cable con regulaci\u00f3n escalonada: 100%, 50%, 25%<\/li>\n<li data-v-0cc81e92=\"\">Parte inferior que protege el suelo<\/li>\n<li data-v-0cc81e92=\"\">Con cable transparente<\/li>\n<\/ul>\n<\/div>\n<\/div>\n<div class=\"pdp__product-description__section__items\" data-v-0cc81e92=\"\">\n<div class=\"pdp__product-description__hard-facts pdp__product-description__section__item\" data-v-0cc81e92=\"\">\n<dl data-v-0cc81e92=\"\">\n<dt data-v-0cc81e92=\"\"><strong>Color<\/strong><\/dt>\n<dt data-v-0cc81e92=\"\"><\/dt>\n<dd data-v-0cc81e92=\"\">Barras y base gris claro<\/dd>\n<dd data-v-0cc81e92=\"\">Cable transparente<\/dd>\n<\/dl>\n<dl data-v-0cc81e92=\"\">\n<dt data-v-0cc81e92=\"\"><strong>Material<\/strong><\/dt>\n<dt data-v-0cc81e92=\"\"><\/dt>\n<dd data-v-0cc81e92=\"\">Metal<\/dd>\n<\/dl>\n<dl data-v-0cc81e92=\"\">\n<dt data-v-0cc81e92=\"\"><strong>Contenido<\/strong><\/dt>\n<dt data-v-0cc81e92=\"\"><\/dt>\n<dd data-v-0cc81e92=\"\">Incluye material de montaje, manual de instrucciones, garant\u00eda y bombilla con regulaci\u00f3n gradual.<\/dd>\n<\/dl>\n<dl data-v-0cc81e92=\"\">\n<dt data-v-0cc81e92=\"\"><strong>Actuaci\u00f3n<\/strong><\/dt>\n<dt data-v-0cc81e92=\"\"><\/dt>\n<dd data-v-0cc81e92=\"\">8 vatios<\/dd>\n<\/dl>\n<dl data-v-0cc81e92=\"\">\n<dt data-v-0cc81e92=\"\"><strong>Masa<\/strong><\/dt>\n<dt data-v-0cc81e92=\"\"><\/dt>\n<dd data-v-0cc81e92=\"\">Altura aprox. 150 cm, \u00d8 aprox. 33 cm<\/dd>\n<dd data-v-0cc81e92=\"\">Altura de la pantalla aprox. 37 cm<\/dd>\n<dd data-v-0cc81e92=\"\">\u00d8 base de la l\u00e1mpara aprox. 25 cm<\/dd>\n<dd data-v-0cc81e92=\"\">Longitud del cable aprox. 200 cm<\/dd>\n<\/dl>\n<div class=\"tp-expansion-panel-header tp-expansion-panel-header--active\" data-v-cc40660d=\"\">\n<div class=\"tp-expansion-panel-header-inner\" role=\"button\" aria-expanded=\"true\" data-v-cc40660d=\"\">\n<div class=\"tp-expansion-panel-header-inner-wrapper\" data-v-cc40660d=\"\">\n<div class=\"tp-expansion-panel-header-title\" data-subtitle-nowrap=\"false\" data-v-cc40660d=\"\">\n<div data-v-b9959fea=\"\"><strong>Calidad<\/strong><\/div>\n<div data-v-b9959fea=\"\"><\/div>\n<\/div>\n<\/div>\n<\/div>\n<\/div>\n<div class=\"tp-expansion-panel-content\" data-v-1d216662=\"\">\n<div class=\"tp-expansion-panel-content-inner\" data-v-1d216662=\"\">\n<div data-v-b9959fea=\"\">\n<div class=\"pdp-productinformation-logos__container\" data-v-b9959fea=\"\">\n<div class=\"pdp-productinformation-logos__item\" data-v-b9959fea=\"\">\n<div class=\"pdp-productinformation-logos__image\" data-v-b9959fea=\"\">\n<div class=\"tp-image\" data-state=\"srcLoaded\" data-v-b9959fea=\"\" data-v-150d33fe=\"\"><img decoding=\"async\" src=\"https:\/\/www.tchibo.ch\/newmedia\/logo\/a76821d72c7f1857\/dpr01.png\" alt=\"\" width=\"auto\" height=\"auto\" data-v-150d33fe=\"\" \/><\/div>\n<\/div>\n<div class=\"pdp-productinformation-logos__details\" data-v-b9959fea=\"\"><\/div>\n<\/div>\n<div class=\"pdp-productinformation-logos__item\" data-v-b9959fea=\"\">\n<div class=\"pdp-productinformation-logos__image\" data-v-b9959fea=\"\">\n<div class=\"tp-image\" data-state=\"srcLoaded\" data-v-b9959fea=\"\" data-v-150d33fe=\"\"><img decoding=\"async\" src=\"https:\/\/www.tchibo.ch\/newmedia\/logo\/5bf9906c65ef1856\/umw14.png\" alt=\"\" width=\"auto\" height=\"auto\" data-v-150d33fe=\"\" \/><\/div>\n<\/div>\n<div class=\"pdp-productinformation-logos__details\" data-v-b9959fea=\"\"><\/div>\n<\/div>\n<div class=\"pdp-productinformation-logos__item\" data-v-b9959fea=\"\">\n<div class=\"pdp-productinformation-logos__image\" data-v-b9959fea=\"\">\n<div class=\"tp-image\" data-state=\"srcLoaded\" data-v-b9959fea=\"\" data-v-150d33fe=\"\"><img decoding=\"async\" src=\"https:\/\/www.tchibo.ch\/newmedia\/logo\/ac2d82bc6f1ea857\/ico201.gif\" alt=\"\" width=\"auto\" height=\"auto\" data-v-150d33fe=\"\" \/><\/div>\n<\/div>\n<div class=\"pdp-productinformation-logos__details\" data-v-b9959fea=\"\"><\/div>\n<\/div>\n<div class=\"pdp-productinformation-logos__item\" data-v-b9959fea=\"\">\n<div class=\"pdp-productinformation-logos__image\" data-v-b9959fea=\"\">\n<div class=\"tp-image\" data-state=\"srcLoaded\" data-v-b9959fea=\"\" data-v-150d33fe=\"\"><img decoding=\"async\" src=\"https:\/\/www.tchibo.ch\/newmedia\/logo\/5eee1d695e32075\/ico_252.png\" alt=\"garantizar\" width=\"auto\" height=\"auto\" data-v-150d33fe=\"\" \/><\/div>\n<\/div>\n<div class=\"pdp-productinformation-logos__details\" data-v-b9959fea=\"\">\n<div data-v-b9959fea=\"\"><\/div>\n<div class=\"pdp-productinformation-logos__title\" data-v-b9959fea=\"\"><strong>Garantizar<\/strong><\/div>\n<div data-v-b9959fea=\"\"><\/div>\n<div class=\"pdp-productinformation-logos__text\" data-v-b9959fea=\"\"><span>Tchibo GmbH, \u00dcberseering 18, 22297 Hamburgo, ofrece una garant\u00eda de 3 a\u00f1os para este art\u00edculo a partir de la fecha de compra. Dentro del per\u00edodo de garant\u00eda, repararemos cualquier defecto de material o fabricaci\u00f3n sin cargo alguno. La garant\u00eda es v\u00e1lida \u00fanicamente si presenta un comprobante de compra de Tchibo o de un socio de ventas autorizado de Tchibo. Esta garant\u00eda es v\u00e1lida dentro de la UE, Suiza y Turqu\u00eda. Quedan excluidos de la garant\u00eda los da\u00f1os resultantes de un manejo inadecuado, as\u00ed como las piezas de desgaste\/consumibles. Esta garant\u00eda no limita sus derechos de garant\u00eda legales. Puede encontrar m\u00e1s condiciones en las instrucciones de uso.<\/span><\/div>\n<\/div>\n<\/div>\n<\/div>\n<\/div>\n<\/div>\n<\/div>\n<\/div>\n<\/div>\n<\/div>\n<div class=\"pdp__product-description__section pdp__product-description__section__downloads\" data-v-0cc81e92=\"\"><\/div>\n","protected":false},"excerpt":{"rendered":"<p>METAL Con l\u00e1mpara de filamento \u00f3ptico con atenuaci\u00f3n gradual Para hermosos efectos de iluminaci\u00f3n. En un dise\u00f1o moderno fabricado en<\/p>\n","protected":false},"featured_media":77466,"comment_status":"open","ping_status":"closed","template":"","meta":{"nf_dc_page":""},"product_brand":[],"product_cat":[72],"product_tag":[],"class_list":{"0":"post-77464","1":"product","2":"type-product","3":"status-publish","4":"has-post-thumbnail","6":"product_cat-tchibo","8":"first","9":"instock","10":"shipping-taxable","11":"purchasable","12":"product-type-simple"},"_links":{"self":[{"href":"https:\/\/brandss.com.py\/index\/wp-json\/wp\/v2\/product\/77464","targetHints":{"allow":["GET"]}}],"collection":[{"href":"https:\/\/brandss.com.py\/index\/wp-json\/wp\/v2\/product"}],"about":[{"href":"https:\/\/brandss.com.py\/index\/wp-json\/wp\/v2\/types\/product"}],"replies":[{"embeddable":true,"href":"https:\/\/brandss.com.py\/index\/wp-json\/wp\/v2\/comments?post=77464"}],"version-history":[{"count":1,"href":"https:\/\/brandss.com.py\/index\/wp-json\/wp\/v2\/product\/77464\/revisions"}],"predecessor-version":[{"id":77467,"href":"https:\/\/brandss.com.py\/index\/wp-json\/wp\/v2\/product\/77464\/revisions\/77467"}],"wp:featuredmedia":[{"embeddable":true,"href":"https:\/\/brandss.com.py\/index\/wp-json\/wp\/v2\/media\/77466"}],"wp:attachment":[{"href":"https:\/\/brandss.com.py\/index\/wp-json\/wp\/v2\/media?parent=77464"}],"wp:term":[{"taxonomy":"product_brand","embeddable":true,"href":"https:\/\/brandss.com.py\/index\/wp-json\/wp\/v2\/product_brand?post=77464"},{"taxonomy":"product_cat","embeddable":true,"href":"https:\/\/brandss.com.py\/index\/wp-json\/wp\/v2\/product_cat?post=77464"},{"taxonomy":"product_tag","embeddable":true,"href":"https:\/\/brandss.com.py\/index\/wp-json\/wp\/v2\/product_tag?post=77464"}],"curies":[{"name":"wp","href":"https:\/\/api.w.org\/{rel}","templated":true}]}}