{"id":77468,"date":"2025-03-24T13:02:52","date_gmt":"2025-03-24T13:02:52","guid":{"rendered":"https:\/\/brandss.com.py\/index\/?post_type=product&#038;p=77468"},"modified":"2025-07-22T10:16:25","modified_gmt":"2025-07-22T10:16:25","slug":"calzado-deportivo-masculino-nike-air-max-systm","status":"publish","type":"product","link":"https:\/\/brandss.com.py\/index\/producto\/calzado-deportivo-masculino-nike-air-max-systm\/","title":{"rendered":"CALZADO DEPORTIVO MASCULINO NIKE AIR MAX SYSTM"},"content":{"rendered":"<p><img loading=\"lazy\" decoding=\"async\" class=\"\" src=\"https:\/\/1000marcas.net\/wp-content\/uploads\/2019\/11\/Nike-logo.jpg\" alt=\"Logo de Nike: la historia y el significado del logotipo, la ...\" width=\"557\" height=\"313\" \/><\/p>\n<div class=\"flex flex-1 grow basis-auto flex-col overflow-hidden\">\n<div class=\"relative h-full\">\n<div class=\"flex h-full flex-col overflow-y-auto [scrollbar-gutter:stable]\">\n<div class=\"mt-1.5 flex flex-col text-sm @thread-xl\/thread:pt-header-height md:pb-9\">\n<article class=\"group\/turn w-full text-token-text-primary focus-visible:outline-2 focus-visible:outline-offset-[-4px]\" dir=\"auto\" data-testid=\"conversation-turn-2\" data-scroll-anchor=\"true\">\n<div class=\"text-base my-auto mx-auto py-[18px] px-6\">\n<div class=\"mx-auto flex flex-1 text-base gap-4 md:gap-5 lg:gap-6 md:max-w-3xl lg:max-w-[40rem] xl:max-w-[48rem]\">\n<div class=\"group\/conversation-turn relative flex w-full min-w-0 flex-col agent-turn @xs\/thread:px-0 @sm\/thread:px-1.5 @md\/thread:px-4\">\n<div class=\"flex-col gap-1 md:gap-3\">\n<div class=\"flex max-w-full flex-col flex-grow\">\n<div class=\"min-h-8 text-message relative flex w-full flex-col items-end gap-2 whitespace-normal break-words text-start [.text-message+&amp;]:mt-5\" dir=\"auto\" data-message-author-role=\"assistant\" data-message-id=\"328416f1-ed94-484f-8e04-becb47cdefde\" data-message-model-slug=\"gpt-4o\">\n<div class=\"flex w-full flex-col gap-1 empty:hidden first:pt-[3px]\">\n<h1 class=\"markdown prose w-full break-words dark:prose-invert light\"><span>\u00a0<\/span><strong data-start=\"74\" data-end=\"96\"><span>Nike Air Max SYSTM<\/span><\/strong><\/h1>\n<div class=\"markdown prose w-full break-words dark:prose-invert light\"><span>Es el calzado perfecto para quienes buscan un estilo retro con la comodidad y tecnolog\u00eda moderna de Nike. Inspirado en los dise\u00f1os ic\u00f3nicos de los a\u00f1os 80, este modelo combina una est\u00e9tica vintage con una construcci\u00f3n innovadora que garantiza un ajuste c\u00f3modo y duradero.<\/span><\/p>\n<h3 class=\"\" data-start=\"372\" data-end=\"397\">Dise\u00f1o y estilo<\/h3>\n<p class=\"\" data-start=\"398\" data-end=\"834\"><span>Su dise\u00f1o se basa en las siluetas cl\u00e1sicas de la familia Air Max, ofreciendo una apariencia deportiva y vers\u00e1til que se adapta tanto a un look urbano como a un estilo m\u00e1s casual. La parte superior est\u00e1 elaborada con materiales mixtos que brindan un equilibrio ideal entre transpirabilidad, resistencia y sujeci\u00f3n. Su combinaci\u00f3n de colores <\/span><strong data-start=\"738\" data-end=\"764\"><span>Negro\/Gris lobo\/Blanco<\/span><\/strong><span> le da un aspecto elegante y f\u00e1cil de combinar con cualquier outfit.<\/span><\/p>\n<h3 class=\"\" data-start=\"836\" data-end=\"871\"><strong data-start=\"840\" data-end=\"869\"><span>Amortiguaci\u00f3n y Comodidad<\/span><\/strong><\/h3>\n<p class=\"\" data-start=\"872\" data-end=\"1238\"><span>El <\/span><strong data-start=\"875\" data-end=\"897\"><span>Nike Air Max SYSTM<\/span><\/strong><span> cuenta con la ic\u00f3nica unidad <\/span><strong data-start=\"927\" data-end=\"947\"><span>Nike Air visible<\/span><\/strong><span> , una tecnolog\u00eda desarrollada originalmente para el running de alto rendimiento. Esta unidad de amortiguaci\u00f3n proporciona una pisada m\u00e1s suave y c\u00f3moda, absorbiendo los impactos en cada paso. Su espuma en la entresuela refuerza la sensaci\u00f3n de ligereza y confort, ideal para el uso diario.<\/span><\/p>\n<h3 class=\"\" data-start=\"1240\" data-end=\"1272\"><strong data-start=\"1244\" data-end=\"1270\"><span>Durabilidad y tracci\u00f3n<\/span><\/strong><\/h3>\n<p class=\"\" data-start=\"1273\" data-end=\"1608\"><span>Este modelo est\u00e1 dise\u00f1ado para resistir el desgaste del uso continuo. La suela de goma ofrece un excelente agarre en diferentes superficies, lo que proporciona mayor estabilidad y seguridad al caminar. Adem\u00e1s, la combinaci\u00f3n de materiales en la parte superior permite una mayor durabilidad sin sacrificar la flexibilidad del calzado.<\/span><\/p>\n<h3 class=\"\" data-start=\"1610\" data-end=\"1653\"><strong data-start=\"1614\" data-end=\"1651\"><span>Historia de la tecnolog\u00eda Air Max<\/span><\/strong><\/h3>\n<p class=\"\" data-start=\"1654\" data-end=\"2101\"><span>Nike introdujo la tecnolog\u00eda Air en 1978, revolucionando la industria del calzado deportivo. En 1987, el <\/span><strong data-start=\"1759\" data-end=\"1772\"><span>Air Max 1<\/span><\/strong><span> se convirti\u00f3 en el primer modelo en mostrar la unidad Air de manera visible en el tal\u00f3n, brindando no solo una amortiguaci\u00f3n de alto nivel, sino tambi\u00e9n un elemento de dise\u00f1o \u00fanico. Desde entonces, la familia Air Max ha evolucionado constantemente, convirti\u00e9ndose en un s\u00edmbolo de innovaci\u00f3n y estilo dentro del mundo Sneaker.<\/span><\/p>\n<h3 class=\"\" data-start=\"2103\" data-end=\"2134\"><strong data-start=\"2107\" data-end=\"2132\"><span>Detalles del producto<\/span><\/strong><\/h3>\n<ul data-start=\"2135\" data-end=\"2234\">\n<li class=\"\" data-start=\"2135\" data-end=\"2181\">\n<p class=\"\" data-start=\"2137\" data-end=\"2181\"><strong data-start=\"2137\" data-end=\"2156\"><span>Color mostrado:<\/span><\/strong><span> Negro<\/span><\/p>\n<\/li>\n<li class=\"\" data-start=\"2182\" data-end=\"2208\">\n<p class=\"\" data-start=\"2184\" data-end=\"2208\"><strong data-start=\"2184\" data-end=\"2195\"><span>Estilo:<\/span><\/strong><span> DM9537-001<\/span><\/p>\n<\/li>\n<li class=\"\" data-start=\"2209\" data-end=\"2234\">\n<p class=\"\" data-start=\"2211\" data-end=\"2234\"><strong data-start=\"2211\" data-end=\"2222\"><span>Origen:<\/span><\/strong><span> Argentina<\/span><\/p>\n<\/li>\n<\/ul>\n<p class=\"\" data-start=\"2236\" data-end=\"2530\"><span>El <\/span><strong data-start=\"2239\" data-end=\"2261\"><span>Nike Air Max SYSTM<\/span><\/strong><span> es la elecci\u00f3n ideal para quienes buscan un equilibrio perfecto entre un dise\u00f1o cl\u00e1sico y la \u00faltima tecnolog\u00eda en amortiguaci\u00f3n. Ya sea para caminar por la ciudad o complementar tu look diario, este modelo te garantiza comodidad, resistencia y un estilo inconfundible.<\/span><\/p>\n<\/div>\n<\/div>\n<\/div>\n<\/div>\n<\/div>\n<\/div>\n<\/div>\n<\/div>\n<\/article>\n<\/div>\n<\/div>\n<\/div>\n<\/div>\n<p>&nbsp;<\/p>\n","protected":false},"excerpt":{"rendered":"<p>\u00a0Nike Air Max SYSTM Es el calzado perfecto para quienes buscan un estilo retro con la comodidad y tecnolog\u00eda moderna<\/p>\n","protected":false},"featured_media":77469,"comment_status":"open","ping_status":"closed","template":"","meta":{"nf_dc_page":""},"product_brand":[],"product_cat":[76],"product_tag":[],"class_list":{"0":"post-77468","1":"product","2":"type-product","3":"status-publish","4":"has-post-thumbnail","6":"product_cat-masculino","8":"first","9":"instock","10":"shipping-taxable","11":"purchasable","12":"product-type-simple"},"_links":{"self":[{"href":"https:\/\/brandss.com.py\/index\/wp-json\/wp\/v2\/product\/77468","targetHints":{"allow":["GET"]}}],"collection":[{"href":"https:\/\/brandss.com.py\/index\/wp-json\/wp\/v2\/product"}],"about":[{"href":"https:\/\/brandss.com.py\/index\/wp-json\/wp\/v2\/types\/product"}],"replies":[{"embeddable":true,"href":"https:\/\/brandss.com.py\/index\/wp-json\/wp\/v2\/comments?post=77468"}],"version-history":[{"count":1,"href":"https:\/\/brandss.com.py\/index\/wp-json\/wp\/v2\/product\/77468\/revisions"}],"predecessor-version":[{"id":77479,"href":"https:\/\/brandss.com.py\/index\/wp-json\/wp\/v2\/product\/77468\/revisions\/77479"}],"wp:featuredmedia":[{"embeddable":true,"href":"https:\/\/brandss.com.py\/index\/wp-json\/wp\/v2\/media\/77469"}],"wp:attachment":[{"href":"https:\/\/brandss.com.py\/index\/wp-json\/wp\/v2\/media?parent=77468"}],"wp:term":[{"taxonomy":"product_brand","embeddable":true,"href":"https:\/\/brandss.com.py\/index\/wp-json\/wp\/v2\/product_brand?post=77468"},{"taxonomy":"product_cat","embeddable":true,"href":"https:\/\/brandss.com.py\/index\/wp-json\/wp\/v2\/product_cat?post=77468"},{"taxonomy":"product_tag","embeddable":true,"href":"https:\/\/brandss.com.py\/index\/wp-json\/wp\/v2\/product_tag?post=77468"}],"curies":[{"name":"wp","href":"https:\/\/api.w.org\/{rel}","templated":true}]}}