{"id":77490,"date":"2025-03-24T13:17:44","date_gmt":"2025-03-24T13:17:44","guid":{"rendered":"https:\/\/brandss.com.py\/index\/?post_type=product&#038;p=77490"},"modified":"2025-03-24T13:19:57","modified_gmt":"2025-03-24T13:19:57","slug":"calzado-deportivo-masculino-nike-air-max-systm-3","status":"publish","type":"product","link":"https:\/\/brandss.com.py\/index\/producto\/calzado-deportivo-masculino-nike-air-max-systm-3\/","title":{"rendered":"CALZADO DEPORTIVO MASCULINO NIKE AIR MAX SYSTM"},"content":{"rendered":"<h1><img loading=\"lazy\" decoding=\"async\" class=\"\" src=\"https:\/\/1000marcas.net\/wp-content\/uploads\/2019\/11\/Nike-logo.jpg\" alt=\"Logo de Nike: la historia y el significado del logotipo, la ...\" width=\"436\" height=\"245\" \/><\/h1>\n<div class=\"flex flex-1 grow basis-auto flex-col overflow-hidden\">\n<div class=\"relative h-full\">\n<div class=\"flex h-full flex-col overflow-y-auto [scrollbar-gutter:stable]\">\n<div class=\"mt-1.5 flex flex-col text-sm @thread-xl\/thread:pt-header-height md:pb-9\">\n<article class=\"group\/turn w-full text-token-text-primary focus-visible:outline-2 focus-visible:outline-offset-[-4px]\" dir=\"auto\" data-testid=\"conversation-turn-8\" data-scroll-anchor=\"true\">\n<div class=\"text-base my-auto mx-auto py-[18px] px-6\">\n<div class=\"mx-auto flex flex-1 text-base gap-4 md:gap-5 lg:gap-6 md:max-w-3xl lg:max-w-[40rem] xl:max-w-[48rem]\">\n<div class=\"group\/conversation-turn relative flex w-full min-w-0 flex-col agent-turn @xs\/thread:px-0 @sm\/thread:px-1.5 @md\/thread:px-4\">\n<div class=\"flex-col gap-1 md:gap-3\">\n<div class=\"flex max-w-full flex-col flex-grow\">\n<div class=\"min-h-8 text-message relative flex w-full flex-col items-end gap-2 whitespace-normal break-words text-start [.text-message+&amp;]:mt-5\" dir=\"auto\" data-message-author-role=\"assistant\" data-message-id=\"72f7efee-46d3-4312-9759-ce2805f8036a\" data-message-model-slug=\"gpt-4o\">\n<div class=\"flex w-full flex-col gap-1 empty:hidden first:pt-[3px]\">\n<div class=\"markdown prose w-full break-words dark:prose-invert light\">\n<h1 data-start=\"0\" data-end=\"74\"><strong data-start=\"3\" data-end=\"72\">Nike Air Max SYSTM DM9537-103: Estilo Retro con Comodidad Moderna<\/strong><\/h1>\n<p class=\"\" data-start=\"76\" data-end=\"587\"><strong data-start=\"76\" data-end=\"104\">Luce Max, se siente Max.<\/strong><br data-start=\"104\" data-end=\"107\" \/>Las <strong data-start=\"111\" data-end=\"144\">Nike Air Max SYSTM DM9537-103<\/strong> fusionan la esencia del dise\u00f1o cl\u00e1sico de los a\u00f1os 80 con la innovaci\u00f3n y comodidad de la tecnolog\u00eda moderna. Este modelo captura la est\u00e9tica vintage de la ic\u00f3nica l\u00ednea Air Max, pero con detalles renovados para un look m\u00e1s contempor\u00e1neo y vers\u00e1til. La legendaria unidad <strong data-start=\"416\" data-end=\"436\">Nike Air visible<\/strong> ofrece una amortiguaci\u00f3n superior y un soporte excepcional, convirti\u00e9ndolas en el calzado ideal para quienes buscan comodidad y estilo en cada paso.<\/p>\n<hr class=\"\" data-start=\"589\" data-end=\"592\" \/>\n<h3 class=\"\" data-start=\"594\" data-end=\"641\"><strong data-start=\"598\" data-end=\"639\">Amortiguaci\u00f3n Air Max: M\u00e1ximo Confort<\/strong><\/h3>\n<p class=\"\" data-start=\"642\" data-end=\"1090\">Dise\u00f1adas originalmente para el <strong data-start=\"674\" data-end=\"705\">running de alto rendimiento<\/strong> , las <strong data-start=\"711\" data-end=\"733\">Nike Air Max SYSTM<\/strong> cuentan con la tecnolog\u00eda <strong data-start=\"760\" data-end=\"771\">Max Air<\/strong> , reconocida por su capacidad de absorci\u00f3n de impactos. Esta unidad visible en la suela brinda una sensaci\u00f3n de ligereza y comodidad duradera, haciendo que cada pisada se sienta m\u00e1s suave y fluida. Ya sea para actividades deportivas o para el uso diario, este modelo garantiza una experiencia de confort incomparable.<\/p>\n<hr class=\"\" data-start=\"1092\" data-end=\"1095\" \/>\n<h3 class=\"\" data-start=\"1097\" data-end=\"1142\"><strong data-start=\"1101\" data-end=\"1140\">Dise\u00f1o Cl\u00e1sico con un Toque Moderno<\/strong><\/h3>\n<p class=\"\" data-start=\"1143\" data-end=\"1539\">Inspiradas en las legendarias Air Max de los a\u00f1os 80, estas zapatillas presentan una silueta que evoca la nostalgia de esa \u00e9poca, pero con materiales y acabados contempor\u00e1neos. Su dise\u00f1o estilizado y din\u00e1mico se adapta perfectamente a cualquier look, permiti\u00e9ndote lucir un estilo urbano sin esfuerzo. La combinaci\u00f3n de colores aporta un aire fresco y confortable, ideal para cualquier ocasi\u00f3n.<\/p>\n<hr class=\"\" data-start=\"1541\" data-end=\"1544\" \/>\n<h3 class=\"\" data-start=\"1546\" data-end=\"1585\"><strong data-start=\"1550\" data-end=\"1583\">Durabilidad y Tracci\u00f3n \u00d3ptima<\/strong><\/h3>\n<p class=\"\" data-start=\"1586\" data-end=\"1834\">Construidas con materiales de alta calidad, las <strong data-start=\"1634\" data-end=\"1656\">Nike Air Max SYSTM<\/strong> garantizan <strong data-start=\"1668\" data-end=\"1702\">resistencia y transpirabilidad<\/strong> . Su parte superior de material mixto permite una ventilaci\u00f3n adecuada, manteniendo los pies frescos y c\u00f3modos a lo largo del d\u00eda.<\/p>\n<p class=\"\" data-start=\"1836\" data-end=\"2132\">Adem\u00e1s, su <strong data-start=\"1847\" data-end=\"1873\">suela exterior de goma<\/strong> ofrece una tracci\u00f3n excepcional en diversas superficies, proporcionando estabilidad y seguridad en cada paso. Dise\u00f1adas para resistir el desgaste diario, estas zapatillas son una opci\u00f3n confiable para quienes buscan rendimiento y durabilidad en su calzado.<\/p>\n<hr class=\"\" data-start=\"2134\" data-end=\"2137\" \/>\n<h3 class=\"\" data-start=\"2139\" data-end=\"2183\"><strong data-start=\"2143\" data-end=\"2181\">El Legado de la Tecnolog\u00eda Air Max<\/strong><\/h3>\n<p class=\"\" data-start=\"2184\" data-end=\"2573\">Desde su lanzamiento en 1978, la <strong data-start=\"2217\" data-end=\"2240\">tecnolog\u00eda Nike Air<\/strong> ha sido sin\u00f3nimo de innovaci\u00f3n y rendimiento. El hito lleg\u00f3 en 1987 con la introducci\u00f3n del <strong data-start=\"2333\" data-end=\"2346\">Air Max 1<\/strong> , el primer modelo en mostrar la unidad Air visible en la suela. Desde entonces, la familia Air Max ha evolucionado constantemente, combinando <strong data-start=\"2489\" data-end=\"2570\">dise\u00f1os originales, amortiguaci\u00f3n de primer nivel y una comodidad insuperable<\/strong> .<\/p>\n<p class=\"\" data-start=\"2575\" data-end=\"2780\">Este legado sigue vivo en las <strong data-start=\"2605\" data-end=\"2638\">Nike Air Max SYSTM DM9537-103<\/strong> , un modelo que mantiene la herencia de los cl\u00e1sicos Air Max, pero con un enfoque renovado para los amantes del calzado moderno y funcional.<\/p>\n<hr class=\"\" data-start=\"2782\" data-end=\"2785\" \/>\n<p class=\"\" data-start=\"2787\" data-end=\"3042\">Si buscas un calzado que combine <strong data-start=\"2820\" data-end=\"2884\">dise\u00f1o ic\u00f3nico, comodidad avanzada y una construcci\u00f3n duradera<\/strong> , las <strong data-start=\"2890\" data-end=\"2923\">Nike Air Max SYSTM DM9537-103<\/strong> son la elecci\u00f3n perfecta. Camina con estilo y experimenta la sensaci\u00f3n \u00fanica de la amortiguaci\u00f3n Air Max en cada paso.<\/p>\n<\/div>\n<\/div>\n<\/div>\n<\/div>\n<\/div>\n<\/div>\n<\/div>\n<\/div>\n<\/article>\n<\/div>\n<\/div>\n<\/div>\n<\/div>\n","protected":false},"excerpt":{"rendered":"<p>Nike Air Max SYSTM DM9537-103: Estilo Retro con Comodidad Moderna Luce Max, se siente Max.Las Nike Air Max SYSTM DM9537-103<\/p>\n","protected":false},"featured_media":77491,"comment_status":"open","ping_status":"closed","template":"","meta":{"nf_dc_page":""},"product_brand":[],"product_cat":[76],"product_tag":[],"class_list":{"0":"post-77490","1":"product","2":"type-product","3":"status-publish","4":"has-post-thumbnail","6":"product_cat-masculino","8":"first","9":"instock","10":"shipping-taxable","11":"purchasable","12":"product-type-simple"},"_links":{"self":[{"href":"https:\/\/brandss.com.py\/index\/wp-json\/wp\/v2\/product\/77490","targetHints":{"allow":["GET"]}}],"collection":[{"href":"https:\/\/brandss.com.py\/index\/wp-json\/wp\/v2\/product"}],"about":[{"href":"https:\/\/brandss.com.py\/index\/wp-json\/wp\/v2\/types\/product"}],"replies":[{"embeddable":true,"href":"https:\/\/brandss.com.py\/index\/wp-json\/wp\/v2\/comments?post=77490"}],"version-history":[{"count":2,"href":"https:\/\/brandss.com.py\/index\/wp-json\/wp\/v2\/product\/77490\/revisions"}],"predecessor-version":[{"id":77505,"href":"https:\/\/brandss.com.py\/index\/wp-json\/wp\/v2\/product\/77490\/revisions\/77505"}],"wp:featuredmedia":[{"embeddable":true,"href":"https:\/\/brandss.com.py\/index\/wp-json\/wp\/v2\/media\/77491"}],"wp:attachment":[{"href":"https:\/\/brandss.com.py\/index\/wp-json\/wp\/v2\/media?parent=77490"}],"wp:term":[{"taxonomy":"product_brand","embeddable":true,"href":"https:\/\/brandss.com.py\/index\/wp-json\/wp\/v2\/product_brand?post=77490"},{"taxonomy":"product_cat","embeddable":true,"href":"https:\/\/brandss.com.py\/index\/wp-json\/wp\/v2\/product_cat?post=77490"},{"taxonomy":"product_tag","embeddable":true,"href":"https:\/\/brandss.com.py\/index\/wp-json\/wp\/v2\/product_tag?post=77490"}],"curies":[{"name":"wp","href":"https:\/\/api.w.org\/{rel}","templated":true}]}}