{"id":77512,"date":"2025-03-24T14:18:12","date_gmt":"2025-03-24T14:18:12","guid":{"rendered":"https:\/\/brandss.com.py\/index\/?post_type=product&#038;p=77512"},"modified":"2025-03-24T14:18:50","modified_gmt":"2025-03-24T14:18:50","slug":"calzado-deportivo-masculino-nike-air-max-90-futura","status":"publish","type":"product","link":"https:\/\/brandss.com.py\/index\/producto\/calzado-deportivo-masculino-nike-air-max-90-futura\/","title":{"rendered":"CALZADO DEPORTIVO MASCULINO NIKE AIR MAX 90 FUTURA"},"content":{"rendered":"<p><img loading=\"lazy\" decoding=\"async\" class=\"\" src=\"https:\/\/1000marcas.net\/wp-content\/uploads\/2019\/11\/Nike-logo.jpg\" alt=\"Logo de Nike: la historia y el significado del logotipo, la ...\" width=\"350\" height=\"197\" \/><\/p>\n<div class=\"flex flex-1 grow basis-auto flex-col overflow-hidden\">\n<div class=\"relative h-full\">\n<div class=\"flex h-full flex-col overflow-y-auto [scrollbar-gutter:stable]\">\n<div class=\"mt-1.5 flex flex-col text-sm @thread-xl\/thread:pt-header-height md:pb-9\">\n<article class=\"group\/turn w-full text-token-text-primary focus-visible:outline-2 focus-visible:outline-offset-[-4px]\" dir=\"auto\" data-testid=\"conversation-turn-12\" data-scroll-anchor=\"true\">\n<div class=\"text-base my-auto mx-auto py-[18px] px-6\">\n<div class=\"mx-auto flex flex-1 text-base gap-4 md:gap-5 lg:gap-6 md:max-w-3xl lg:max-w-[40rem] xl:max-w-[48rem]\">\n<div class=\"group\/conversation-turn relative flex w-full min-w-0 flex-col agent-turn @xs\/thread:px-0 @sm\/thread:px-1.5 @md\/thread:px-4\">\n<div class=\"flex-col gap-1 md:gap-3\">\n<div class=\"flex max-w-full flex-col flex-grow\">\n<div class=\"min-h-8 text-message relative flex w-full flex-col items-end gap-2 whitespace-normal break-words text-start [.text-message+&amp;]:mt-5\" dir=\"auto\" data-message-author-role=\"assistant\" data-message-id=\"aae83536-c325-4751-b889-e1ac963b2372\" data-message-model-slug=\"gpt-4o\">\n<div class=\"flex w-full flex-col gap-1 empty:hidden first:pt-[3px]\">\n<div class=\"markdown prose w-full break-words dark:prose-invert light\">\n<h2 class=\"\" data-start=\"0\" data-end=\"78\"><strong data-start=\"3\" data-end=\"76\"><span>Nike Air Max 90 Futura DM9922-002: Un Cl\u00e1sico Reinventado a tu Manera<\/span><\/strong><\/h2>\n<p class=\"\" data-start=\"80\" data-end=\"387\"><span>El <\/span><strong data-start=\"83\" data-end=\"109\"><span>Nike Air Max 90 Futura<\/span><\/strong><span> lleva la ic\u00f3nica silueta de Air Max a un nuevo nivel, combinando detalles artesanales con un dise\u00f1o moderno y atrevido. Cada elemento ha sido cuidadosamente pensado para ofrecer un estilo \u00fanico, manteniendo la comodidad y el rendimiento caracter\u00edsticos de la familia Air Max.<\/span><\/p>\n<p class=\"\" data-start=\"389\" data-end=\"809\"><span>Los bordes en <\/span><strong data-start=\"403\" data-end=\"424\"><span>forma de serrucho<\/span><\/strong><span> en la punta, junto con un <\/span><strong data-start=\"451\" data-end=\"483\"><span>Swoosh parcialmente flotante<\/span><\/strong><span> , agregan una sensaci\u00f3n de lujo y sofisticaci\u00f3n, mientras que el acolchado suave alrededor del tobillo y la <\/span><strong data-start=\"591\" data-end=\"617\"><span>unidad Air Max visible<\/span><\/strong><span> garantizan una pisada ligera y reactiva. Este modelo no solo es visualmente llamativo, sino que tambi\u00e9n est\u00e1 dise\u00f1ado para proporcionar la mejor experiencia de uso, sin importar la ocasi\u00f3n.<\/span><\/p>\n<hr class=\"\" data-start=\"811\" data-end=\"814\" \/>\n<h3 class=\"\" data-start=\"816\" data-end=\"865\"><strong data-start=\"820\" data-end=\"863\"><span>Dise\u00f1o Artesanal con un Toque Futurista<\/span><\/strong><\/h3>\n<p class=\"\" data-start=\"866\" data-end=\"1242\"><span>Inspirado en el legado del <\/span><strong data-start=\"893\" data-end=\"907\"><span>Air Max 90<\/span><\/strong><span> , este modelo combina l\u00edneas cl\u00e1sicas con un enfoque contempor\u00e1neo en los materiales y la construcci\u00f3n. La parte superior, elaborada con una mezcla de cuero, gamuza sint\u00e9tica y malla transpirable, crea una est\u00e9tica <\/span><strong data-start=\"1122\" data-end=\"1148\"><span>din\u00e1mica y texturizada<\/span><\/strong><span> , mientras que los detalles superpuestos y cortes estrat\u00e9gicos aportan profundidad y estilo.<\/span><\/p>\n<p class=\"\" data-start=\"1244\" data-end=\"1412\"><span>El <\/span><strong data-start=\"1247\" data-end=\"1283\"><span>Swoosh parcialmente desconectado<\/span><\/strong><span> y los bordes con acabado en forma de sierra realzan la artesan\u00eda del dise\u00f1o, d\u00e1ndole una apariencia m\u00e1s moderna y sofisticada.<\/span><\/p>\n<hr class=\"\" data-start=\"1414\" data-end=\"1417\" \/>\n<h3 class=\"\" data-start=\"1419\" data-end=\"1470\"><strong data-start=\"1423\" data-end=\"1468\"><span>Comodidad y Amortiguaci\u00f3n de Primer Nivel<\/span><\/strong><\/h3>\n<p class=\"\" data-start=\"1471\" data-end=\"1765\"><span>Las <\/span><strong data-start=\"1475\" data-end=\"1501\"><span>Nike Air Max 90 Futura<\/span><\/strong><span> no solo destacan por su dise\u00f1o innovador, sino tambi\u00e9n por su comodidad insuperable. La ic\u00f3nica <\/span><strong data-start=\"1598\" data-end=\"1624\"><span>unidad Air en el tal\u00f3n<\/span><\/strong><span> proporciona una amortiguaci\u00f3n reactiva que absorbe los impactos en cada paso, brindando una sensaci\u00f3n ligera y de gran retorno de energ\u00eda.<\/span><\/p>\n<p class=\"\" data-start=\"1767\" data-end=\"2070\"><span>El <\/span><strong data-start=\"1770\" data-end=\"1806\"><span>acolchado en la zona del tobillo<\/span><\/strong><span> garantiza un ajuste c\u00f3modo y seguro, mientras que la <\/span><strong data-start=\"1860\" data-end=\"1884\"><span>entresuela de espuma<\/span><\/strong><span> mejora la suavidad de la pisada. Con este modelo, disfrutar\u00e1s de un calzado que se adapta perfectamente a cualquier actividad, desde un d\u00eda en la ciudad hasta una caminata prolongada.<\/span><\/p>\n<hr class=\"\" data-start=\"2072\" data-end=\"2075\" \/>\n<h3 class=\"\" data-start=\"2077\" data-end=\"2119\"><strong data-start=\"2081\" data-end=\"2117\"><span>Durabilidad y Tracci\u00f3n Mejoradas<\/span><\/strong><\/h3>\n<p class=\"\" data-start=\"2120\" data-end=\"2465\"><span>Este modelo est\u00e1 dise\u00f1ado para durar. La <\/span><strong data-start=\"2161\" data-end=\"2210\"><span>suela exterior de goma con patr\u00f3n tipo waffle<\/span><\/strong><span> no solo ofrece un agarre excepcional en distintas superficies, sino que tambi\u00e9n a\u00f1ade un toque cl\u00e1sico al dise\u00f1o. Su construcci\u00f3n robusta garantiza resistencia al desgaste, asegurando que estas zapatillas se mantengan en perfecto estado por m\u00e1s tiempo.<\/span><\/p>\n<hr class=\"\" data-start=\"2467\" data-end=\"2470\" \/>\n<h3 class=\"\" data-start=\"2472\" data-end=\"2516\"><strong data-start=\"2476\" data-end=\"2514\"><span>El Legado de la Tecnolog\u00eda Air Max<\/span><\/strong><\/h3>\n<p class=\"\" data-start=\"2517\" data-end=\"2836\"><span>Desde su introducci\u00f3n en 1990, el <\/span><strong data-start=\"2551\" data-end=\"2570\"><span>Nike Air Max 90<\/span><\/strong><span> ha sido un referente en la cultura de las zapatillas, combinando innovaci\u00f3n y un dise\u00f1o inconfundible. La tecnolog\u00eda <\/span><strong data-start=\"2678\" data-end=\"2690\"><span>Nike Air<\/span><\/strong><span> , que debut\u00f3 en 1978 y se hizo visible en 1987 con el Air Max 1, ha evolucionado para ofrecer un equilibrio perfecto entre rendimiento y estilo.<\/span><\/p>\n<p class=\"\" data-start=\"2838\" data-end=\"3052\"><span>Las <\/span><strong data-start=\"2842\" data-end=\"2868\"><span>Nike Air Max 90 Futura<\/span><\/strong><span> contin\u00faan este legado, reinterpretando el modelo cl\u00e1sico con un enfoque fresco y contempor\u00e1neo, ideal para quienes buscan destacar con un calzado que fusiona tradici\u00f3n y modernidad.<\/span><\/p>\n<hr class=\"\" data-start=\"3054\" data-end=\"3057\" \/>\n<p class=\"\" data-start=\"3059\" data-end=\"3359\"><span>Si buscas un par de zapatillas que combinen <\/span><strong data-start=\"3103\" data-end=\"3184\"><span>estilo vanguardista, comodidad superior y un dise\u00f1o meticulosamente elaborado<\/span><\/strong><span> , las <\/span><strong data-start=\"3190\" data-end=\"3227\"><span>Nike Air Max 90 Futura DM9922-002<\/span><\/strong><span> son la elecci\u00f3n perfecta. Haz que cada paso refleje tu personalidad con este modelo reinventado para adaptarse a cualquier ocasi\u00f3n.<\/span><\/p>\n<\/div>\n<\/div>\n<\/div>\n<\/div>\n<\/div>\n<\/div>\n<\/div>\n<\/div>\n<\/article>\n<\/div>\n<\/div>\n<\/div>\n<\/div>\n<p>&nbsp;<\/p>\n","protected":false},"excerpt":{"rendered":"<p>Nike Air Max 90 Futura DM9922-002: Un Cl\u00e1sico Reinventado a tu Manera El Nike Air Max 90 Futura lleva la<\/p>\n","protected":false},"featured_media":77513,"comment_status":"open","ping_status":"closed","template":"","meta":{"nf_dc_page":""},"product_brand":[],"product_cat":[76],"product_tag":[],"class_list":{"0":"post-77512","1":"product","2":"type-product","3":"status-publish","4":"has-post-thumbnail","6":"product_cat-masculino","8":"first","9":"instock","10":"shipping-taxable","11":"purchasable","12":"product-type-simple"},"_links":{"self":[{"href":"https:\/\/brandss.com.py\/index\/wp-json\/wp\/v2\/product\/77512","targetHints":{"allow":["GET"]}}],"collection":[{"href":"https:\/\/brandss.com.py\/index\/wp-json\/wp\/v2\/product"}],"about":[{"href":"https:\/\/brandss.com.py\/index\/wp-json\/wp\/v2\/types\/product"}],"replies":[{"embeddable":true,"href":"https:\/\/brandss.com.py\/index\/wp-json\/wp\/v2\/comments?post=77512"}],"version-history":[{"count":1,"href":"https:\/\/brandss.com.py\/index\/wp-json\/wp\/v2\/product\/77512\/revisions"}],"predecessor-version":[{"id":77523,"href":"https:\/\/brandss.com.py\/index\/wp-json\/wp\/v2\/product\/77512\/revisions\/77523"}],"wp:featuredmedia":[{"embeddable":true,"href":"https:\/\/brandss.com.py\/index\/wp-json\/wp\/v2\/media\/77513"}],"wp:attachment":[{"href":"https:\/\/brandss.com.py\/index\/wp-json\/wp\/v2\/media?parent=77512"}],"wp:term":[{"taxonomy":"product_brand","embeddable":true,"href":"https:\/\/brandss.com.py\/index\/wp-json\/wp\/v2\/product_brand?post=77512"},{"taxonomy":"product_cat","embeddable":true,"href":"https:\/\/brandss.com.py\/index\/wp-json\/wp\/v2\/product_cat?post=77512"},{"taxonomy":"product_tag","embeddable":true,"href":"https:\/\/brandss.com.py\/index\/wp-json\/wp\/v2\/product_tag?post=77512"}],"curies":[{"name":"wp","href":"https:\/\/api.w.org\/{rel}","templated":true}]}}