{"id":77549,"date":"2025-03-24T16:36:11","date_gmt":"2025-03-24T16:36:11","guid":{"rendered":"https:\/\/brandss.com.py\/index\/?post_type=product&#038;p=77549"},"modified":"2025-03-24T16:37:06","modified_gmt":"2025-03-24T16:37:06","slug":"consola-threshold-portola-hills-con-puerta-enrejada-y-estantes","status":"publish","type":"product","link":"https:\/\/brandss.com.py\/index\/producto\/consola-threshold-portola-hills-con-puerta-enrejada-y-estantes\/","title":{"rendered":"CONSOLA THRESHOLD PORTOLA HILLS CON PUERTA ENREJADA Y ESTANTES"},"content":{"rendered":"<p><img loading=\"lazy\" decoding=\"async\" class=\"\" src=\"https:\/\/cdn.influenster.com\/media\/product\/image\/ab096ca9eadbe3b4b15a4733e6d796f7795ff7bf.jpg.png\" alt=\"Threshold by Target\" width=\"171\" height=\"171\" \/><\/p>\n<h1>PORTOLA HILLS<\/h1>\n<p><span>La consola Portola Hills con puertas de ca\u00f1a y estantes completamente ensamblados de Threshold\u2122, dise\u00f1ada con Studio McGee, combina a la perfecci\u00f3n estilo retro y modernidad. Esta hermosa consola presenta una estructura de madera noble con un acabado encantador, pero su verdadero atractivo reside en un par de puertas curvas con insertos de ca\u00f1a en cada extremo. Las patas redondas y la parte superior ovalada mantienen la forma suave en toda la pieza, mientras que dos estantes centrales te permiten exhibir tus piezas decorativas favoritas, manteniendo los objetos ocultos en los gabinetes. \u00dasala en la entrada o el comedor como un elemento decorativo encantador y funcional, o ll\u00e9nala con tus bebidas favoritas y dale un lugar en tu estudio para un bar con estilo.<\/span><\/p>\n<p><span>Conoce a Shea McGee, la dise\u00f1adora y estilista detr\u00e1s de la marca Studio McGee. Fundado junto a su esposo, Syd, el estudio es conocido por el dise\u00f1o de Shea de espacios elegantemente elevados que invitan a los clientes a rodearse de las cosas y las personas que aman. Ahora se ha asociado con Threshold para ofrecer el dise\u00f1o cl\u00e1sico de Studio McGee en una nueva colecci\u00f3n para hogares inspirados en todas partes.<\/span><\/p>\n<ul class=\"p-4 f\">\n<li><span>Mueble consola en preciosos tonos neutros<\/span><\/li>\n<li><span>Puertas de gabinete curvas con inserciones de ca\u00f1a para mayor textura.<\/span><\/li>\n<li><span>2 estantes te permiten exhibir tus piezas decorativas favoritas<\/span><\/li>\n<li><span>Los gabinetes ofrecen almacenamiento fuera de la vista<\/span><\/li>\n<li><span>Combina maravillosamente con una variedad de estilos de decoraci\u00f3n.<\/span><\/li>\n<\/ul>\n","protected":false},"excerpt":{"rendered":"<p>PORTOLA HILLS La consola Portola Hills con puertas de ca\u00f1a y estantes completamente ensamblados de Threshold\u2122, dise\u00f1ada con Studio McGee,<\/p>\n","protected":false},"featured_media":77550,"comment_status":"open","ping_status":"closed","template":"","meta":{"nf_dc_page":""},"product_brand":[],"product_cat":[83],"product_tag":[],"class_list":{"0":"post-77549","1":"product","2":"type-product","3":"status-publish","4":"has-post-thumbnail","6":"product_cat-hogar","8":"first","9":"instock","10":"shipping-taxable","11":"purchasable","12":"product-type-simple"},"_links":{"self":[{"href":"https:\/\/brandss.com.py\/index\/wp-json\/wp\/v2\/product\/77549","targetHints":{"allow":["GET"]}}],"collection":[{"href":"https:\/\/brandss.com.py\/index\/wp-json\/wp\/v2\/product"}],"about":[{"href":"https:\/\/brandss.com.py\/index\/wp-json\/wp\/v2\/types\/product"}],"replies":[{"embeddable":true,"href":"https:\/\/brandss.com.py\/index\/wp-json\/wp\/v2\/comments?post=77549"}],"version-history":[{"count":1,"href":"https:\/\/brandss.com.py\/index\/wp-json\/wp\/v2\/product\/77549\/revisions"}],"predecessor-version":[{"id":77553,"href":"https:\/\/brandss.com.py\/index\/wp-json\/wp\/v2\/product\/77549\/revisions\/77553"}],"wp:featuredmedia":[{"embeddable":true,"href":"https:\/\/brandss.com.py\/index\/wp-json\/wp\/v2\/media\/77550"}],"wp:attachment":[{"href":"https:\/\/brandss.com.py\/index\/wp-json\/wp\/v2\/media?parent=77549"}],"wp:term":[{"taxonomy":"product_brand","embeddable":true,"href":"https:\/\/brandss.com.py\/index\/wp-json\/wp\/v2\/product_brand?post=77549"},{"taxonomy":"product_cat","embeddable":true,"href":"https:\/\/brandss.com.py\/index\/wp-json\/wp\/v2\/product_cat?post=77549"},{"taxonomy":"product_tag","embeddable":true,"href":"https:\/\/brandss.com.py\/index\/wp-json\/wp\/v2\/product_tag?post=77549"}],"curies":[{"name":"wp","href":"https:\/\/api.w.org\/{rel}","templated":true}]}}