{"id":77570,"date":"2025-03-24T17:08:38","date_gmt":"2025-03-24T17:08:38","guid":{"rendered":"https:\/\/brandss.com.py\/index\/?post_type=product&#038;p=77570"},"modified":"2025-03-24T17:09:22","modified_gmt":"2025-03-24T17:09:22","slug":"calzado-deportivo-masculino-nike-air-max-plus-utility","status":"publish","type":"product","link":"https:\/\/brandss.com.py\/index\/producto\/calzado-deportivo-masculino-nike-air-max-plus-utility\/","title":{"rendered":"CALZADO DEPORTIVO MASCULINO NIKE AIR MAX PLUS UTILITY"},"content":{"rendered":"<p><img loading=\"lazy\" decoding=\"async\" class=\"\" src=\"https:\/\/1000marcas.net\/wp-content\/uploads\/2019\/11\/Logo-Nike.jpg\" alt=\"Logo de Nike: la historia y el significado del logotipo, la marca y el  s\u00edmbolo. | png, vector\" width=\"176\" height=\"99\" \/><\/p>\n<h1>AIR MAX PLUS UTILITY<\/h1>\n<p class=\"nds-text pb4-sm css-qtj9g7 e1yhcai00 appearance-body1 color-primary weight-regular\" data-testid=\"product-description\"><span>Inspiradas en la playa, pero dise\u00f1adas para la ciudad, las Nike Air Max Plus Utility se actualizan con un dise\u00f1o robusto, perfecto para tus aventuras urbanas. Incorporamos un resistente guardabarros de ante a su parte superior de punto transpirable y refinamos su dise\u00f1o con un par adicional de cordones con cierre de palanca para un ajuste seguro y con sujeci\u00f3n. Adem\u00e1s, las unidades Max Air visibles en el antepi\u00e9 y el tal\u00f3n brindan una experiencia Tuned Air que combina comodidad con un estilo desafiante.<\/span><\/p>\n<div data-testid=\"benefit-section\">\n<h4 class=\"nds-text pb2-sm css-1m2rxfq e1yhcai00 appearance-title4 color-primary weight-regular\" data-testid=\"benefit-header\"><span>Beneficios<\/span><\/h4>\n<ul class=\"ncss-list-ul pb4-sm\" data-testid=\"benefit-list\">\n<li class=\"nds-text ncss-li css-xlkxpi e1yhcai00 appearance-body1 color-primary weight-regular\"><span>El juego de cordones adicional se ajusta con un bot\u00f3n y se introduce a trav\u00e9s de presillas ancladas al guardabarros.<\/span><\/li>\n<li class=\"nds-text ncss-li css-xlkxpi e1yhcai00 appearance-body1 color-primary weight-regular\"><span>Dise\u00f1adas originalmente para carreras de alto rendimiento, las unidades Max Air brindan una amortiguaci\u00f3n liviana y duradera.<\/span><\/li>\n<li class=\"nds-text ncss-li css-xlkxpi e1yhcai00 appearance-body1 color-primary weight-regular\"><span>El cuero real y sint\u00e9tico se combina con tejidos aireados y mallas para brindar transpirabilidad, durabilidad y soporte.<\/span><\/li>\n<li class=\"nds-text ncss-li css-xlkxpi e1yhcai00 appearance-body1 color-primary weight-regular\"><span>La suela de goma le proporciona tracci\u00f3n duradera.<\/span><\/li>\n<\/ul>\n<\/div>\n<div data-testid=\"benefit-section\">\n<h4 class=\"nds-text pb2-sm css-1m2rxfq e1yhcai00 appearance-title4 color-primary weight-regular\" data-testid=\"benefit-header\"><span>Detalles<\/span><\/h4>\n<ul class=\"ncss-list-ul pb4-sm\" data-testid=\"benefit-list\">\n<li class=\"nds-text ncss-li css-xlkxpi e1yhcai00 appearance-body1 color-primary weight-regular\"><span>Espuma en la entresuela<\/span><\/li>\n<li class=\"nds-text ncss-li css-xlkxpi e1yhcai00 appearance-body1 color-primary weight-regular\"><span>Detalles de dise\u00f1o reflectantes<\/span><\/li>\n<li class=\"nds-text ncss-li css-xlkxpi e1yhcai00 appearance-body1 color-primary weight-regular\"><span>Color del producto: White\/Safety Orange\/Pure Platinum<\/span><\/li>\n<li class=\"nds-text ncss-li css-xlkxpi e1yhcai00 appearance-body1 color-primary weight-regular\"><span>C\u00f3digo de producto: FJ4232-100<\/span><\/li>\n<li class=\"nds-text ncss-li css-xlkxpi e1yhcai00 appearance-body1 color-primary weight-regular\"><span>Pa\u00eds\/Regi\u00f3n de origen: Indonesia<\/span><\/li>\n<\/ul>\n<\/div>\n","protected":false},"excerpt":{"rendered":"<p>AIR MAX PLUS UTILITY Inspiradas en la playa, pero dise\u00f1adas para la ciudad, las Nike Air Max Plus Utility se<\/p>\n","protected":false},"featured_media":77572,"comment_status":"open","ping_status":"closed","template":"","meta":{"nf_dc_page":""},"product_brand":[],"product_cat":[76],"product_tag":[],"class_list":{"0":"post-77570","1":"product","2":"type-product","3":"status-publish","4":"has-post-thumbnail","6":"product_cat-masculino","8":"first","9":"instock","10":"shipping-taxable","11":"purchasable","12":"product-type-simple"},"_links":{"self":[{"href":"https:\/\/brandss.com.py\/index\/wp-json\/wp\/v2\/product\/77570","targetHints":{"allow":["GET"]}}],"collection":[{"href":"https:\/\/brandss.com.py\/index\/wp-json\/wp\/v2\/product"}],"about":[{"href":"https:\/\/brandss.com.py\/index\/wp-json\/wp\/v2\/types\/product"}],"replies":[{"embeddable":true,"href":"https:\/\/brandss.com.py\/index\/wp-json\/wp\/v2\/comments?post=77570"}],"version-history":[{"count":1,"href":"https:\/\/brandss.com.py\/index\/wp-json\/wp\/v2\/product\/77570\/revisions"}],"predecessor-version":[{"id":77580,"href":"https:\/\/brandss.com.py\/index\/wp-json\/wp\/v2\/product\/77570\/revisions\/77580"}],"wp:featuredmedia":[{"embeddable":true,"href":"https:\/\/brandss.com.py\/index\/wp-json\/wp\/v2\/media\/77572"}],"wp:attachment":[{"href":"https:\/\/brandss.com.py\/index\/wp-json\/wp\/v2\/media?parent=77570"}],"wp:term":[{"taxonomy":"product_brand","embeddable":true,"href":"https:\/\/brandss.com.py\/index\/wp-json\/wp\/v2\/product_brand?post=77570"},{"taxonomy":"product_cat","embeddable":true,"href":"https:\/\/brandss.com.py\/index\/wp-json\/wp\/v2\/product_cat?post=77570"},{"taxonomy":"product_tag","embeddable":true,"href":"https:\/\/brandss.com.py\/index\/wp-json\/wp\/v2\/product_tag?post=77570"}],"curies":[{"name":"wp","href":"https:\/\/api.w.org\/{rel}","templated":true}]}}