{"id":77581,"date":"2025-03-24T17:12:06","date_gmt":"2025-03-24T17:12:06","guid":{"rendered":"https:\/\/brandss.com.py\/index\/?post_type=product&#038;p=77581"},"modified":"2025-09-16T19:14:12","modified_gmt":"2025-09-16T19:14:12","slug":"calzado-deportivo-masculino-nike-jordan-jumpman-two-trey","status":"publish","type":"product","link":"https:\/\/brandss.com.py\/index\/producto\/calzado-deportivo-masculino-nike-jordan-jumpman-two-trey\/","title":{"rendered":"CALZADO DEPORTIVO MASCULINO NIKE JORDAN JUMPMAN TWO TREY"},"content":{"rendered":"<p><img loading=\"lazy\" decoding=\"async\" class=\"\" src=\"https:\/\/1000marcas.net\/wp-content\/uploads\/2019\/11\/Nike-logo.jpg\" alt=\"Logo de Nike: la historia y el significado del logotipo, la ...\" width=\"549\" height=\"309\" \/><\/p>\n<div class=\"flex max-w-full flex-col flex-grow\">\n<div class=\"min-h-8 text-message relative flex w-full flex-col items-end gap-2 whitespace-normal break-words text-start [.text-message+&amp;]:mt-5\" dir=\"auto\" data-message-author-role=\"assistant\" data-message-id=\"a9d96308-a8ce-44dd-a762-4854f23bb84c\" data-message-model-slug=\"gpt-4o-mini\">\n<div class=\"flex w-full flex-col gap-1 empty:hidden first:pt-[3px]\">\n<div class=\"markdown prose w-full break-words dark:prose-invert light\">\n<h1 data-start=\"0\" data-end=\"74\"><strong data-start=\"3\" data-end=\"74\"><span>Jordan Jumpman Two Trey: Estilo Cl\u00e1sico y Rendimiento de Alto Nivel<\/span><\/strong><\/h1>\n<p class=\"\" data-start=\"76\" data-end=\"475\"><span>El <\/span><strong data-start=\"79\" data-end=\"106\"><span>Jordan Jumpman Two Trey<\/span><\/strong><span> fusiona el legado de <\/span><strong data-start=\"128\" data-end=\"146\"><span>Michael Jordan<\/span><\/strong><span> con un dise\u00f1o moderno, creando una silueta \u00fanica que combina <\/span><strong data-start=\"208\" data-end=\"243\"><span>estilo, rendimiento y comodidad<\/span><\/strong><span> . Este calzado est\u00e1 inspirado en los <\/span><strong data-start=\"280\" data-end=\"314\"><span>modelos ic\u00f3nicos de baloncesto<\/span><\/strong><span> de la marca, con detalles que honran la historia de los <\/span><strong data-start=\"371\" data-end=\"385\"><span>Air Jordan<\/span><\/strong><span> mientras se adaptan a las necesidades actuales tanto en la cancha como en el d\u00eda a d\u00eda.<\/span><\/p>\n<p class=\"\" data-start=\"477\" data-end=\"736\"><span>Con una est\u00e9tica que refleja la energ\u00eda y la historia de la NBA, el <\/span><strong data-start=\"545\" data-end=\"572\"><span>Jordan Jumpman Two Trey<\/span><\/strong><span> es una opci\u00f3n excelente para los amantes de la marca, tanto para aquellos que buscan rendimiento como para los que desean destacar con un estilo deportivo \u00fanico.<\/span><\/p>\n<hr class=\"\" data-start=\"738\" data-end=\"741\" \/>\n<h3 class=\"\" data-start=\"743\" data-end=\"802\"><strong data-start=\"747\" data-end=\"800\"><span>Dise\u00f1o de Alto Rendimiento con Elementos Cl\u00e1sicos<\/span><\/strong><\/h3>\n<p class=\"\" data-start=\"803\" data-end=\"1138\"><span>El <\/span><strong data-start=\"806\" data-end=\"833\"><span>Jordan Jumpman Two Trey<\/span><\/strong><span> incorpora una combinaci\u00f3n de materiales duraderos como <\/span><strong data-start=\"889\" data-end=\"914\"><span>cuero, gamuza y malla<\/span><\/strong><span> en su parte superior, proporcionando una <\/span><strong data-start=\"956\" data-end=\"995\"><span>construcci\u00f3n robusta y transpirable<\/span><\/strong><span> . Esta mezcla de materiales no solo mejora la est\u00e9tica, sino que tambi\u00e9n ofrece un soporte excelente para el pie durante movimientos r\u00e1pidos.<\/span><\/p>\n<p class=\"\" data-start=\"1140\" data-end=\"1486\"><span>El <\/span><strong data-start=\"1143\" data-end=\"1161\"><span>Swoosh de Nike<\/span><\/strong><span> y el famoso <\/span><strong data-start=\"1174\" data-end=\"1195\"><span>Jumpman de Jordan<\/span><\/strong><span> en el tal\u00f3n hacen referencia al legado ic\u00f3nico de la marca, mientras que los detalles de la parte media del pie y la suela hacen alusi\u00f3n a modelos cl\u00e1sicos de <\/span><strong data-start=\"1355\" data-end=\"1369\"><span>Air Jordan<\/span><\/strong><span> . Estos detalles visuales, junto con el dise\u00f1o moderno de la zapatilla, aportan un toque de nostalgia y vanguardia.<\/span><\/p>\n<hr class=\"\" data-start=\"1488\" data-end=\"1491\" \/>\n<h3 class=\"\" data-start=\"1493\" data-end=\"1537\"><strong data-start=\"1497\" data-end=\"1535\"><span>Comodidad y Amortiguaci\u00f3n Superior<\/span><\/strong><\/h3>\n<p class=\"\" data-start=\"1538\" data-end=\"1786\"><span>En cuanto a la comodidad, el <\/span><strong data-start=\"1567\" data-end=\"1594\"><span>Jordan Jumpman Two Trey<\/span><\/strong><span> ofrece una <\/span><strong data-start=\"1606\" data-end=\"1632\"><span>unidad Air en el tal\u00f3n<\/span><\/strong><span> que proporciona <\/span><strong data-start=\"1649\" data-end=\"1686\"><span>amortiguaci\u00f3n de alto rendimiento<\/span><\/strong><span> para absorber los impactos y asegurar una pisada suave, tanto en la cancha como en el uso diario.<\/span><\/p>\n<p class=\"\" data-start=\"1788\" data-end=\"2053\"><span>La <\/span><strong data-start=\"1791\" data-end=\"1815\"><span>entresuela de espuma<\/span><\/strong><span> agrega soporte adicional, mientras que el dise\u00f1o <\/span><strong data-start=\"1865\" data-end=\"1881\"><span>sin costuras<\/span><\/strong><span> de la parte superior y el <\/span><strong data-start=\"1908\" data-end=\"1935\"><span>acolchado en el tobillo<\/span><\/strong><span> garantizan un ajuste c\u00f3modo y firme, asegurando que el pie se mantenga en su lugar durante los movimientos r\u00e1pidos.<\/span><\/p>\n<hr class=\"\" data-start=\"2055\" data-end=\"2058\" \/>\n<h3 class=\"\" data-start=\"2060\" data-end=\"2100\"><strong data-start=\"2064\" data-end=\"2098\"><span>Tracci\u00f3n y Estabilidad \u00d3ptimas<\/span><\/strong><\/h3>\n<p class=\"\" data-start=\"2101\" data-end=\"2479\"><span>El <\/span><strong data-start=\"2104\" data-end=\"2131\"><span>Jordan Jumpman Two Trey<\/span><\/strong><span> est\u00e1 equipado con una <\/span><strong data-start=\"2154\" data-end=\"2211\"><span>suela de goma con patr\u00f3n de tracci\u00f3n multidireccional<\/span><\/strong><span> , que proporciona un excelente agarre en una amplia gama de superficies. Esto lo hace ideal para los entrenamientos de baloncesto, pero tambi\u00e9n es lo suficientemente vers\u00e1til para su uso en el d\u00eda a d\u00eda, asegurando una <\/span><strong data-start=\"2430\" data-end=\"2452\"><span>tracci\u00f3n confiable<\/span><\/strong><span> sin importar el entorno.<\/span><\/p>\n<hr class=\"\" data-start=\"2481\" data-end=\"2484\" \/>\n<h3 class=\"\" data-start=\"2486\" data-end=\"2534\"><strong data-start=\"2490\" data-end=\"2532\"><span>Versatilidad de Estilo y Funcionalidad<\/span><\/strong><\/h3>\n<p class=\"\" data-start=\"2535\" data-end=\"2852\"><span>El <\/span><strong data-start=\"2538\" data-end=\"2565\"><span>Jordan Jumpman Two Trey<\/span><\/strong><span> no es solo un calzado de baloncesto, sino tambi\u00e9n un <\/span><strong data-start=\"2619\" data-end=\"2646\"><span>modelo de estilo urbano<\/span><\/strong><span> que se adapta perfectamente a cualquier ocasi\u00f3n. Su dise\u00f1o atrevido y su gama de colores vibrantes permiten combinarlo con ropa casual o deportiva, asegurando que siempre llames la atenci\u00f3n sin esfuerzo.<\/span><\/p>\n<hr class=\"\" data-start=\"2854\" data-end=\"2857\" \/>\n<h3 class=\"\" data-start=\"2859\" data-end=\"2907\"><strong data-start=\"2863\" data-end=\"2905\"><span>Un \u00cdcono de Jordania con un Giro Moderno<\/span><\/strong><\/h3>\n<p class=\"\" data-start=\"2908\" data-end=\"3256\"><span>Como parte de la legendaria familia <\/span><strong data-start=\"2944\" data-end=\"2954\"><span>Jordan<\/span><\/strong><span> , el <\/span><strong data-start=\"2959\" data-end=\"2979\"><span>Jumpman Two Trey<\/span><\/strong><span> es un homenaje a la historia de <\/span><strong data-start=\"3012\" data-end=\"3030\"><span>Michael Jordan<\/span><\/strong><span> y a la evoluci\u00f3n de la marca. Con una <\/span><strong data-start=\"3069\" data-end=\"3139\"><span>silicona adaptable, un rendimiento superior y una est\u00e9tica moderna<\/span><\/strong><span> , este modelo es perfecto para quienes buscan una combinaci\u00f3n de <\/span><strong data-start=\"3204\" data-end=\"3255\"><span>rendimiento en la cancha y estilo en las calles<\/span><\/strong><span> .<\/span><\/p>\n<p class=\"\" data-start=\"3258\" data-end=\"3440\"><span>Si eres un fan\u00e1tico del baloncesto o simplemente buscas un calzado que combine <\/span><strong data-start=\"3337\" data-end=\"3368\"><span>comodidad, soporte y legado<\/span><\/strong><span> , el <\/span><strong data-start=\"3373\" data-end=\"3400\"><span>Jordan Jumpman Two Trey<\/span><\/strong><span> es una elecci\u00f3n que no te decepcionar\u00e1.<\/span><\/p>\n<\/div>\n<\/div>\n<\/div>\n<\/div>\n","protected":false},"excerpt":{"rendered":"<p>Jordan Jumpman Two Trey: Estilo Cl\u00e1sico y Rendimiento de Alto Nivel El Jordan Jumpman Two Trey fusiona el legado de<\/p>\n","protected":false},"featured_media":77582,"comment_status":"open","ping_status":"closed","template":"","meta":{"nf_dc_page":""},"product_brand":[],"product_cat":[76],"product_tag":[],"class_list":{"0":"post-77581","1":"product","2":"type-product","3":"status-publish","4":"has-post-thumbnail","6":"product_cat-masculino","8":"first","9":"outofstock","10":"shipping-taxable","11":"purchasable","12":"product-type-simple"},"_links":{"self":[{"href":"https:\/\/brandss.com.py\/index\/wp-json\/wp\/v2\/product\/77581","targetHints":{"allow":["GET"]}}],"collection":[{"href":"https:\/\/brandss.com.py\/index\/wp-json\/wp\/v2\/product"}],"about":[{"href":"https:\/\/brandss.com.py\/index\/wp-json\/wp\/v2\/types\/product"}],"replies":[{"embeddable":true,"href":"https:\/\/brandss.com.py\/index\/wp-json\/wp\/v2\/comments?post=77581"}],"version-history":[{"count":1,"href":"https:\/\/brandss.com.py\/index\/wp-json\/wp\/v2\/product\/77581\/revisions"}],"predecessor-version":[{"id":77586,"href":"https:\/\/brandss.com.py\/index\/wp-json\/wp\/v2\/product\/77581\/revisions\/77586"}],"wp:featuredmedia":[{"embeddable":true,"href":"https:\/\/brandss.com.py\/index\/wp-json\/wp\/v2\/media\/77582"}],"wp:attachment":[{"href":"https:\/\/brandss.com.py\/index\/wp-json\/wp\/v2\/media?parent=77581"}],"wp:term":[{"taxonomy":"product_brand","embeddable":true,"href":"https:\/\/brandss.com.py\/index\/wp-json\/wp\/v2\/product_brand?post=77581"},{"taxonomy":"product_cat","embeddable":true,"href":"https:\/\/brandss.com.py\/index\/wp-json\/wp\/v2\/product_cat?post=77581"},{"taxonomy":"product_tag","embeddable":true,"href":"https:\/\/brandss.com.py\/index\/wp-json\/wp\/v2\/product_tag?post=77581"}],"curies":[{"name":"wp","href":"https:\/\/api.w.org\/{rel}","templated":true}]}}