{"id":77632,"date":"2025-03-24T18:38:47","date_gmt":"2025-03-24T18:38:47","guid":{"rendered":"https:\/\/brandss.com.py\/index\/?post_type=product&#038;p=77632"},"modified":"2026-04-22T18:24:59","modified_gmt":"2026-04-22T18:24:59","slug":"calzado-deportivo-femenino-nike-free-metcon-6","status":"publish","type":"product","link":"https:\/\/brandss.com.py\/index\/producto\/calzado-deportivo-femenino-nike-free-metcon-6\/","title":{"rendered":"CALZADO DEPORTIVO FEMENINO NIKE FREE METCON 6"},"content":{"rendered":"<p><img loading=\"lazy\" decoding=\"async\" class=\"\" src=\"https:\/\/1000marcas.net\/wp-content\/uploads\/2019\/11\/Logo-Nike.jpg\" alt=\"Logo de Nike: la historia y el significado del logotipo, la marca y el  s\u00edmbolo. | png, vector\" width=\"117\" height=\"66\" \/><\/p>\n<h1>FREE METCON 6<\/h1>\n<p class=\"nds-text pb4-sm css-qtj9g7 e1yhcai00 appearance-body1 color-primary weight-regular\" data-testid=\"product-description\">Los Free Metcon 6 te abren un mundo de posibilidades de entrenamiento. A\u00f1adimos a\u00fan m\u00e1s flexibilidad en el antepi\u00e9 a nuestros tenis de entrenamiento m\u00e1s adaptables y reforzamos el tal\u00f3n con espuma adicional. Esto se traduce en m\u00e1s libertad de movimiento din\u00e1mico durante los ejercicios pliom\u00e9tricos y de cardio, adem\u00e1s de la base estable que necesitas para levantar pesas.<\/p>\n<div data-testid=\"benefit-section\">\n<h4 class=\"nds-text pb2-sm css-1m2rxfq e1yhcai00 appearance-title4 color-primary weight-regular\" data-testid=\"benefit-header\">Flexibilidad: alta<\/h4>\n<p class=\"nds-text pb4-sm css-ris3xr e1yhcai00 appearance-body2 color-primary weight-regular\" data-testid=\"single-benefit-text\">Cuanta m\u00e1s flexibilidad tengas en la entresuela y la suela, m\u00e1s podr\u00e1s moverte de forma natural. La suela est\u00e1 grabada a l\u00e1ser para ofrecer m\u00e1s flexibilidad en saltos, planchas o ejercicios pliom\u00e9tricos. Adem\u00e1s, redondeamos el lado del dedo gordo del pie para permitir m\u00e1s agilidad y rapidez al realizar movimientos bruscos.<\/p>\n<h4 class=\"nds-text pb2-sm css-1m2rxfq e1yhcai00 appearance-title4 color-primary weight-regular\" data-testid=\"benefit-header\">Estabilidad: alta<\/h4>\n<p class=\"nds-text pb4-sm css-ris3xr e1yhcai00 appearance-body2 color-primary weight-regular\" data-testid=\"single-benefit-text\">Cuanto m\u00e1s soporte ofrecen los tenis, m\u00e1s estabilidad pueden darle a tu pisada. La combinaci\u00f3n de soporte optimizado y amortiguaci\u00f3n colocada intencionalmente te ayuda a sentir seguridad en cada paso. Agregamos m\u00e1s espuma en el tal\u00f3n para ofrecer una mayor estabilidad para darlo todo y lograr otra repetici\u00f3n.<\/p>\n<h4 class=\"nds-text pb2-sm css-1m2rxfq e1yhcai00 appearance-title4 color-primary weight-regular\" data-testid=\"benefit-header\">Amortiguaci\u00f3n: alta<\/h4>\n<p class=\"nds-text pb4-sm css-ris3xr e1yhcai00 appearance-body2 color-primary weight-regular\" data-testid=\"single-benefit-text\">Cuanta m\u00e1s amortiguaci\u00f3n tengas bajo los pies, m\u00e1s c\u00f3modo ser\u00e1 tu entrenamiento. La amortiguaci\u00f3n suaviza el impacto cuando los pies llegan al suelo. La espuma cortada a l\u00e1ser en el antepi\u00e9 y la entresuela ofrece flexibilidad y comodidad.<\/p>\n<h4 class=\"nds-text pb2-sm css-1m2rxfq e1yhcai00 appearance-title4 color-primary weight-regular\" data-testid=\"benefit-header\">Parte superior transpirable<\/h4>\n<p class=\"nds-text pb4-sm css-ris3xr e1yhcai00 appearance-body2 color-primary weight-regular\" data-testid=\"single-benefit-text\">La parte superior est\u00e1 hecha de malla dise\u00f1ada estrat\u00e9gicamente, transpirable y con soporte. Tiene elasticidad integrada donde se necesita, como para los desplantes, las sentadillas y los saltos.<\/p>\n<h4 class=\"nds-text pb2-sm css-1m2rxfq e1yhcai00 appearance-title4 color-primary weight-regular\" data-testid=\"benefit-header\">Ajuste seguro<\/h4>\n<p class=\"nds-text pb4-sm css-ris3xr e1yhcai00 appearance-body2 color-primary weight-regular\" data-testid=\"single-benefit-text\">Los cables Flywire proporcionan un ajuste din\u00e1mico y seguro durante el entrenamiento.<\/p>\n<\/div>\n<div data-testid=\"benefit-section\"><\/div>\n<div data-testid=\"benefit-section\">\n<h4 class=\"nds-text pb2-sm css-1m2rxfq e1yhcai00 appearance-title4 color-primary weight-regular\" data-testid=\"benefit-header\">M\u00e1s beneficios<\/h4>\n<p class=\"nds-text pb4-sm css-ris3xr e1yhcai00 appearance-body2 color-primary weight-regular\" data-testid=\"single-benefit-text\">Patr\u00f3n gr\u00e1fico de tracci\u00f3n multisuperficie ideal para cualquier entrenamiento y actividad.<\/p>\n<\/div>\n<div data-testid=\"benefit-section\">\n<h4 class=\"nds-text pb2-sm css-1m2rxfq e1yhcai00 appearance-title4 color-primary weight-regular\" data-testid=\"benefit-header\">Datos del producto<\/h4>\n<ul class=\"ncss-list-ul pb4-sm\" data-testid=\"benefit-list\">\n<li class=\"nds-text ncss-li css-xlkxpi e1yhcai00 appearance-body1 color-primary weight-regular\">Color: Negro\/Antracita<\/li>\n<li class=\"nds-text ncss-li css-xlkxpi e1yhcai00 appearance-body1 color-primary weight-regular\">Modelo: FJ7126-003<\/li>\n<\/ul>\n<\/div>\n","protected":false},"excerpt":{"rendered":"<p>FREE METCON 6 Los Free Metcon 6 te abren un mundo de posibilidades de entrenamiento. A\u00f1adimos a\u00fan m\u00e1s flexibilidad en<\/p>\n","protected":false},"featured_media":77633,"comment_status":"open","ping_status":"closed","template":"","meta":{"nf_dc_page":""},"product_brand":[],"product_cat":[73],"product_tag":[],"class_list":{"0":"post-77632","1":"product","2":"type-product","3":"status-publish","4":"has-post-thumbnail","6":"product_cat-femenino","8":"first","9":"outofstock","10":"shipping-taxable","11":"purchasable","12":"product-type-simple"},"_links":{"self":[{"href":"https:\/\/brandss.com.py\/index\/wp-json\/wp\/v2\/product\/77632","targetHints":{"allow":["GET"]}}],"collection":[{"href":"https:\/\/brandss.com.py\/index\/wp-json\/wp\/v2\/product"}],"about":[{"href":"https:\/\/brandss.com.py\/index\/wp-json\/wp\/v2\/types\/product"}],"replies":[{"embeddable":true,"href":"https:\/\/brandss.com.py\/index\/wp-json\/wp\/v2\/comments?post=77632"}],"version-history":[{"count":1,"href":"https:\/\/brandss.com.py\/index\/wp-json\/wp\/v2\/product\/77632\/revisions"}],"predecessor-version":[{"id":77641,"href":"https:\/\/brandss.com.py\/index\/wp-json\/wp\/v2\/product\/77632\/revisions\/77641"}],"wp:featuredmedia":[{"embeddable":true,"href":"https:\/\/brandss.com.py\/index\/wp-json\/wp\/v2\/media\/77633"}],"wp:attachment":[{"href":"https:\/\/brandss.com.py\/index\/wp-json\/wp\/v2\/media?parent=77632"}],"wp:term":[{"taxonomy":"product_brand","embeddable":true,"href":"https:\/\/brandss.com.py\/index\/wp-json\/wp\/v2\/product_brand?post=77632"},{"taxonomy":"product_cat","embeddable":true,"href":"https:\/\/brandss.com.py\/index\/wp-json\/wp\/v2\/product_cat?post=77632"},{"taxonomy":"product_tag","embeddable":true,"href":"https:\/\/brandss.com.py\/index\/wp-json\/wp\/v2\/product_tag?post=77632"}],"curies":[{"name":"wp","href":"https:\/\/api.w.org\/{rel}","templated":true}]}}