{"id":77642,"date":"2025-03-24T19:19:58","date_gmt":"2025-03-24T19:19:58","guid":{"rendered":"https:\/\/brandss.com.py\/index\/?post_type=product&#038;p=77642"},"modified":"2026-04-22T18:24:59","modified_gmt":"2026-04-22T18:24:59","slug":"calzado-deportivo-masculino-nike-free-metcon-6","status":"publish","type":"product","link":"https:\/\/brandss.com.py\/index\/producto\/calzado-deportivo-masculino-nike-free-metcon-6\/","title":{"rendered":"CALZADO DEPORTIVO MASCULINO NIKE FREE METCON 6"},"content":{"rendered":"<p><img loading=\"lazy\" decoding=\"async\" class=\"\" src=\"https:\/\/1000marcas.net\/wp-content\/uploads\/2019\/11\/Logo-Nike.jpg\" alt=\"Logo de Nike: la historia y el significado del logotipo, la marca y el  s\u00edmbolo. | png, vector\" width=\"110\" height=\"62\" \/><\/p>\n<h1>FREE METCON 6<\/h1>\n<div class=\"experience-component experience-productText\">\n<div class=\"product-text-wrapper hide-empty  \">\n<div class=\"product-text-content     \">\n<div class=\"product-text  released    \" data-product-field=\"longDescription\">\n<div class=\"pi-tier3\">\n<div class=\"pi-pdpmainbody\">\n<p>Desde levantamiento de potencia hasta escaleras, desde briznas de hierba hasta plataformas granuladas, del pasto sint\u00e9tico (turf) a la pista; tu entrenamiento tienen un prop\u00f3sito determinado, un enfoque espec\u00edfico. Los Free Metcon 6 resisten todos los gru\u00f1idos y gritos de &#8220;\u00a1hazlo!&#8221;. Agregamos a\u00fan m\u00e1s flexibilidad en el antepi\u00e9 a nuestros tenis de entrenamiento m\u00e1s adaptables y reforzamos el tal\u00f3n con espuma adicional. Esto se traduce en m\u00e1s libertad de movimiento din\u00e1mico durante los ejercicios pliom\u00e9tricos y de cardio, adem\u00e1s de la base estable que necesitas para levantar pesas.<\/p>\n<p><b>Flexibilidad: Alta<\/b><\/p>\n<p>Cuanta m\u00e1s flexibilidad tengas en la entresuela y la suela, m\u00e1s podr\u00e1s moverte de forma natural. La suela est\u00e1 grabada a l\u00e1ser para ofrecer m\u00e1s flexibilidad en saltos, planchas o ejercicios pliom\u00e9tricos. Adem\u00e1s, redondeamos el lado del dedo gordo del pie para permitir m\u00e1s agilidad y rapidez al realizar movimientos bruscos.<\/p>\n<p><b>Estabilidad: alta<\/b><\/p>\n<p>Cuanto m\u00e1s soporte ofrecen los tenis, m\u00e1s estabilidad pueden darle a tu pisada. La combinaci\u00f3n de soporte optimizado y amortiguaci\u00f3n colocada intencionalmente te ayuda a sentir seguridad en cada paso. Agregamos m\u00e1s espuma en el tal\u00f3n para ofrecer una mayor estabilidad para darlo todo y lograr otra repetici\u00f3n.<\/p>\n<p><b>Amortiguaci\u00f3n: alta<\/b><\/p>\n<p>Cuanta m\u00e1s amortiguaci\u00f3n tengas bajo los pies, m\u00e1s c\u00f3modo ser\u00e1 tu entrenamiento. La amortiguaci\u00f3n suaviza el impacto cuando los pies llegan al suelo. La espuma grabada a l\u00e1ser en el antepi\u00e9 y la entresuela ofrece comodidad.<\/p>\n<p><b>Parte superior transpirable<\/b><\/p>\n<p>La parte superior est\u00e1 hecha de malla dise\u00f1ada estrat\u00e9gicamente, transpirable y con soporte. Tiene elasticidad integrada donde se necesita, como para los desplantes, las sentadillas y los saltos.<\/p>\n<p><b>Ajuste seguro<\/b><\/p>\n<p>Los cables Flywire proporcionan un ajuste din\u00e1mico y seguro durante el entrenamiento.<\/p>\n<p><b>M\u00e1s beneficios<\/b><\/p>\n<ul>\n<li>Patr\u00f3n gr\u00e1fico de tracci\u00f3n multisuperficie ideal para cualquier entrenamiento y actividad.<\/li>\n<li>El cubrecalzado c\u00f3modo aumenta el soporte del tobillo y ofrece un ajuste c\u00f3modo sin costuras.<\/li>\n<\/ul>\n<\/div>\n<\/div>\n<\/div>\n<\/div>\n<\/div>\n<\/div>\n<div class=\"experience-component experience-productText\">\n<div class=\"product-text-wrapper hide-empty  \">\n<div class=\"product-text-title\"><\/div>\n<div class=\"product-text-content  product-text-inline    \">\n<div class=\"product-text-label\">Color:\u00a0Toque De Lim\u00f3n Claro\/Gris Cemento\/Negro\/Toque De Lim\u00f3n Claro<\/div>\n<\/div>\n<\/div>\n<\/div>\n<div class=\"experience-component experience-productText\">\n<div class=\"product-text-wrapper hide-empty  \">\n<div class=\"product-text-title\"><\/div>\n<div class=\"product-text-content  product-text-inline    \">\n<div class=\"product-text-label\">Modelo:\u00a0 FJ7127-700<\/div>\n<\/div>\n<\/div>\n<\/div>\n","protected":false},"excerpt":{"rendered":"<p>FREE METCON 6 Desde levantamiento de potencia hasta escaleras, desde briznas de hierba hasta plataformas granuladas, del pasto sint\u00e9tico (turf)<\/p>\n","protected":false},"featured_media":77643,"comment_status":"open","ping_status":"closed","template":"","meta":{"nf_dc_page":""},"product_brand":[],"product_cat":[76],"product_tag":[],"class_list":{"0":"post-77642","1":"product","2":"type-product","3":"status-publish","4":"has-post-thumbnail","6":"product_cat-masculino","8":"first","9":"outofstock","10":"shipping-taxable","11":"purchasable","12":"product-type-simple"},"_links":{"self":[{"href":"https:\/\/brandss.com.py\/index\/wp-json\/wp\/v2\/product\/77642","targetHints":{"allow":["GET"]}}],"collection":[{"href":"https:\/\/brandss.com.py\/index\/wp-json\/wp\/v2\/product"}],"about":[{"href":"https:\/\/brandss.com.py\/index\/wp-json\/wp\/v2\/types\/product"}],"replies":[{"embeddable":true,"href":"https:\/\/brandss.com.py\/index\/wp-json\/wp\/v2\/comments?post=77642"}],"version-history":[{"count":1,"href":"https:\/\/brandss.com.py\/index\/wp-json\/wp\/v2\/product\/77642\/revisions"}],"predecessor-version":[{"id":77651,"href":"https:\/\/brandss.com.py\/index\/wp-json\/wp\/v2\/product\/77642\/revisions\/77651"}],"wp:featuredmedia":[{"embeddable":true,"href":"https:\/\/brandss.com.py\/index\/wp-json\/wp\/v2\/media\/77643"}],"wp:attachment":[{"href":"https:\/\/brandss.com.py\/index\/wp-json\/wp\/v2\/media?parent=77642"}],"wp:term":[{"taxonomy":"product_brand","embeddable":true,"href":"https:\/\/brandss.com.py\/index\/wp-json\/wp\/v2\/product_brand?post=77642"},{"taxonomy":"product_cat","embeddable":true,"href":"https:\/\/brandss.com.py\/index\/wp-json\/wp\/v2\/product_cat?post=77642"},{"taxonomy":"product_tag","embeddable":true,"href":"https:\/\/brandss.com.py\/index\/wp-json\/wp\/v2\/product_tag?post=77642"}],"curies":[{"name":"wp","href":"https:\/\/api.w.org\/{rel}","templated":true}]}}