{"id":77652,"date":"2025-03-25T11:52:28","date_gmt":"2025-03-25T11:52:28","guid":{"rendered":"https:\/\/brandss.com.py\/index\/?post_type=product&#038;p=77652"},"modified":"2025-07-07T18:01:44","modified_gmt":"2025-07-07T18:01:44","slug":"calzado-casual-masculino-nike-air-jordan-3-retro-craft","status":"publish","type":"product","link":"https:\/\/brandss.com.py\/index\/producto\/calzado-casual-masculino-nike-air-jordan-3-retro-craft\/","title":{"rendered":"CALZADO CASUAL MASCULINO NIKE AIR JORDAN 3 RETRO CRAFT"},"content":{"rendered":"<p><img loading=\"lazy\" decoding=\"async\" class=\"\" src=\"https:\/\/1000marcas.net\/wp-content\/uploads\/2019\/11\/Logo-Nike.jpg\" alt=\"Logo de Nike: la historia y el significado del logotipo, la marca y el  s\u00edmbolo. | png, vector\" width=\"105\" height=\"59\" \/><\/p>\n<h1>AIR JORDAN 3 RETRO CRAFT<\/h1>\n<p>Regresa el AJ3, impecable y supremo. Esta edici\u00f3n sube de nivel las texturas con la combinaci\u00f3n de un tono marfil suave como base, revestimientos de gamuza en color neblina gris y detalles trasl\u00facidos en la presilla en el tal\u00f3n y la suela. Cuenta con dos logotipos en el tal\u00f3n y dos logotipos Jumpman en la leng\u00fceta, porque tener dos veces el Jumpman lo hace dos veces fabuloso. Las Air Jordan 3 Retro SE Craft en color &#8220;Marfil&#8221; lucen una parte superior de cuero blanco con superposiciones de estampado de elefante gris en la puntera y el tal\u00f3n. Un Jumpman doblemente visible decora la leng\u00fceta, mientras que la pesta\u00f1a semitransl\u00facida del tal\u00f3n luce la marca Jumpman tonal sobre un logotipo de Nike estampado. Esta silueta retro se asienta sobre una entresuela de poliuretano blanca a juego, con amortiguaci\u00f3n Air-Sole visible y un sutil toque de color crema en el tal\u00f3n. La suela exterior de goma transl\u00facida proporciona una tracci\u00f3n duradera.<\/p>\n<p><span class=\"WindowItemShortText__Title-sc-jrzdw-1 gFUbUU\"><span>Color: <\/span><\/span><span class=\"WindowItemShortText__Right-sc-jrzdw-2 kZeLHw\"><span>Marfil\/Gris Niebla\/Crema.<\/span><\/span><\/p>\n<p>Modelo: FJ9479-100.<\/p>\n","protected":false},"excerpt":{"rendered":"<p>AIR JORDAN 3 RETRO CRAFT Regresa el AJ3, impecable y supremo. Esta edici\u00f3n sube de nivel las texturas con la<\/p>\n","protected":false},"featured_media":77653,"comment_status":"open","ping_status":"closed","template":"","meta":{"nf_dc_page":""},"product_brand":[],"product_cat":[76],"product_tag":[],"class_list":{"0":"post-77652","1":"product","2":"type-product","3":"status-publish","4":"has-post-thumbnail","6":"product_cat-masculino","8":"first","9":"outofstock","10":"shipping-taxable","11":"purchasable","12":"product-type-simple"},"_links":{"self":[{"href":"https:\/\/brandss.com.py\/index\/wp-json\/wp\/v2\/product\/77652","targetHints":{"allow":["GET"]}}],"collection":[{"href":"https:\/\/brandss.com.py\/index\/wp-json\/wp\/v2\/product"}],"about":[{"href":"https:\/\/brandss.com.py\/index\/wp-json\/wp\/v2\/types\/product"}],"replies":[{"embeddable":true,"href":"https:\/\/brandss.com.py\/index\/wp-json\/wp\/v2\/comments?post=77652"}],"version-history":[{"count":1,"href":"https:\/\/brandss.com.py\/index\/wp-json\/wp\/v2\/product\/77652\/revisions"}],"predecessor-version":[{"id":77661,"href":"https:\/\/brandss.com.py\/index\/wp-json\/wp\/v2\/product\/77652\/revisions\/77661"}],"wp:featuredmedia":[{"embeddable":true,"href":"https:\/\/brandss.com.py\/index\/wp-json\/wp\/v2\/media\/77653"}],"wp:attachment":[{"href":"https:\/\/brandss.com.py\/index\/wp-json\/wp\/v2\/media?parent=77652"}],"wp:term":[{"taxonomy":"product_brand","embeddable":true,"href":"https:\/\/brandss.com.py\/index\/wp-json\/wp\/v2\/product_brand?post=77652"},{"taxonomy":"product_cat","embeddable":true,"href":"https:\/\/brandss.com.py\/index\/wp-json\/wp\/v2\/product_cat?post=77652"},{"taxonomy":"product_tag","embeddable":true,"href":"https:\/\/brandss.com.py\/index\/wp-json\/wp\/v2\/product_tag?post=77652"}],"curies":[{"name":"wp","href":"https:\/\/api.w.org\/{rel}","templated":true}]}}