{"id":77662,"date":"2025-03-25T12:26:41","date_gmt":"2025-03-25T12:26:41","guid":{"rendered":"https:\/\/brandss.com.py\/index\/?post_type=product&#038;p=77662"},"modified":"2025-03-25T12:27:59","modified_gmt":"2025-03-25T12:27:59","slug":"calzado-deportivo-masculino-nike-kd-17-sunrise","status":"publish","type":"product","link":"https:\/\/brandss.com.py\/index\/producto\/calzado-deportivo-masculino-nike-kd-17-sunrise\/","title":{"rendered":"CALZADO DEPORTIVO MASCULINO NIKE KD 17 SUNRISE"},"content":{"rendered":"<p><img loading=\"lazy\" decoding=\"async\" class=\"\" src=\"https:\/\/1000marcas.net\/wp-content\/uploads\/2019\/11\/Logo-Nike.jpg\" alt=\"Logo de Nike: la historia y el significado del logotipo, la marca y el  s\u00edmbolo. | png, vector\" width=\"171\" height=\"96\" \/><\/p>\n<h1>KD 17 SUNRISE<\/h1>\n<p><span>Aunque el estatus de Kevin Durant como jugador de baloncesto de todos los tiempos ya est\u00e1 consolidado, su pasi\u00f3n por el baloncesto no se apacigua a menos que est\u00e9 en la cancha, perfeccionando su t\u00e9cnica. Esfu\u00e9rzate por ser el mejor con las KD17, unas zapatillas para los fan\u00e1ticos del gimnasio y para quienes insisten en correr. La unidad Air Zoom en el antepi\u00e9 mejora tu primera pisada. La combinamos con la amortiguaci\u00f3n Nike Air para impulsar sprints por toda la cancha y paradas defensivas que pueden decidir partidos.<\/span><\/p>\n<p>&nbsp;<\/p>\n<p><b class=\"headline-5\"><span>Velocidad y comodidad<\/span><\/b><\/p>\n<p><span>Una gran unidad Air Zoom en el antepi\u00e9 ofrece un nivel de velocidad diferente, tanto al correr como al salir de una posici\u00f3n de pie. Ofrece un impulso \u00e1gil cuando el juego se acelera. La espuma el\u00e1stica te ayuda a mantenerte fresco hasta el pitido final.<\/span><\/p>\n<p>&nbsp;<\/p>\n<p><b class=\"headline-5\"><span>Acolchado y con soporte<\/span><\/b><\/p>\n<p><span>La capa inferior del empeine cuenta con amortiguaci\u00f3n Nike Air en el tal\u00f3n para a\u00f1adir dinamismo a tus pasos. Incorporamos una resistente pieza de pl\u00e1stico en la puntera para mayor sujeci\u00f3n.<\/span><\/p>\n<p>&nbsp;<\/p>\n<p><b class=\"headline-5\"><span>Cortar r\u00e1pidamente<\/span><\/b><\/p>\n<p><span>El patr\u00f3n de la suela exterior parece un mapa topogr\u00e1fico, con una serie de crestas contorneadas que se doblan y se desv\u00edan en m\u00faltiples direcciones para proporcionar tracci\u00f3n en cada movimiento.<\/span><\/p>\n<p>&nbsp;<\/p>\n<p><b class=\"headline-5\"><span>Estable para la corte<\/span><\/b><\/p>\n<p><span>Una pieza de soporte debajo del arco agrega estabilidad.<\/span><\/p>\n<p class=\"product_title entry-title\"><span><strong>Color: <\/strong>University Gold\/Black-Safety Orange.<\/span><\/p>\n<p class=\"product_title entry-title\"><span><strong>Modelo:<\/strong> Fj9487-700.<\/span><\/p>\n","protected":false},"excerpt":{"rendered":"<p>KD 17 SUNRISE Aunque el estatus de Kevin Durant como jugador de baloncesto de todos los tiempos ya est\u00e1 consolidado,<\/p>\n","protected":false},"featured_media":77663,"comment_status":"open","ping_status":"closed","template":"","meta":{"nf_dc_page":""},"product_brand":[],"product_cat":[76],"product_tag":[],"class_list":{"0":"post-77662","1":"product","2":"type-product","3":"status-publish","4":"has-post-thumbnail","6":"product_cat-masculino","8":"first","9":"instock","10":"shipping-taxable","11":"purchasable","12":"product-type-simple"},"_links":{"self":[{"href":"https:\/\/brandss.com.py\/index\/wp-json\/wp\/v2\/product\/77662","targetHints":{"allow":["GET"]}}],"collection":[{"href":"https:\/\/brandss.com.py\/index\/wp-json\/wp\/v2\/product"}],"about":[{"href":"https:\/\/brandss.com.py\/index\/wp-json\/wp\/v2\/types\/product"}],"replies":[{"embeddable":true,"href":"https:\/\/brandss.com.py\/index\/wp-json\/wp\/v2\/comments?post=77662"}],"version-history":[{"count":1,"href":"https:\/\/brandss.com.py\/index\/wp-json\/wp\/v2\/product\/77662\/revisions"}],"predecessor-version":[{"id":77671,"href":"https:\/\/brandss.com.py\/index\/wp-json\/wp\/v2\/product\/77662\/revisions\/77671"}],"wp:featuredmedia":[{"embeddable":true,"href":"https:\/\/brandss.com.py\/index\/wp-json\/wp\/v2\/media\/77663"}],"wp:attachment":[{"href":"https:\/\/brandss.com.py\/index\/wp-json\/wp\/v2\/media?parent=77662"}],"wp:term":[{"taxonomy":"product_brand","embeddable":true,"href":"https:\/\/brandss.com.py\/index\/wp-json\/wp\/v2\/product_brand?post=77662"},{"taxonomy":"product_cat","embeddable":true,"href":"https:\/\/brandss.com.py\/index\/wp-json\/wp\/v2\/product_cat?post=77662"},{"taxonomy":"product_tag","embeddable":true,"href":"https:\/\/brandss.com.py\/index\/wp-json\/wp\/v2\/product_tag?post=77662"}],"curies":[{"name":"wp","href":"https:\/\/api.w.org\/{rel}","templated":true}]}}