{"id":77686,"date":"2025-03-25T13:29:53","date_gmt":"2025-03-25T13:29:53","guid":{"rendered":"https:\/\/brandss.com.py\/index\/?post_type=product&#038;p=77686"},"modified":"2025-03-25T13:32:34","modified_gmt":"2025-03-25T13:32:34","slug":"calzado-deportivo-masculino-nike-journey-run","status":"publish","type":"product","link":"https:\/\/brandss.com.py\/index\/producto\/calzado-deportivo-masculino-nike-journey-run\/","title":{"rendered":"CALZADO DEPORTIVO MASCULINO NIKE JOURNEY RUN"},"content":{"rendered":"<p><img loading=\"lazy\" decoding=\"async\" class=\"\" src=\"https:\/\/1000marcas.net\/wp-content\/uploads\/2019\/11\/Logo-Nike.jpg\" alt=\"Logo de Nike: la historia y el significado del logotipo, la marca y el  s\u00edmbolo. | png, vector\" width=\"181\" height=\"102\" \/><\/p>\n<h1>JOURNEY RUN<\/h1>\n<p>Disfruta de cada paso, ruta y paseo con las Nike Journey Run. Te har\u00e1n caminar con una sonrisa en el pavimento exigente gracias a su espuma extraalta y la amortiguaci\u00f3n ComfiRide supersuave. Son tan c\u00f3modas que estar\u00e1s deseando volver a calz\u00e1rtelas.<\/p>\n<p><strong>Caracter\u00edsticas<\/strong><\/p>\n<ul>\n<li><span>Amortiguaci\u00f3n adicional en el tal\u00f3n y puntos de contacto suaves en la leng\u00fceta y el cuello.<\/span><\/li>\n<li><span>La malla dise\u00f1ada en el \u00e1rea de los dedos proporciona mayor durabilidad en un \u00e1rea de alto desgaste.<\/span><\/li>\n<li><span>La suela est\u00e1 hecha de goma Nike Grind para un excelente agarre en la carretera.<\/span><\/li>\n<li><span>Ajuste contorneado<\/span><\/li>\n<li><span>Transpirable y ligero.<\/span><\/li>\n<\/ul>\n<p><strong>Detalles<\/strong><\/p>\n<ul>\n<li><span>Parte superior de malla dise\u00f1ada.<\/span><\/li>\n<li><span>Suela de goma.<\/span><\/li>\n<li><span>Atar los cordones.<\/span><\/li>\n<li><span>Lavado a m\u00e1quina.<\/span><\/li>\n<li><span>Importado.<\/span><\/li>\n<li><span><span>Color: Blanco\/Rojo fuego\/Gris cemento\/Negro.<\/span><\/span><\/li>\n<li><span><span>Modelo: FN0228-103.<\/span><\/span><\/li>\n<\/ul>\n","protected":false},"excerpt":{"rendered":"<p>JOURNEY RUN Disfruta de cada paso, ruta y paseo con las Nike Journey Run. Te har\u00e1n caminar con una sonrisa<\/p>\n","protected":false},"featured_media":77688,"comment_status":"open","ping_status":"closed","template":"","meta":{"nf_dc_page":""},"product_brand":[],"product_cat":[76],"product_tag":[],"class_list":{"0":"post-77686","1":"product","2":"type-product","3":"status-publish","4":"has-post-thumbnail","6":"product_cat-masculino","8":"first","9":"instock","10":"shipping-taxable","11":"purchasable","12":"product-type-simple"},"_links":{"self":[{"href":"https:\/\/brandss.com.py\/index\/wp-json\/wp\/v2\/product\/77686","targetHints":{"allow":["GET"]}}],"collection":[{"href":"https:\/\/brandss.com.py\/index\/wp-json\/wp\/v2\/product"}],"about":[{"href":"https:\/\/brandss.com.py\/index\/wp-json\/wp\/v2\/types\/product"}],"replies":[{"embeddable":true,"href":"https:\/\/brandss.com.py\/index\/wp-json\/wp\/v2\/comments?post=77686"}],"version-history":[{"count":1,"href":"https:\/\/brandss.com.py\/index\/wp-json\/wp\/v2\/product\/77686\/revisions"}],"predecessor-version":[{"id":77703,"href":"https:\/\/brandss.com.py\/index\/wp-json\/wp\/v2\/product\/77686\/revisions\/77703"}],"wp:featuredmedia":[{"embeddable":true,"href":"https:\/\/brandss.com.py\/index\/wp-json\/wp\/v2\/media\/77688"}],"wp:attachment":[{"href":"https:\/\/brandss.com.py\/index\/wp-json\/wp\/v2\/media?parent=77686"}],"wp:term":[{"taxonomy":"product_brand","embeddable":true,"href":"https:\/\/brandss.com.py\/index\/wp-json\/wp\/v2\/product_brand?post=77686"},{"taxonomy":"product_cat","embeddable":true,"href":"https:\/\/brandss.com.py\/index\/wp-json\/wp\/v2\/product_cat?post=77686"},{"taxonomy":"product_tag","embeddable":true,"href":"https:\/\/brandss.com.py\/index\/wp-json\/wp\/v2\/product_tag?post=77686"}],"curies":[{"name":"wp","href":"https:\/\/api.w.org\/{rel}","templated":true}]}}