{"id":77687,"date":"2025-03-25T13:29:25","date_gmt":"2025-03-25T13:29:25","guid":{"rendered":"https:\/\/brandss.com.py\/index\/?post_type=product&#038;p=77687"},"modified":"2025-07-07T18:01:05","modified_gmt":"2025-07-07T18:01:05","slug":"calzado-deportivo-masculino-nike-jordan-zion-3-sin-agallas","status":"publish","type":"product","link":"https:\/\/brandss.com.py\/index\/producto\/calzado-deportivo-masculino-nike-jordan-zion-3-sin-agallas\/","title":{"rendered":"CALZADO DEPORTIVO MASCULINO NIKE JORDAN ZION 3 SIN AGALLAS"},"content":{"rendered":"<p><img loading=\"lazy\" decoding=\"async\" class=\"\" src=\"https:\/\/1000marcas.net\/wp-content\/uploads\/2019\/11\/Logo-Nike.jpg\" alt=\"Logo de Nike: la historia y el significado del logotipo, la ...\" width=\"430\" height=\"242\" \/><\/p>\n<div class=\"flex flex-1 grow basis-auto flex-col overflow-hidden\">\n<div class=\"relative h-full\">\n<div class=\"flex h-full flex-col overflow-y-auto [scrollbar-gutter:stable]\">\n<div class=\"mt-1.5 flex flex-col text-sm @thread-xl\/thread:pt-header-height md:pb-9\">\n<article class=\"group\/turn w-full text-token-text-primary focus-visible:outline-none\" dir=\"auto\" data-testid=\"conversation-turn-2\" data-scroll-anchor=\"true\">\n<div class=\"text-base my-auto mx-auto py-5 px-6\">\n<div class=\"mx-auto flex flex-1 text-base gap-4 md:gap-5 lg:gap-6 md:max-w-3xl lg:max-w-[40rem] xl:max-w-[48rem]\">\n<div class=\"group\/conversation-turn relative flex w-full min-w-0 flex-col agent-turn @xs\/thread:px-0 @sm\/thread:px-1.5 @md\/thread:px-4\">\n<div class=\"relative flex-col gap-1 md:gap-3\">\n<div class=\"flex max-w-full flex-col flex-grow\">\n<div class=\"min-h-8 text-message relative flex w-full flex-col items-end gap-2 whitespace-normal break-words text-start [.text-message+&amp;]:mt-5\" dir=\"auto\" data-message-author-role=\"assistant\" data-message-id=\"5746839a-2748-43b6-a2c1-4ae9720a0de0\" data-message-model-slug=\"gpt-4o\">\n<div class=\"flex w-full flex-col gap-1 empty:hidden first:pt-[3px]\">\n<div class=\"markdown prose w-full break-words dark:prose-invert light\">\n<h1 data-start=\"0\" data-end=\"47\"><strong data-start=\"0\" data-end=\"45\"><span>Jordan Zion 3 Sin Agallas<\/span><\/strong><\/h1>\n<p class=\"\" data-start=\"49\" data-end=\"544\"><span>Los <\/span><strong data-start=\"53\" data-end=\"82\"><span>Jordan Zion 3 Sin Agallas<\/span><\/strong><span> son una declaraci\u00f3n de rendimiento y estilo, dise\u00f1ados para los jugadores que buscan maximizar su desempe\u00f1o en la cancha sin sacrificar comodidad ni soporte. Inspirados en <\/span><strong data-start=\"255\" data-end=\"274\"><span>Zion Williamson<\/span><\/strong><span> , una de las estrellas m\u00e1s explosivas y dominantes de la NBA, estos tenis rinden homenaje a la dedicaci\u00f3n, el esfuerzo y la pasi\u00f3n por el baloncesto. Con un dise\u00f1o innovador y materiales de alta calidad, las Zion 3 est\u00e1n listas para llevar tu juego al siguiente nivel.<\/span><\/p>\n<h3 class=\"\" data-start=\"546\" data-end=\"591\"><strong data-start=\"550\" data-end=\"589\"><span>Dise\u00f1o y Materiales de Alta Calidad<\/span><\/strong><\/h3>\n<p class=\"\" data-start=\"592\" data-end=\"921\"><span>Las <\/span><strong data-start=\"596\" data-end=\"613\"><span>Jordan Zion 3<\/span><\/strong><span> est\u00e1n confeccionadas con una <\/span><strong data-start=\"643\" data-end=\"683\"><span>parte superior de malla transpirable<\/span><\/strong><span> , que permite una ventilaci\u00f3n \u00f3ptima para mantener los pies frescos y secos incluso en los momentos m\u00e1s intensos del partido. Este material ligero y flexible se adapta al pie, proporcionando un ajuste seguro sin sacrificar la movilidad.<\/span><\/p>\n<p class=\"\" data-start=\"923\" data-end=\"1117\"><span>El dise\u00f1o incluye detalles inspirados en la personalidad y el juego de Zion Williamson, con l\u00edneas din\u00e1micas y una est\u00e9tica moderna que combina funcionalidad con un look llamativo y deportivo.<\/span><\/p>\n<h3 class=\"\" data-start=\"1119\" data-end=\"1157\"><strong data-start=\"1123\" data-end=\"1155\"><span>Comodidad y soporte mejorados<\/span><\/strong><\/h3>\n<p class=\"\" data-start=\"1158\" data-end=\"1518\"><span>Uno de los aspectos clave de estos tenis es su <\/span><strong data-start=\"1205\" data-end=\"1240\"><span>entresuela de espuma de soporte<\/span><\/strong><span> , que ofrece una amortiguaci\u00f3n superior y una sensaci\u00f3n de estabilidad en cada paso. Este componente ayuda a reducir el impacto en las articulaciones, brindando mayor seguridad en cada movimiento explosivo, ya sea un sprint, un cambio de direcci\u00f3n o un salto hacia la canasta.<\/span><\/p>\n<p class=\"\" data-start=\"1520\" data-end=\"1734\"><span>Adem\u00e1s, la estructura de la entresuela est\u00e1 dise\u00f1ada para garantizar <\/span><strong data-start=\"1589\" data-end=\"1624\"><span>una sujeci\u00f3n \u00f3ptima del tobillo<\/span><\/strong><span> , lo que ayuda a prevenir lesiones y proporciona mayor confianza al jugador al ejecutar maniobras exigentes.<\/span><\/p>\n<h3 class=\"\" data-start=\"1736\" data-end=\"1782\"><strong data-start=\"1740\" data-end=\"1780\"><span>Tecnolog\u00eda de Amortiguaci\u00f3n Nike Air<\/span><\/strong><\/h3>\n<p class=\"\" data-start=\"1783\" data-end=\"2167\"><span>Para un rendimiento excepcional en la cancha, las <\/span><strong data-start=\"1833\" data-end=\"1850\"><span>Jordan Zion 3<\/span><\/strong><span> incorporan la <\/span><strong data-start=\"1865\" data-end=\"1922\"><span>tecnolog\u00eda Nike Air en la parte delantera de la suela<\/span><\/strong><span> , lo que proporciona una amortiguaci\u00f3n reactiva ideal para los jugadores que dependen de su capacidad de salto y aterrizaje. Esta tecnolog\u00eda absorbe los impactos y distribuye la presi\u00f3n de manera uniforme, ofreciendo comodidad en todo momento.<\/span><\/p>\n<\/div>\n<\/div>\n<\/div>\n<\/div>\n<\/div>\n<\/div>\n<\/div>\n<\/div>\n<\/article>\n<\/div>\n<\/div>\n<\/div>\n<\/div>\n","protected":false},"excerpt":{"rendered":"<p>Jordan Zion 3 Sin Agallas Los Jordan Zion 3 Sin Agallas son una declaraci\u00f3n de rendimiento y estilo, dise\u00f1ados para<\/p>\n","protected":false},"featured_media":77693,"comment_status":"open","ping_status":"closed","template":"","meta":{"nf_dc_page":""},"product_brand":[],"product_cat":[76],"product_tag":[],"class_list":{"0":"post-77687","1":"product","2":"type-product","3":"status-publish","4":"has-post-thumbnail","6":"product_cat-masculino","8":"first","9":"outofstock","10":"shipping-taxable","11":"purchasable","12":"product-type-simple"},"_links":{"self":[{"href":"https:\/\/brandss.com.py\/index\/wp-json\/wp\/v2\/product\/77687","targetHints":{"allow":["GET"]}}],"collection":[{"href":"https:\/\/brandss.com.py\/index\/wp-json\/wp\/v2\/product"}],"about":[{"href":"https:\/\/brandss.com.py\/index\/wp-json\/wp\/v2\/types\/product"}],"replies":[{"embeddable":true,"href":"https:\/\/brandss.com.py\/index\/wp-json\/wp\/v2\/comments?post=77687"}],"version-history":[{"count":1,"href":"https:\/\/brandss.com.py\/index\/wp-json\/wp\/v2\/product\/77687\/revisions"}],"predecessor-version":[{"id":77701,"href":"https:\/\/brandss.com.py\/index\/wp-json\/wp\/v2\/product\/77687\/revisions\/77701"}],"wp:featuredmedia":[{"embeddable":true,"href":"https:\/\/brandss.com.py\/index\/wp-json\/wp\/v2\/media\/77693"}],"wp:attachment":[{"href":"https:\/\/brandss.com.py\/index\/wp-json\/wp\/v2\/media?parent=77687"}],"wp:term":[{"taxonomy":"product_brand","embeddable":true,"href":"https:\/\/brandss.com.py\/index\/wp-json\/wp\/v2\/product_brand?post=77687"},{"taxonomy":"product_cat","embeddable":true,"href":"https:\/\/brandss.com.py\/index\/wp-json\/wp\/v2\/product_cat?post=77687"},{"taxonomy":"product_tag","embeddable":true,"href":"https:\/\/brandss.com.py\/index\/wp-json\/wp\/v2\/product_tag?post=77687"}],"curies":[{"name":"wp","href":"https:\/\/api.w.org\/{rel}","templated":true}]}}