{"id":77704,"date":"2025-03-25T13:37:49","date_gmt":"2025-03-25T13:37:49","guid":{"rendered":"https:\/\/brandss.com.py\/index\/?post_type=product&#038;p=77704"},"modified":"2026-04-17T11:10:31","modified_gmt":"2026-04-17T11:10:31","slug":"calzado-deportivo-masculino-nike-zoomx-invicible-run-fk3","status":"publish","type":"product","link":"https:\/\/brandss.com.py\/index\/producto\/calzado-deportivo-masculino-nike-zoomx-invicible-run-fk3\/","title":{"rendered":"CALZADO DEPORTIVO MASCULINO NIKE ZOOMX INVICIBLE RUN FK3"},"content":{"rendered":"<p><img loading=\"lazy\" decoding=\"async\" class=\"\" src=\"https:\/\/1000marcas.net\/wp-content\/uploads\/2019\/11\/Logo-Nike.jpg\" alt=\"Logo de Nike: la historia y el significado del logotipo, la ...\" width=\"494\" height=\"278\" \/><\/p>\n<div class=\"flex flex-1 grow basis-auto flex-col overflow-hidden\">\n<div class=\"relative h-full\">\n<div class=\"flex h-full flex-col overflow-y-auto [scrollbar-gutter:stable]\">\n<div class=\"mt-1.5 flex flex-col text-sm @thread-xl\/thread:pt-header-height md:pb-9\">\n<article class=\"group\/turn w-full text-token-text-primary focus-visible:outline-none\" dir=\"auto\" data-testid=\"conversation-turn-6\" data-scroll-anchor=\"true\">\n<div class=\"text-base my-auto mx-auto py-5 px-6\">\n<div class=\"mx-auto flex flex-1 text-base gap-4 md:gap-5 lg:gap-6 md:max-w-3xl lg:max-w-[40rem] xl:max-w-[48rem]\">\n<div class=\"group\/conversation-turn relative flex w-full min-w-0 flex-col agent-turn @xs\/thread:px-0 @sm\/thread:px-1.5 @md\/thread:px-4\">\n<div class=\"relative flex-col gap-1 md:gap-3\">\n<div class=\"flex max-w-full flex-col flex-grow\">\n<div class=\"min-h-8 text-message relative flex w-full flex-col items-end gap-2 whitespace-normal break-words text-start [.text-message+&amp;]:mt-5\" dir=\"auto\" data-message-author-role=\"assistant\" data-message-id=\"555096c4-a781-468f-94ae-3390f2b5733f\" data-message-model-slug=\"gpt-4o\">\n<div class=\"flex w-full flex-col gap-1 empty:hidden first:pt-[3px]\">\n<div class=\"markdown prose w-full break-words dark:prose-invert light\">\n<h1 data-start=\"0\" data-end=\"56\"><strong data-start=\"4\" data-end=\"54\">Nike ZoomX Invincible Run FK 3<\/strong><\/h1>\n<p class=\"\" data-start=\"58\" data-end=\"384\">Los <strong data-start=\"62\" data-end=\"96\">Nike ZoomX Invincible Run FK 3<\/strong> son la elecci\u00f3n perfecta para corredores que buscan una combinaci\u00f3n insuperable de amortiguaci\u00f3n, retorno de energ\u00eda y comodidad en cada paso. Dise\u00f1ados para entrenamientos de alto kilometraje, estos tenis ofrecen una sensaci\u00f3n de suavidad y estabilidad sin comprometer el rendimiento.<\/p>\n<h3 class=\"\" data-start=\"386\" data-end=\"417\"><strong data-start=\"390\" data-end=\"415\">Dise\u00f1o y Construcci\u00f3n<\/strong><\/h3>\n<p class=\"\" data-start=\"418\" data-end=\"737\">Estos tenis cuentan con una <strong data-start=\"446\" data-end=\"475\">parte superior de Flyknit<\/strong> , un tejido liviano, flexible y altamente transpirable que se ajusta al pie como un calcet\u00edn, proporcionando un ajuste seguro y c\u00f3modo. El dise\u00f1o actualizado mejora la durabilidad y la sujeci\u00f3n en \u00e1reas clave, brindando mayor estabilidad sin agregar peso extra.<\/p>\n<h3 class=\"\" data-start=\"739\" data-end=\"783\"><strong data-start=\"743\" data-end=\"781\">Amortiguaci\u00f3n y Retorno de Energ\u00eda<\/strong><\/h3>\n<p class=\"\" data-start=\"784\" data-end=\"1116\">El coraz\u00f3n de los <strong data-start=\"802\" data-end=\"836\">Nike ZoomX Invincible Run FK 3<\/strong> es su entresuela de <strong data-start=\"857\" data-end=\"873\">espuma ZoomX<\/strong> , la m\u00e1s reactiva de Nike, que brinda una sensaci\u00f3n de suavidad extrema y un excelente retorno de energ\u00eda. Esto se traduce en una pisada m\u00e1s eficiente y una reducci\u00f3n del impacto en cada zancada, ideal para entrenamientos largos y continuos.<\/p>\n<p class=\"\" data-start=\"1118\" data-end=\"1289\">Adem\u00e1s, la geometr\u00eda de la entresuela ha sido dise\u00f1ada con una forma m\u00e1s ancha en la base para ofrecer mayor estabilidad sin comprometer la flexibilidad natural del pie.<\/p>\n<h3 class=\"\" data-start=\"1291\" data-end=\"1323\"><strong data-start=\"1295\" data-end=\"1321\">Tracci\u00f3n y estabilidad<\/strong><\/h3>\n<p class=\"\" data-start=\"1324\" data-end=\"1659\">La suela exterior est\u00e1 dise\u00f1ada con un <strong data-start=\"1363\" data-end=\"1391\">patr\u00f3n en forma de panel<\/strong> , lo que proporciona una tracci\u00f3n superior en diversas superficies, tanto en pavimento seco como en terrenos ligeramente h\u00famedos. Su dise\u00f1o optimizado ayuda a mantener un contacto constante con el suelo, lo que mejora el equilibrio y la seguridad durante la carrera.<\/p>\n<h3 class=\"\" data-start=\"1661\" data-end=\"1705\"><strong data-start=\"1665\" data-end=\"1703\">Sensaci\u00f3n y Experiencia de Carrera<\/strong><\/h3>\n<p class=\"\" data-start=\"1706\" data-end=\"2013\">Los <strong data-start=\"1710\" data-end=\"1744\">Nike ZoomX Invincible Run FK 3<\/strong> est\u00e1n dise\u00f1ados para corredores que buscan <strong data-start=\"1788\" data-end=\"1821\">la m\u00e1xima comodidad y protecci\u00f3n<\/strong> en entrenamientos de alto kilometraje. Son ideales para quienes priorizan la amortiguaci\u00f3n sin sacrificar la sensaci\u00f3n de impulso, brindando una experiencia de carrera fluida y energizante.<\/p>\n<h3 class=\"\" data-start=\"2015\" data-end=\"2047\"><strong data-start=\"2019\" data-end=\"2045\">Caracter\u00edsticas Clave:<\/strong><\/h3>\n<p class=\"\" data-start=\"2048\" data-end=\"2395\">\u2714 <strong data-start=\"2050\" data-end=\"2076\">Parte superior Flyknit<\/strong> para transpirabilidad y ajuste preciso. <br data-start=\"2116\" data-end=\"2119\" \/>\u2714 <strong data-start=\"2121\" data-end=\"2137\">Espuma ZoomX<\/strong> para m\u00e1xima amortiguaci\u00f3n y retorno de energ\u00eda. <br data-start=\"2185\" data-end=\"2188\" \/>\u2714 <strong data-start=\"2190\" data-end=\"2223\">Dise\u00f1o ancho en la entresuela<\/strong> para mayor estabilidad. <br data-start=\"2247\" data-end=\"2250\" \/>\u2714 <strong data-start=\"2252\" data-end=\"2280\">Patr\u00f3n de suela en panel<\/strong> para una tracci\u00f3n confiable. <br data-start=\"2309\" data-end=\"2312\" \/>\u2714 <strong data-start=\"2314\" data-end=\"2359\">Ideal para corredores de alto kil\u00f3metro<\/strong> que buscan comodidad y rendimiento.<\/p>\n<p class=\"\" data-start=\"2397\" data-end=\"2589\">Si buscas un tenis de running que ofrezca protecci\u00f3n, suavidad y dinamismo en cada paso, los <strong data-start=\"2490\" data-end=\"2524\">Nike ZoomX Invincible Run FK 3<\/strong> son una opci\u00f3n que elevar\u00e1 tu experiencia en cada entrenamiento.<\/p>\n<\/div>\n<\/div>\n<\/div>\n<\/div>\n<\/div>\n<\/div>\n<\/div>\n<\/div>\n<\/article>\n<\/div>\n<\/div>\n<\/div>\n<\/div>\n","protected":false},"excerpt":{"rendered":"<p>Nike ZoomX Invincible Run FK 3 Los Nike ZoomX Invincible Run FK 3 son la elecci\u00f3n perfecta para corredores que<\/p>\n","protected":false},"featured_media":77705,"comment_status":"open","ping_status":"closed","template":"","meta":{"nf_dc_page":""},"product_brand":[],"product_cat":[76],"product_tag":[],"class_list":{"0":"post-77704","1":"product","2":"type-product","3":"status-publish","4":"has-post-thumbnail","6":"product_cat-masculino","8":"first","9":"outofstock","10":"shipping-taxable","11":"purchasable","12":"product-type-simple"},"_links":{"self":[{"href":"https:\/\/brandss.com.py\/index\/wp-json\/wp\/v2\/product\/77704","targetHints":{"allow":["GET"]}}],"collection":[{"href":"https:\/\/brandss.com.py\/index\/wp-json\/wp\/v2\/product"}],"about":[{"href":"https:\/\/brandss.com.py\/index\/wp-json\/wp\/v2\/types\/product"}],"replies":[{"embeddable":true,"href":"https:\/\/brandss.com.py\/index\/wp-json\/wp\/v2\/comments?post=77704"}],"version-history":[{"count":2,"href":"https:\/\/brandss.com.py\/index\/wp-json\/wp\/v2\/product\/77704\/revisions"}],"predecessor-version":[{"id":77716,"href":"https:\/\/brandss.com.py\/index\/wp-json\/wp\/v2\/product\/77704\/revisions\/77716"}],"wp:featuredmedia":[{"embeddable":true,"href":"https:\/\/brandss.com.py\/index\/wp-json\/wp\/v2\/media\/77705"}],"wp:attachment":[{"href":"https:\/\/brandss.com.py\/index\/wp-json\/wp\/v2\/media?parent=77704"}],"wp:term":[{"taxonomy":"product_brand","embeddable":true,"href":"https:\/\/brandss.com.py\/index\/wp-json\/wp\/v2\/product_brand?post=77704"},{"taxonomy":"product_cat","embeddable":true,"href":"https:\/\/brandss.com.py\/index\/wp-json\/wp\/v2\/product_cat?post=77704"},{"taxonomy":"product_tag","embeddable":true,"href":"https:\/\/brandss.com.py\/index\/wp-json\/wp\/v2\/product_tag?post=77704"}],"curies":[{"name":"wp","href":"https:\/\/api.w.org\/{rel}","templated":true}]}}