{"id":77717,"date":"2025-03-25T13:49:09","date_gmt":"2025-03-25T13:49:09","guid":{"rendered":"https:\/\/brandss.com.py\/index\/?post_type=product&#038;p=77717"},"modified":"2025-03-25T13:49:26","modified_gmt":"2025-03-25T13:49:26","slug":"calzado-deportivo-masculino-nike-zoomx-invicible-ru3","status":"publish","type":"product","link":"https:\/\/brandss.com.py\/index\/producto\/calzado-deportivo-masculino-nike-zoomx-invicible-ru3\/","title":{"rendered":"CALZADO DEPORTIVO MASCULINO NIKE ZOOMX INVICIBLE RU3"},"content":{"rendered":"<p><img loading=\"lazy\" decoding=\"async\" class=\"\" src=\"https:\/\/1000marcas.net\/wp-content\/uploads\/2019\/11\/Logo-Nike.jpg\" alt=\"Logo de Nike: la historia y el significado del logotipo, la ...\" width=\"391\" height=\"220\" \/><\/p>\n<div class=\"flex flex-1 grow basis-auto flex-col overflow-hidden\">\n<div class=\"relative h-full\">\n<div class=\"flex h-full flex-col overflow-y-auto [scrollbar-gutter:stable]\">\n<div class=\"mt-1.5 flex flex-col text-sm @thread-xl\/thread:pt-header-height md:pb-9\">\n<article class=\"group\/turn w-full text-token-text-primary focus-visible:outline-none\" dir=\"auto\" data-testid=\"conversation-turn-8\" data-scroll-anchor=\"true\">\n<div class=\"text-base my-auto mx-auto py-5 px-6\">\n<div class=\"mx-auto flex flex-1 text-base gap-4 md:gap-5 lg:gap-6 md:max-w-3xl lg:max-w-[40rem] xl:max-w-[48rem]\">\n<div class=\"group\/conversation-turn relative flex w-full min-w-0 flex-col agent-turn @xs\/thread:px-0 @sm\/thread:px-1.5 @md\/thread:px-4\">\n<div class=\"relative flex-col gap-1 md:gap-3\">\n<div class=\"flex max-w-full flex-col flex-grow\">\n<div class=\"min-h-8 text-message relative flex w-full flex-col items-end gap-2 whitespace-normal break-words text-start [.text-message+&amp;]:mt-5\" dir=\"auto\" data-message-author-role=\"assistant\" data-message-id=\"e3aca263-2110-409b-8977-4fa621e6fed1\" data-message-model-slug=\"gpt-4o\">\n<div class=\"flex w-full flex-col gap-1 empty:hidden first:pt-[3px]\">\n<div class=\"markdown prose w-full break-words dark:prose-invert light\">\n<h1 data-start=\"0\" data-end=\"53\"><strong data-start=\"4\" data-end=\"51\"><span>Nike ZoomX Invincible Run 3<\/span><\/strong><\/h1>\n<p class=\"\" data-start=\"55\" data-end=\"410\"><span>Los <\/span><strong data-start=\"59\" data-end=\"90\"><span>Nike ZoomX Invincible Run 3<\/span><\/strong><span> est\u00e1n dise\u00f1ados para ofrecer una experiencia de carrera inigualable, priorizando la amortiguaci\u00f3n, la estabilidad y el retorno de energ\u00eda. Son ideales para corredores que buscan una zapatilla c\u00f3moda y con gran soporte para entrenamientos de alto kilometraje, ayudando a reducir la fatiga y el impacto en cada zancada.<\/span><\/p>\n<hr class=\"\" data-start=\"412\" data-end=\"415\" \/>\n<h3 class=\"\" data-start=\"417\" data-end=\"448\"><strong data-start=\"421\" data-end=\"446\"><span>Dise\u00f1o y Construcci\u00f3n<\/span><\/strong><\/h3>\n<p class=\"\" data-start=\"449\" data-end=\"782\"><span>Los <\/span><strong data-start=\"453\" data-end=\"473\"><span>Invincible Run 3<\/span><\/strong><span> presentan una parte superior confeccionada en <\/span><strong data-start=\"520\" data-end=\"531\"><span>Flyknit<\/span><\/strong><span> , un material ligero y transpirable que proporciona un ajuste seguro y flexible. Esta tecnolog\u00eda permite que el pie se mantenga fresco durante toda la carrera, adem\u00e1s de ofrecer refuerzos estrat\u00e9gicos en zonas clave para mayor durabilidad y soporte.<\/span><\/p>\n<p class=\"\" data-start=\"784\" data-end=\"951\"><span>El dise\u00f1o actualizado de esta tercera versi\u00f3n incorpora una estructura m\u00e1s robusta en la parte media del pie, asegurando una mejor sujeci\u00f3n sin sacrificar comodidad.<\/span><\/p>\n<hr class=\"\" data-start=\"953\" data-end=\"956\" \/>\n<h3 class=\"\" data-start=\"958\" data-end=\"1002\"><strong data-start=\"962\" data-end=\"1000\"><span>Amortiguaci\u00f3n y Retorno de Energ\u00eda<\/span><\/strong><\/h3>\n<p class=\"\" data-start=\"1003\" data-end=\"1304\"><span>Uno de los aspectos m\u00e1s destacados de los <\/span><strong data-start=\"1045\" data-end=\"1076\"><span>Nike ZoomX Invincible Run 3<\/span><\/strong><span> es su <\/span><strong data-start=\"1083\" data-end=\"1099\"><span>espuma ZoomX<\/span><\/strong><span> , la m\u00e1s reactiva y ligera de Nike. Esta entresuela proporciona una sensaci\u00f3n de suavidad extrema con un <\/span><strong data-start=\"1204\" data-end=\"1238\"><span>retorno de energ\u00eda excepcional<\/span><\/strong><span> , lo que ayuda a mantener un ritmo constante con menos esfuerzo.<\/span><\/p>\n<p class=\"\" data-start=\"1306\" data-end=\"1447\"><span>Su dise\u00f1o curvado en la entresuela favorece una transici\u00f3n m\u00e1s fluida del tal\u00f3n a la punta, permitiendo una pisada m\u00e1s eficiente y natural.<\/span><\/p>\n<p class=\"\" data-start=\"1449\" data-end=\"1643\"><span>Adem\u00e1s, el ancho de la base ha sido optimizado para proporcionar <\/span><strong data-start=\"1514\" data-end=\"1535\"><span>mayor estabilidad<\/span><\/strong><span> , algo esencial en zapatillas con tanta amortiguaci\u00f3n, asegurando as\u00ed una carrera m\u00e1s segura y controlada.<\/span><\/p>\n<hr class=\"\" data-start=\"1645\" data-end=\"1648\" \/>\n<h3 class=\"\" data-start=\"1650\" data-end=\"1682\"><strong data-start=\"1654\" data-end=\"1680\"><span>Tracci\u00f3n y estabilidad<\/span><\/strong><\/h3>\n<p class=\"\" data-start=\"1683\" data-end=\"1978\"><span>La suela exterior cuenta con un patr\u00f3n en <\/span><strong data-start=\"1725\" data-end=\"1743\"><span>forma de panel<\/span><\/strong><span> , dise\u00f1ado para proporcionar una excelente tracci\u00f3n en diferentes superficies, desde el asfalto seco hasta terrenos ligeramente h\u00famedos. Su dise\u00f1o favorece un <\/span><strong data-start=\"1902\" data-end=\"1937\"><span>contacto constante con el suelo<\/span><\/strong><span> , brindando estabilidad en cada pisada.<\/span><\/p>\n<p class=\"\" data-start=\"1980\" data-end=\"2120\"><span>El tal\u00f3n reforzado ayuda a mejorar la estabilidad general de la zapatilla, ideal para corredores que buscan <\/span><strong data-start=\"2088\" data-end=\"2117\"><span>seguridad en cada zancada<\/span><\/strong><span> .<\/span><\/p>\n<hr class=\"\" data-start=\"2122\" data-end=\"2125\" \/>\n<h3 class=\"\" data-start=\"2127\" data-end=\"2171\"><strong data-start=\"2131\" data-end=\"2169\"><span>Sensaci\u00f3n y Experiencia de Carrera<\/span><\/strong><\/h3>\n<p class=\"\" data-start=\"2172\" data-end=\"2498\"><span>Los <\/span><strong data-start=\"2176\" data-end=\"2207\"><span>Nike ZoomX Invincible Run 3<\/span><\/strong><span> est\u00e1n dise\u00f1ados para corredores que priorizan la <\/span><strong data-start=\"2257\" data-end=\"2312\"><span>comodidad, la protecci\u00f3n y la eficiencia energ\u00e9tica<\/span><\/strong><span> en carreras de larga distancia. Son perfectos para sesiones de entrenamiento diario, ya que absorben el impacto y reducen la fatiga muscular, permitiendo un rendimiento m\u00e1s constante.<\/span><\/p>\n<hr class=\"\" data-start=\"2500\" data-end=\"2503\" \/>\n<h3 class=\"\" data-start=\"2505\" data-end=\"2543\"><strong data-start=\"2509\" data-end=\"2541\"><span>Caracter\u00edsticas principales:<\/span><\/strong><\/h3>\n<p class=\"\" data-start=\"2544\" data-end=\"2905\"><span>\u2714 <\/span><strong data-start=\"2546\" data-end=\"2572\"><span>Parte superior Flyknit<\/span><\/strong><span> para transpirabilidad y ajuste flexible. <\/span><br data-start=\"2613\" data-end=\"2616\" \/><span>\u2714 <\/span><strong data-start=\"2618\" data-end=\"2634\"><span>Espuma ZoomX<\/span><\/strong><span> para m\u00e1xima amortiguaci\u00f3n y retorno de energ\u00eda. <\/span><br data-start=\"2682\" data-end=\"2685\" \/><span>\u2714 <\/span><strong data-start=\"2687\" data-end=\"2701\"><span>Base ancha<\/span><\/strong><span> para mayor estabilidad en cada zancada. <\/span><br data-start=\"2741\" data-end=\"2744\" \/><span>\u2714 <\/span><strong data-start=\"2746\" data-end=\"2775\"><span>Suela con patr\u00f3n en panel<\/span><\/strong><span> para tracci\u00f3n y agarre \u00f3ptimos. <\/span><br data-start=\"2807\" data-end=\"2810\" \/><span>\u2714 <\/span><strong data-start=\"2812\" data-end=\"2868\"><span>Dise\u00f1o optimizado para corredores de larga distancia<\/span><\/strong><span> que buscan comodidad y eficiencia.<\/span><\/p>\n<p class=\"\" data-start=\"2907\" data-end=\"3137\"><span>Si lo que buscas es una zapatilla de running con una amortiguaci\u00f3n excepcional, estabilidad mejorada y un ajuste premium, los <\/span><strong data-start=\"3033\" data-end=\"3064\"><span>Nike ZoomX Invincible Run 3<\/span><\/strong><span> son una elecci\u00f3n ideal para elevar tu rendimiento en cada entrenamiento.<\/span><\/p>\n<\/div>\n<\/div>\n<\/div>\n<\/div>\n<\/div>\n<\/div>\n<\/div>\n<\/div>\n<\/article>\n<\/div>\n<\/div>\n<\/div>\n<\/div>\n","protected":false},"excerpt":{"rendered":"<p>Nike ZoomX Invincible Run 3 Los Nike ZoomX Invincible Run 3 est\u00e1n dise\u00f1ados para ofrecer una experiencia de carrera inigualable,<\/p>\n","protected":false},"featured_media":77718,"comment_status":"open","ping_status":"closed","template":"","meta":{"nf_dc_page":""},"product_brand":[],"product_cat":[76],"product_tag":[],"class_list":{"0":"post-77717","1":"product","2":"type-product","3":"status-publish","4":"has-post-thumbnail","6":"product_cat-masculino","8":"first","9":"instock","10":"shipping-taxable","11":"purchasable","12":"product-type-simple"},"_links":{"self":[{"href":"https:\/\/brandss.com.py\/index\/wp-json\/wp\/v2\/product\/77717","targetHints":{"allow":["GET"]}}],"collection":[{"href":"https:\/\/brandss.com.py\/index\/wp-json\/wp\/v2\/product"}],"about":[{"href":"https:\/\/brandss.com.py\/index\/wp-json\/wp\/v2\/types\/product"}],"replies":[{"embeddable":true,"href":"https:\/\/brandss.com.py\/index\/wp-json\/wp\/v2\/comments?post=77717"}],"version-history":[{"count":1,"href":"https:\/\/brandss.com.py\/index\/wp-json\/wp\/v2\/product\/77717\/revisions"}],"predecessor-version":[{"id":77726,"href":"https:\/\/brandss.com.py\/index\/wp-json\/wp\/v2\/product\/77717\/revisions\/77726"}],"wp:featuredmedia":[{"embeddable":true,"href":"https:\/\/brandss.com.py\/index\/wp-json\/wp\/v2\/media\/77718"}],"wp:attachment":[{"href":"https:\/\/brandss.com.py\/index\/wp-json\/wp\/v2\/media?parent=77717"}],"wp:term":[{"taxonomy":"product_brand","embeddable":true,"href":"https:\/\/brandss.com.py\/index\/wp-json\/wp\/v2\/product_brand?post=77717"},{"taxonomy":"product_cat","embeddable":true,"href":"https:\/\/brandss.com.py\/index\/wp-json\/wp\/v2\/product_cat?post=77717"},{"taxonomy":"product_tag","embeddable":true,"href":"https:\/\/brandss.com.py\/index\/wp-json\/wp\/v2\/product_tag?post=77717"}],"curies":[{"name":"wp","href":"https:\/\/api.w.org\/{rel}","templated":true}]}}