{"id":77727,"date":"2025-03-25T13:58:49","date_gmt":"2025-03-25T13:58:49","guid":{"rendered":"https:\/\/brandss.com.py\/index\/?post_type=product&#038;p=77727"},"modified":"2025-03-25T13:59:10","modified_gmt":"2025-03-25T13:59:10","slug":"calzado-deportivo-femenino-nike-zoomx-invicible-run3","status":"publish","type":"product","link":"https:\/\/brandss.com.py\/index\/producto\/calzado-deportivo-femenino-nike-zoomx-invicible-run3\/","title":{"rendered":"CALZADO DEPORTIVO FEMENINO NIKE ZOOMX INVICIBLE RUN3"},"content":{"rendered":"<p><img loading=\"lazy\" decoding=\"async\" class=\"\" src=\"https:\/\/1000marcas.net\/wp-content\/uploads\/2019\/11\/Logo-Nike.jpg\" alt=\"Logo de Nike: la historia y el significado del logotipo, la ...\" width=\"339\" height=\"191\" \/><\/p>\n<div class=\"flex flex-1 grow basis-auto flex-col overflow-hidden\">\n<div class=\"relative h-full\">\n<div class=\"flex h-full flex-col overflow-y-auto [scrollbar-gutter:stable]\">\n<div class=\"mt-1.5 flex flex-col text-sm @thread-xl\/thread:pt-header-height md:pb-9\">\n<article class=\"group\/turn w-full text-token-text-primary focus-visible:outline-none\" dir=\"auto\" data-testid=\"conversation-turn-10\" data-scroll-anchor=\"true\">\n<div class=\"text-base my-auto mx-auto py-5 px-6\">\n<div class=\"mx-auto flex flex-1 text-base gap-4 md:gap-5 lg:gap-6 md:max-w-3xl lg:max-w-[40rem] xl:max-w-[48rem]\">\n<div class=\"group\/conversation-turn relative flex w-full min-w-0 flex-col agent-turn @xs\/thread:px-0 @sm\/thread:px-1.5 @md\/thread:px-4\">\n<div class=\"relative flex-col gap-1 md:gap-3\">\n<div class=\"flex max-w-full flex-col flex-grow\">\n<div class=\"min-h-8 text-message relative flex w-full flex-col items-end gap-2 whitespace-normal break-words text-start [.text-message+&amp;]:mt-5\" dir=\"auto\" data-message-author-role=\"assistant\" data-message-id=\"7a8c784d-b670-41b0-8c98-f82641f93500\" data-message-model-slug=\"gpt-4o\">\n<div class=\"flex w-full flex-col gap-1 empty:hidden first:pt-[3px]\">\n<div class=\"markdown prose w-full break-words dark:prose-invert light\">\n<h1 data-start=\"0\" data-end=\"52\"><strong data-start=\"4\" data-end=\"50\">Nike ZoomX Invincible Run 3<\/strong><\/h1>\n<h3 class=\"\" data-start=\"0\" data-end=\"52\"><strong data-start=\"4\" data-end=\"50\">\u00a0<\/strong><span style=\"color: #333333;font-size: 16px\">Los <\/span><strong style=\"color: #333333;font-size: 16px\" data-start=\"58\" data-end=\"89\">Nike ZoomX Invincible Run 3<\/strong><span style=\"color: #333333;font-size: 16px\"> est\u00e1n dise\u00f1ados para corredoras que buscan la m\u00e1xima amortiguaci\u00f3n, comodidad y soporte en cada kil\u00f3metro. Con una estructura optimizada y tecnolog\u00eda de \u00faltima generaci\u00f3n, estos tenis ofrecen una experiencia de carrera fluida y energizante, ideal para entrenamientos de larga distancia y sesiones intensas.<\/span><\/h3>\n<hr class=\"\" data-start=\"400\" data-end=\"403\" \/>\n<h3 class=\"\" data-start=\"405\" data-end=\"449\"><strong data-start=\"409\" data-end=\"447\">Comodidad y Amortiguaci\u00f3n Superior<\/strong><\/h3>\n<p class=\"\" data-start=\"450\" data-end=\"808\">El <strong data-start=\"453\" data-end=\"469\">Invincible 3<\/strong> proporciona el <strong data-start=\"485\" data-end=\"541\">nivel m\u00e1s alto de amortiguaci\u00f3n en la planta del pie<\/strong> dentro de la l\u00ednea de running de Nike, asegurando una sensaci\u00f3n de suavidad y protecci\u00f3n en cada paso. Su entresuela est\u00e1 compuesta por <strong data-start=\"678\" data-end=\"694\">espuma ZoomX<\/strong>, la m\u00e1s reactiva y liviana de Nike, dise\u00f1ada para ofrecer un rebote \u00f3ptimo y un retorno de energ\u00eda excepcional.<\/p>\n<p class=\"\" data-start=\"810\" data-end=\"947\">Esta tecnolog\u00eda ayuda a reducir la fatiga muscular, permiti\u00e9ndote mantener un ritmo constante y disfrutar de una carrera m\u00e1s eficiente.<\/p>\n<hr class=\"\" data-start=\"949\" data-end=\"952\" \/>\n<h3 class=\"\" data-start=\"954\" data-end=\"997\"><strong data-start=\"958\" data-end=\"995\">Dise\u00f1o Ergon\u00f3mico y Ajuste Seguro<\/strong><\/h3>\n<p class=\"\" data-start=\"998\" data-end=\"1334\">La parte superior est\u00e1 confeccionada con <strong data-start=\"1039\" data-end=\"1059\">material Flyknit<\/strong>, un tejido ligero y transpirable que proporciona flexibilidad y soporte en las zonas clave del pie. Su estructura mejorada brinda mayor seguridad sin comprometer la libertad de movimiento, adapt\u00e1ndose perfectamente a la forma del pie para un ajuste c\u00f3modo y personalizado.<\/p>\n<p class=\"\" data-start=\"1336\" data-end=\"1460\">Adem\u00e1s, el tal\u00f3n ha sido reforzado para ofrecer <strong data-start=\"1384\" data-end=\"1405\">mayor estabilidad<\/strong>, asegurando un aterrizaje controlado en cada pisada.<\/p>\n<hr class=\"\" data-start=\"1462\" data-end=\"1465\" \/>\n<h3 class=\"\" data-start=\"1467\" data-end=\"1504\"><strong data-start=\"1471\" data-end=\"1502\">Suela y Tracci\u00f3n Optimizada<\/strong><\/h3>\n<p class=\"\" data-start=\"1505\" data-end=\"1785\">La suela exterior del <strong data-start=\"1527\" data-end=\"1558\">Nike ZoomX Invincible Run 3<\/strong> incorpora un <strong data-start=\"1572\" data-end=\"1591\">patr\u00f3n en panal<\/strong>, dise\u00f1ado para proporcionar una tracci\u00f3n confiable en diferentes superficies. Su dise\u00f1o favorece un contacto constante con el suelo, lo que mejora la estabilidad y el control en cada zancada.<\/p>\n<p class=\"\" data-start=\"1787\" data-end=\"1925\">Gracias a su base ancha, estos tenis ofrecen un soporte adicional, ideal para corredoras que buscan una pisada m\u00e1s segura y equilibrada.<\/p>\n<hr class=\"\" data-start=\"1927\" data-end=\"1930\" \/>\n<h3 class=\"\" data-start=\"1932\" data-end=\"1967\"><strong data-start=\"1936\" data-end=\"1965\">Energ\u00eda para Cada Carrera<\/strong><\/h3>\n<p class=\"\" data-start=\"1968\" data-end=\"2284\">Con su dise\u00f1o <strong data-start=\"1982\" data-end=\"2012\">superel\u00e1stico y con rebote<\/strong>, el <strong data-start=\"2017\" data-end=\"2033\">Invincible 3<\/strong> te ayuda a mantenerte en movimiento con mayor facilidad. Ya sea que est\u00e9s entrenando para una carrera o simplemente disfrutando de una sesi\u00f3n de running, sentir\u00e1s la diferencia en cada paso, impuls\u00e1ndote con energ\u00eda renovada para tu pr\u00f3xima salida.<\/p>\n<hr class=\"\" data-start=\"2286\" data-end=\"2289\" \/>\n<h3 class=\"\" data-start=\"2291\" data-end=\"2323\"><strong data-start=\"2295\" data-end=\"2321\">Caracter\u00edsticas Clave:<\/strong><\/h3>\n<p class=\"\" data-start=\"2324\" data-end=\"2703\">\u2714 <strong data-start=\"2326\" data-end=\"2342\">Espuma ZoomX<\/strong> para m\u00e1xima amortiguaci\u00f3n y retorno de energ\u00eda.<br data-start=\"2390\" data-end=\"2393\" \/>\u2714 <strong data-start=\"2395\" data-end=\"2421\">Parte superior Flyknit<\/strong> para un ajuste transpirable y flexible.<br data-start=\"2461\" data-end=\"2464\" \/>\u2714 <strong data-start=\"2466\" data-end=\"2498\">Tal\u00f3n reforzado y base ancha<\/strong> para mayor estabilidad y seguridad.<br data-start=\"2534\" data-end=\"2537\" \/>\u2714 <strong data-start=\"2539\" data-end=\"2567\">Patr\u00f3n de suela en panal<\/strong> para tracci\u00f3n confiable en distintas superficies.<br data-start=\"2617\" data-end=\"2620\" \/>\u2714 <strong data-start=\"2622\" data-end=\"2643\">Dise\u00f1o ergon\u00f3mico<\/strong> que optimiza la comodidad en carreras de larga distancia.<\/p>\n<p class=\"\" data-start=\"2705\" data-end=\"2923\">Si buscas un tenis de running que combine amortiguaci\u00f3n suprema, estabilidad y un impulso energ\u00e9tico en cada zancada, el <strong data-start=\"2826\" data-end=\"2857\">Nike ZoomX Invincible Run 3<\/strong> es la opci\u00f3n ideal para llevar tu rendimiento al siguiente nivel.<\/p>\n<\/div>\n<\/div>\n<\/div>\n<\/div>\n<\/div>\n<\/div>\n<\/div>\n<\/div>\n<\/article>\n<\/div>\n<\/div>\n<\/div>\n<\/div>\n","protected":false},"excerpt":{"rendered":"<p>Nike ZoomX Invincible Run 3 \u00a0Los Nike ZoomX Invincible Run 3 est\u00e1n dise\u00f1ados para corredoras que buscan la m\u00e1xima amortiguaci\u00f3n,<\/p>\n","protected":false},"featured_media":77728,"comment_status":"open","ping_status":"closed","template":"","meta":{"nf_dc_page":""},"product_brand":[],"product_cat":[73],"product_tag":[],"class_list":{"0":"post-77727","1":"product","2":"type-product","3":"status-publish","4":"has-post-thumbnail","6":"product_cat-femenino","8":"first","9":"instock","10":"shipping-taxable","11":"purchasable","12":"product-type-simple"},"_links":{"self":[{"href":"https:\/\/brandss.com.py\/index\/wp-json\/wp\/v2\/product\/77727","targetHints":{"allow":["GET"]}}],"collection":[{"href":"https:\/\/brandss.com.py\/index\/wp-json\/wp\/v2\/product"}],"about":[{"href":"https:\/\/brandss.com.py\/index\/wp-json\/wp\/v2\/types\/product"}],"replies":[{"embeddable":true,"href":"https:\/\/brandss.com.py\/index\/wp-json\/wp\/v2\/comments?post=77727"}],"version-history":[{"count":1,"href":"https:\/\/brandss.com.py\/index\/wp-json\/wp\/v2\/product\/77727\/revisions"}],"predecessor-version":[{"id":77738,"href":"https:\/\/brandss.com.py\/index\/wp-json\/wp\/v2\/product\/77727\/revisions\/77738"}],"wp:featuredmedia":[{"embeddable":true,"href":"https:\/\/brandss.com.py\/index\/wp-json\/wp\/v2\/media\/77728"}],"wp:attachment":[{"href":"https:\/\/brandss.com.py\/index\/wp-json\/wp\/v2\/media?parent=77727"}],"wp:term":[{"taxonomy":"product_brand","embeddable":true,"href":"https:\/\/brandss.com.py\/index\/wp-json\/wp\/v2\/product_brand?post=77727"},{"taxonomy":"product_cat","embeddable":true,"href":"https:\/\/brandss.com.py\/index\/wp-json\/wp\/v2\/product_cat?post=77727"},{"taxonomy":"product_tag","embeddable":true,"href":"https:\/\/brandss.com.py\/index\/wp-json\/wp\/v2\/product_tag?post=77727"}],"curies":[{"name":"wp","href":"https:\/\/api.w.org\/{rel}","templated":true}]}}