{"id":77750,"date":"2025-03-25T14:15:44","date_gmt":"2025-03-25T14:15:44","guid":{"rendered":"https:\/\/brandss.com.py\/index\/?post_type=product&#038;p=77750"},"modified":"2025-03-25T14:18:41","modified_gmt":"2025-03-25T14:18:41","slug":"calzado-deportivo-femenino-nike-invicible-run-3","status":"publish","type":"product","link":"https:\/\/brandss.com.py\/index\/producto\/calzado-deportivo-femenino-nike-invicible-run-3\/","title":{"rendered":"CALZADO DEPORTIVO FEMENINO NIKE INVICIBLE RUN 3"},"content":{"rendered":"<p><img loading=\"lazy\" decoding=\"async\" class=\"\" src=\"https:\/\/1000marcas.net\/wp-content\/uploads\/2019\/11\/Logo-Nike.jpg\" alt=\"Logo de Nike: la historia y el significado del logotipo, la ...\" width=\"510\" height=\"287\" \/><\/p>\n<div class=\"flex flex-1 grow basis-auto flex-col overflow-hidden\">\n<div class=\"relative h-full\">\n<div class=\"flex h-full flex-col overflow-y-auto [scrollbar-gutter:stable]\">\n<div class=\"mt-1.5 flex flex-col text-sm @thread-xl\/thread:pt-header-height md:pb-9\">\n<article class=\"group\/turn w-full text-token-text-primary focus-visible:outline-none\" dir=\"auto\" data-testid=\"conversation-turn-14\" data-scroll-anchor=\"true\">\n<div class=\"text-base my-auto mx-auto py-5 px-6\">\n<div class=\"mx-auto flex flex-1 text-base gap-4 md:gap-5 lg:gap-6 md:max-w-3xl lg:max-w-[40rem] xl:max-w-[48rem]\">\n<div class=\"group\/conversation-turn relative flex w-full min-w-0 flex-col agent-turn @xs\/thread:px-0 @sm\/thread:px-1.5 @md\/thread:px-4\">\n<div class=\"relative flex-col gap-1 md:gap-3\">\n<div class=\"flex max-w-full flex-col flex-grow\">\n<div class=\"min-h-8 text-message relative flex w-full flex-col items-end gap-2 whitespace-normal break-words text-start [.text-message+&amp;]:mt-5\" dir=\"auto\" data-message-author-role=\"assistant\" data-message-id=\"b0b46f31-bf0f-4aa4-b71f-3beabff12be8\" data-message-model-slug=\"gpt-4o\">\n<div class=\"flex w-full flex-col gap-1 empty:hidden first:pt-[3px]\">\n<div class=\"markdown prose w-full break-words dark:prose-invert light\">\n<h1 data-start=\"0\" data-end=\"52\"><strong data-start=\"4\" data-end=\"50\">Tenis Femenino Nike ZoomX Invincible Run 3<\/strong><\/h1>\n<p class=\"\" data-start=\"54\" data-end=\"439\">Los <strong data-start=\"58\" data-end=\"89\">Nike ZoomX Invincible Run 3<\/strong> est\u00e1n dise\u00f1ados para corredoras que buscan la m\u00e1xima amortiguaci\u00f3n y una pisada ultrasuave en sus carreras diarias. Con una combinaci\u00f3n de tecnolog\u00edas innovadoras y materiales de alta calidad, estos tenis ofrecen un ajuste c\u00f3modo, una excelente absorci\u00f3n de impactos y un gran retorno de energ\u00eda para que sigas corriendo con confianza y comodidad.<\/p>\n<hr class=\"\" data-start=\"441\" data-end=\"444\" \/>\n<h3 class=\"\" data-start=\"446\" data-end=\"511\"><strong data-start=\"450\" data-end=\"509\">Amortiguaci\u00f3n Excepcional para una Carrera sin Esfuerzo<\/strong><\/h3>\n<p class=\"\" data-start=\"512\" data-end=\"872\">Este modelo cuenta con la espuma <strong data-start=\"545\" data-end=\"559\">Nike ZoomX<\/strong>, la m\u00e1s ligera y reactiva de la marca, que proporciona una sensaci\u00f3n de suavidad incomparable y una incre\u00edble respuesta en cada zancada. Su capacidad para absorber impactos reduce el estr\u00e9s en las articulaciones y permite una carrera m\u00e1s fluida y menos fatigante, ideal para entrenamientos de alto kilometraje.<\/p>\n<p class=\"\" data-start=\"874\" data-end=\"1087\">Adem\u00e1s, la entresuela de esta versi\u00f3n ha sido <strong data-start=\"920\" data-end=\"960\">redise\u00f1ada para ser m\u00e1s ancha y alta<\/strong> que la del modelo anterior, lo que brinda una mayor sensaci\u00f3n de estabilidad y una amortiguaci\u00f3n a\u00fan m\u00e1s c\u00f3moda y acolchada.<\/p>\n<hr class=\"\" data-start=\"1089\" data-end=\"1092\" \/>\n<h3 class=\"\" data-start=\"1094\" data-end=\"1151\"><strong data-start=\"1098\" data-end=\"1149\">Parte Superior Flyknit: Transpirable y Flexible<\/strong><\/h3>\n<p class=\"\" data-start=\"1152\" data-end=\"1464\">Los <strong data-start=\"1156\" data-end=\"1187\">Nike ZoomX Invincible Run 3<\/strong> incorporan una parte superior de <strong data-start=\"1221\" data-end=\"1232\">Flyknit<\/strong>, un material ligero y transpirable que envuelve el pie con un ajuste seguro y adaptable. Este tejido permite una ventilaci\u00f3n \u00f3ptima, evitando la acumulaci\u00f3n de calor y manteniendo los pies frescos y secos durante toda la carrera.<\/p>\n<p class=\"\" data-start=\"1466\" data-end=\"1606\">El dise\u00f1o actualizado tambi\u00e9n mejora la sujeci\u00f3n en la zona media del pie, brindando un mayor soporte sin restringir la movilidad natural.<\/p>\n<hr class=\"\" data-start=\"1608\" data-end=\"1611\" \/>\n<h3 class=\"\" data-start=\"1613\" data-end=\"1673\"><strong data-start=\"1617\" data-end=\"1671\">Dise\u00f1o de Suela para M\u00e1xima Estabilidad y Tracci\u00f3n<\/strong><\/h3>\n<p class=\"\" data-start=\"1674\" data-end=\"1993\">La suela exterior de los <strong data-start=\"1699\" data-end=\"1719\">Invincible Run 3<\/strong> cuenta con un <strong data-start=\"1734\" data-end=\"1753\">patr\u00f3n en panal<\/strong>, dise\u00f1ado para mejorar la tracci\u00f3n en diferentes superficies y garantizar una pisada firme y segura. Su estructura optimiza la distribuci\u00f3n del peso, proporcionando estabilidad en cada paso y evitando deslizamientos en terrenos variados.<\/p>\n<p class=\"\" data-start=\"1995\" data-end=\"2160\">Gracias a su base m\u00e1s ancha, estos tenis ofrecen un mejor equilibrio, lo que los hace ideales para corredoras que buscan una mayor seguridad en sus entrenamientos.<\/p>\n<hr class=\"\" data-start=\"2162\" data-end=\"2165\" \/>\n<h3 class=\"\" data-start=\"2167\" data-end=\"2214\"><strong data-start=\"2171\" data-end=\"2212\">Corre con M\u00e1s Energ\u00eda y Menos Impacto<\/strong><\/h3>\n<p class=\"\" data-start=\"2215\" data-end=\"2506\">El dise\u00f1o de los <strong data-start=\"2232\" data-end=\"2263\">Nike ZoomX Invincible Run 3<\/strong> est\u00e1 pensado para brindar una carrera <strong data-start=\"2302\" data-end=\"2340\">c\u00f3moda, estable y llena de energ\u00eda<\/strong>. Su combinaci\u00f3n de amortiguaci\u00f3n premium, ajuste transpirable y una suela optimizada te ayudar\u00e1 a reducir la fatiga y mejorar tu rendimiento en cada entrenamiento.<\/p>\n<hr class=\"\" data-start=\"2508\" data-end=\"2511\" \/>\n<h3 class=\"\" data-start=\"2513\" data-end=\"2551\"><strong data-start=\"2517\" data-end=\"2549\">Caracter\u00edsticas Principales:<\/strong><\/h3>\n<p class=\"\" data-start=\"2552\" data-end=\"2917\">\u2714 <strong data-start=\"2554\" data-end=\"2570\">Espuma ZoomX<\/strong> ultraligera y reactiva para una m\u00e1xima amortiguaci\u00f3n.<br data-start=\"2624\" data-end=\"2627\" \/>\u2714 <strong data-start=\"2629\" data-end=\"2655\">Parte superior Flyknit<\/strong> transpirable para un ajuste c\u00f3modo y fresco.<br data-start=\"2700\" data-end=\"2703\" \/>\u2714 <strong data-start=\"2705\" data-end=\"2736\">Entresuela m\u00e1s ancha y alta<\/strong> para una pisada m\u00e1s estable y acolchada.<br data-start=\"2777\" data-end=\"2780\" \/>\u2714 <strong data-start=\"2782\" data-end=\"2811\">Suela con patr\u00f3n en panal<\/strong> para mayor tracci\u00f3n y seguridad.<br data-start=\"2844\" data-end=\"2847\" \/>\u2714 <strong data-start=\"2849\" data-end=\"2870\">Dise\u00f1o ergon\u00f3mico<\/strong> que favorece una carrera fluida y eficiente.<\/p>\n<p class=\"\" data-start=\"2919\" data-end=\"3147\">Si buscas un calzado de running con la mejor amortiguaci\u00f3n y comodidad para tus entrenamientos diarios, los <strong data-start=\"3027\" data-end=\"3058\">Nike ZoomX Invincible Run 3<\/strong> son la opci\u00f3n perfecta para acompa\u00f1arte kil\u00f3metro tras kil\u00f3metro con suavidad y soporte.<\/p>\n<\/div>\n<\/div>\n<\/div>\n<\/div>\n<\/div>\n<\/div>\n<\/div>\n<\/div>\n<\/article>\n<\/div>\n<\/div>\n<\/div>\n<\/div>\n","protected":false},"excerpt":{"rendered":"<p>Tenis Femenino Nike ZoomX Invincible Run 3 Los Nike ZoomX Invincible Run 3 est\u00e1n dise\u00f1ados para corredoras que buscan la<\/p>\n","protected":false},"featured_media":77760,"comment_status":"open","ping_status":"closed","template":"","meta":{"nf_dc_page":""},"product_brand":[],"product_cat":[73],"product_tag":[],"class_list":{"0":"post-77750","1":"product","2":"type-product","3":"status-publish","4":"has-post-thumbnail","6":"product_cat-femenino","8":"first","9":"instock","10":"shipping-taxable","11":"purchasable","12":"product-type-simple"},"_links":{"self":[{"href":"https:\/\/brandss.com.py\/index\/wp-json\/wp\/v2\/product\/77750","targetHints":{"allow":["GET"]}}],"collection":[{"href":"https:\/\/brandss.com.py\/index\/wp-json\/wp\/v2\/product"}],"about":[{"href":"https:\/\/brandss.com.py\/index\/wp-json\/wp\/v2\/types\/product"}],"replies":[{"embeddable":true,"href":"https:\/\/brandss.com.py\/index\/wp-json\/wp\/v2\/comments?post=77750"}],"version-history":[{"count":1,"href":"https:\/\/brandss.com.py\/index\/wp-json\/wp\/v2\/product\/77750\/revisions"}],"predecessor-version":[{"id":77765,"href":"https:\/\/brandss.com.py\/index\/wp-json\/wp\/v2\/product\/77750\/revisions\/77765"}],"wp:featuredmedia":[{"embeddable":true,"href":"https:\/\/brandss.com.py\/index\/wp-json\/wp\/v2\/media\/77760"}],"wp:attachment":[{"href":"https:\/\/brandss.com.py\/index\/wp-json\/wp\/v2\/media?parent=77750"}],"wp:term":[{"taxonomy":"product_brand","embeddable":true,"href":"https:\/\/brandss.com.py\/index\/wp-json\/wp\/v2\/product_brand?post=77750"},{"taxonomy":"product_cat","embeddable":true,"href":"https:\/\/brandss.com.py\/index\/wp-json\/wp\/v2\/product_cat?post=77750"},{"taxonomy":"product_tag","embeddable":true,"href":"https:\/\/brandss.com.py\/index\/wp-json\/wp\/v2\/product_tag?post=77750"}],"curies":[{"name":"wp","href":"https:\/\/api.w.org\/{rel}","templated":true}]}}