{"id":77769,"date":"2025-03-25T14:36:11","date_gmt":"2025-03-25T14:36:11","guid":{"rendered":"https:\/\/brandss.com.py\/index\/?post_type=product&#038;p=77769"},"modified":"2025-03-25T14:36:31","modified_gmt":"2025-03-25T14:36:31","slug":"calzado-deportivo-masculino-nike-infinity-rn-4","status":"publish","type":"product","link":"https:\/\/brandss.com.py\/index\/producto\/calzado-deportivo-masculino-nike-infinity-rn-4\/","title":{"rendered":"CALZADO DEPORTIVO MASCULINO NIKE INFINITY RN 4"},"content":{"rendered":"<p><img loading=\"lazy\" decoding=\"async\" class=\"\" src=\"https:\/\/1000marcas.net\/wp-content\/uploads\/2019\/11\/Logo-Nike.jpg\" alt=\"Logo de Nike: la historia y el significado del logotipo, la ...\" width=\"373\" height=\"210\" \/><\/p>\n<div class=\"flex flex-1 grow basis-auto flex-col overflow-hidden\">\n<div class=\"relative h-full\">\n<div class=\"flex h-full flex-col overflow-y-auto [scrollbar-gutter:stable]\">\n<div class=\"mt-1.5 flex flex-col text-sm @thread-xl\/thread:pt-header-height md:pb-9\">\n<article class=\"group\/turn w-full text-token-text-primary focus-visible:outline-none\" dir=\"auto\" data-testid=\"conversation-turn-16\" data-scroll-anchor=\"true\">\n<div class=\"text-base my-auto mx-auto py-5 px-6\">\n<div class=\"mx-auto flex flex-1 text-base gap-4 md:gap-5 lg:gap-6 md:max-w-3xl lg:max-w-[40rem] xl:max-w-[48rem]\">\n<div class=\"group\/conversation-turn relative flex w-full min-w-0 flex-col agent-turn @xs\/thread:px-0 @sm\/thread:px-1.5 @md\/thread:px-4\">\n<div class=\"relative flex-col gap-1 md:gap-3\">\n<div class=\"flex max-w-full flex-col flex-grow\">\n<div class=\"min-h-8 text-message relative flex w-full flex-col items-end gap-2 whitespace-normal break-words text-start [.text-message+&amp;]:mt-5\" dir=\"auto\" data-message-author-role=\"assistant\" data-message-id=\"819daee6-4cbe-40db-9a44-f1668b690a79\" data-message-model-slug=\"gpt-4o\">\n<div class=\"flex w-full flex-col gap-1 empty:hidden first:pt-[3px]\">\n<div class=\"flex flex-1 grow basis-auto flex-col overflow-hidden\">\n<div class=\"relative h-full\">\n<div class=\"flex h-full flex-col overflow-y-auto [scrollbar-gutter:stable]\">\n<div class=\"mt-1.5 flex flex-col text-sm @thread-xl\/thread:pt-header-height md:pb-9\">\n<article class=\"group\/turn w-full text-token-text-primary focus-visible:outline-none\" dir=\"auto\" data-testid=\"conversation-turn-16\" data-scroll-anchor=\"true\">\n<div class=\"text-base my-auto mx-auto py-5 px-6\">\n<div class=\"mx-auto flex flex-1 text-base gap-4 md:gap-5 lg:gap-6 md:max-w-3xl lg:max-w-[40rem] xl:max-w-[48rem]\">\n<div class=\"group\/conversation-turn relative flex w-full min-w-0 flex-col agent-turn @xs\/thread:px-0 @sm\/thread:px-1.5 @md\/thread:px-4\">\n<div class=\"relative flex-col gap-1 md:gap-3\">\n<div class=\"flex max-w-full flex-col flex-grow\">\n<div class=\"min-h-8 text-message relative flex w-full flex-col items-end gap-2 whitespace-normal break-words text-start [.text-message+&amp;]:mt-5\" dir=\"auto\" data-message-author-role=\"assistant\" data-message-id=\"819daee6-4cbe-40db-9a44-f1668b690a79\" data-message-model-slug=\"gpt-4o\">\n<div class=\"flex w-full flex-col gap-1 empty:hidden first:pt-[3px]\">\n<div class=\"markdown prose w-full break-words dark:prose-invert light\">\n<h1 data-start=\"0\" data-end=\"64\"><strong data-start=\"4\" data-end=\"62\"><span>Nike InfinityRN 4: Comodidad y Energ\u00eda en Cada Carrera<\/span><\/strong><\/h1>\n<p class=\"\" data-start=\"66\" data-end=\"446\"><span>El <\/span><strong data-start=\"69\" data-end=\"90\"><span>Nike InfinityRN 4<\/span><\/strong><span> es la evoluci\u00f3n de un modelo ic\u00f3nico, dise\u00f1ado para brindar <\/span><strong data-start=\"151\" data-end=\"198\"><span>m\u00e1xima amortiguaci\u00f3n, estabilidad y soporte<\/span><\/strong><span> en cada zancada. Gracias a su nueva espuma <\/span><strong data-start=\"242\" data-end=\"257\"><span>Nike ReactX<\/span><\/strong><span> , este calzado ofrece <\/span><strong data-start=\"279\" data-end=\"316\"><span>un 13% m\u00e1s de retorno de energ\u00eda<\/span><\/strong><span> en comparaci\u00f3n con la espuma React tradicional, permiti\u00e9ndote mantener una sensaci\u00f3n de frescura y elasticidad en cada carrera.<\/span><\/p>\n<p class=\"\" data-start=\"448\" data-end=\"679\"><span>Adem\u00e1s de mejorar el rendimiento, <\/span><strong data-start=\"482\" data-end=\"536\"><span>Nike ReactX reduce la huella de carbono en un 43 %<\/span><\/strong><span> en comparaci\u00f3n con la espuma anterior, lo que convierte al InfinityRN 4 en una opci\u00f3n m\u00e1s sustentable sin sacrificar comodidad ni respuesta.<\/span><\/p>\n<hr class=\"\" data-start=\"681\" data-end=\"684\" \/>\n<h3 class=\"\" data-start=\"686\" data-end=\"747\"><strong data-start=\"690\" data-end=\"745\"><span>Amortiguaci\u00f3n ReactX: M\u00e1s Energ\u00eda con Menos Impacto<\/span><\/strong><\/h3>\n<p class=\"\" data-start=\"748\" data-end=\"1074\"><span>El coraz\u00f3n del <\/span><strong data-start=\"763\" data-end=\"784\"><span>Nike InfinityRN 4<\/span><\/strong><span> es su nueva entresuela de <\/span><strong data-start=\"811\" data-end=\"833\"><span>espuma Nike ReactX<\/span><\/strong><span> , dise\u00f1ada para maximizar la suavidad y la reactividad en cada paso. Esta tecnolog\u00eda no solo mejora el retorno de energ\u00eda, sino que tambi\u00e9n proporciona una pisada m\u00e1s eficiente y c\u00f3moda, ideal para entrenamientos largos o carreras diarias.<\/span><\/p>\n<p class=\"\" data-start=\"1076\" data-end=\"1252\"><span>El dise\u00f1o optimizado favorece una transici\u00f3n fluida del tal\u00f3n a la punta, ayudando a reducir la fatiga muscular y permiti\u00e9ndote correr con mayor comodidad durante m\u00e1s tiempo.<\/span><\/p>\n<hr class=\"\" data-start=\"1254\" data-end=\"1257\" \/>\n<h3 class=\"\" data-start=\"1259\" data-end=\"1321\"><strong data-start=\"1263\" data-end=\"1319\"><span>Ajuste Flyknit Mejorado: Sujeci\u00f3n y Transpirabilidad<\/span><\/strong><\/h3>\n<p class=\"\" data-start=\"1322\" data-end=\"1609\"><span>La parte superior del <\/span><strong data-start=\"1344\" data-end=\"1365\"><span>Nike InfinityRN 4<\/span><\/strong><span> est\u00e1 confeccionada con el <\/span><strong data-start=\"1392\" data-end=\"1432\"><span>Flyknit m\u00e1s avanzado de Nike Running<\/span><\/strong><span> , que proporciona un ajuste seguro y adaptable. Este material ligero y transpirable mantiene el pie fresco y c\u00f3modo, incluso en entrenamientos intensos o condiciones de calor.<\/span><\/p>\n<p class=\"\" data-start=\"1611\" data-end=\"1707\"><span>La leng\u00fceta Flyknit es <\/span><strong data-start=\"1634\" data-end=\"1659\"><span>ajustable y acolchada<\/span><\/strong><span> , brindando una sensaci\u00f3n de lujo en cada uso.<\/span><\/p>\n<hr class=\"\" data-start=\"1709\" data-end=\"1712\" \/>\n<h3 class=\"\" data-start=\"1714\" data-end=\"1756\"><strong data-start=\"1718\" data-end=\"1754\"><span>Tracci\u00f3n y Durabilidad Mejoradas<\/span><\/strong><\/h3>\n<p class=\"\" data-start=\"1757\" data-end=\"2030\"><span>La suela exterior incorpora una estructura tipo <\/span><strong data-start=\"1805\" data-end=\"1814\"><span>gofre<\/span><\/strong><span> , dise\u00f1ada para ofrecer <\/span><strong data-start=\"1838\" data-end=\"1872\"><span>tracci\u00f3n y durabilidad \u00f3ptimas<\/span><\/strong><span> en diversas superficies. Adem\u00e1s, el caucho aumentado en la suela proporciona un mejor agarre y resistencia al desgaste, asegurando un rendimiento duradero.<\/span><\/p>\n<p class=\"\" data-start=\"2032\" data-end=\"2174\"><span>El cuello acolchado y el dise\u00f1o ergon\u00f3mico del calzado brindan un ajuste c\u00f3modo y de soporte, permiti\u00e9ndote sentirte seguro en cada zancada.<\/span><\/p>\n<hr class=\"\" data-start=\"2176\" data-end=\"2179\" \/>\n<h3 class=\"\" data-start=\"2181\" data-end=\"2228\"><strong data-start=\"2185\" data-end=\"2226\"><span>M\u00e1s beneficios de Nike InfinityRN 4:<\/span><\/strong><\/h3>\n<p class=\"\" data-start=\"2229\" data-end=\"2666\"><span>\u2714 <\/span><strong data-start=\"2231\" data-end=\"2253\"><span>Espuma Nike ReactX<\/span><\/strong><span> para un retorno de energ\u00eda superior y una menor huella de carbono. <\/span><br data-start=\"2320\" data-end=\"2323\" \/><span>\u2714 <\/span><strong data-start=\"2325\" data-end=\"2351\"><span>Parte superior Flyknit<\/span><\/strong><span> transpirable y flexible para un ajuste c\u00f3modo. <\/span><br data-start=\"2398\" data-end=\"2401\" \/><span>\u2714 <\/span><strong data-start=\"2403\" data-end=\"2423\"><span>Suela tipo gofre<\/span><\/strong><span> que garantiza una tracci\u00f3n duradera. <\/span><br data-start=\"2460\" data-end=\"2463\" \/><span>\u2714 <\/span><strong data-start=\"2465\" data-end=\"2507\"><span>Leng\u00fceta Flyknit ajustable y acolchada<\/span><\/strong><span> para mayor comodidad. <\/span><br data-start=\"2529\" data-end=\"2532\" \/><span>\u2714 <\/span><strong data-start=\"2534\" data-end=\"2560\"><span>Cuello de espuma suave<\/span><\/strong><span> que brinda soporte adicional. <\/span><br data-start=\"2590\" data-end=\"2593\" \/><span>\u2714 <\/span><strong data-start=\"2595\" data-end=\"2635\"><span>Mayor cantidad de caucho en la suela<\/span><\/strong><span> para mejorar la durabilidad.<\/span><\/p>\n<p class=\"\" data-start=\"2668\" data-end=\"2880\"><span>Si buscas un tenis de running que te ayude a correr m\u00e1s lejos y m\u00e1s r\u00e1pido, con la mejor combinaci\u00f3n de amortiguaci\u00f3n, estabilidad y ajuste, el <\/span><strong data-start=\"2812\" data-end=\"2833\"><span>Nike InfinityRN 4<\/span><\/strong><span> es la opci\u00f3n ideal para elevar tu rendimiento.<\/span><\/p>\n<\/div>\n<\/div>\n<\/div>\n<\/div>\n<\/div>\n<\/div>\n<\/div>\n<\/div>\n<\/article>\n<\/div>\n<\/div>\n<\/div>\n<\/div>\n<\/div>\n<\/div>\n<\/div>\n<\/div>\n<\/div>\n<\/div>\n<\/div>\n<\/article>\n<\/div>\n<\/div>\n<\/div>\n<\/div>\n","protected":false},"excerpt":{"rendered":"<p>Nike InfinityRN 4: Comodidad y Energ\u00eda en Cada Carrera El Nike InfinityRN 4 es la evoluci\u00f3n de un modelo ic\u00f3nico,<\/p>\n","protected":false},"featured_media":77771,"comment_status":"open","ping_status":"closed","template":"","meta":{"nf_dc_page":""},"product_brand":[],"product_cat":[76],"product_tag":[],"class_list":{"0":"post-77769","1":"product","2":"type-product","3":"status-publish","4":"has-post-thumbnail","6":"product_cat-masculino","8":"first","9":"instock","10":"shipping-taxable","11":"purchasable","12":"product-type-simple"},"_links":{"self":[{"href":"https:\/\/brandss.com.py\/index\/wp-json\/wp\/v2\/product\/77769","targetHints":{"allow":["GET"]}}],"collection":[{"href":"https:\/\/brandss.com.py\/index\/wp-json\/wp\/v2\/product"}],"about":[{"href":"https:\/\/brandss.com.py\/index\/wp-json\/wp\/v2\/types\/product"}],"replies":[{"embeddable":true,"href":"https:\/\/brandss.com.py\/index\/wp-json\/wp\/v2\/comments?post=77769"}],"version-history":[{"count":1,"href":"https:\/\/brandss.com.py\/index\/wp-json\/wp\/v2\/product\/77769\/revisions"}],"predecessor-version":[{"id":77779,"href":"https:\/\/brandss.com.py\/index\/wp-json\/wp\/v2\/product\/77769\/revisions\/77779"}],"wp:featuredmedia":[{"embeddable":true,"href":"https:\/\/brandss.com.py\/index\/wp-json\/wp\/v2\/media\/77771"}],"wp:attachment":[{"href":"https:\/\/brandss.com.py\/index\/wp-json\/wp\/v2\/media?parent=77769"}],"wp:term":[{"taxonomy":"product_brand","embeddable":true,"href":"https:\/\/brandss.com.py\/index\/wp-json\/wp\/v2\/product_brand?post=77769"},{"taxonomy":"product_cat","embeddable":true,"href":"https:\/\/brandss.com.py\/index\/wp-json\/wp\/v2\/product_cat?post=77769"},{"taxonomy":"product_tag","embeddable":true,"href":"https:\/\/brandss.com.py\/index\/wp-json\/wp\/v2\/product_tag?post=77769"}],"curies":[{"name":"wp","href":"https:\/\/api.w.org\/{rel}","templated":true}]}}