{"id":77770,"date":"2025-03-25T14:38:27","date_gmt":"2025-03-25T14:38:27","guid":{"rendered":"https:\/\/brandss.com.py\/index\/?post_type=product&#038;p=77770"},"modified":"2025-03-25T14:39:01","modified_gmt":"2025-03-25T14:39:01","slug":"calzado-deportivo-masculino-nike-vomero-17-2","status":"publish","type":"product","link":"https:\/\/brandss.com.py\/index\/producto\/calzado-deportivo-masculino-nike-vomero-17-2\/","title":{"rendered":"CALZADO DEPORTIVO MASCULINO NIKE VOMERO 17"},"content":{"rendered":"<p><img loading=\"lazy\" decoding=\"async\" class=\"\" src=\"https:\/\/1000marcas.net\/wp-content\/uploads\/2019\/11\/Logo-Nike.jpg\" alt=\"Logo de Nike: la historia y el significado del logotipo, la marca y el  s\u00edmbolo. | png, vector\" width=\"117\" height=\"66\" \/><\/p>\n<h1>VOMERO 17<\/h1>\n<div class=\"b-fullpdpdetails__item\" data-prop-name=\"productDescription\"><span>La m\u00e1xima amortiguaci\u00f3n proporciona una pisada c\u00f3moda para tus carreras diarias. Disfruta de una mayor comodidad en esta nueva versi\u00f3n, con una entresuela de doble densidad que combina ZoomX en la planta del pie y espuma Cushlon 3.0 en toda la planta. Adem\u00e1s, la nueva parte superior de malla ofrece mayor transpirabilidad.<\/span><\/div>\n<div data-prop-name=\"productDescription\"><\/div>\n<div data-prop-name=\"productDescription\">\n<div class=\"b-fullpdpdetails__section\">\n<div class=\"b-fullpdpdetails__title\"><strong>Ajuste y sensaci\u00f3n<\/strong><\/div>\n<div><\/div>\n<div class=\"b-productdata__content\">Esta zapatilla se enorgullece de su comodidad premium, que te permite controlar el ritmo en kil\u00f3metros cortos y largos. La malla t\u00e9cnica crea una parte superior m\u00e1s ligera y transpirable en comparaci\u00f3n con las Vomero anteriores. Una plantilla afelpada ofrece comodidad al ponerse, mientras que un cuello suave se siente delicado con el tal\u00f3n al correr. La leng\u00fceta acolchada y los cordones suaves y el\u00e1sticos completan una experiencia ultrac\u00f3moda.<\/div>\n<div><\/div>\n<\/div>\n<div class=\"b-fullpdpdetails__section\">\n<div class=\"b-fullpdpdetails__title\"><strong>\u00bfQu\u00e9 novedades tiene el Vomero 17?<\/strong><\/div>\n<div><\/div>\n<div class=\"b-productdata__content\">Simplificamos la construcci\u00f3n del 17 eliminando la unidad Zoom Air del antepi\u00e9 y a\u00f1adiendo espuma ZoomX premium sobre la entresuela para aumentar la comodidad y la amortiguaci\u00f3n. El resultado es una pisada m\u00e1s suave y reactiva.<\/div>\n<\/div>\n<\/div>\n<div class=\"b-fullpdpdetails__attribute\" data-id=\"gmg_productSpecifications\">\n<div class=\"b-fullpdpdetails__section\">\n<div><\/div>\n<div class=\"b-fullpdpdetails__title\"><strong>Caracter\u00edsticas\u00a0<\/strong><\/div>\n<div class=\"b-productdata__content\">\n<ul class=\"b-list--dots\">\n<li><span>Una nueva parte superior de malla dise\u00f1ada para una transpirabilidad suave.<\/span><\/li>\n<li><span>Una entresuela de doble densidad con espuma ZoomX apilada sobre espuma Cushlon 3.0 para una pisada c\u00f3moda.<\/span><\/li>\n<li><span>Una suela exterior redise\u00f1ada inspirada en Waffle con puntos de quiebre para una pisada suave y flexible<\/span><\/li>\n<li><span>Una leng\u00fceta y un forro afelpados para una sensaci\u00f3n c\u00f3moda y c\u00f3moda.<\/span><\/li>\n<li><span>\u00bfQu\u00e9 novedades? La nueva entresuela de espuma apilada con ZoomX premium sobre espuma Cushlon 3.0 aumenta la comodidad y la amortiguaci\u00f3n.<\/span><\/li>\n<\/ul>\n<\/div>\n<\/div>\n<div class=\"b-fullpdpdetails__section\">\n<div><\/div>\n<div class=\"b-fullpdpdetails__title\"><strong>Detalles\u00a0<\/strong><\/div>\n<div><\/div>\n<div class=\"b-productdata__content\">\n<ul class=\"b-list--dots\">\n<li><span>Peso: aprox. 298 g (talla 9 de hombre)<\/span><\/li>\n<li><span>Ca\u00edda del tal\u00f3n a la punta: 10 mm<\/span><\/li>\n<li><span>MR-10 Last: Nuestro mejor ajuste, el m\u00e1s consistente<\/span><\/li>\n<li><span>No est\u00e1 destinado a utilizarse como equipo de protecci\u00f3n individual (EPI)<\/span><\/li>\n<\/ul>\n<\/div>\n<\/div>\n<div class=\"b-fullpdpdetails__section\">\n<div class=\"b-fullpdpdetails__title\"><strong>M\u00e1s beneficios<\/strong><\/div>\n<div class=\"b-productdata__content\">\n<ul class=\"b-list--dots\">\n<li><span>La goma de alta resistencia a la abrasi\u00f3n con tacos en la suela exterior proporciona tracci\u00f3n duradera.<\/span><\/li>\n<li><span>Una suela flexible ayuda a mejorar la transici\u00f3n del tal\u00f3n a la punta.<\/span><\/li>\n<li>No est\u00e1 destinado a utilizarse como equipo de protecci\u00f3n individual (EPI).<\/li>\n<li>Color: Blanco\/Tinte platino\/Azul carrera\/Azul trueno.<\/li>\n<li><span>Modelo: FN1139-100.<\/span><\/li>\n<\/ul>\n<\/div>\n<\/div>\n<div class=\"b-fullpdpdetails__section\">\n<div class=\"b-productdata__content\"><\/div>\n<\/div>\n<\/div>\n<div class=\"b-fullpdpdetails__attribute\" data-id=\"gmg_enhancedBenefits\">\n<div class=\"b-fullpdpdetails__section\"><\/div>\n<div class=\"b-fullpdpdetails__section\">\n<div class=\"b-productdata__content\"><\/div>\n<\/div>\n<\/div>\n","protected":false},"excerpt":{"rendered":"<p>VOMERO 17 La m\u00e1xima amortiguaci\u00f3n proporciona una pisada c\u00f3moda para tus carreras diarias. Disfruta de una mayor comodidad en esta<\/p>\n","protected":false},"featured_media":77778,"comment_status":"open","ping_status":"closed","template":"","meta":{"nf_dc_page":""},"product_brand":[],"product_cat":[76],"product_tag":[],"class_list":{"0":"post-77770","1":"product","2":"type-product","3":"status-publish","4":"has-post-thumbnail","6":"product_cat-masculino","8":"first","9":"instock","10":"shipping-taxable","11":"purchasable","12":"product-type-simple"},"_links":{"self":[{"href":"https:\/\/brandss.com.py\/index\/wp-json\/wp\/v2\/product\/77770","targetHints":{"allow":["GET"]}}],"collection":[{"href":"https:\/\/brandss.com.py\/index\/wp-json\/wp\/v2\/product"}],"about":[{"href":"https:\/\/brandss.com.py\/index\/wp-json\/wp\/v2\/types\/product"}],"replies":[{"embeddable":true,"href":"https:\/\/brandss.com.py\/index\/wp-json\/wp\/v2\/comments?post=77770"}],"version-history":[{"count":1,"href":"https:\/\/brandss.com.py\/index\/wp-json\/wp\/v2\/product\/77770\/revisions"}],"predecessor-version":[{"id":77791,"href":"https:\/\/brandss.com.py\/index\/wp-json\/wp\/v2\/product\/77770\/revisions\/77791"}],"wp:featuredmedia":[{"embeddable":true,"href":"https:\/\/brandss.com.py\/index\/wp-json\/wp\/v2\/media\/77778"}],"wp:attachment":[{"href":"https:\/\/brandss.com.py\/index\/wp-json\/wp\/v2\/media?parent=77770"}],"wp:term":[{"taxonomy":"product_brand","embeddable":true,"href":"https:\/\/brandss.com.py\/index\/wp-json\/wp\/v2\/product_brand?post=77770"},{"taxonomy":"product_cat","embeddable":true,"href":"https:\/\/brandss.com.py\/index\/wp-json\/wp\/v2\/product_cat?post=77770"},{"taxonomy":"product_tag","embeddable":true,"href":"https:\/\/brandss.com.py\/index\/wp-json\/wp\/v2\/product_tag?post=77770"}],"curies":[{"name":"wp","href":"https:\/\/api.w.org\/{rel}","templated":true}]}}