{"id":77817,"date":"2025-03-25T16:23:20","date_gmt":"2025-03-25T16:23:20","guid":{"rendered":"https:\/\/brandss.com.py\/index\/?post_type=product&#038;p=77817"},"modified":"2026-04-17T11:09:39","modified_gmt":"2026-04-17T11:09:39","slug":"calzado-deportivo-masculino-nike-zoom-x-invincible-run-fk-3-extra-wide","status":"publish","type":"product","link":"https:\/\/brandss.com.py\/index\/producto\/calzado-deportivo-masculino-nike-zoom-x-invincible-run-fk-3-extra-wide\/","title":{"rendered":"CALZADO DEPORTIVO MASCULINO NIKE ZOOM X INVINCIBLE RUN FK 3 EXTRA WIDE"},"content":{"rendered":"<p><img loading=\"lazy\" decoding=\"async\" class=\"\" src=\"https:\/\/1000marcas.net\/wp-content\/uploads\/2019\/11\/Logo-Nike.jpg\" alt=\"Logo de Nike: la historia y el significado del logotipo, la marca y el  s\u00edmbolo. | png, vector\" width=\"160\" height=\"90\" \/><\/p>\n<h1>ZOOM X INVINCIBLE RUN FK 3 EXTRA WIDE<\/h1>\n<div class=\"experience-component experience-productText\">\n<div class=\"product-text-wrapper hide-empty  \">\n<div class=\"product-text-content     \">\n<div class=\"product-text  released    \" data-product-field=\"longDescription\">\n<div class=\"pi-tier3\">\n<div class=\"pi-pdpmainbody\">\n<p>Conf\u00eda en un calzado que te brinda nuestro m\u00e1s alto nivel de amortiguaci\u00f3n para darlo todo en cada kil\u00f3metro. Dise\u00f1ado para mantenerte en movimiento, cuenta con una placa de amortiguaci\u00f3n gruesa que te mantiene de pie hoy, ma\u00f1ana y m\u00e1s all\u00e1. Es superel\u00e1stico y amortiguado, para que puedas impulsarte por tu camino preferido y regresar para tu pr\u00f3xima carrera sinti\u00e9ndote listo y revitalizado.<\/p>\n<p><b>Soporte: Alto<\/b><\/p>\n<p>Cuanto m\u00e1s soporte tenga el calzado, m\u00e1s estabilidad puede darle a tu pisada natural. La combinaci\u00f3n de soporte calibrado y amortiguaci\u00f3n colocada estrat\u00e9gicamente brinda seguridad a cada paso. El Invincible 3 tiene tecnolog\u00eda de gran soporte con amortiguaci\u00f3n y estabilidad colocadas y moldeadas estrat\u00e9gicamente para proteger el pie de los efectos de la pronaci\u00f3n.<\/p>\n<p><b>Amortiguaci\u00f3n: Superalta<\/b><\/p>\n<p>Cuanta m\u00e1s amortiguaci\u00f3n haya en la planta del pie, m\u00e1s suave y m\u00e1s c\u00f3moda ser\u00e1 la experiencia al correr. La amortiguaci\u00f3n suaviza el impacto cuando los pies golpean el suelo. Con la amortiguaci\u00f3n Nike ZoomX con forma de mecedora y espuma m\u00e1s altas, este calzado brinda la mejor amortiguaci\u00f3n al contacto con el suelo y una sensaci\u00f3n a\u00fan m\u00e1s suave en la planta del pie.<\/p>\n<p><b>Capacidad de respuesta inmediata: Superalta<\/b><\/p>\n<p>Cuanta m\u00e1s responsividad tenga el calzado, m\u00e1s retorno de energ\u00eda obtendr\u00e1s con cada paso. Ya sea que quieras correr un poco m\u00e1s r\u00e1pido o con un poco menos de esfuerzo, el calzado responsivo le da un poco m\u00e1s de rebote a cada paso para sacarle m\u00e1s provecho a tu carrera. La espuma Nike ZoomX tiene bastante respuesta inmediata y es ligera, esto brinda rebote y una respuesta r\u00e1pida a cada paso.<\/p>\n<p><b>Ajuste: Seguro, transpirable, c\u00f3modo<\/b><\/p>\n<p>La parte superior de Flyknit evolucionada cuenta con zonas de transpirabilidad donde el pie m\u00e1s la necesita. Es fuerte y durable, lo que ayuda a mantener tu pie seguro en cada kil\u00f3metro. Los cables ondulados en el mediopi\u00e9 a\u00f1aden estabilidad y soporte.<\/p>\n<p><b>\u00bfQu\u00e9 novedades tiene el Invincible 3?<\/b><\/p>\n<p>Hicimos el clip del tal\u00f3n m\u00e1s peque\u00f1o que el de nuestra iteraci\u00f3n anterior y lo colocamos en una ubicaci\u00f3n m\u00e1s precisa. Una entresuela m\u00e1s amplia a\u00f1ade estabilidad. Las pilas de espuma m\u00e1s altas que en nuestra versi\u00f3n anterior elevan el est\u00e1ndar de la amortiguaci\u00f3n y la comodidad, en un dise\u00f1o de aspecto m\u00e1s elegante.<\/p>\n<p><b>Datos del producto<\/b><\/p>\n<ul>\n<li>No est\u00e1 dise\u00f1ado para utilizarse como equipo de protecci\u00f3n personal (EPP).<\/li>\n<li>Color: Negro\/Blanco-Leche De Coco-Carmes\u00ed Brillante.<\/li>\n<li>Modelo: FN1187-001.<\/li>\n<\/ul>\n<\/div>\n<\/div>\n<\/div>\n<\/div>\n<\/div>\n<\/div>\n","protected":false},"excerpt":{"rendered":"<p>ZOOM X INVINCIBLE RUN FK 3 EXTRA WIDE Conf\u00eda en un calzado que te brinda nuestro m\u00e1s alto nivel de<\/p>\n","protected":false},"featured_media":77818,"comment_status":"open","ping_status":"closed","template":"","meta":{"nf_dc_page":""},"product_brand":[],"product_cat":[76],"product_tag":[],"class_list":{"0":"post-77817","1":"product","2":"type-product","3":"status-publish","4":"has-post-thumbnail","6":"product_cat-masculino","8":"first","9":"outofstock","10":"shipping-taxable","11":"purchasable","12":"product-type-simple"},"_links":{"self":[{"href":"https:\/\/brandss.com.py\/index\/wp-json\/wp\/v2\/product\/77817","targetHints":{"allow":["GET"]}}],"collection":[{"href":"https:\/\/brandss.com.py\/index\/wp-json\/wp\/v2\/product"}],"about":[{"href":"https:\/\/brandss.com.py\/index\/wp-json\/wp\/v2\/types\/product"}],"replies":[{"embeddable":true,"href":"https:\/\/brandss.com.py\/index\/wp-json\/wp\/v2\/comments?post=77817"}],"version-history":[{"count":1,"href":"https:\/\/brandss.com.py\/index\/wp-json\/wp\/v2\/product\/77817\/revisions"}],"predecessor-version":[{"id":77828,"href":"https:\/\/brandss.com.py\/index\/wp-json\/wp\/v2\/product\/77817\/revisions\/77828"}],"wp:featuredmedia":[{"embeddable":true,"href":"https:\/\/brandss.com.py\/index\/wp-json\/wp\/v2\/media\/77818"}],"wp:attachment":[{"href":"https:\/\/brandss.com.py\/index\/wp-json\/wp\/v2\/media?parent=77817"}],"wp:term":[{"taxonomy":"product_brand","embeddable":true,"href":"https:\/\/brandss.com.py\/index\/wp-json\/wp\/v2\/product_brand?post=77817"},{"taxonomy":"product_cat","embeddable":true,"href":"https:\/\/brandss.com.py\/index\/wp-json\/wp\/v2\/product_cat?post=77817"},{"taxonomy":"product_tag","embeddable":true,"href":"https:\/\/brandss.com.py\/index\/wp-json\/wp\/v2\/product_tag?post=77817"}],"curies":[{"name":"wp","href":"https:\/\/api.w.org\/{rel}","templated":true}]}}