{"id":77829,"date":"2025-03-25T16:35:41","date_gmt":"2025-03-25T16:35:41","guid":{"rendered":"https:\/\/brandss.com.py\/index\/?post_type=product&#038;p=77829"},"modified":"2025-03-25T16:35:59","modified_gmt":"2025-03-25T16:35:59","slug":"calzado-deportivo-masculino-nike-react-terra-kiger-9","status":"publish","type":"product","link":"https:\/\/brandss.com.py\/index\/producto\/calzado-deportivo-masculino-nike-react-terra-kiger-9\/","title":{"rendered":"CALZADO DEPORTIVO MASCULINO NIKE REACT TERRA KIGER 9"},"content":{"rendered":"<p><img loading=\"lazy\" decoding=\"async\" class=\"\" src=\"https:\/\/1000marcas.net\/wp-content\/uploads\/2019\/11\/Logo-Nike.jpg\" alt=\"Logo de Nike: la historia y el significado del logotipo, la ...\" width=\"407\" height=\"229\" \/><\/p>\n<div class=\"flex flex-1 grow basis-auto flex-col overflow-hidden\">\n<div class=\"relative h-full\">\n<div class=\"flex h-full flex-col overflow-y-auto [scrollbar-gutter:stable]\">\n<div class=\"mt-1.5 flex flex-col text-sm @thread-xl\/thread:pt-header-height md:pb-9\">\n<article class=\"group\/turn w-full text-token-text-primary focus-visible:outline-none\" dir=\"auto\" data-testid=\"conversation-turn-22\" data-scroll-anchor=\"true\">\n<div class=\"text-base my-auto mx-auto py-5 px-6\">\n<div class=\"mx-auto flex flex-1 text-base gap-4 md:gap-5 lg:gap-6 md:max-w-3xl lg:max-w-[40rem] xl:max-w-[48rem]\">\n<div class=\"group\/conversation-turn relative flex w-full min-w-0 flex-col agent-turn @xs\/thread:px-0 @sm\/thread:px-1.5 @md\/thread:px-4\">\n<div class=\"relative flex-col gap-1 md:gap-3\">\n<div class=\"flex max-w-full flex-col flex-grow\">\n<div class=\"min-h-8 text-message relative flex w-full flex-col items-end gap-2 whitespace-normal break-words text-start [.text-message+&amp;]:mt-5\" dir=\"auto\" data-message-author-role=\"assistant\" data-message-id=\"fd227eb5-6ecd-4712-bf78-b28bad7f7cc9\" data-message-model-slug=\"gpt-4o\">\n<div class=\"flex w-full flex-col gap-1 empty:hidden first:pt-[3px]\">\n<div class=\"markdown prose w-full break-words dark:prose-invert light\">\n<h1 data-start=\"0\" data-end=\"50\"><strong data-start=\"4\" data-end=\"48\"><span>Nike React Terra Kiger 9<\/span><\/strong><\/h1>\n<p class=\"\" data-start=\"52\" data-end=\"422\"><span>Los <\/span><strong data-start=\"56\" data-end=\"84\"><span>Nike React Terra Kiger 9<\/span><\/strong><span> est\u00e1n dise\u00f1ados para corredores de trail que buscan un calzado <\/span><strong data-start=\"148\" data-end=\"193\"><span>ligero, reactivo y con excelente tracci\u00f3n<\/span><\/strong><span> en terrenos desafiantes. Con una combinaci\u00f3n de tecnolog\u00eda avanzada y materiales de alta calidad, este modelo ofrece <\/span><strong data-start=\"311\" data-end=\"353\"><span>m\u00e1xima comodidad, estabilidad y agarre<\/span><\/strong><span> , permiti\u00e9ndote moverte con confianza en cualquier tipo de sendero.<\/span><\/p>\n<hr class=\"\" data-start=\"424\" data-end=\"427\" \/>\n<h3 class=\"\" data-start=\"429\" data-end=\"491\"><strong data-start=\"433\" data-end=\"489\"><span>Amortiguaci\u00f3n React: Suavidad y Energ\u00eda en Cada Paso<\/span><\/strong><\/h3>\n<p class=\"\" data-start=\"492\" data-end=\"791\"><span>La entresuela de los <\/span><strong data-start=\"513\" data-end=\"530\"><span>Terra Kiger 9<\/span><\/strong><span> est\u00e1 equipada con <\/span><strong data-start=\"549\" data-end=\"570\"><span>espuma Nike React<\/span><\/strong><span> , que proporciona una pisada <\/span><strong data-start=\"599\" data-end=\"627\"><span>suave, reactiva y ligera<\/span><\/strong><span> . Esta tecnolog\u00eda absorbe los impactos del terreno sin sacrificar el retorno de energ\u00eda, lo que te permite mantener un ritmo din\u00e1mico y eficiente en cada carrera.<\/span><\/p>\n<p class=\"\" data-start=\"793\" data-end=\"963\"><span>Adem\u00e1s, el dise\u00f1o renovado ha eliminado el Air Zoom en el antepi\u00e9 para mejorar la estabilidad y reducir el peso, asegurando un mejor control en superficies irregulares.<\/span><\/p>\n<hr class=\"\" data-start=\"965\" data-end=\"968\" \/>\n<h3 class=\"\" data-start=\"970\" data-end=\"1029\"><strong data-start=\"974\" data-end=\"1027\"><span>Tracci\u00f3n y Durabilidad para Todo Tipo de Senderos<\/span><\/strong><\/h3>\n<p class=\"\" data-start=\"1030\" data-end=\"1264\"><span>La suela de los <\/span><strong data-start=\"1046\" data-end=\"1074\"><span>Nike React Terra Kiger 9<\/span><\/strong><span> est\u00e1 dise\u00f1ada con un <\/span><strong data-start=\"1096\" data-end=\"1134\"><span>patr\u00f3n de tacos multidireccionales<\/span><\/strong><span> , hechos con <\/span><strong data-start=\"1147\" data-end=\"1177\"><span>caucho de alta resistencia<\/span><\/strong><span> , que proporcionan <\/span><strong data-start=\"1196\" data-end=\"1261\"><span>el m\u00e1ximo agarre en terrenos h\u00famedos, rocosos y de tierra suelta<\/span><\/strong><span> .<\/span><\/p>\n<p class=\"\" data-start=\"1266\" data-end=\"1442\"><span>En la parte trasera, el <\/span><strong data-start=\"1290\" data-end=\"1312\"><span>caucho Storm-Tread<\/span><\/strong><span> mejora la tracci\u00f3n en superficies resbaladizas, brind\u00e1ndote seguridad en cada paso, incluso en condiciones clim\u00e1ticas adversas.<\/span><\/p>\n<hr class=\"\" data-start=\"1444\" data-end=\"1447\" \/>\n<h3 class=\"\" data-start=\"1449\" data-end=\"1495\"><strong data-start=\"1453\" data-end=\"1493\"><span>Parte Superior Ligera y Transpirable<\/span><\/strong><\/h3>\n<p class=\"\" data-start=\"1496\" data-end=\"1759\"><span>La parte superior de malla renovada es m\u00e1s <\/span><strong data-start=\"1539\" data-end=\"1564\"><span>ligera y transpirable<\/span><\/strong><span> , manteniendo los pies frescos y c\u00f3modos durante todo el recorrido. Adem\u00e1s, el dise\u00f1o mejorado proporciona un ajuste seguro y adaptable, envolviendo el pie sin restringir el movimiento natural.<\/span><\/p>\n<p class=\"\" data-start=\"1761\" data-end=\"1918\"><span>Para mayor estabilidad, incorpore un <\/span><strong data-start=\"1798\" data-end=\"1834\"><span>sistema de ajuste en el mediopi\u00e9<\/span><\/strong><span> que mantenga el pie en su lugar, evitando desplazamientos en terrenos irregulares.<\/span><\/p>\n<hr class=\"\" data-start=\"1920\" data-end=\"1923\" \/>\n<h3 class=\"\" data-start=\"1925\" data-end=\"1979\"><strong data-start=\"1929\" data-end=\"1977\"><span>M\u00e1s beneficios del Nike React Terra Kiger 9:<\/span><\/strong><\/h3>\n<p class=\"\" data-start=\"1980\" data-end=\"2394\"><span>\u2714 <\/span><strong data-start=\"1982\" data-end=\"2003\"><span>Espuma Nike React<\/span><\/strong><span> para una amortiguaci\u00f3n ligera y reactiva. <\/span><br data-start=\"2045\" data-end=\"2048\" \/><span>\u2714 <\/span><strong data-start=\"2050\" data-end=\"2088\"><span>Patr\u00f3n de tacos multidireccionales<\/span><\/strong><span> para una tracci\u00f3n \u00f3ptima en senderos variados. <\/span><br data-start=\"2135\" data-end=\"2138\" \/><span>\u2714 <\/span><strong data-start=\"2140\" data-end=\"2174\"><span>Caucho Storm-Tread en el tal\u00f3n<\/span><\/strong><span> para mejor agarre en condiciones h\u00famedas. <\/span><br data-start=\"2216\" data-end=\"2219\" \/><span>\u2714 <\/span><strong data-start=\"2221\" data-end=\"2257\"><span>Parte superior de malla renovada<\/span><\/strong><span> para mayor transpirabilidad y ajuste seguro. <\/span><br data-start=\"2302\" data-end=\"2305\" \/><span>\u2714 <\/span><strong data-start=\"2307\" data-end=\"2344\"><span>Dise\u00f1o sin Air Zoom en el antepi\u00e9<\/span><\/strong><span> , reduciendo el peso y mejorando la estabilidad.<\/span><\/p>\n<p class=\"\" data-start=\"2396\" data-end=\"2619\"><span>Si buscas un calzado de trail running que combine <\/span><strong data-start=\"2446\" data-end=\"2494\"><span>ligereza, amortiguaci\u00f3n y agarre excepcional<\/span><\/strong><span> , los <\/span><strong data-start=\"2500\" data-end=\"2528\"><span>Nike React Terra Kiger 9<\/span><\/strong><span> son la elecci\u00f3n ideal para conquistar cualquier tipo de terreno con confianza y velocidad.<\/span><\/p>\n<\/div>\n<\/div>\n<\/div>\n<\/div>\n<\/div>\n<\/div>\n<\/div>\n<\/div>\n<\/article>\n<\/div>\n<\/div>\n<\/div>\n<\/div>\n","protected":false},"excerpt":{"rendered":"<p>Nike React Terra Kiger 9 Los Nike React Terra Kiger 9 est\u00e1n dise\u00f1ados para corredores de trail que buscan un<\/p>\n","protected":false},"featured_media":77830,"comment_status":"open","ping_status":"closed","template":"","meta":{"nf_dc_page":""},"product_brand":[],"product_cat":[76],"product_tag":[],"class_list":{"0":"post-77829","1":"product","2":"type-product","3":"status-publish","4":"has-post-thumbnail","6":"product_cat-masculino","8":"first","9":"instock","10":"shipping-taxable","11":"purchasable","12":"product-type-simple"},"_links":{"self":[{"href":"https:\/\/brandss.com.py\/index\/wp-json\/wp\/v2\/product\/77829","targetHints":{"allow":["GET"]}}],"collection":[{"href":"https:\/\/brandss.com.py\/index\/wp-json\/wp\/v2\/product"}],"about":[{"href":"https:\/\/brandss.com.py\/index\/wp-json\/wp\/v2\/types\/product"}],"replies":[{"embeddable":true,"href":"https:\/\/brandss.com.py\/index\/wp-json\/wp\/v2\/comments?post=77829"}],"version-history":[{"count":1,"href":"https:\/\/brandss.com.py\/index\/wp-json\/wp\/v2\/product\/77829\/revisions"}],"predecessor-version":[{"id":77839,"href":"https:\/\/brandss.com.py\/index\/wp-json\/wp\/v2\/product\/77829\/revisions\/77839"}],"wp:featuredmedia":[{"embeddable":true,"href":"https:\/\/brandss.com.py\/index\/wp-json\/wp\/v2\/media\/77830"}],"wp:attachment":[{"href":"https:\/\/brandss.com.py\/index\/wp-json\/wp\/v2\/media?parent=77829"}],"wp:term":[{"taxonomy":"product_brand","embeddable":true,"href":"https:\/\/brandss.com.py\/index\/wp-json\/wp\/v2\/product_brand?post=77829"},{"taxonomy":"product_cat","embeddable":true,"href":"https:\/\/brandss.com.py\/index\/wp-json\/wp\/v2\/product_cat?post=77829"},{"taxonomy":"product_tag","embeddable":true,"href":"https:\/\/brandss.com.py\/index\/wp-json\/wp\/v2\/product_tag?post=77829"}],"curies":[{"name":"wp","href":"https:\/\/api.w.org\/{rel}","templated":true}]}}