{"id":77840,"date":"2025-03-25T16:45:50","date_gmt":"2025-03-25T16:45:50","guid":{"rendered":"https:\/\/brandss.com.py\/index\/?post_type=product&#038;p=77840"},"modified":"2025-07-07T18:00:36","modified_gmt":"2025-07-07T18:00:36","slug":"calzado-deportivo-masculino-nike-buy-jordan-delta-3-low","status":"publish","type":"product","link":"https:\/\/brandss.com.py\/index\/producto\/calzado-deportivo-masculino-nike-buy-jordan-delta-3-low\/","title":{"rendered":"CALZADO DEPORTIVO MASCULINO NIKE BUY JORDAN DELTA 3 LOW"},"content":{"rendered":"<p><img loading=\"lazy\" decoding=\"async\" class=\"\" src=\"https:\/\/1000marcas.net\/wp-content\/uploads\/2019\/11\/Logo-Nike.jpg\" width=\"355\" height=\"200\" \/><\/p>\n<div class=\"flex flex-1 grow basis-auto flex-col overflow-hidden\">\n<div class=\"relative h-full\">\n<div class=\"flex h-full flex-col overflow-y-auto [scrollbar-gutter:stable]\">\n<div class=\"mt-1.5 flex flex-col text-sm @thread-xl\/thread:pt-header-height md:pb-9\">\n<article class=\"group\/turn w-full text-token-text-primary focus-visible:outline-none\" dir=\"auto\" data-testid=\"conversation-turn-24\" data-scroll-anchor=\"true\">\n<div class=\"text-base my-auto mx-auto py-5 px-6\">\n<div class=\"mx-auto flex flex-1 text-base gap-4 md:gap-5 lg:gap-6 md:max-w-3xl lg:max-w-[40rem] xl:max-w-[48rem]\">\n<div class=\"group\/conversation-turn relative flex w-full min-w-0 flex-col agent-turn @xs\/thread:px-0 @sm\/thread:px-1.5 @md\/thread:px-4\">\n<div class=\"relative flex-col gap-1 md:gap-3\">\n<div class=\"flex max-w-full flex-col flex-grow\">\n<div class=\"min-h-8 text-message relative flex w-full flex-col items-end gap-2 whitespace-normal break-words text-start [.text-message+&amp;]:mt-5\" dir=\"auto\" data-message-author-role=\"assistant\" data-message-id=\"cbdf25f5-2766-4308-8d50-0d1bd2ae5af1\" data-message-model-slug=\"gpt-4o\">\n<div class=\"flex w-full flex-col gap-1 empty:hidden first:pt-[3px]\">\n<div class=\"markdown prose w-full break-words dark:prose-invert light\">\n<h1 data-start=\"0\" data-end=\"44\"><strong data-start=\"4\" data-end=\"42\"><span>Tenis Masculino Jordan Delta 3 Low<\/span><\/strong><\/h1>\n<p class=\"\" data-start=\"46\" data-end=\"404\"><strong data-start=\"46\" data-end=\"70\"><span>Frescura y comodidad<\/span><\/strong><span> : un d\u00fao insuperable en el dise\u00f1o del <\/span><strong data-start=\"108\" data-end=\"130\"><span>Jordan Delta 3 Low<\/span><\/strong><span> , un modelo que fusiona <\/span><strong data-start=\"154\" data-end=\"188\"><span>tecnolog\u00eda de alto rendimiento<\/span><\/strong><span> con un <\/span><strong data-start=\"196\" data-end=\"225\"><span>estilo urbano inigualable<\/span><\/strong><span> . Fabricado con materiales de calidad superior y una construcci\u00f3n innovadora, este calzado ofrece <\/span><strong data-start=\"323\" data-end=\"367\"><span>soporte, amortiguaci\u00f3n y un look moderno<\/span><\/strong><span> que se adapta a cualquier ocasi\u00f3n.<\/span><\/p>\n<hr class=\"\" data-start=\"406\" data-end=\"409\" \/>\n<h3 class=\"\" data-start=\"411\" data-end=\"469\"><strong data-start=\"415\" data-end=\"467\"><span>Dise\u00f1o Premium: Estilo y Textura en Cada Detalle<\/span><\/strong><\/h3>\n<p class=\"\" data-start=\"470\" data-end=\"779\"><span>El <\/span><strong data-start=\"473\" data-end=\"495\"><span>Jordan Delta 3 Low<\/span><\/strong><span> est\u00e1 confeccionado con <\/span><strong data-start=\"519\" data-end=\"573\"><span>tela ripstop transpirable y gamuza sint\u00e9tica suave<\/span><\/strong><span> , brindando una combinaci\u00f3n perfecta de <\/span><strong data-start=\"613\" data-end=\"648\"><span>resistencia, ligereza y comodidad<\/span><\/strong><span> . Su dise\u00f1o estructurado y lleno de texturas a\u00f1ade un toque moderno y din\u00e1mico, ideal para quienes buscan destacar en las calles.<\/span><\/p>\n<p class=\"\" data-start=\"781\" data-end=\"919\"><span>La construcci\u00f3n <\/span><strong data-start=\"797\" data-end=\"828\"><span>sin costuras en el interior<\/span><\/strong><span> mejora la comodidad y reduce la fricci\u00f3n, asegurando un ajuste perfecto y sin molestias.<\/span><\/p>\n<hr class=\"\" data-start=\"921\" data-end=\"924\" \/>\n<h3 class=\"\" data-start=\"926\" data-end=\"992\"><strong data-start=\"930\" data-end=\"990\"><span>Amortiguaci\u00f3n Suave y Espacio Extra para Mayor Comodidad<\/span><\/strong><\/h3>\n<p class=\"\" data-start=\"993\" data-end=\"1243\"><span>Este modelo est\u00e1 dise\u00f1ado para ofrecer una <\/span><strong data-start=\"1036\" data-end=\"1069\"><span>experiencia de uso ultrasuave<\/span><\/strong><span> . La espuma en la planta del pie proporciona una sensaci\u00f3n acolchonada y de soporte, permitiendo caminar o estar de pie durante largos per\u00edodos sin sacrificar la comodidad.<\/span><\/p>\n<p class=\"\" data-start=\"1245\" data-end=\"1431\"><span>Adem\u00e1s, su <\/span><strong data-start=\"1256\" data-end=\"1285\"><span>leng\u00fceta y cuello ligeros<\/span><\/strong><span> proporcionan un ajuste seguro sin generar presi\u00f3n, mientras que el espacio adicional en la puntera permite que los pies se muevan con libertad.<\/span><\/p>\n<hr class=\"\" data-start=\"1433\" data-end=\"1436\" \/>\n<h3 class=\"\" data-start=\"1438\" data-end=\"1486\"><strong data-start=\"1442\" data-end=\"1484\"><span>M\u00e1s beneficios del Jordan Delta 3 Low:<\/span><\/strong><\/h3>\n<p class=\"\" data-start=\"1487\" data-end=\"1902\"><span>\u2714 <\/span><strong data-start=\"1489\" data-end=\"1549\"><span>Construcci\u00f3n premium con tela ripstop y gamuza sint\u00e9tica<\/span><\/strong><span> para un look c\u00f3modo y duradero. <\/span><br data-start=\"1586\" data-end=\"1589\" \/><span>\u2714 <\/span><strong data-start=\"1591\" data-end=\"1616\"><span>Interior sin costuras<\/span><\/strong><span> que mejoran la comodidad y reducen la fricci\u00f3n. <\/span><br data-start=\"1662\" data-end=\"1665\" \/><span>\u2714 <\/span><strong data-start=\"1667\" data-end=\"1709\"><span>Espuma ultrasuave en la planta del pie<\/span><\/strong><span> para una sensaci\u00f3n acolchonada en cada paso. <\/span><br data-start=\"1754\" data-end=\"1757\" \/><span>\u2714 <\/span><strong data-start=\"1759\" data-end=\"1788\"><span>Leng\u00fceta y cuello ligeros<\/span><\/strong><span> que ofrecen un ajuste c\u00f3modo y seguro. <\/span><br data-start=\"1827\" data-end=\"1830\" \/><span>\u2714 <\/span><strong data-start=\"1832\" data-end=\"1874\"><span>Dise\u00f1o urbano con texturas innovadoras<\/span><\/strong><span> , ideal para el d\u00eda a d\u00eda.<\/span><\/p>\n<p class=\"\" data-start=\"1904\" data-end=\"2094\"><span>Si buscas un calzado que combine <\/span><strong data-start=\"1937\" data-end=\"2000\"><span>comodidad extrema, soporte t\u00e9cnico y un estilo vanguardista<\/span><\/strong><span> , el <\/span><strong data-start=\"2005\" data-end=\"2027\"><span>Jordan Delta 3 Low<\/span><\/strong><span> es la opci\u00f3n ideal para elevar tu look sin comprometer el confort.<\/span><\/p>\n<\/div>\n<\/div>\n<\/div>\n<\/div>\n<\/div>\n<\/div>\n<\/div>\n<\/div>\n<\/article>\n<\/div>\n<\/div>\n<\/div>\n<\/div>\n<p>&nbsp;<\/p>\n","protected":false},"excerpt":{"rendered":"<p>Tenis Masculino Jordan Delta 3 Low Frescura y comodidad : un d\u00fao insuperable en el dise\u00f1o del Jordan Delta 3<\/p>\n","protected":false},"featured_media":77841,"comment_status":"open","ping_status":"closed","template":"","meta":{"nf_dc_page":""},"product_brand":[],"product_cat":[76],"product_tag":[],"class_list":{"0":"post-77840","1":"product","2":"type-product","3":"status-publish","4":"has-post-thumbnail","6":"product_cat-masculino","8":"first","9":"outofstock","10":"shipping-taxable","11":"purchasable","12":"product-type-simple"},"_links":{"self":[{"href":"https:\/\/brandss.com.py\/index\/wp-json\/wp\/v2\/product\/77840","targetHints":{"allow":["GET"]}}],"collection":[{"href":"https:\/\/brandss.com.py\/index\/wp-json\/wp\/v2\/product"}],"about":[{"href":"https:\/\/brandss.com.py\/index\/wp-json\/wp\/v2\/types\/product"}],"replies":[{"embeddable":true,"href":"https:\/\/brandss.com.py\/index\/wp-json\/wp\/v2\/comments?post=77840"}],"version-history":[{"count":1,"href":"https:\/\/brandss.com.py\/index\/wp-json\/wp\/v2\/product\/77840\/revisions"}],"predecessor-version":[{"id":77847,"href":"https:\/\/brandss.com.py\/index\/wp-json\/wp\/v2\/product\/77840\/revisions\/77847"}],"wp:featuredmedia":[{"embeddable":true,"href":"https:\/\/brandss.com.py\/index\/wp-json\/wp\/v2\/media\/77841"}],"wp:attachment":[{"href":"https:\/\/brandss.com.py\/index\/wp-json\/wp\/v2\/media?parent=77840"}],"wp:term":[{"taxonomy":"product_brand","embeddable":true,"href":"https:\/\/brandss.com.py\/index\/wp-json\/wp\/v2\/product_brand?post=77840"},{"taxonomy":"product_cat","embeddable":true,"href":"https:\/\/brandss.com.py\/index\/wp-json\/wp\/v2\/product_cat?post=77840"},{"taxonomy":"product_tag","embeddable":true,"href":"https:\/\/brandss.com.py\/index\/wp-json\/wp\/v2\/product_tag?post=77840"}],"curies":[{"name":"wp","href":"https:\/\/api.w.org\/{rel}","templated":true}]}}