{"id":77880,"date":"2025-03-25T18:31:20","date_gmt":"2025-03-25T18:31:20","guid":{"rendered":"https:\/\/brandss.com.py\/index\/?post_type=product&#038;p=77880"},"modified":"2025-03-25T18:31:40","modified_gmt":"2025-03-25T18:31:40","slug":"calzado-deportivo-femenino-nike-go-flyeas","status":"publish","type":"product","link":"https:\/\/brandss.com.py\/index\/producto\/calzado-deportivo-femenino-nike-go-flyeas\/","title":{"rendered":"CALZADO DEPORTIVO FEMENINO NIKE GO FLYEAS"},"content":{"rendered":"<p><img loading=\"lazy\" decoding=\"async\" class=\"\" src=\"https:\/\/1000marcas.net\/wp-content\/uploads\/2019\/11\/Logo-Nike.jpg\" width=\"368\" height=\"207\" \/><\/p>\n<h1 data-start=\"0\" data-end=\"55\"><strong data-start=\"4\" data-end=\"53\"><span>Tenis Nike Go FlyEase: Comodidad sin Esfuerzo<\/span><\/strong><\/h1>\n<p class=\"\" data-start=\"57\" data-end=\"470\"><strong data-start=\"57\" data-end=\"130\"><span>Olv\u00eddate de los cordones y simplifica tu d\u00eda con los Nike Go FlyEase.<\/span><\/strong><span> Dise\u00f1ados con la innovadora <\/span><strong data-start=\"159\" data-end=\"181\"><span>tecnolog\u00eda FlyEase<\/span><\/strong><span> , estos tenis permiten <\/span><strong data-start=\"204\" data-end=\"251\"><span>pon\u00e9rselos y quit\u00e1rselos sin usar las manos<\/span><\/strong><span> , gracias a su exclusivo <\/span><strong data-start=\"276\" data-end=\"317\"><span>tal\u00f3n pivotante y bisagra biomec\u00e1nica<\/span><\/strong><span> . Son la elecci\u00f3n perfecta tanto para <\/span><strong data-start=\"355\" data-end=\"390\"><span>personas con movilidad reducida<\/span><\/strong><span> como para quienes buscan una opci\u00f3n pr\u00e1ctica y r\u00e1pida para ponerse en marcha.<\/span><\/p>\n<p class=\"\" data-start=\"472\" data-end=\"655\"><span>M\u00e1s que un calzado funcional, los <\/span><strong data-start=\"506\" data-end=\"525\"><span>Nike Go FlyEase<\/span><\/strong><span> destacan por su <\/span><strong data-start=\"542\" data-end=\"571\"><span>dise\u00f1o moderno y vers\u00e1til<\/span><\/strong><span> , combinando rendimiento, comodidad y un look urbano ideal para cualquier ocasi\u00f3n.<\/span><\/p>\n<hr class=\"\" data-start=\"657\" data-end=\"660\" \/>\n<h3 class=\"\" data-start=\"662\" data-end=\"720\"><strong data-start=\"666\" data-end=\"718\"><span>Tecnolog\u00eda FlyEase: Innovaci\u00f3n para tu Comodidad<\/span><\/strong><\/h3>\n<p class=\"\" data-start=\"721\" data-end=\"1019\"><span>La caracter\u00edstica m\u00e1s destacada de los <\/span><strong data-start=\"760\" data-end=\"779\"><span>Nike Go FlyEase<\/span><\/strong><span> es su <\/span><strong data-start=\"786\" data-end=\"810\"><span>sistema manos libres<\/span><\/strong><span> , que permite calzarlos con un simple movimiento del pie. Su <\/span><strong data-start=\"871\" data-end=\"910\"><span>bisagra biomec\u00e1nica y banda tensora<\/span><\/strong><span> mantienen el tenis en posici\u00f3n cuando est\u00e1 en uso y facilitan que se abra cuando es momento de quit\u00e1rselo.<\/span><\/p>\n<p class=\"\" data-start=\"1021\" data-end=\"1189\"><span>Este mecanismo avanzado no solo mejora la practicidad, sino que tambi\u00e9n <\/span><strong data-start=\"1093\" data-end=\"1130\"><span>ofrece un ajuste seguro y estable<\/span><\/strong><span> , eliminando la necesidad de cordones o ajustes manuales.<\/span><\/p>\n<hr class=\"\" data-start=\"1191\" data-end=\"1194\" \/>\n<h3 class=\"\" data-start=\"1196\" data-end=\"1241\"><strong data-start=\"1200\" data-end=\"1239\"><span>Dise\u00f1o Ligero y Amortiguaci\u00f3n Suave<\/span><\/strong><\/h3>\n<p class=\"\" data-start=\"1242\" data-end=\"1495\"><span>El <\/span><strong data-start=\"1245\" data-end=\"1264\"><span>Nike Go FlyEase<\/span><\/strong><span> combina comodidad y rendimiento con una estructura ligera y flexible. Su parte superior est\u00e1 confeccionada con <\/span><strong data-start=\"1376\" data-end=\"1404\"><span>materiales transpirables<\/span><\/strong><span> , permitiendo la circulaci\u00f3n del aire y manteniendo los pies frescos durante todo el d\u00eda.<\/span><\/p>\n<p class=\"\" data-start=\"1497\" data-end=\"1664\"><span>Adem\u00e1s, su <\/span><strong data-start=\"1508\" data-end=\"1532\"><span>entresuela de espuma<\/span><\/strong><span> brinda <\/span><strong data-start=\"1540\" data-end=\"1579\"><span>una amortiguaci\u00f3n reactiva y ligera<\/span><\/strong><span> , absorbiendo los impactos de cada paso y brindando un soporte suave y c\u00f3modo.<\/span><\/p>\n<p class=\"\" data-start=\"1666\" data-end=\"1833\"><span>La <\/span><strong data-start=\"1669\" data-end=\"1720\"><span>suela de goma con patr\u00f3n de tracci\u00f3n optimizado<\/span><\/strong><span> garantiza un agarre seguro en distintas superficies, permiti\u00e9ndote moverte con confianza en cualquier entorno.<\/span><\/p>\n<hr class=\"\" data-start=\"1835\" data-end=\"1838\" \/>\n<h3 class=\"\" data-start=\"1840\" data-end=\"1888\"><strong data-start=\"1844\" data-end=\"1886\"><span>M\u00e1s beneficios de los Nike Go FlyEase:<\/span><\/strong><\/h3>\n<p class=\"\" data-start=\"1889\" data-end=\"2471\"><span>\u2714 <\/span><strong data-start=\"1891\" data-end=\"1938\"><span>Sistema sin cordones con tecnolog\u00eda FlyEase<\/span><\/strong><span> , que permite calzarlos y quitarlos sin esfuerzo. <\/span><br data-start=\"1987\" data-end=\"1990\" \/><span>\u2714 <\/span><strong data-start=\"1992\" data-end=\"2035\"><span>Tal\u00f3n pivotante con bisagra biomec\u00e1nica<\/span><\/strong><span> , para facilitar la entrada del pie. <\/span><br data-start=\"2071\" data-end=\"2074\" \/><span>\u2714 <\/span><strong data-start=\"2076\" data-end=\"2103\"><span>Banda tensora integrada<\/span><\/strong><span> , que mantiene el ajuste firme y seguro. <\/span><br data-start=\"2143\" data-end=\"2146\" \/><span>\u2714 <\/span><strong data-start=\"2148\" data-end=\"2188\"><span>Parte superior ligera y transpirable<\/span><\/strong><span> , que proporciona comodidad y frescura. <\/span><br data-start=\"2227\" data-end=\"2230\" \/><span>\u2714 <\/span><strong data-start=\"2232\" data-end=\"2265\"><span>Entresuela de espuma reactiva<\/span><\/strong><span> , que amortigua cada pisada y ofrece un soporte suave. <\/span><br data-start=\"2319\" data-end=\"2322\" \/><span>\u2714 <\/span><strong data-start=\"2324\" data-end=\"2365\"><span>Suela de goma con tracci\u00f3n optimizada<\/span><\/strong><span> , ideal para diferentes superficies. <\/span><br data-start=\"2401\" data-end=\"2404\" \/><span>\u2714 <\/span><strong data-start=\"2406\" data-end=\"2435\"><span>Dise\u00f1o moderno y vers\u00e1til<\/span><\/strong><span> , perfecto para cualquier ocasi\u00f3n.<\/span><\/p>\n","protected":false},"excerpt":{"rendered":"<p>Tenis Nike Go FlyEase: Comodidad sin Esfuerzo Olv\u00eddate de los cordones y simplifica tu d\u00eda con los Nike Go FlyEase.<\/p>\n","protected":false},"featured_media":77881,"comment_status":"open","ping_status":"closed","template":"","meta":{"nf_dc_page":""},"product_brand":[],"product_cat":[73],"product_tag":[],"class_list":{"0":"post-77880","1":"product","2":"type-product","3":"status-publish","4":"has-post-thumbnail","6":"product_cat-femenino","8":"first","9":"instock","10":"shipping-taxable","11":"purchasable","12":"product-type-simple"},"_links":{"self":[{"href":"https:\/\/brandss.com.py\/index\/wp-json\/wp\/v2\/product\/77880","targetHints":{"allow":["GET"]}}],"collection":[{"href":"https:\/\/brandss.com.py\/index\/wp-json\/wp\/v2\/product"}],"about":[{"href":"https:\/\/brandss.com.py\/index\/wp-json\/wp\/v2\/types\/product"}],"replies":[{"embeddable":true,"href":"https:\/\/brandss.com.py\/index\/wp-json\/wp\/v2\/comments?post=77880"}],"version-history":[{"count":1,"href":"https:\/\/brandss.com.py\/index\/wp-json\/wp\/v2\/product\/77880\/revisions"}],"predecessor-version":[{"id":77890,"href":"https:\/\/brandss.com.py\/index\/wp-json\/wp\/v2\/product\/77880\/revisions\/77890"}],"wp:featuredmedia":[{"embeddable":true,"href":"https:\/\/brandss.com.py\/index\/wp-json\/wp\/v2\/media\/77881"}],"wp:attachment":[{"href":"https:\/\/brandss.com.py\/index\/wp-json\/wp\/v2\/media?parent=77880"}],"wp:term":[{"taxonomy":"product_brand","embeddable":true,"href":"https:\/\/brandss.com.py\/index\/wp-json\/wp\/v2\/product_brand?post=77880"},{"taxonomy":"product_cat","embeddable":true,"href":"https:\/\/brandss.com.py\/index\/wp-json\/wp\/v2\/product_cat?post=77880"},{"taxonomy":"product_tag","embeddable":true,"href":"https:\/\/brandss.com.py\/index\/wp-json\/wp\/v2\/product_tag?post=77880"}],"curies":[{"name":"wp","href":"https:\/\/api.w.org\/{rel}","templated":true}]}}