{"id":77901,"date":"2025-03-26T12:21:44","date_gmt":"2025-03-26T12:21:44","guid":{"rendered":"https:\/\/brandss.com.py\/index\/?post_type=product&#038;p=77901"},"modified":"2025-03-26T12:23:04","modified_gmt":"2025-03-26T12:23:04","slug":"calzado-deportivo-femenino-nikecourt-air-zoom-vapor-11","status":"publish","type":"product","link":"https:\/\/brandss.com.py\/index\/producto\/calzado-deportivo-femenino-nikecourt-air-zoom-vapor-11\/","title":{"rendered":"CALZADO DEPORTIVO FEMENINO NIKECOURT AIR ZOOM VAPOR 11"},"content":{"rendered":"<p><img loading=\"lazy\" decoding=\"async\" class=\"\" src=\"https:\/\/1000marcas.net\/wp-content\/uploads\/2019\/11\/Logo-Nike.jpg\" alt=\"Logo de Nike: la historia y el significado del logotipo, la ...\" width=\"587\" height=\"330\" \/><\/p>\n<p class=\"\" data-start=\"0\" data-end=\"371\"><span>El <\/span><strong data-start=\"3\" data-end=\"30\"><span>NikeCourt Zoom Vapor 11<\/span><\/strong><span> es un calzado de tenis femenino dise\u00f1ado para ofrecer velocidad, estabilidad y comodidad en la cancha. Inspirado en el alto rendimiento de las jugadoras profesionales, este modelo regresa con una serie de mejoras que optimizan la experiencia de juego, permitiendo movimientos r\u00e1pidos y seguros sin comprometer el soporte y la durabilidad.<\/span><\/p>\n<h3 class=\"\" data-start=\"373\" data-end=\"429\"><strong data-start=\"377\" data-end=\"427\"><span>Dise\u00f1o optimizado para velocidad y rendimiento.<\/span><\/strong><\/h3>\n<p class=\"\" data-start=\"430\" data-end=\"857\"><span>Uno de los principales atributos de <\/span><strong data-start=\"467\" data-end=\"494\"><span>NikeCourt Zoom Vapor 11<\/span><\/strong><span> es su dise\u00f1o m\u00e1s bajo y cercano al suelo. Esta caracter\u00edstica proporciona una mejor sensaci\u00f3n de la superficie, lo que facilita respuestas r\u00e1pidas y un control preciso en cada desplazamiento. Adem\u00e1s, su estructura ligera y aerodin\u00e1mica permite moverse con mayor agilidad, algo esencial para jugadores que necesitan velocidad y reacci\u00f3n inmediata en cada punto.<\/span><\/p>\n<h3 class=\"\" data-start=\"859\" data-end=\"905\"><strong data-start=\"863\" data-end=\"903\"><span>Soporte y estabilidad en cada jugada<\/span><\/strong><\/h3>\n<p class=\"\" data-start=\"906\" data-end=\"1374\"><span>La estabilidad es clave en un calzado de tenis, y este modelo lo garantiza gracias a su <\/span><strong data-start=\"994\" data-end=\"1034\"><span>lateral moldeado de alta resistencia<\/span><\/strong><span> . Este soporte adicional ayuda a prevenir torsiones y proporciona un ajuste seguro, lo que permite realizar movimientos laterales intensos con confianza. Ya sea desliz\u00e1ndose para alcanzar una pelota dif\u00edcil o cambiando de direcci\u00f3n inesperadamente, el <\/span><strong data-start=\"1285\" data-end=\"1312\"><span>NikeCourt Zoom Vapor 11<\/span><\/strong><span> ofrece el equilibrio perfecto entre flexibilidad y firmeza.<\/span><\/p>\n<h3 class=\"\" data-start=\"1376\" data-end=\"1435\"><strong data-start=\"1380\" data-end=\"1433\"><span>Comodidad y transpirabilidad para partidos largos.<\/span><\/strong><\/h3>\n<p class=\"\" data-start=\"1436\" data-end=\"1831\"><span>El tenis es un deporte que exige largos per\u00edodos en movimiento, por lo que la comodidad es un factor determinante. Este modelo incorpora una <\/span><strong data-start=\"1577\" data-end=\"1608\"><span>parte superior transpirable<\/span><\/strong><span> que favorece la ventilaci\u00f3n y evita la acumulaci\u00f3n de calor en los pies. Los materiales utilizados en su fabricaci\u00f3n son ligeros y resistentes, brindando una sensaci\u00f3n de frescura incluso en los partidos m\u00e1s exigentes.<\/span><\/p>\n<h3 class=\"\" data-start=\"1833\" data-end=\"1883\"><strong data-start=\"1837\" data-end=\"1881\"><span>Durabilidad sin comprometer la movilidad<\/span><\/strong><\/h3>\n<p class=\"\" data-start=\"1884\" data-end=\"2299\"><span>A pesar de su ligereza, el <\/span><strong data-start=\"1911\" data-end=\"1938\"><span>NikeCourt Zoom Vapor 11<\/span><\/strong><span> ha sido dise\u00f1ado para resistir el desgaste propio del juego. Su estructura reforzada y materiales de alta calidad aseguran una larga vida \u00fatil sin afectar la movilidad del pie. La suela exterior ha sido optimizada para proporcionar un excelente agarre en la cancha, facilitando movimientos precisos sin perder capacidad de deslizamiento cuando sea necesario.<\/span><\/p>\n<p>&nbsp;<\/p>\n","protected":false},"excerpt":{"rendered":"<p>El NikeCourt Zoom Vapor 11 es un calzado de tenis femenino dise\u00f1ado para ofrecer velocidad, estabilidad y comodidad en la<\/p>\n","protected":false},"featured_media":77902,"comment_status":"open","ping_status":"closed","template":"","meta":{"nf_dc_page":""},"product_brand":[],"product_cat":[73],"product_tag":[],"class_list":{"0":"post-77901","1":"product","2":"type-product","3":"status-publish","4":"has-post-thumbnail","6":"product_cat-femenino","8":"first","9":"instock","10":"shipping-taxable","11":"purchasable","12":"product-type-simple"},"_links":{"self":[{"href":"https:\/\/brandss.com.py\/index\/wp-json\/wp\/v2\/product\/77901","targetHints":{"allow":["GET"]}}],"collection":[{"href":"https:\/\/brandss.com.py\/index\/wp-json\/wp\/v2\/product"}],"about":[{"href":"https:\/\/brandss.com.py\/index\/wp-json\/wp\/v2\/types\/product"}],"replies":[{"embeddable":true,"href":"https:\/\/brandss.com.py\/index\/wp-json\/wp\/v2\/comments?post=77901"}],"version-history":[{"count":1,"href":"https:\/\/brandss.com.py\/index\/wp-json\/wp\/v2\/product\/77901\/revisions"}],"predecessor-version":[{"id":77909,"href":"https:\/\/brandss.com.py\/index\/wp-json\/wp\/v2\/product\/77901\/revisions\/77909"}],"wp:featuredmedia":[{"embeddable":true,"href":"https:\/\/brandss.com.py\/index\/wp-json\/wp\/v2\/media\/77902"}],"wp:attachment":[{"href":"https:\/\/brandss.com.py\/index\/wp-json\/wp\/v2\/media?parent=77901"}],"wp:term":[{"taxonomy":"product_brand","embeddable":true,"href":"https:\/\/brandss.com.py\/index\/wp-json\/wp\/v2\/product_brand?post=77901"},{"taxonomy":"product_cat","embeddable":true,"href":"https:\/\/brandss.com.py\/index\/wp-json\/wp\/v2\/product_cat?post=77901"},{"taxonomy":"product_tag","embeddable":true,"href":"https:\/\/brandss.com.py\/index\/wp-json\/wp\/v2\/product_tag?post=77901"}],"curies":[{"name":"wp","href":"https:\/\/api.w.org\/{rel}","templated":true}]}}