{"id":77910,"date":"2025-03-26T12:47:31","date_gmt":"2025-03-26T12:47:31","guid":{"rendered":"https:\/\/brandss.com.py\/index\/?post_type=product&#038;p=77910"},"modified":"2025-03-26T12:48:57","modified_gmt":"2025-03-26T12:48:57","slug":"calzado-casual-masculino-nike-air-force-1-07-lv8","status":"publish","type":"product","link":"https:\/\/brandss.com.py\/index\/producto\/calzado-casual-masculino-nike-air-force-1-07-lv8\/","title":{"rendered":"CALZADO CASUAL MASCULINO NIKE AIR FORCE 1 &#8217;07 LV8"},"content":{"rendered":"<p><img loading=\"lazy\" decoding=\"async\" class=\"\" src=\"https:\/\/1000marcas.net\/wp-content\/uploads\/2019\/11\/Logo-Nike.jpg\" alt=\"Logo de Nike: la historia y el significado del logotipo, la marca y el  s\u00edmbolo. | png, vector\" width=\"119\" height=\"67\" \/><\/p>\n<h1>AIR FORCE 1 &#8217;07 LV8<\/h1>\n<p><b>Air Force 1<\/b><\/p>\n<p>El Air Force 1, que debut\u00f3 en 1982 como un elemento imprescindible del basket, se convirti\u00f3 en el n\u00famero uno en los a\u00f1os 90. El look impecable del blanco sobre blanco cl\u00e1sico del AF1 triunf\u00f3 tanto en la cancha como en la calle y en muchos sitios m\u00e1s. El Air Force 1, que encontr\u00f3 su ritmo en la cultura del hiphop con el lanzamiento de colaboraciones y combinaciones de colores limitadas, se convirti\u00f3 en un calzado ic\u00f3nico en todo el mundo. Con m\u00e1s de 2,000 versiones, no puede negarse el impacto de este modelo b\u00e1sico en la moda, la m\u00fasica y la cultura del calzado deportivo.<\/p>\n<p><b>Beneficios<\/b><\/p>\n<ul>\n<li>Los revestimientos cosidos en la parte superior de cuero agregan durabilidad y estilo de herencia.<\/li>\n<li>Dise\u00f1ada originalmente para el basket de alto rendimiento, la amortiguaci\u00f3n Nike Air agrega comodidad ligera durante todo el d\u00eda.<\/li>\n<li>El estilo de corte low ofrece un look impecable y sencillo.<\/li>\n<\/ul>\n<p>&nbsp;<\/p>\n<p><b>Datos del producto<\/b><\/p>\n<ul>\n<li>Cuello acolchado.<\/li>\n<li>Perforaciones en la punta.<\/li>\n<li>Entresuela de espuma.<\/li>\n<li>Suela de goma.<\/li>\n<li><span class=\"nikear-store-components-0-x-specificationName nikear-store-components-0-x-specificationName--product-specification\">Color: <\/span><span class=\"nikear-store-components-0-x-specificationValue nikear-store-components-0-x-specificationValue--product-specification\">Blanco\/Blanco cumbre\/Fantasma.<\/span><\/li>\n<li>\n<div class=\"vtex-flex-layout-0-x-flexColChild vtex-flex-layout-0-x-flexColChild--pdp-centered-mobile vtex-flex-layout-0-x-flexColChild--product-col pb7\">\n<div class=\"nikear-store-components-0-x-specificationContainer flex\">\n<div class=\"nikear-store-components-0-x-specificationRow flex mb4\"><span class=\"vtex-product-identifier-0-x-product-identifier__label\">Modelo<\/span><span class=\"vtex-product-identifier-0-x-product-identifier__separator\">:\u00a0<\/span><span class=\"vtex-product-identifier-0-x-product-identifier__value\">FN5832-100.<\/span><\/div>\n<\/div>\n<\/div>\n<div class=\"vtex-flex-layout-0-x-flexColChild vtex-flex-layout-0-x-flexColChild--pdp-centered-mobile vtex-flex-layout-0-x-flexColChild--product-col pb7\"><\/div>\n<\/li>\n<li>\n<div class=\"vtex-flex-layout-0-x-flexColChild vtex-flex-layout-0-x-flexColChild--pdp-centered-mobile vtex-flex-layout-0-x-flexColChild--product-col pb7\">\n<div class=\"nikear-store-components-0-x-specificationRow flex mb4\"><span class=\"nikear-store-components-0-x-specificationName nikear-store-components-0-x-specificationName--product-specification\">Origen: <\/span><span class=\"nikear-store-components-0-x-specificationValue nikear-store-components-0-x-specificationValue--product-specification\">Indonesia.<\/span><\/div>\n<div class=\"nikear-store-components-0-x-specificationContainer flex\"><\/div>\n<\/div>\n<div class=\"vtex-flex-layout-0-x-flexColChild vtex-flex-layout-0-x-flexColChild--pdp-centered-mobile vtex-flex-layout-0-x-flexColChild--product-col pb7\"><\/div>\n<\/li>\n<\/ul>\n","protected":false},"excerpt":{"rendered":"<p>AIR FORCE 1 &#8217;07 LV8 Air Force 1 El Air Force 1, que debut\u00f3 en 1982 como un elemento imprescindible<\/p>\n","protected":false},"featured_media":77911,"comment_status":"open","ping_status":"closed","template":"","meta":{"nf_dc_page":""},"product_brand":[],"product_cat":[76],"product_tag":[],"class_list":{"0":"post-77910","1":"product","2":"type-product","3":"status-publish","4":"has-post-thumbnail","6":"product_cat-masculino","8":"first","9":"instock","10":"shipping-taxable","11":"purchasable","12":"product-type-simple"},"_links":{"self":[{"href":"https:\/\/brandss.com.py\/index\/wp-json\/wp\/v2\/product\/77910","targetHints":{"allow":["GET"]}}],"collection":[{"href":"https:\/\/brandss.com.py\/index\/wp-json\/wp\/v2\/product"}],"about":[{"href":"https:\/\/brandss.com.py\/index\/wp-json\/wp\/v2\/types\/product"}],"replies":[{"embeddable":true,"href":"https:\/\/brandss.com.py\/index\/wp-json\/wp\/v2\/comments?post=77910"}],"version-history":[{"count":1,"href":"https:\/\/brandss.com.py\/index\/wp-json\/wp\/v2\/product\/77910\/revisions"}],"predecessor-version":[{"id":77922,"href":"https:\/\/brandss.com.py\/index\/wp-json\/wp\/v2\/product\/77910\/revisions\/77922"}],"wp:featuredmedia":[{"embeddable":true,"href":"https:\/\/brandss.com.py\/index\/wp-json\/wp\/v2\/media\/77911"}],"wp:attachment":[{"href":"https:\/\/brandss.com.py\/index\/wp-json\/wp\/v2\/media?parent=77910"}],"wp:term":[{"taxonomy":"product_brand","embeddable":true,"href":"https:\/\/brandss.com.py\/index\/wp-json\/wp\/v2\/product_brand?post=77910"},{"taxonomy":"product_cat","embeddable":true,"href":"https:\/\/brandss.com.py\/index\/wp-json\/wp\/v2\/product_cat?post=77910"},{"taxonomy":"product_tag","embeddable":true,"href":"https:\/\/brandss.com.py\/index\/wp-json\/wp\/v2\/product_tag?post=77910"}],"curies":[{"name":"wp","href":"https:\/\/api.w.org\/{rel}","templated":true}]}}