{"id":77931,"date":"2025-03-26T13:23:34","date_gmt":"2025-03-26T13:23:34","guid":{"rendered":"https:\/\/brandss.com.py\/index\/?post_type=product&#038;p=77931"},"modified":"2025-03-26T13:23:56","modified_gmt":"2025-03-26T13:23:56","slug":"calzado-casual-masculino-nike-ja1-vacation","status":"publish","type":"product","link":"https:\/\/brandss.com.py\/index\/producto\/calzado-casual-masculino-nike-ja1-vacation\/","title":{"rendered":"CALZADO CASUAL MASCULINO NIKE JA1 &#8220;VACATION&#8221;"},"content":{"rendered":"<p><img loading=\"lazy\" decoding=\"async\" class=\"\" src=\"https:\/\/1000marcas.net\/wp-content\/uploads\/2019\/11\/Logo-Nike.jpg\" alt=\"Logo de Nike: la historia y el significado del logotipo, la ...\" width=\"293\" height=\"165\" \/><\/p>\n<div class=\"flex flex-1 grow basis-auto flex-col overflow-hidden\">\n<div class=\"relative h-full\">\n<div class=\"flex h-full flex-col overflow-y-auto [scrollbar-gutter:stable]\">\n<div class=\"mt-1.5 flex flex-col text-sm @thread-xl\/thread:pt-header-height md:pb-9\">\n<article class=\"w-full text-token-text-primary\" dir=\"auto\" data-testid=\"conversation-turn-4\" data-scroll-anchor=\"true\">\n<div class=\"text-base my-auto mx-auto py-5 px-6\">\n<div class=\"mx-auto flex flex-1 text-base gap-4 md:gap-5 lg:gap-6 md:max-w-3xl group\/turn-messages focus-visible:outline-none\">\n<div class=\"group\/conversation-turn relative flex w-full min-w-0 flex-col agent-turn @xs\/thread:px-0 @sm\/thread:px-1.5 @md\/thread:px-4\">\n<div class=\"relative flex-col gap-1 md:gap-3\">\n<div class=\"flex max-w-full flex-col flex-grow\">\n<div class=\"min-h-8 text-message relative flex w-full flex-col items-end gap-2 whitespace-normal break-words text-start [.text-message+&amp;]:mt-5\" dir=\"auto\" data-message-author-role=\"assistant\" data-message-id=\"0f090545-a166-4a1d-8933-7a5d87d4917d\" data-message-model-slug=\"gpt-4o\">\n<div class=\"flex w-full flex-col gap-1 empty:hidden first:pt-[3px]\">\n<div class=\"markdown prose w-full break-words dark:prose-invert light\">\n<h1 data-start=\"0\" data-end=\"62\"><strong data-start=\"4\" data-end=\"60\">Nike Ja 1 &#8220;Vacation&#8221; \u2013<\/strong><\/h1>\n<p class=\"\" data-start=\"64\" data-end=\"248\">Los <strong data-start=\"68\" data-end=\"92\">Nike Ja 1 &#8220;Vacation&#8221;<\/strong> son los primeros tenis exclusivos de <strong data-start=\"130\" data-end=\"143\">Ja Morant<\/strong>, dise\u00f1ados para brindar <strong data-start=\"168\" data-end=\"203\">comodidad, rendimiento y estilo<\/strong> dentro y fuera de la cancha de baloncesto.<\/p>\n<hr class=\"\" data-start=\"250\" data-end=\"253\" \/>\n<h3 class=\"\" data-start=\"255\" data-end=\"293\"><strong data-start=\"259\" data-end=\"291\">Caracter\u00edsticas principales:<\/strong><\/h3>\n<p class=\"\" data-start=\"295\" data-end=\"310\">\u2705 <strong data-start=\"297\" data-end=\"308\">Dise\u00f1o:<\/strong><\/p>\n<ul data-start=\"311\" data-end=\"536\">\n<li class=\"\" data-start=\"311\" data-end=\"358\">\n<p class=\"\" data-start=\"313\" data-end=\"358\">Corte <strong data-start=\"319\" data-end=\"327\">bajo<\/strong>, ideal para mayor movilidad.<\/p>\n<\/li>\n<li class=\"\" data-start=\"359\" data-end=\"431\">\n<p class=\"\" data-start=\"361\" data-end=\"431\">Estilo <strong data-start=\"368\" data-end=\"390\">moderno y vers\u00e1til<\/strong>, adecuado para uso casual y deportivo.<\/p>\n<\/li>\n<li class=\"\" data-start=\"432\" data-end=\"536\">\n<p class=\"\" data-start=\"434\" data-end=\"536\">Colores: <strong data-start=\"443\" data-end=\"474\">Blanco hueso, caqui y negro<\/strong>, con detalles del logo Nike en los laterales y la leng\u00fceta.<\/p>\n<\/li>\n<\/ul>\n<p class=\"\" data-start=\"538\" data-end=\"557\">\u2705 <strong data-start=\"540\" data-end=\"555\">Materiales:<\/strong><\/p>\n<ul data-start=\"558\" data-end=\"710\">\n<li class=\"\" data-start=\"558\" data-end=\"642\">\n<p class=\"\" data-start=\"560\" data-end=\"642\"><strong data-start=\"560\" data-end=\"587\">Parte superior en malla<\/strong>, lo que proporciona <strong data-start=\"608\" data-end=\"639\">transpirabilidad y frescura<\/strong>.<\/p>\n<\/li>\n<li class=\"\" data-start=\"643\" data-end=\"710\">\n<p class=\"\" data-start=\"645\" data-end=\"710\"><strong data-start=\"645\" data-end=\"674\">Revestimientos sint\u00e9ticos<\/strong> para mayor durabilidad y soporte.<\/p>\n<\/li>\n<\/ul>\n<p class=\"\" data-start=\"712\" data-end=\"744\">\u2705 <strong data-start=\"714\" data-end=\"742\">Comodidad y rendimiento:<\/strong><\/p>\n<ul data-start=\"745\" data-end=\"1010\">\n<li class=\"\" data-start=\"745\" data-end=\"848\">\n<p class=\"\" data-start=\"747\" data-end=\"848\"><strong data-start=\"747\" data-end=\"783\">Unidad Air Zoom en la entresuela<\/strong>, que ofrece <strong data-start=\"796\" data-end=\"822\">amortiguaci\u00f3n reactiva<\/strong> y absorci\u00f3n de impacto.<\/p>\n<\/li>\n<li class=\"\" data-start=\"849\" data-end=\"919\">\n<p class=\"\" data-start=\"851\" data-end=\"919\"><strong data-start=\"851\" data-end=\"875\">Mediasuela de espuma<\/strong>, ligera y flexible, para mayor comodidad.<\/p>\n<\/li>\n<li class=\"\" data-start=\"920\" data-end=\"1010\">\n<p class=\"\" data-start=\"922\" data-end=\"1010\"><strong data-start=\"922\" data-end=\"962\">Suela de goma con patr\u00f3n de tracci\u00f3n<\/strong>, dise\u00f1ada para un agarre \u00f3ptimo en la cancha.<\/p>\n<\/li>\n<\/ul>\n<p class=\"\" data-start=\"1012\" data-end=\"1037\">\u2705 <strong data-start=\"1014\" data-end=\"1035\">Ajuste y soporte:<\/strong><\/p>\n<ul data-start=\"1038\" data-end=\"1176\">\n<li class=\"\" data-start=\"1038\" data-end=\"1112\">\n<p class=\"\" data-start=\"1040\" data-end=\"1112\"><strong data-start=\"1040\" data-end=\"1063\">Cierre con agujetas<\/strong>, que permite un ajuste seguro y personalizado.<\/p>\n<\/li>\n<li class=\"\" data-start=\"1113\" data-end=\"1176\">\n<p class=\"\" data-start=\"1115\" data-end=\"1176\"><strong data-start=\"1115\" data-end=\"1140\">Refuerzos en el tal\u00f3n<\/strong>, brindando estabilidad adicional.<\/p>\n<\/li>\n<\/ul>\n<hr class=\"\" data-start=\"1178\" data-end=\"1181\" \/>\n<h3 class=\"\" data-start=\"1183\" data-end=\"1209\"><strong data-start=\"1187\" data-end=\"1207\">Uso recomendado:<\/strong><\/h3>\n<p class=\"\" data-start=\"1210\" data-end=\"1397\">\u2714 <strong data-start=\"1212\" data-end=\"1227\">Baloncesto:<\/strong> Su dise\u00f1o permite cambios de direcci\u00f3n r\u00e1pidos y un alto nivel de amortiguaci\u00f3n.<br data-start=\"1308\" data-end=\"1311\" \/>\u2714 <strong data-start=\"1313\" data-end=\"1328\">Uso casual:<\/strong> Gracias a su estilo moderno, combinan bien con diferentes outfits.<\/p>\n<p class=\"\" data-start=\"1399\" data-end=\"1552\">Los <strong data-start=\"1403\" data-end=\"1427\">Nike Ja 1 &#8220;Vacation&#8221;<\/strong> combinan <strong data-start=\"1437\" data-end=\"1470\">tecnolog\u00eda y dise\u00f1o innovador<\/strong>, siendo una opci\u00f3n ideal para jugadores que buscan <strong data-start=\"1522\" data-end=\"1546\">rendimiento y estilo<\/strong>.<\/p>\n<\/div>\n<\/div>\n<\/div>\n<\/div>\n<\/div>\n<\/div>\n<\/div>\n<\/div>\n<\/article>\n<\/div>\n<\/div>\n<\/div>\n<\/div>\n","protected":false},"excerpt":{"rendered":"<p>Nike Ja 1 &#8220;Vacation&#8221; \u2013 Los Nike Ja 1 &#8220;Vacation&#8221; son los primeros tenis exclusivos de Ja Morant, dise\u00f1ados para<\/p>\n","protected":false},"featured_media":77932,"comment_status":"open","ping_status":"closed","template":"","meta":{"nf_dc_page":""},"product_brand":[],"product_cat":[76],"product_tag":[],"class_list":{"0":"post-77931","1":"product","2":"type-product","3":"status-publish","4":"has-post-thumbnail","6":"product_cat-masculino","8":"first","9":"instock","10":"shipping-taxable","11":"purchasable","12":"product-type-simple"},"_links":{"self":[{"href":"https:\/\/brandss.com.py\/index\/wp-json\/wp\/v2\/product\/77931","targetHints":{"allow":["GET"]}}],"collection":[{"href":"https:\/\/brandss.com.py\/index\/wp-json\/wp\/v2\/product"}],"about":[{"href":"https:\/\/brandss.com.py\/index\/wp-json\/wp\/v2\/types\/product"}],"replies":[{"embeddable":true,"href":"https:\/\/brandss.com.py\/index\/wp-json\/wp\/v2\/comments?post=77931"}],"version-history":[{"count":1,"href":"https:\/\/brandss.com.py\/index\/wp-json\/wp\/v2\/product\/77931\/revisions"}],"predecessor-version":[{"id":77940,"href":"https:\/\/brandss.com.py\/index\/wp-json\/wp\/v2\/product\/77931\/revisions\/77940"}],"wp:featuredmedia":[{"embeddable":true,"href":"https:\/\/brandss.com.py\/index\/wp-json\/wp\/v2\/media\/77932"}],"wp:attachment":[{"href":"https:\/\/brandss.com.py\/index\/wp-json\/wp\/v2\/media?parent=77931"}],"wp:term":[{"taxonomy":"product_brand","embeddable":true,"href":"https:\/\/brandss.com.py\/index\/wp-json\/wp\/v2\/product_brand?post=77931"},{"taxonomy":"product_cat","embeddable":true,"href":"https:\/\/brandss.com.py\/index\/wp-json\/wp\/v2\/product_cat?post=77931"},{"taxonomy":"product_tag","embeddable":true,"href":"https:\/\/brandss.com.py\/index\/wp-json\/wp\/v2\/product_tag?post=77931"}],"curies":[{"name":"wp","href":"https:\/\/api.w.org\/{rel}","templated":true}]}}