{"id":77951,"date":"2025-03-26T13:51:01","date_gmt":"2025-03-26T13:51:01","guid":{"rendered":"https:\/\/brandss.com.py\/index\/?post_type=product&#038;p=77951"},"modified":"2025-07-24T10:45:02","modified_gmt":"2025-07-24T10:45:02","slug":"calzado-casual-masculino-nike-flex-experience-run","status":"publish","type":"product","link":"https:\/\/brandss.com.py\/index\/producto\/calzado-casual-masculino-nike-flex-experience-run\/","title":{"rendered":"CALZADO CASUAL MASCULINO NIKE FLEX EXPERIENCE RUN"},"content":{"rendered":"<p><img loading=\"lazy\" decoding=\"async\" class=\"\" src=\"https:\/\/1000marcas.net\/wp-content\/uploads\/2019\/11\/Logo-Nike.jpg\" alt=\"Logo de Nike: la historia y el significado del logotipo, la ...\" width=\"381\" height=\"214\" \/><\/p>\n<div class=\"flex flex-1 grow basis-auto flex-col overflow-hidden\">\n<div class=\"relative h-full\">\n<div class=\"flex h-full flex-col overflow-y-auto [scrollbar-gutter:stable]\">\n<div class=\"mt-1.5 flex flex-col text-sm @thread-xl\/thread:pt-header-height md:pb-9\">\n<article class=\"w-full text-token-text-primary\" dir=\"auto\" data-testid=\"conversation-turn-8\" data-scroll-anchor=\"true\">\n<div class=\"text-base my-auto mx-auto py-5 px-6\">\n<div class=\"mx-auto flex flex-1 text-base gap-4 md:gap-5 lg:gap-6 md:max-w-3xl group\/turn-messages focus-visible:outline-none\">\n<div class=\"group\/conversation-turn relative flex w-full min-w-0 flex-col agent-turn @xs\/thread:px-0 @sm\/thread:px-1.5 @md\/thread:px-4\">\n<div class=\"relative flex-col gap-1 md:gap-3\">\n<div class=\"flex max-w-full flex-col flex-grow\">\n<div class=\"min-h-8 text-message relative flex w-full flex-col items-end gap-2 whitespace-normal break-words text-start [.text-message+&amp;]:mt-5\" dir=\"auto\" data-message-author-role=\"assistant\" data-message-id=\"784a35e8-588f-4a86-9485-d258bd2ffc47\" data-message-model-slug=\"gpt-4o\">\n<div class=\"flex w-full flex-col gap-1 empty:hidden first:pt-[3px]\">\n<div class=\"markdown prose w-full break-words dark:prose-invert light\">\n<h1 data-start=\"0\" data-end=\"69\"><strong data-start=\"4\" data-end=\"67\">Nike Flex Experience Run 11 \u2013\u00a0<\/strong><\/h1>\n<p class=\"\" data-start=\"71\" data-end=\"355\">Los <strong data-start=\"75\" data-end=\"106\">Nike Flex Experience Run 11<\/strong> son tenis dise\u00f1ados para <strong data-start=\"132\" data-end=\"156\">running y uso diario<\/strong>, ofreciendo <strong data-start=\"169\" data-end=\"207\">comodidad, flexibilidad y ligereza<\/strong>. Su dise\u00f1o moderno incorpora materiales sostenibles, convirti\u00e9ndolos en una opci\u00f3n ideal para quienes buscan un calzado <strong data-start=\"328\" data-end=\"352\">vers\u00e1til y ecol\u00f3gico<\/strong>.<\/p>\n<hr class=\"\" data-start=\"357\" data-end=\"360\" \/>\n<h3 class=\"\" data-start=\"362\" data-end=\"400\"><strong data-start=\"366\" data-end=\"398\">Caracter\u00edsticas principales:<\/strong><\/h3>\n<p class=\"\" data-start=\"402\" data-end=\"430\">\u2705 <strong data-start=\"404\" data-end=\"428\">Dise\u00f1o y Materiales:<\/strong><\/p>\n<ul data-start=\"431\" data-end=\"700\">\n<li class=\"\" data-start=\"431\" data-end=\"510\">\n<p class=\"\" data-start=\"433\" data-end=\"510\"><strong data-start=\"433\" data-end=\"460\">Parte superior de malla<\/strong> para una mayor <strong data-start=\"476\" data-end=\"496\">transpirabilidad<\/strong> y frescura.<\/p>\n<\/li>\n<li class=\"\" data-start=\"511\" data-end=\"606\">\n<p class=\"\" data-start=\"513\" data-end=\"606\">Materiales <strong data-start=\"524\" data-end=\"539\">Next Nature<\/strong>, con elementos reciclados para <strong data-start=\"571\" data-end=\"603\">reducir el impacto ambiental<\/strong>.<\/p>\n<\/li>\n<li class=\"\" data-start=\"607\" data-end=\"700\">\n<p class=\"\" data-start=\"609\" data-end=\"700\"><strong data-start=\"609\" data-end=\"642\">Dise\u00f1o minimalista y elegante<\/strong>, ideal para combinar con outfits deportivos y casuales.<\/p>\n<\/li>\n<\/ul>\n<p class=\"\" data-start=\"702\" data-end=\"729\">\u2705 <strong data-start=\"704\" data-end=\"727\">Comodidad y Ajuste:<\/strong><\/p>\n<ul data-start=\"730\" data-end=\"975\">\n<li class=\"\" data-start=\"730\" data-end=\"812\">\n<p class=\"\" data-start=\"732\" data-end=\"812\"><strong data-start=\"732\" data-end=\"766\">Sistema de ajuste con cordones<\/strong>, proporcionando <strong data-start=\"783\" data-end=\"809\">sujeci\u00f3n personalizada<\/strong>.<\/p>\n<\/li>\n<li class=\"\" data-start=\"813\" data-end=\"879\">\n<p class=\"\" data-start=\"815\" data-end=\"879\"><strong data-start=\"815\" data-end=\"844\">Forro interno acolchonado<\/strong>, brindando confort en cada paso.<\/p>\n<\/li>\n<li class=\"\" data-start=\"880\" data-end=\"975\">\n<p class=\"\" data-start=\"882\" data-end=\"975\"><strong data-start=\"882\" data-end=\"914\">Leng\u00fceta y cuello acolchados<\/strong>, reduciendo la fricci\u00f3n y mejorando la experiencia de uso.<\/p>\n<\/li>\n<\/ul>\n<p class=\"\" data-start=\"977\" data-end=\"1007\">\u2705 <strong data-start=\"979\" data-end=\"1005\">Amortiguaci\u00f3n y Suela:<\/strong><\/p>\n<ul data-start=\"1008\" data-end=\"1290\">\n<li class=\"\" data-start=\"1008\" data-end=\"1121\">\n<p class=\"\" data-start=\"1010\" data-end=\"1121\"><strong data-start=\"1010\" data-end=\"1041\">Mediasuela de espuma ligera<\/strong>, que ofrece una amortiguaci\u00f3n suave para carreras de corta y media distancia.<\/p>\n<\/li>\n<li class=\"\" data-start=\"1122\" data-end=\"1214\">\n<p class=\"\" data-start=\"1124\" data-end=\"1214\"><strong data-start=\"1124\" data-end=\"1164\">Suela exterior con ranuras flexibles<\/strong>, permitiendo un <strong data-start=\"1181\" data-end=\"1211\">movimiento natural del pie<\/strong>.<\/p>\n<\/li>\n<li class=\"\" data-start=\"1215\" data-end=\"1290\">\n<p class=\"\" data-start=\"1217\" data-end=\"1290\"><strong data-start=\"1217\" data-end=\"1247\">Goma en zonas estrat\u00e9gicas<\/strong>, mejorando la tracci\u00f3n y la durabilidad.<\/p>\n<\/li>\n<\/ul>\n<p class=\"\" data-start=\"1292\" data-end=\"1323\">\u2705 <strong data-start=\"1294\" data-end=\"1321\">Peso y Uso Recomendado:<\/strong><\/p>\n<ul data-start=\"1324\" data-end=\"1440\">\n<li class=\"\" data-start=\"1324\" data-end=\"1386\">\n<p class=\"\" data-start=\"1326\" data-end=\"1386\"><strong data-start=\"1326\" data-end=\"1346\">Peso aproximado:<\/strong> 232 gramos (dependiendo de la talla).<\/p>\n<\/li>\n<li class=\"\" data-start=\"1387\" data-end=\"1440\">\n<p class=\"\" data-start=\"1389\" data-end=\"1440\">Ideales para <strong data-start=\"1402\" data-end=\"1437\">running, caminatas y uso diario<\/strong>.<\/p>\n<\/li>\n<\/ul>\n<p class=\"\" data-start=\"1442\" data-end=\"1631\">Los <strong data-start=\"1446\" data-end=\"1477\">Nike Flex Experience Run 11<\/strong> destacan por su <strong data-start=\"1494\" data-end=\"1540\">ligereza, flexibilidad y dise\u00f1o sostenible<\/strong>, siendo una gran opci\u00f3n para quienes buscan <strong data-start=\"1585\" data-end=\"1612\">comodidad y rendimiento<\/strong> en cada paso. \ud83d\udc5f\ud83d\udd25<\/p>\n<\/div>\n<\/div>\n<\/div>\n<\/div>\n<div class=\"flex absolute left-0 right-0 flex justify-start\"><\/div>\n<\/div>\n<\/div>\n<\/div>\n<\/div>\n<\/article>\n<\/div>\n<\/div>\n<\/div>\n<\/div>\n<div class=\"isolate w-full basis-auto has-[[data-has-thread-error]]:pt-2 has-[[data-has-thread-error]]:[box-shadow:var(--sharp-edge-bottom-shadow)] dark:border-white\/20 md:border-transparent md:pt-0 md:dark:border-transparent\">\n<div class=\"text-base mx-auto px-3 md:px-4 w-full md:px-5 lg:px-4 xl:px-5\">\n<div class=\"mx-auto flex flex-1 text-base gap-4 md:gap-5 lg:gap-6 md:max-w-3xl\">\n<div class=\"relative z-[1] flex max-w-full flex-1 flex-col h-full\" aria-expanded=\"false\" aria-controls=\"radix-:R3opcfaadkklj5:\" data-state=\"closed\">\n<div class=\"flex w-full cursor-text flex-col items-center justify-center rounded-[28px] border border-token-border-xlight contain-inline-size overflow-clip shadow-sm dark:!shadow-none sm:shadow-lg bg-token-main-surface-primary dark:bg-[#303030]\">\n<div class=\"relative flex w-full items-end py-3 pl-3\">\n<div class=\"absolute left-4 top-3 ml-[1px] flex items-center pb-px\">\n<div class=\"flex flex-1 grow basis-auto flex-col overflow-hidden\">\n<div class=\"relative h-full\">\n<div class=\"flex h-full flex-col overflow-y-auto [scrollbar-gutter:stable]\">\n<div class=\"mt-1.5 flex flex-col text-sm @thread-xl\/thread:pt-header-height md:pb-9\">\n<article class=\"w-full text-token-text-primary\" dir=\"auto\" data-testid=\"conversation-turn-8\" data-scroll-anchor=\"true\">\n<div class=\"text-base my-auto mx-auto py-5 px-6\">\n<div class=\"mx-auto flex flex-1 text-base gap-4 md:gap-5 lg:gap-6 md:max-w-3xl group\/turn-messages focus-visible:outline-none\">\n<div class=\"group\/conversation-turn relative flex w-full min-w-0 flex-col agent-turn @xs\/thread:px-0 @sm\/thread:px-1.5 @md\/thread:px-4\">\n<div class=\"relative flex-col gap-1 md:gap-3\">\n<div class=\"flex max-w-full flex-col flex-grow\">\n<div class=\"min-h-8 text-message relative flex w-full flex-col items-end gap-2 whitespace-normal break-words text-start [.text-message+&amp;]:mt-5\" dir=\"auto\" data-message-author-role=\"assistant\" data-message-id=\"784a35e8-588f-4a86-9485-d258bd2ffc47\" data-message-model-slug=\"gpt-4o\">\n<div class=\"flex w-full flex-col gap-1 empty:hidden first:pt-[3px]\">\n<div class=\"markdown prose w-full break-words dark:prose-invert light\">\n<p class=\"\" data-start=\"1442\" data-end=\"1631\">\n<\/div>\n<\/div>\n<\/div>\n<\/div>\n<\/div>\n<\/div>\n<\/div>\n<\/div>\n<\/article>\n<\/div>\n<\/div>\n<\/div>\n<\/div>\n<\/div>\n<\/div>\n<\/div>\n<\/div>\n<\/div>\n<\/div>\n<\/div>\n<p>&nbsp;<\/p>\n","protected":false},"excerpt":{"rendered":"<p>Nike Flex Experience Run 11 \u2013\u00a0 Los Nike Flex Experience Run 11 son tenis dise\u00f1ados para running y uso diario,<\/p>\n","protected":false},"featured_media":77952,"comment_status":"open","ping_status":"closed","template":"","meta":{"nf_dc_page":""},"product_brand":[],"product_cat":[76],"product_tag":[],"class_list":{"0":"post-77951","1":"product","2":"type-product","3":"status-publish","4":"has-post-thumbnail","6":"product_cat-masculino","8":"first","9":"instock","10":"shipping-taxable","11":"purchasable","12":"product-type-simple"},"_links":{"self":[{"href":"https:\/\/brandss.com.py\/index\/wp-json\/wp\/v2\/product\/77951","targetHints":{"allow":["GET"]}}],"collection":[{"href":"https:\/\/brandss.com.py\/index\/wp-json\/wp\/v2\/product"}],"about":[{"href":"https:\/\/brandss.com.py\/index\/wp-json\/wp\/v2\/types\/product"}],"replies":[{"embeddable":true,"href":"https:\/\/brandss.com.py\/index\/wp-json\/wp\/v2\/comments?post=77951"}],"version-history":[{"count":1,"href":"https:\/\/brandss.com.py\/index\/wp-json\/wp\/v2\/product\/77951\/revisions"}],"predecessor-version":[{"id":77961,"href":"https:\/\/brandss.com.py\/index\/wp-json\/wp\/v2\/product\/77951\/revisions\/77961"}],"wp:featuredmedia":[{"embeddable":true,"href":"https:\/\/brandss.com.py\/index\/wp-json\/wp\/v2\/media\/77952"}],"wp:attachment":[{"href":"https:\/\/brandss.com.py\/index\/wp-json\/wp\/v2\/media?parent=77951"}],"wp:term":[{"taxonomy":"product_brand","embeddable":true,"href":"https:\/\/brandss.com.py\/index\/wp-json\/wp\/v2\/product_brand?post=77951"},{"taxonomy":"product_cat","embeddable":true,"href":"https:\/\/brandss.com.py\/index\/wp-json\/wp\/v2\/product_cat?post=77951"},{"taxonomy":"product_tag","embeddable":true,"href":"https:\/\/brandss.com.py\/index\/wp-json\/wp\/v2\/product_tag?post=77951"}],"curies":[{"name":"wp","href":"https:\/\/api.w.org\/{rel}","templated":true}]}}