{"id":77987,"date":"2025-03-26T17:04:47","date_gmt":"2025-03-26T17:04:47","guid":{"rendered":"https:\/\/brandss.com.py\/index\/?post_type=product&#038;p=77987"},"modified":"2026-03-18T12:25:29","modified_gmt":"2026-03-18T12:25:29","slug":"calzado-deportivo-femenino-nike-zoom-vomero-5","status":"publish","type":"product","link":"https:\/\/brandss.com.py\/index\/producto\/calzado-deportivo-femenino-nike-zoom-vomero-5\/","title":{"rendered":"CALZADO DEPORTIVO FEMENINO NIKE ZOOM VOMERO 5"},"content":{"rendered":"<p><img loading=\"lazy\" decoding=\"async\" class=\"\" src=\"https:\/\/1000marcas.net\/wp-content\/uploads\/2019\/11\/Logo-Nike.jpg\" alt=\"Logo de Nike: la historia y el significado del logotipo, la marca y el  s\u00edmbolo. | png, vector\" width=\"94\" height=\"53\" \/><\/p>\n<h1>ZOOM VOMERO 5<\/h1>\n<div class=\"experience-component experience-productText\">\n<div class=\"product-text-wrapper hide-empty  \">\n<div class=\"product-text-content     \">\n<div class=\"product-text  released    \" data-product-field=\"longDescription\">\n<div class=\"pi-tier3\">\n<div class=\"pi-pdpmainbody\">\n<p>Forja un nuevo camino con el Zoom Vomero 5: tu favorito por su dise\u00f1o complejo, profundo y f\u00e1cil de combinar. Este calzado presume una est\u00e9tica vintage que es un toque retro perfecto de los runners de principios de siglo. El dise\u00f1o de ricas capas incluye telas, cuero y detalles pl\u00e1sticos que se unen para crear uno de los calzados m\u00e1s geniales de la temporada.<\/p>\n<p><b>Beneficios<\/b><\/p>\n<ul>\n<li>Parte superior que combina cuero real y sint\u00e9tico para ofrecer un look a capas dise\u00f1ado para durar.<\/li>\n<li>Los paneles de malla y los puertos de ventilaci\u00f3n en el tal\u00f3n lo mantienen ligero y transpirable.<\/li>\n<li>La amortiguaci\u00f3n Zoom Air, r\u00e1pida y responsiva, ayuda a proporcionar una sensaci\u00f3n de rapidez al despegar del suelo.<\/li>\n<li>La moldura de pl\u00e1stico en el costado agrega una sensaci\u00f3n de soporte.<\/li>\n<li>La suela de goma ofrece una tracci\u00f3n duradera.<\/li>\n<\/ul>\n<p><b>Datos del producto<\/b><\/p>\n<ul>\n<li>Logotipo Swoosh metalizado<\/li>\n<li>Detalles reflejantes<\/li>\n<li>Este producto no est\u00e1 dise\u00f1ado para usarse como equipo de protecci\u00f3n personal (EPP)<\/li>\n<\/ul>\n<p><b>Zoom Air<\/b><\/p>\n<p>La amortiguaci\u00f3n Zoom Air, r\u00e1pida y responsiva, ayuda a proporcionar una sensaci\u00f3n de rapidez al despegar del suelo. Est\u00e1 confeccionada con fibras de tracci\u00f3n, el\u00e1sticas y tejidas dentro de una unidad Nike Air a presi\u00f3n, y as\u00ed permite a los atletas de todo el mundo encontrar su m\u00e1xima velocidad.<\/p>\n<\/div>\n<\/div>\n<\/div>\n<\/div>\n<\/div>\n<\/div>\n<div class=\"experience-component experience-productText\">\n<div class=\"product-text-wrapper hide-empty  \">\n<div class=\"product-text-content  product-text-inline    \">\n<div class=\"product-text-label\">Color: Blanco Perla\/Hueso Claro\/Mena De Hierro Claro\/Cromo<\/div>\n<\/div>\n<\/div>\n<\/div>\n<div class=\"experience-component experience-productText\">\n<div class=\"product-text-wrapper hide-empty  \">\n<div class=\"product-text-title\"><\/div>\n<div class=\"product-text-content  product-text-inline    \">\u00a0Modelo: FN6742-200<\/div>\n<\/div>\n<\/div>\n","protected":false},"excerpt":{"rendered":"<p>ZOOM VOMERO 5 Forja un nuevo camino con el Zoom Vomero 5: tu favorito por su dise\u00f1o complejo, profundo y<\/p>\n","protected":false},"featured_media":77988,"comment_status":"open","ping_status":"closed","template":"","meta":{"nf_dc_page":""},"product_brand":[],"product_cat":[73],"product_tag":[],"class_list":{"0":"post-77987","1":"product","2":"type-product","3":"status-publish","4":"has-post-thumbnail","6":"product_cat-femenino","8":"first","9":"outofstock","10":"shipping-taxable","11":"purchasable","12":"product-type-simple"},"_links":{"self":[{"href":"https:\/\/brandss.com.py\/index\/wp-json\/wp\/v2\/product\/77987","targetHints":{"allow":["GET"]}}],"collection":[{"href":"https:\/\/brandss.com.py\/index\/wp-json\/wp\/v2\/product"}],"about":[{"href":"https:\/\/brandss.com.py\/index\/wp-json\/wp\/v2\/types\/product"}],"replies":[{"embeddable":true,"href":"https:\/\/brandss.com.py\/index\/wp-json\/wp\/v2\/comments?post=77987"}],"version-history":[{"count":1,"href":"https:\/\/brandss.com.py\/index\/wp-json\/wp\/v2\/product\/77987\/revisions"}],"predecessor-version":[{"id":78000,"href":"https:\/\/brandss.com.py\/index\/wp-json\/wp\/v2\/product\/77987\/revisions\/78000"}],"wp:featuredmedia":[{"embeddable":true,"href":"https:\/\/brandss.com.py\/index\/wp-json\/wp\/v2\/media\/77988"}],"wp:attachment":[{"href":"https:\/\/brandss.com.py\/index\/wp-json\/wp\/v2\/media?parent=77987"}],"wp:term":[{"taxonomy":"product_brand","embeddable":true,"href":"https:\/\/brandss.com.py\/index\/wp-json\/wp\/v2\/product_brand?post=77987"},{"taxonomy":"product_cat","embeddable":true,"href":"https:\/\/brandss.com.py\/index\/wp-json\/wp\/v2\/product_cat?post=77987"},{"taxonomy":"product_tag","embeddable":true,"href":"https:\/\/brandss.com.py\/index\/wp-json\/wp\/v2\/product_tag?post=77987"}],"curies":[{"name":"wp","href":"https:\/\/api.w.org\/{rel}","templated":true}]}}