{"id":78001,"date":"2025-03-26T17:10:34","date_gmt":"2025-03-26T17:10:34","guid":{"rendered":"https:\/\/brandss.com.py\/index\/?post_type=product&#038;p=78001"},"modified":"2025-03-26T17:11:06","modified_gmt":"2025-03-26T17:11:06","slug":"calzado-casual-masculino-nike-blazer-mid-77-se","status":"publish","type":"product","link":"https:\/\/brandss.com.py\/index\/producto\/calzado-casual-masculino-nike-blazer-mid-77-se\/","title":{"rendered":"CALZADO CASUAL MASCULINO NIKE BLAZER MID &#8217;77 SE"},"content":{"rendered":"<p><img loading=\"lazy\" decoding=\"async\" class=\"\" src=\"https:\/\/1000marcas.net\/wp-content\/uploads\/2019\/11\/Logo-Nike.jpg\" alt=\"Logo de Nike: la historia y el significado del logotipo, la ...\" width=\"388\" height=\"218\" \/><\/p>\n<h1 data-start=\"0\" data-end=\"64\"><strong data-start=\"4\" data-end=\"62\">Nike Blazer Mid &#8217;77 SE \u2013\u00a0<\/strong><\/h1>\n<p class=\"\" data-start=\"66\" data-end=\"445\">Los <strong data-start=\"70\" data-end=\"96\">Nike Blazer Mid &#8217;77 SE<\/strong> son una versi\u00f3n especial de los cl\u00e1sicos tenis de baloncesto de los a\u00f1os 70. Combinan un <strong data-start=\"186\" data-end=\"224\">dise\u00f1o retro con detalles modernos<\/strong>, ofreciendo <strong data-start=\"237\" data-end=\"275\">durabilidad, estilo y versatilidad<\/strong>. Su estructura de <strong data-start=\"294\" data-end=\"308\">ca\u00f1a media<\/strong> proporciona un ajuste c\u00f3modo y soporte adicional, haci\u00e9ndolos ideales tanto para el <strong data-start=\"393\" data-end=\"442\">uso diario como para looks urbanos y casuales<\/strong>.<\/p>\n<hr class=\"\" data-start=\"447\" data-end=\"450\" \/>\n<h3 class=\"\" data-start=\"452\" data-end=\"490\"><strong data-start=\"456\" data-end=\"488\">Caracter\u00edsticas principales:<\/strong><\/h3>\n<p class=\"\" data-start=\"492\" data-end=\"520\">\u2705 <strong data-start=\"494\" data-end=\"518\">Dise\u00f1o y Materiales:<\/strong><\/p>\n<ul data-start=\"521\" data-end=\"808\">\n<li class=\"\" data-start=\"521\" data-end=\"625\">\n<p class=\"\" data-start=\"523\" data-end=\"625\"><strong data-start=\"523\" data-end=\"570\">Parte superior de cuero premium y sint\u00e9tico<\/strong>, que brinda un aspecto elegante y mayor durabilidad.<\/p>\n<\/li>\n<li class=\"\" data-start=\"626\" data-end=\"725\">\n<p class=\"\" data-start=\"628\" data-end=\"725\"><strong data-start=\"628\" data-end=\"648\">Detalles vintage<\/strong>, como cuero agrietado y acabados desgastados para un look retro aut\u00e9ntico.<\/p>\n<\/li>\n<li class=\"\" data-start=\"726\" data-end=\"808\">\n<p class=\"\" data-start=\"728\" data-end=\"808\"><strong data-start=\"728\" data-end=\"759\">Leng\u00fceta de espuma expuesta<\/strong>, a\u00f1adiendo un toque cl\u00e1sico y mayor comodidad.<\/p>\n<\/li>\n<\/ul>\n<p class=\"\" data-start=\"810\" data-end=\"837\">\u2705 <strong data-start=\"812\" data-end=\"835\">Comodidad y Ajuste:<\/strong><\/p>\n<ul data-start=\"838\" data-end=\"1071\">\n<li class=\"\" data-start=\"838\" data-end=\"910\">\n<p class=\"\" data-start=\"840\" data-end=\"910\"><strong data-start=\"840\" data-end=\"869\">Forro interno acolchonado<\/strong>, proporcionando suavidad en cada paso.<\/p>\n<\/li>\n<li class=\"\" data-start=\"911\" data-end=\"997\">\n<p class=\"\" data-start=\"913\" data-end=\"997\"><strong data-start=\"913\" data-end=\"948\">Sistema de cordones tradicional<\/strong>, permitiendo un ajuste seguro y personalizado.<\/p>\n<\/li>\n<li class=\"\" data-start=\"998\" data-end=\"1071\">\n<p class=\"\" data-start=\"1000\" data-end=\"1071\"><strong data-start=\"1000\" data-end=\"1024\">Dise\u00f1o de ca\u00f1a media<\/strong>, ofreciendo soporte adicional en el tobillo.<\/p>\n<\/li>\n<\/ul>\n<p class=\"\" data-start=\"1073\" data-end=\"1098\">\u2705 <strong data-start=\"1075\" data-end=\"1096\">Suela y Tracci\u00f3n:<\/strong><\/p>\n<ul data-start=\"1099\" data-end=\"1319\">\n<li class=\"\" data-start=\"1099\" data-end=\"1203\">\n<p class=\"\" data-start=\"1101\" data-end=\"1203\"><strong data-start=\"1101\" data-end=\"1129\">Construcci\u00f3n vulcanizada<\/strong>, fusionando la suela con la parte superior para un ajuste m\u00e1s flexible.<\/p>\n<\/li>\n<li class=\"\" data-start=\"1204\" data-end=\"1319\">\n<p class=\"\" data-start=\"1206\" data-end=\"1319\"><strong data-start=\"1206\" data-end=\"1244\">Suela de goma con patr\u00f3n de espiga<\/strong>, garantizando <strong data-start=\"1259\" data-end=\"1291\">mayor tracci\u00f3n y durabilidad<\/strong> en distintas superficies.<\/p>\n<\/li>\n<\/ul>\n<p class=\"\" data-start=\"1321\" data-end=\"1354\">\u2705 <strong data-start=\"1323\" data-end=\"1352\">Estilo y Uso Recomendado:<\/strong><\/p>\n<ul data-start=\"1355\" data-end=\"1533\">\n<li class=\"\" data-start=\"1355\" data-end=\"1449\">\n<p class=\"\" data-start=\"1357\" data-end=\"1449\"><strong data-start=\"1357\" data-end=\"1385\">Vers\u00e1tiles y combinables<\/strong>, ideales para outfits urbanos, casuales o incluso deportivos.<\/p>\n<\/li>\n<li class=\"\" data-start=\"1450\" data-end=\"1533\">\n<p class=\"\" data-start=\"1452\" data-end=\"1533\">Perfectos para <strong data-start=\"1467\" data-end=\"1481\">uso diario<\/strong>, brindando comodidad y estilo a lo largo del d\u00eda.<\/p>\n<\/li>\n<\/ul>\n<p class=\"\" data-start=\"1535\" data-end=\"1672\">Los <strong data-start=\"1539\" data-end=\"1565\">Nike Blazer Mid &#8217;77 SE<\/strong> son la opci\u00f3n ideal para quienes buscan <strong data-start=\"1606\" data-end=\"1666\">un calzado con historia, comodidad y un dise\u00f1o atemporal<\/strong>.<\/p>\n<p>&nbsp;<\/p>\n","protected":false},"excerpt":{"rendered":"<p>Nike Blazer Mid &#8217;77 SE \u2013\u00a0 Los Nike Blazer Mid &#8217;77 SE son una versi\u00f3n especial de los cl\u00e1sicos tenis<\/p>\n","protected":false},"featured_media":78002,"comment_status":"open","ping_status":"closed","template":"","meta":{"nf_dc_page":""},"product_brand":[],"product_cat":[76],"product_tag":[],"class_list":{"0":"post-78001","1":"product","2":"type-product","3":"status-publish","4":"has-post-thumbnail","6":"product_cat-masculino","8":"first","9":"instock","10":"shipping-taxable","11":"purchasable","12":"product-type-simple"},"_links":{"self":[{"href":"https:\/\/brandss.com.py\/index\/wp-json\/wp\/v2\/product\/78001","targetHints":{"allow":["GET"]}}],"collection":[{"href":"https:\/\/brandss.com.py\/index\/wp-json\/wp\/v2\/product"}],"about":[{"href":"https:\/\/brandss.com.py\/index\/wp-json\/wp\/v2\/types\/product"}],"replies":[{"embeddable":true,"href":"https:\/\/brandss.com.py\/index\/wp-json\/wp\/v2\/comments?post=78001"}],"version-history":[{"count":1,"href":"https:\/\/brandss.com.py\/index\/wp-json\/wp\/v2\/product\/78001\/revisions"}],"predecessor-version":[{"id":78008,"href":"https:\/\/brandss.com.py\/index\/wp-json\/wp\/v2\/product\/78001\/revisions\/78008"}],"wp:featuredmedia":[{"embeddable":true,"href":"https:\/\/brandss.com.py\/index\/wp-json\/wp\/v2\/media\/78002"}],"wp:attachment":[{"href":"https:\/\/brandss.com.py\/index\/wp-json\/wp\/v2\/media?parent=78001"}],"wp:term":[{"taxonomy":"product_brand","embeddable":true,"href":"https:\/\/brandss.com.py\/index\/wp-json\/wp\/v2\/product_brand?post=78001"},{"taxonomy":"product_cat","embeddable":true,"href":"https:\/\/brandss.com.py\/index\/wp-json\/wp\/v2\/product_cat?post=78001"},{"taxonomy":"product_tag","embeddable":true,"href":"https:\/\/brandss.com.py\/index\/wp-json\/wp\/v2\/product_tag?post=78001"}],"curies":[{"name":"wp","href":"https:\/\/api.w.org\/{rel}","templated":true}]}}