{"id":78033,"date":"2025-03-26T17:50:41","date_gmt":"2025-03-26T17:50:41","guid":{"rendered":"https:\/\/brandss.com.py\/index\/?post_type=product&#038;p=78033"},"modified":"2025-03-26T17:51:29","modified_gmt":"2025-03-26T17:51:29","slug":"calzado-deportivo-masculino-nike-air-trainer-1-3","status":"publish","type":"product","link":"https:\/\/brandss.com.py\/index\/producto\/calzado-deportivo-masculino-nike-air-trainer-1-3\/","title":{"rendered":"CALZADO DEPORTIVO MASCULINO NIKE AIR TRAINER 1"},"content":{"rendered":"<p><img loading=\"lazy\" decoding=\"async\" class=\"\" src=\"https:\/\/1000marcas.net\/wp-content\/uploads\/2019\/11\/Logo-Nike.jpg\" alt=\"Logo de Nike: la historia y el significado del logotipo, la marca y el  s\u00edmbolo. | png, vector\" width=\"160\" height=\"90\" \/><\/p>\n<h1>AIR TRAINER 1<\/h1>\n<p><span>La el\u00edptica original del 87 ahora te permite ir del centro al sur sin problemas. Detalles como la correa en el antepi\u00e9 y la entresuela en capas le dan un toque retro, mientras que el cuero se adapta a la perfecci\u00f3n. Y por si fuera poco, la amortiguaci\u00f3n Air te mantiene c\u00f3modo en largas salidas. As\u00ed que, \u00bfad\u00f3nde llevar\u00e1s tus zapatillas?<\/span><\/p>\n<p><span>Dise\u00f1ado originalmente para deportes de alto rendimiento, la amortiguaci\u00f3n Air ofrece una comodidad duradera. La suela de goma a\u00f1ade tracci\u00f3n y durabilidad. La correa en el antepi\u00e9 te permite personalizar el ajuste, mientras que el cuello de media altura proporciona mayor sujeci\u00f3n. Las perforaciones en la puntera y los laterales mantienen la transpirabilidad.<\/span><\/p>\n<div class=\"flex items-center justify-start\">\n<div class=\"flex items-center text-base\"><span>Detalles<\/span><\/div>\n<\/div>\n<div class=\"inline-block h-6 w-6 shrink-0\"><\/div>\n<div id=\"product_material_tab_cAWeaQ\" class=\"rte py-4\">\n<ul>\n<li>\n<p class=\"p1\"><span class=\"s1\"><span>Suela de goma<\/span><\/span><\/p>\n<\/li>\n<li>\n<p class=\"p1\"><span class=\"s1\"><span>Amortiguaci\u00f3n de aire en el tal\u00f3n<\/span><\/span><\/p>\n<\/li>\n<li>\n<p class=\"p1\"><span class=\"s1\"><span>Unidad de entresuela de espuma<\/span><\/span><\/p>\n<\/li>\n<li>\n<p class=\"p1\"><span class=\"s1\"><span>Leng\u00fceta para tirar en la leng\u00fceta<\/span><\/span><\/p>\n<\/li>\n<\/ul>\n<ul>\n<li>\n<p class=\"p1\"><span class=\"s1\"><span>Correa para la parte media del pie<\/span><\/span><\/p>\n<\/li>\n<li>\n<p class=\"p1\"><span class=\"s1\"><span>Parte superior textil<\/span><\/span><\/p>\n<\/li>\n<li>Color: Medium Grey\/Black-White-Hyper Violet<\/li>\n<li>Modelo: FN6885-062<\/li>\n<\/ul>\n<\/div>\n","protected":false},"excerpt":{"rendered":"<p>AIR TRAINER 1 La el\u00edptica original del 87 ahora te permite ir del centro al sur sin problemas. Detalles como<\/p>\n","protected":false},"featured_media":78036,"comment_status":"open","ping_status":"closed","template":"","meta":{"nf_dc_page":""},"product_brand":[],"product_cat":[76],"product_tag":[],"class_list":{"0":"post-78033","1":"product","2":"type-product","3":"status-publish","4":"has-post-thumbnail","6":"product_cat-masculino","8":"first","9":"instock","10":"shipping-taxable","11":"purchasable","12":"product-type-simple"},"_links":{"self":[{"href":"https:\/\/brandss.com.py\/index\/wp-json\/wp\/v2\/product\/78033","targetHints":{"allow":["GET"]}}],"collection":[{"href":"https:\/\/brandss.com.py\/index\/wp-json\/wp\/v2\/product"}],"about":[{"href":"https:\/\/brandss.com.py\/index\/wp-json\/wp\/v2\/types\/product"}],"replies":[{"embeddable":true,"href":"https:\/\/brandss.com.py\/index\/wp-json\/wp\/v2\/comments?post=78033"}],"version-history":[{"count":1,"href":"https:\/\/brandss.com.py\/index\/wp-json\/wp\/v2\/product\/78033\/revisions"}],"predecessor-version":[{"id":78045,"href":"https:\/\/brandss.com.py\/index\/wp-json\/wp\/v2\/product\/78033\/revisions\/78045"}],"wp:featuredmedia":[{"embeddable":true,"href":"https:\/\/brandss.com.py\/index\/wp-json\/wp\/v2\/media\/78036"}],"wp:attachment":[{"href":"https:\/\/brandss.com.py\/index\/wp-json\/wp\/v2\/media?parent=78033"}],"wp:term":[{"taxonomy":"product_brand","embeddable":true,"href":"https:\/\/brandss.com.py\/index\/wp-json\/wp\/v2\/product_brand?post=78033"},{"taxonomy":"product_cat","embeddable":true,"href":"https:\/\/brandss.com.py\/index\/wp-json\/wp\/v2\/product_cat?post=78033"},{"taxonomy":"product_tag","embeddable":true,"href":"https:\/\/brandss.com.py\/index\/wp-json\/wp\/v2\/product_tag?post=78033"}],"curies":[{"name":"wp","href":"https:\/\/api.w.org\/{rel}","templated":true}]}}