{"id":78046,"date":"2025-03-26T18:17:59","date_gmt":"2025-03-26T18:17:59","guid":{"rendered":"https:\/\/brandss.com.py\/index\/?post_type=product&#038;p=78046"},"modified":"2025-03-26T18:18:58","modified_gmt":"2025-03-26T18:18:58","slug":"chaqueta-deportivo-femenino-nike-sportwear-modern-fleece-oversized","status":"publish","type":"product","link":"https:\/\/brandss.com.py\/index\/producto\/chaqueta-deportivo-femenino-nike-sportwear-modern-fleece-oversized\/","title":{"rendered":"CHAQUETA DEPORTIVO FEMENINO NIKE SPORTWEAR MODERN FLEECE OVERSIZED"},"content":{"rendered":"<p><img loading=\"lazy\" decoding=\"async\" class=\"\" src=\"https:\/\/1000marcas.net\/wp-content\/uploads\/2019\/11\/Logo-Nike.jpg\" alt=\"Logo de Nike: la historia y el significado del logotipo, la marca y el  s\u00edmbolo. | png, vector\" width=\"107\" height=\"60\" \/><\/p>\n<h1>SPORTWEAR MODERN FLEECE<\/h1>\n<p>Renueva tus prendas de polar favoritas con un dise\u00f1o moderno y refinado. Con un largo m\u00e1s largo y un ajuste holgado, este abrigo te mantendr\u00e1 abrigada y c\u00f3moda todo el d\u00eda. Su tejido French terry grueso est\u00e1 tejido denso, con bucles sin cepillar en el interior para mantenerte abrigada y c\u00f3moda.<\/p>\n<p><strong>Ventajas: <\/strong><\/p>\n<p>El tejido French terry es suave y tiene una ca\u00edda agradable. El pliegue en la espalda y el corte extragrande se combinan para facilitar la combinaci\u00f3n de capas y el movimiento. Los bolsillos ofrecen un almacenamiento r\u00e1pido para las llaves, el tel\u00e9fono y las manos fr\u00edas.<\/p>\n<p><strong>Detalles: <\/strong><\/p>\n<p>Cuello plegable.<\/p>\n<p>100 % algod\u00f3n.<\/p>\n<p>Lavar a m\u00e1quina.<\/p>\n<p>Importado.<\/p>\n<p>Modelo: FB8749.<\/p>\n<p>Color: Negro\/Peltre liso.<\/p>\n","protected":false},"excerpt":{"rendered":"<p>SPORTWEAR MODERN FLEECE Renueva tus prendas de polar favoritas con un dise\u00f1o moderno y refinado. Con un largo m\u00e1s largo<\/p>\n","protected":false},"featured_media":78047,"comment_status":"open","ping_status":"closed","template":"","meta":{"nf_dc_page":""},"product_brand":[],"product_cat":[73],"product_tag":[],"class_list":{"0":"post-78046","1":"product","2":"type-product","3":"status-publish","4":"has-post-thumbnail","6":"product_cat-femenino","8":"first","9":"instock","10":"shipping-taxable","11":"purchasable","12":"product-type-simple"},"_links":{"self":[{"href":"https:\/\/brandss.com.py\/index\/wp-json\/wp\/v2\/product\/78046","targetHints":{"allow":["GET"]}}],"collection":[{"href":"https:\/\/brandss.com.py\/index\/wp-json\/wp\/v2\/product"}],"about":[{"href":"https:\/\/brandss.com.py\/index\/wp-json\/wp\/v2\/types\/product"}],"replies":[{"embeddable":true,"href":"https:\/\/brandss.com.py\/index\/wp-json\/wp\/v2\/comments?post=78046"}],"version-history":[{"count":1,"href":"https:\/\/brandss.com.py\/index\/wp-json\/wp\/v2\/product\/78046\/revisions"}],"predecessor-version":[{"id":78052,"href":"https:\/\/brandss.com.py\/index\/wp-json\/wp\/v2\/product\/78046\/revisions\/78052"}],"wp:featuredmedia":[{"embeddable":true,"href":"https:\/\/brandss.com.py\/index\/wp-json\/wp\/v2\/media\/78047"}],"wp:attachment":[{"href":"https:\/\/brandss.com.py\/index\/wp-json\/wp\/v2\/media?parent=78046"}],"wp:term":[{"taxonomy":"product_brand","embeddable":true,"href":"https:\/\/brandss.com.py\/index\/wp-json\/wp\/v2\/product_brand?post=78046"},{"taxonomy":"product_cat","embeddable":true,"href":"https:\/\/brandss.com.py\/index\/wp-json\/wp\/v2\/product_cat?post=78046"},{"taxonomy":"product_tag","embeddable":true,"href":"https:\/\/brandss.com.py\/index\/wp-json\/wp\/v2\/product_tag?post=78046"}],"curies":[{"name":"wp","href":"https:\/\/api.w.org\/{rel}","templated":true}]}}