{"id":78064,"date":"2025-03-26T18:55:21","date_gmt":"2025-03-26T18:55:21","guid":{"rendered":"https:\/\/brandss.com.py\/index\/?post_type=product&#038;p=78064"},"modified":"2025-03-26T18:57:28","modified_gmt":"2025-03-26T18:57:28","slug":"calzado-casual-femenino-nike-air-max-1-pana","status":"publish","type":"product","link":"https:\/\/brandss.com.py\/index\/producto\/calzado-casual-femenino-nike-air-max-1-pana\/","title":{"rendered":"CALZADO CASUAL FEMENINO NIKE AIR MAX 1 PANA"},"content":{"rendered":"<p><img loading=\"lazy\" decoding=\"async\" class=\"\" src=\"https:\/\/1000marcas.net\/wp-content\/uploads\/2019\/11\/Logo-Nike.jpg\" alt=\"Logo de Nike: la historia y el significado del logotipo, la marca y el  s\u00edmbolo. | png, vector\" width=\"99\" height=\"56\" \/><\/p>\n<h1>AIR MAX 1 PANA<\/h1>\n<p>&nbsp;<\/p>\n<h2 class=\"nds-text pb3-sm css-11pxkba e1yhcai00 appearance-title3 color-primary weight-regular\"><span>Herencia<\/span><\/h2>\n<p><span>Recuerda la revoluci\u00f3n. En 1987 naci\u00f3 la l\u00ednea Air Max, mostrando la unidad Air por primera vez. Lo que empez\u00f3 como un experimento de amortiguaci\u00f3n pronto se convirti\u00f3 en un icono en la pista y en las calles. Con los a\u00f1os, se ha reinventado y redise\u00f1ado, pero su legado permanece.<\/span><\/p>\n<p><em>\u00bf<\/em> Te gustar\u00eda tener un par? Pues no esperes m\u00e1s. Las Air Max 1 &#8216;Coral Stardust Corduroy&#8217; son tu boleto de entrada. Muestra tu lado contemplativo con estas zapatillas envueltas en la cl\u00e1sica pana, resistente pero suave. Combinando a la perfecci\u00f3n el estilo informal de domingo por la ma\u00f1ana con el encanto campestre, este par desmiente cualquier idea err\u00f3nea de &#8220;profesor aburrido&#8221; con un estallido de Coral Stardust. \u00a1P\u00f3ntelos y d\u00e9jate llevar!<\/p>\n<p>Las Nike Air Max 1 Premium &#8220;Coral Stardust Corduroy&#8221; combinan una paleta de colores pastel con un dise\u00f1o renovado. La parte superior est\u00e1 revestida con un tejido similar a la pana rosa, que contrasta con el Swoosh distintivo en un vibrante tono coral. Los detalles en burdeos se destacan en el forro interior, la etiqueta tejida de la leng\u00fceta y el logotipo Nike Air bordado que decora la capa del tal\u00f3n. Estas zapatillas retro se asientan sobre una entresuela de poliuretano en blanco roto, realzada con amortiguaci\u00f3n Max Air visible y con el soporte de una suela exterior de goma granate.<\/p>\n<p>Color: Coral Stardust\/Coral Brillante\/Marr\u00f3n Buey<br \/>\nModelo: FB8915-600<\/p>\n","protected":false},"excerpt":{"rendered":"<p>AIR MAX 1 PANA &nbsp; Herencia Recuerda la revoluci\u00f3n. En 1987 naci\u00f3 la l\u00ednea Air Max, mostrando la unidad Air<\/p>\n","protected":false},"featured_media":78074,"comment_status":"open","ping_status":"closed","template":"","meta":{"nf_dc_page":""},"product_brand":[],"product_cat":[73],"product_tag":[],"class_list":{"0":"post-78064","1":"product","2":"type-product","3":"status-publish","4":"has-post-thumbnail","6":"product_cat-femenino","8":"first","9":"instock","10":"shipping-taxable","11":"purchasable","12":"product-type-simple"},"_links":{"self":[{"href":"https:\/\/brandss.com.py\/index\/wp-json\/wp\/v2\/product\/78064","targetHints":{"allow":["GET"]}}],"collection":[{"href":"https:\/\/brandss.com.py\/index\/wp-json\/wp\/v2\/product"}],"about":[{"href":"https:\/\/brandss.com.py\/index\/wp-json\/wp\/v2\/types\/product"}],"replies":[{"embeddable":true,"href":"https:\/\/brandss.com.py\/index\/wp-json\/wp\/v2\/comments?post=78064"}],"version-history":[{"count":1,"href":"https:\/\/brandss.com.py\/index\/wp-json\/wp\/v2\/product\/78064\/revisions"}],"predecessor-version":[{"id":78082,"href":"https:\/\/brandss.com.py\/index\/wp-json\/wp\/v2\/product\/78064\/revisions\/78082"}],"wp:featuredmedia":[{"embeddable":true,"href":"https:\/\/brandss.com.py\/index\/wp-json\/wp\/v2\/media\/78074"}],"wp:attachment":[{"href":"https:\/\/brandss.com.py\/index\/wp-json\/wp\/v2\/media?parent=78064"}],"wp:term":[{"taxonomy":"product_brand","embeddable":true,"href":"https:\/\/brandss.com.py\/index\/wp-json\/wp\/v2\/product_brand?post=78064"},{"taxonomy":"product_cat","embeddable":true,"href":"https:\/\/brandss.com.py\/index\/wp-json\/wp\/v2\/product_cat?post=78064"},{"taxonomy":"product_tag","embeddable":true,"href":"https:\/\/brandss.com.py\/index\/wp-json\/wp\/v2\/product_tag?post=78064"}],"curies":[{"name":"wp","href":"https:\/\/api.w.org\/{rel}","templated":true}]}}