{"id":78065,"date":"2025-03-26T18:49:51","date_gmt":"2025-03-26T18:49:51","guid":{"rendered":"https:\/\/brandss.com.py\/index\/?post_type=product&#038;p=78065"},"modified":"2025-03-26T18:50:05","modified_gmt":"2025-03-26T18:50:05","slug":"calzado-deportivo-masculino-nike-air-186","status":"publish","type":"product","link":"https:\/\/brandss.com.py\/index\/producto\/calzado-deportivo-masculino-nike-air-186\/","title":{"rendered":"CALZADO DEPORTIVO MASCULINO NIKE AIR 1`86"},"content":{"rendered":"<p><img loading=\"lazy\" decoding=\"async\" class=\"\" src=\"https:\/\/1000marcas.net\/wp-content\/uploads\/2019\/11\/Logo-Nike.jpg\" alt=\"Logo de Nike: la historia y el significado del logotipo, la ...\" width=\"331\" height=\"186\" \/><\/p>\n<div class=\"flex flex-1 grow basis-auto flex-col overflow-hidden\">\n<div class=\"relative h-full\">\n<div class=\"flex h-full flex-col overflow-y-auto [scrollbar-gutter:stable]\">\n<div class=\"mt-1.5 flex flex-col text-sm @thread-xl\/thread:pt-header-height md:pb-9\">\n<article class=\"w-full text-token-text-primary\" dir=\"auto\" data-testid=\"conversation-turn-32\" data-scroll-anchor=\"true\">\n<div class=\"text-base my-auto mx-auto py-5 px-6\">\n<div class=\"mx-auto flex flex-1 text-base gap-4 md:gap-5 lg:gap-6 md:max-w-3xl group\/turn-messages focus-visible:outline-none\">\n<div class=\"group\/conversation-turn relative flex w-full min-w-0 flex-col agent-turn @xs\/thread:px-0 @sm\/thread:px-1.5 @md\/thread:px-4\">\n<div class=\"relative flex-col gap-1 md:gap-3\">\n<div class=\"flex max-w-full flex-col flex-grow\">\n<div class=\"min-h-8 text-message relative flex w-full flex-col items-end gap-2 whitespace-normal break-words text-start [.text-message+&amp;]:mt-5\" dir=\"auto\" data-message-author-role=\"assistant\" data-message-id=\"d7252e6e-f735-4c85-887c-a61e63a9ee2d\" data-message-model-slug=\"gpt-4o\">\n<div class=\"flex w-full flex-col gap-1 empty:hidden first:pt-[3px]\">\n<div class=\"markdown prose w-full break-words dark:prose-invert light\">\n<h1 data-start=\"0\" data-end=\"60\"><strong data-start=\"4\" data-end=\"58\">Nike Air Max 1 &#8217;86 \u2013\u00a0<\/strong><\/h1>\n<p class=\"\" data-start=\"62\" data-end=\"406\">Los <strong data-start=\"66\" data-end=\"88\">Nike Air Max 1 &#8217;86<\/strong> son una versi\u00f3n renovada del ic\u00f3nico modelo de 1986, destacando por su dise\u00f1o cl\u00e1sico y la revolucionaria <strong data-start=\"195\" data-end=\"217\">unidad Air visible<\/strong> en la entresuela. Este calzado fusiona <strong data-start=\"257\" data-end=\"304\">comodidad, amortiguaci\u00f3n y estilo atemporal<\/strong>, convirti\u00e9ndose en una opci\u00f3n ideal tanto para el uso diario como para los amantes de los sneakers.<\/p>\n<hr class=\"\" data-start=\"408\" data-end=\"411\" \/>\n<h3 class=\"\" data-start=\"413\" data-end=\"451\"><strong data-start=\"417\" data-end=\"449\">Caracter\u00edsticas principales:<\/strong><\/h3>\n<p class=\"\" data-start=\"453\" data-end=\"485\">\u2705 <strong data-start=\"455\" data-end=\"483\">Amortiguaci\u00f3n y Confort:<\/strong><\/p>\n<ul data-start=\"486\" data-end=\"767\">\n<li class=\"\" data-start=\"486\" data-end=\"579\">\n<p class=\"\" data-start=\"488\" data-end=\"579\"><strong data-start=\"488\" data-end=\"522\">Unidad Air visible en el tal\u00f3n<\/strong>, que proporciona una amortiguaci\u00f3n ligera y receptiva.<\/p>\n<\/li>\n<li class=\"\" data-start=\"580\" data-end=\"671\">\n<p class=\"\" data-start=\"582\" data-end=\"671\"><strong data-start=\"582\" data-end=\"606\">Entresuela de espuma<\/strong>, ofreciendo una pisada m\u00e1s suave y c\u00f3moda durante todo el d\u00eda.<\/p>\n<\/li>\n<li class=\"\" data-start=\"672\" data-end=\"767\">\n<p class=\"\" data-start=\"674\" data-end=\"767\"><strong data-start=\"674\" data-end=\"708\">Cuello acolchado de corte bajo<\/strong>, garantizando ajuste y comodidad en la zona del tobillo.<\/p>\n<\/li>\n<\/ul>\n<p class=\"\" data-start=\"769\" data-end=\"797\">\u2705 <strong data-start=\"771\" data-end=\"795\">Dise\u00f1o y Materiales:<\/strong><\/p>\n<ul data-start=\"798\" data-end=\"1060\">\n<li class=\"\" data-start=\"798\" data-end=\"882\">\n<p class=\"\" data-start=\"800\" data-end=\"882\"><strong data-start=\"800\" data-end=\"836\">Parte superior de malla y gamuza<\/strong>, combinando transpirabilidad y durabilidad.<\/p>\n<\/li>\n<li class=\"\" data-start=\"883\" data-end=\"982\">\n<p class=\"\" data-start=\"885\" data-end=\"982\"><strong data-start=\"885\" data-end=\"926\">Detalles cl\u00e1sicos del modelo original<\/strong>, con el <strong data-start=\"935\" data-end=\"961\">Swoosh lateral ic\u00f3nico<\/strong> y el dise\u00f1o retro.<\/p>\n<\/li>\n<li class=\"\" data-start=\"983\" data-end=\"1060\">\n<p class=\"\" data-start=\"985\" data-end=\"1060\"><strong data-start=\"985\" data-end=\"1008\">Variedad de colores<\/strong>, adapt\u00e1ndose a diferentes estilos y preferencias.<\/p>\n<\/li>\n<\/ul>\n<p class=\"\" data-start=\"1062\" data-end=\"1093\">\u2705 <strong data-start=\"1064\" data-end=\"1091\">Tracci\u00f3n y Durabilidad:<\/strong><\/p>\n<ul data-start=\"1094\" data-end=\"1289\">\n<li class=\"\" data-start=\"1094\" data-end=\"1206\">\n<p class=\"\" data-start=\"1096\" data-end=\"1206\"><strong data-start=\"1096\" data-end=\"1140\">Suela exterior de goma con patr\u00f3n Waffle<\/strong>, que proporciona un excelente agarre y resistencia al desgaste.<\/p>\n<\/li>\n<li class=\"\" data-start=\"1207\" data-end=\"1289\">\n<p class=\"\" data-start=\"1209\" data-end=\"1289\"><strong data-start=\"1209\" data-end=\"1233\">Construcci\u00f3n robusta<\/strong>, asegurando una larga vida \u00fatil sin perder comodidad.<\/p>\n<\/li>\n<\/ul>\n<p class=\"\" data-start=\"1291\" data-end=\"1315\">\u2705 <strong data-start=\"1293\" data-end=\"1313\">Uso Recomendado:<\/strong><\/p>\n<ul data-start=\"1316\" data-end=\"1512\">\n<li class=\"\" data-start=\"1316\" data-end=\"1398\">\n<p class=\"\" data-start=\"1318\" data-end=\"1398\">Perfectos para <strong data-start=\"1333\" data-end=\"1356\">uso casual y urbano<\/strong>, combinando comodidad y dise\u00f1o ic\u00f3nico.<\/p>\n<\/li>\n<li class=\"\" data-start=\"1399\" data-end=\"1512\">\n<p class=\"\" data-start=\"1401\" data-end=\"1512\">Ideales para <strong data-start=\"1414\" data-end=\"1462\">coleccionistas y entusiastas de los sneakers<\/strong>, por su herencia hist\u00f3rica en la l\u00ednea Air Max.<\/p>\n<\/li>\n<\/ul>\n<hr class=\"\" data-start=\"1514\" data-end=\"1517\" \/>\n<p class=\"\" data-start=\"1519\" data-end=\"1683\">Los <strong data-start=\"1523\" data-end=\"1545\">Nike Air Max 1 &#8217;86<\/strong> rinden homenaje al dise\u00f1o original con tecnolog\u00eda moderna, ofreciendo un equilibrio perfecto entre <strong data-start=\"1645\" data-end=\"1677\">historia, comodidad y estilo<\/strong>. \ud83d\udc5f<\/p>\n<\/div>\n<\/div>\n<\/div>\n<\/div>\n<\/div>\n<\/div>\n<\/div>\n<\/div>\n<\/article>\n<\/div>\n<\/div>\n<\/div>\n<\/div>\n","protected":false},"excerpt":{"rendered":"<p>Nike Air Max 1 &#8217;86 \u2013\u00a0 Los Nike Air Max 1 &#8217;86 son una versi\u00f3n renovada del ic\u00f3nico modelo de<\/p>\n","protected":false},"featured_media":78066,"comment_status":"open","ping_status":"closed","template":"","meta":{"nf_dc_page":""},"product_brand":[],"product_cat":[76],"product_tag":[],"class_list":{"0":"post-78065","1":"product","2":"type-product","3":"status-publish","4":"has-post-thumbnail","6":"product_cat-masculino","8":"first","9":"instock","10":"shipping-taxable","11":"purchasable","12":"product-type-simple"},"_links":{"self":[{"href":"https:\/\/brandss.com.py\/index\/wp-json\/wp\/v2\/product\/78065","targetHints":{"allow":["GET"]}}],"collection":[{"href":"https:\/\/brandss.com.py\/index\/wp-json\/wp\/v2\/product"}],"about":[{"href":"https:\/\/brandss.com.py\/index\/wp-json\/wp\/v2\/types\/product"}],"replies":[{"embeddable":true,"href":"https:\/\/brandss.com.py\/index\/wp-json\/wp\/v2\/comments?post=78065"}],"version-history":[{"count":1,"href":"https:\/\/brandss.com.py\/index\/wp-json\/wp\/v2\/product\/78065\/revisions"}],"predecessor-version":[{"id":78073,"href":"https:\/\/brandss.com.py\/index\/wp-json\/wp\/v2\/product\/78065\/revisions\/78073"}],"wp:featuredmedia":[{"embeddable":true,"href":"https:\/\/brandss.com.py\/index\/wp-json\/wp\/v2\/media\/78066"}],"wp:attachment":[{"href":"https:\/\/brandss.com.py\/index\/wp-json\/wp\/v2\/media?parent=78065"}],"wp:term":[{"taxonomy":"product_brand","embeddable":true,"href":"https:\/\/brandss.com.py\/index\/wp-json\/wp\/v2\/product_brand?post=78065"},{"taxonomy":"product_cat","embeddable":true,"href":"https:\/\/brandss.com.py\/index\/wp-json\/wp\/v2\/product_cat?post=78065"},{"taxonomy":"product_tag","embeddable":true,"href":"https:\/\/brandss.com.py\/index\/wp-json\/wp\/v2\/product_tag?post=78065"}],"curies":[{"name":"wp","href":"https:\/\/api.w.org\/{rel}","templated":true}]}}