{"id":78083,"date":"2025-03-26T19:12:52","date_gmt":"2025-03-26T19:12:52","guid":{"rendered":"https:\/\/brandss.com.py\/index\/?post_type=product&#038;p=78083"},"modified":"2025-03-26T19:13:43","modified_gmt":"2025-03-26T19:13:43","slug":"calzado-deportivo-infantil-nike-dunk-low","status":"publish","type":"product","link":"https:\/\/brandss.com.py\/index\/producto\/calzado-deportivo-infantil-nike-dunk-low\/","title":{"rendered":"CALZADO DEPORTIVO INFANTIL NIKE DUNK LOW"},"content":{"rendered":"<p><img loading=\"lazy\" decoding=\"async\" class=\"\" src=\"https:\/\/1000marcas.net\/wp-content\/uploads\/2019\/11\/Logo-Nike.jpg\" alt=\"Logo de Nike: la historia y el significado del logotipo, la marca y el  s\u00edmbolo. | png, vector\" width=\"113\" height=\"64\" \/><\/p>\n<h1>DUNK LOW<\/h1>\n<p>Nacidos de una combinaci\u00f3n de mezclas, mejoras y fechas l\u00edmite, los Nike Dunk llegaron a las canchas de b\u00e1squetbol universitarias durante la temporada del 85-86. A pesar de que los dise\u00f1os originales con el color de la universidad permit\u00edan rendir homenaje a cada instituci\u00f3n, los Dunk no fueron muy populares. No obstante, la falta de popularidad de estos humildes tenis (y sus suelas planas y adherentes) conquist\u00f3 a los skaters. D\u00e9cadas m\u00e1s tarde, estos tenis favoritos para el d\u00eda a d\u00eda siguen luciendo innumerables combinaciones de colores, lo que demuestra su influencia.<\/p>\n<div style=\"width: 864px;\" class=\"wp-video\"><video class=\"wp-video-shortcode\" id=\"video-78083-1\" width=\"864\" height=\"1080\" preload=\"metadata\" controls=\"controls\"><source type=\"video\/mp4\" src=\"https:\/\/brandss.com.py\/index\/wp-content\/uploads\/2025\/03\/video-4.mp4?_=1\" \/><a href=\"https:\/\/brandss.com.py\/index\/wp-content\/uploads\/2025\/03\/video-4.mp4\">https:\/\/brandss.com.py\/index\/wp-content\/uploads\/2025\/03\/video-4.mp4<\/a><\/video><\/div>\n<p>Dise\u00f1ados para el b\u00e1squetbol, pero adoptados por el skateboarding, los Nike Dunk Low ayudaron a definir la cultura de los amantes de los tenis. Ahora, este \u00edcono de mediados de los 80 es esencial para tu armario. Con acolchado en el tobillo y tracci\u00f3n de goma duradera, estos tenis son un acierto innegable, ya sea que est\u00e9s empezando a practicar skateboarding o prepar\u00e1ndote para la escuela.<\/p>\n<p><b>Confecci\u00f3n duradera<\/b><\/p>\n<p>El cuero aut\u00e9ntico y el cuero sint\u00e9tico son duraderos y agregan una sensaci\u00f3n cl\u00e1sica.<\/p>\n<p>&nbsp;<\/p>\n<p><b>Look de herencia<\/b><\/p>\n<p>El cuello y la leng\u00fceta se combinan con las perforaciones en la zona de la punta para darles a esos tenis un look ic\u00f3nico inspirado en los Dunk originales.<\/p>\n<p>&nbsp;<\/p>\n<p><b>Tracci\u00f3n durante todo el d\u00eda<\/b><\/p>\n<p>La suela de goma de largo completo proporciona tracci\u00f3n duradera y cuenta con un patr\u00f3n de tracci\u00f3n similar al de los originales.<\/p>\n<p>&nbsp;<\/p>\n<p><b>Datos del producto<\/b><\/p>\n<ul>\n<li>Agujetas cl\u00e1sicas.<\/li>\n<li>Dise\u00f1o con suela cupsole.<\/li>\n<li><span class=\"nikeuy-store-components-0-x-specificationName nikeuy-store-components-0-x-specificationName--product-specification\">Color: Blanco\/Plata claro-fantasma.<\/span><\/li>\n<li><span class=\"vtex-product-identifier-0-x-product-identifier__label\">Modelo<\/span><span class=\"vtex-product-identifier-0-x-product-identifier__separator\">:\u00a0<\/span><span class=\"vtex-product-identifier-0-x-product-identifier__value\">FB9109-109.<\/span><\/li>\n<li>\n<div class=\"vtex-flex-layout-0-x-flexColChild vtex-flex-layout-0-x-flexColChild--pdp-centered-mobile vtex-flex-layout-0-x-flexColChild--product-col pb7\">\n<div class=\"nikeuy-store-components-0-x-specificationContainer flex\">\n<div class=\"nikeuy-store-components-0-x-specificationRow flex mb4\"><span class=\"nikeuy-store-components-0-x-specificationName nikeuy-store-components-0-x-specificationName--product-specification\">Origen: <\/span><span class=\"nikeuy-store-components-0-x-specificationValue nikeuy-store-components-0-x-specificationValue--product-specification\">Importado.<\/span><\/div>\n<\/div>\n<\/div>\n<\/li>\n<\/ul>\n","protected":false},"excerpt":{"rendered":"<p>DUNK LOW Nacidos de una combinaci\u00f3n de mezclas, mejoras y fechas l\u00edmite, los Nike Dunk llegaron a las canchas de<\/p>\n","protected":false},"featured_media":78085,"comment_status":"open","ping_status":"closed","template":"","meta":{"nf_dc_page":""},"product_brand":[],"product_cat":[75],"product_tag":[],"class_list":{"0":"post-78083","1":"product","2":"type-product","3":"status-publish","4":"has-post-thumbnail","6":"product_cat-infantil","8":"first","9":"instock","10":"shipping-taxable","11":"purchasable","12":"product-type-simple"},"_links":{"self":[{"href":"https:\/\/brandss.com.py\/index\/wp-json\/wp\/v2\/product\/78083","targetHints":{"allow":["GET"]}}],"collection":[{"href":"https:\/\/brandss.com.py\/index\/wp-json\/wp\/v2\/product"}],"about":[{"href":"https:\/\/brandss.com.py\/index\/wp-json\/wp\/v2\/types\/product"}],"replies":[{"embeddable":true,"href":"https:\/\/brandss.com.py\/index\/wp-json\/wp\/v2\/comments?post=78083"}],"version-history":[{"count":1,"href":"https:\/\/brandss.com.py\/index\/wp-json\/wp\/v2\/product\/78083\/revisions"}],"predecessor-version":[{"id":78093,"href":"https:\/\/brandss.com.py\/index\/wp-json\/wp\/v2\/product\/78083\/revisions\/78093"}],"wp:featuredmedia":[{"embeddable":true,"href":"https:\/\/brandss.com.py\/index\/wp-json\/wp\/v2\/media\/78085"}],"wp:attachment":[{"href":"https:\/\/brandss.com.py\/index\/wp-json\/wp\/v2\/media?parent=78083"}],"wp:term":[{"taxonomy":"product_brand","embeddable":true,"href":"https:\/\/brandss.com.py\/index\/wp-json\/wp\/v2\/product_brand?post=78083"},{"taxonomy":"product_cat","embeddable":true,"href":"https:\/\/brandss.com.py\/index\/wp-json\/wp\/v2\/product_cat?post=78083"},{"taxonomy":"product_tag","embeddable":true,"href":"https:\/\/brandss.com.py\/index\/wp-json\/wp\/v2\/product_tag?post=78083"}],"curies":[{"name":"wp","href":"https:\/\/api.w.org\/{rel}","templated":true}]}}