{"id":78096,"date":"2025-03-27T11:55:41","date_gmt":"2025-03-27T11:55:41","guid":{"rendered":"https:\/\/brandss.com.py\/index\/?post_type=product&#038;p=78096"},"modified":"2025-03-27T11:56:08","modified_gmt":"2025-03-27T11:56:08","slug":"calzado-deportivo-masculino-nike-air-max-186","status":"publish","type":"product","link":"https:\/\/brandss.com.py\/index\/producto\/calzado-deportivo-masculino-nike-air-max-186\/","title":{"rendered":"CALZADO DEPORTIVO MASCULINO NIKE AIR MAX 1&#8243;86"},"content":{"rendered":"<p><img loading=\"lazy\" decoding=\"async\" class=\"\" src=\"https:\/\/1000marcas.net\/wp-content\/uploads\/2019\/11\/Logo-Nike.jpg\" alt=\"Logo de Nike: la historia y el significado del logotipo, la ...\" width=\"393\" height=\"221\" \/><\/p>\n<h1 data-start=\"35\" data-end=\"483\"><strong data-start=\"39\" data-end=\"94\">\u00a0Air Max 1 &#8217;86 OG G &#8220;Dusty Cactus&#8221; (DV1403-117)<\/strong><\/h1>\n<p class=\"\" data-start=\"35\" data-end=\"483\">Son una reinterpretaci\u00f3n para golf del cl\u00e1sico <strong data-start=\"142\" data-end=\"155\">Air Max 1<\/strong>. Este modelo mantiene la esencia del dise\u00f1o original de 1986, incorporando tecnolog\u00edas y materiales espec\u00edficos para mejorar el rendimiento en el campo de golf. Su combinaci\u00f3n de colores blanco, gris y verde azulado (&#8220;Dusty Cactus&#8221;) le da un toque moderno y llamativo, sin perder la est\u00e9tica retro caracter\u00edstica del Air Max 1.<\/p>\n<h3 class=\"\" data-start=\"485\" data-end=\"522\"><strong data-start=\"489\" data-end=\"520\">Caracter\u00edsticas Principales<\/strong><\/h3>\n<p class=\"\" data-start=\"524\" data-end=\"552\">\u2705 <strong data-start=\"526\" data-end=\"550\">Dise\u00f1o y Materiales:<\/strong><\/p>\n<ul data-start=\"553\" data-end=\"854\">\n<li class=\"\" data-start=\"553\" data-end=\"657\">\n<p class=\"\" data-start=\"555\" data-end=\"657\">Parte superior en materiales sint\u00e9ticos resistentes al agua para mayor protecci\u00f3n en climas h\u00famedos.<\/p>\n<\/li>\n<li class=\"\" data-start=\"658\" data-end=\"745\">\n<p class=\"\" data-start=\"660\" data-end=\"745\">Paneles en malla y cuero sint\u00e9tico que proporcionan transpirabilidad y durabilidad.<\/p>\n<\/li>\n<li class=\"\" data-start=\"746\" data-end=\"854\">\n<p class=\"\" data-start=\"748\" data-end=\"854\">Colorway &#8220;Dusty Cactus&#8221; que resalta en detalles como el Swoosh, el guardabarros y los ojales superiores.<\/p>\n<\/li>\n<\/ul>\n<p class=\"\" data-start=\"856\" data-end=\"890\">\u2705 <strong data-start=\"858\" data-end=\"888\">Comodidad y Amortiguaci\u00f3n:<\/strong><\/p>\n<ul data-start=\"891\" data-end=\"1047\">\n<li class=\"\" data-start=\"891\" data-end=\"989\">\n<p class=\"\" data-start=\"893\" data-end=\"989\">Unidad <strong data-start=\"900\" data-end=\"931\">Max Air visible en el tal\u00f3n<\/strong>, que brinda amortiguaci\u00f3n ligera y c\u00f3moda en cada paso.<\/p>\n<\/li>\n<li class=\"\" data-start=\"990\" data-end=\"1047\">\n<p class=\"\" data-start=\"992\" data-end=\"1047\">Entresuela de espuma para una pisada suave y estable.<\/p>\n<\/li>\n<\/ul>\n<p class=\"\" data-start=\"1049\" data-end=\"1074\">\u2705 <strong data-start=\"1051\" data-end=\"1072\">Suela y Tracci\u00f3n:<\/strong><\/p>\n<ul data-start=\"1075\" data-end=\"1283\">\n<li class=\"\" data-start=\"1075\" data-end=\"1193\">\n<p class=\"\" data-start=\"1077\" data-end=\"1193\">Suela exterior con patr\u00f3n de tracci\u00f3n espec\u00edfica para golf, asegurando agarre en diferentes superficies del campo.<\/p>\n<\/li>\n<li class=\"\" data-start=\"1194\" data-end=\"1283\">\n<p class=\"\" data-start=\"1196\" data-end=\"1283\">Dise\u00f1o sin tacos, ideal para transiciones dentro y fuera del campo sin perder estilo.<\/p>\n<\/li>\n<\/ul>\n<p class=\"\" data-start=\"1285\" data-end=\"1312\">\u2705 <strong data-start=\"1287\" data-end=\"1310\">Ajuste y Sensaci\u00f3n:<\/strong><\/p>\n<ul data-start=\"1313\" data-end=\"1462\">\n<li class=\"\" data-start=\"1313\" data-end=\"1376\">\n<p class=\"\" data-start=\"1315\" data-end=\"1376\">Ajuste seguro gracias a su sistema de cordones tradicional.<\/p>\n<\/li>\n<li class=\"\" data-start=\"1377\" data-end=\"1462\">\n<p class=\"\" data-start=\"1379\" data-end=\"1462\">Leng\u00fceta y cuello acolchados para mayor confort durante largas jornadas de juego.<\/p>\n<\/li>\n<\/ul>\n<p>&nbsp;<\/p>\n","protected":false},"excerpt":{"rendered":"<p>\u00a0Air Max 1 &#8217;86 OG G &#8220;Dusty Cactus&#8221; (DV1403-117) Son una reinterpretaci\u00f3n para golf del cl\u00e1sico Air Max 1. Este<\/p>\n","protected":false},"featured_media":78104,"comment_status":"open","ping_status":"closed","template":"","meta":{"nf_dc_page":""},"product_brand":[],"product_cat":[76],"product_tag":[],"class_list":{"0":"post-78096","1":"product","2":"type-product","3":"status-publish","4":"has-post-thumbnail","6":"product_cat-masculino","8":"first","9":"instock","10":"shipping-taxable","11":"purchasable","12":"product-type-simple"},"_links":{"self":[{"href":"https:\/\/brandss.com.py\/index\/wp-json\/wp\/v2\/product\/78096","targetHints":{"allow":["GET"]}}],"collection":[{"href":"https:\/\/brandss.com.py\/index\/wp-json\/wp\/v2\/product"}],"about":[{"href":"https:\/\/brandss.com.py\/index\/wp-json\/wp\/v2\/types\/product"}],"replies":[{"embeddable":true,"href":"https:\/\/brandss.com.py\/index\/wp-json\/wp\/v2\/comments?post=78096"}],"version-history":[{"count":1,"href":"https:\/\/brandss.com.py\/index\/wp-json\/wp\/v2\/product\/78096\/revisions"}],"predecessor-version":[{"id":78113,"href":"https:\/\/brandss.com.py\/index\/wp-json\/wp\/v2\/product\/78096\/revisions\/78113"}],"wp:featuredmedia":[{"embeddable":true,"href":"https:\/\/brandss.com.py\/index\/wp-json\/wp\/v2\/media\/78104"}],"wp:attachment":[{"href":"https:\/\/brandss.com.py\/index\/wp-json\/wp\/v2\/media?parent=78096"}],"wp:term":[{"taxonomy":"product_brand","embeddable":true,"href":"https:\/\/brandss.com.py\/index\/wp-json\/wp\/v2\/product_brand?post=78096"},{"taxonomy":"product_cat","embeddable":true,"href":"https:\/\/brandss.com.py\/index\/wp-json\/wp\/v2\/product_cat?post=78096"},{"taxonomy":"product_tag","embeddable":true,"href":"https:\/\/brandss.com.py\/index\/wp-json\/wp\/v2\/product_tag?post=78096"}],"curies":[{"name":"wp","href":"https:\/\/api.w.org\/{rel}","templated":true}]}}