{"id":78122,"date":"2025-03-27T12:16:49","date_gmt":"2025-03-27T12:16:49","guid":{"rendered":"https:\/\/brandss.com.py\/index\/?post_type=product&#038;p=78122"},"modified":"2025-03-27T12:17:20","modified_gmt":"2025-03-27T12:17:20","slug":"calzado-deportivo-masculino-nike-air-max-1-sc","status":"publish","type":"product","link":"https:\/\/brandss.com.py\/index\/producto\/calzado-deportivo-masculino-nike-air-max-1-sc\/","title":{"rendered":"CALZADO DEPORTIVO MASCULINO NIKE AIR MAX 1 SC"},"content":{"rendered":"<p><img loading=\"lazy\" decoding=\"async\" class=\"\" src=\"https:\/\/1000marcas.net\/wp-content\/uploads\/2019\/11\/Logo-Nike.jpg\" alt=\"Logo de Nike: la historia y el significado del logotipo, la marca y el  s\u00edmbolo. | png, vector\" width=\"105\" height=\"59\" \/><\/p>\n<h1>AIR MAX 1 SC<\/h1>\n<p>Relajadas y f\u00e1ciles de combinar, las Air Max 1 ofrecen colores perfectos para la temporada y una comodidad revolucionaria. El cuero premium adorna el guardabarros ondulado y el logotipo Swoosh, mientras que la gamuza suave y las capas inferiores vaporosas hacen un gui\u00f1o al original del 87. Con raz\u00f3n se las llama atemporales.<\/p>\n<p><span>Relajadas y f\u00e1ciles de combinar, estas Air Max 1 lo ofrecen todo: desde un estilo parisino (las originales se inspiraron en la arquitectura francesa) hasta colores perfectos para la temporada y una comodidad revolucionaria. El cuero premium adorna el guardabarros ondulado y el logotipo Swoosh, mientras que la gamuza suave y las capas inferiores transpirables hacen un gui\u00f1o al original del 87. Son atemporales por una raz\u00f3n.<\/span><\/p>\n<p><span>El cuero, la tela y la malla se combinan para crear una construcci\u00f3n duradera, transpirable y c\u00f3moda para usar todo el d\u00eda.<\/span><br \/>\n<span>Originalmente dise\u00f1adas para correr, la unidad Max Air ofrece una amortiguaci\u00f3n ligera en cada paso.<\/span><br \/>\n<span>La entresuela de espuma a\u00f1ade amortiguaci\u00f3n para mayor durabilidad.<\/span><br \/>\n<span>La suela de goma proporciona tracci\u00f3n y durabilidad.<\/span><\/p>\n<p><span>Color: Light Bone\/Violet Dust\/Phantom<\/span><\/p>\n<p>Modelo: FB9660-002.<\/p>\n","protected":false},"excerpt":{"rendered":"<p>AIR MAX 1 SC Relajadas y f\u00e1ciles de combinar, las Air Max 1 ofrecen colores perfectos para la temporada y<\/p>\n","protected":false},"featured_media":78126,"comment_status":"open","ping_status":"closed","template":"","meta":{"nf_dc_page":""},"product_brand":[],"product_cat":[76],"product_tag":[],"class_list":{"0":"post-78122","1":"product","2":"type-product","3":"status-publish","4":"has-post-thumbnail","6":"product_cat-masculino","8":"first","9":"instock","10":"shipping-taxable","11":"purchasable","12":"product-type-simple"},"_links":{"self":[{"href":"https:\/\/brandss.com.py\/index\/wp-json\/wp\/v2\/product\/78122","targetHints":{"allow":["GET"]}}],"collection":[{"href":"https:\/\/brandss.com.py\/index\/wp-json\/wp\/v2\/product"}],"about":[{"href":"https:\/\/brandss.com.py\/index\/wp-json\/wp\/v2\/types\/product"}],"replies":[{"embeddable":true,"href":"https:\/\/brandss.com.py\/index\/wp-json\/wp\/v2\/comments?post=78122"}],"version-history":[{"count":1,"href":"https:\/\/brandss.com.py\/index\/wp-json\/wp\/v2\/product\/78122\/revisions"}],"predecessor-version":[{"id":78136,"href":"https:\/\/brandss.com.py\/index\/wp-json\/wp\/v2\/product\/78122\/revisions\/78136"}],"wp:featuredmedia":[{"embeddable":true,"href":"https:\/\/brandss.com.py\/index\/wp-json\/wp\/v2\/media\/78126"}],"wp:attachment":[{"href":"https:\/\/brandss.com.py\/index\/wp-json\/wp\/v2\/media?parent=78122"}],"wp:term":[{"taxonomy":"product_brand","embeddable":true,"href":"https:\/\/brandss.com.py\/index\/wp-json\/wp\/v2\/product_brand?post=78122"},{"taxonomy":"product_cat","embeddable":true,"href":"https:\/\/brandss.com.py\/index\/wp-json\/wp\/v2\/product_cat?post=78122"},{"taxonomy":"product_tag","embeddable":true,"href":"https:\/\/brandss.com.py\/index\/wp-json\/wp\/v2\/product_tag?post=78122"}],"curies":[{"name":"wp","href":"https:\/\/api.w.org\/{rel}","templated":true}]}}