{"id":78147,"date":"2025-03-27T12:39:49","date_gmt":"2025-03-27T12:39:49","guid":{"rendered":"https:\/\/brandss.com.py\/index\/?post_type=product&#038;p=78147"},"modified":"2025-07-02T16:55:46","modified_gmt":"2025-07-02T16:55:46","slug":"calzado-deportivo-masculino-nike-sb-vertebrae","status":"publish","type":"product","link":"https:\/\/brandss.com.py\/index\/producto\/calzado-deportivo-masculino-nike-sb-vertebrae\/","title":{"rendered":"CALZADO DEPORTIVO MASCULINO NIKE SB VERTEBRAE"},"content":{"rendered":"<p><img loading=\"lazy\" decoding=\"async\" class=\"\" src=\"https:\/\/1000marcas.net\/wp-content\/uploads\/2019\/11\/Logo-Nike.jpg\" alt=\"Logo de Nike: la historia y el significado del logotipo, la marca y el  s\u00edmbolo. | png, vector\" width=\"174\" height=\"98\" \/><\/p>\n<h1>SB VERTEBRAE<\/h1>\n<p><span>Las Vertebrae se adaptan r\u00e1pidamente y se desmoldan lentamente, ofreciendo un ajuste uniforme desde el primer momento. Los bloques de color en una paleta de la herencia de Nike le dan a estos modernos calzados el toque retro perfecto. <\/span><\/p>\n<p><span><strong>Dise\u00f1o minimalista:<\/strong> el dise\u00f1o de cuello alto abraza el tobillo, favorece un movimiento flexible y protege el tobillo. <\/span><span>El cuerpo del zapato est\u00e1 hecho de gamuza de alta calidad, suave y duradera. <\/span><span>Las superposiciones de cuero sint\u00e9tico a\u00f1aden durabilidad a las \u00e1reas de alta fricci\u00f3n.<\/span><br \/>\n<span><strong>Tecnolog\u00eda moderna<\/strong>: la amortiguaci\u00f3n suave Lunarlon reduce eficazmente los impactos y favorece un movimiento flexible. <\/span><span>Un forro interno NikeGrip ayuda a mantener los pies secos y c\u00f3modos. <\/span><span>La suela de caucho vulcanizado se adhiere bien a la cancha y proporciona una buena sensaci\u00f3n en la plantilla.<\/span><\/p>\n<p><strong>Ventaja:<\/strong><\/p>\n<p>&nbsp;<\/p>\n<div class=\"page\" title=\"P\u00e1gina 1\">\n<div class=\"layoutArea\">\n<div class=\"column\">\n<ul>\n<li>Estilo de moda, f\u00e1cil de combinar.<\/li>\n<li>Material duradero y de alta calidad.<\/li>\n<li>C\u00f3modo y con soporte para el movimiento.<\/li>\n<li><span>La costura de doble fila a\u00f1ade durabilidad.<\/span><\/li>\n<li><span>Las capas m\u00ednimas alrededor de la punta facilitan el movimiento.<\/span><\/li>\n<li><span>La suela generativa proporciona mayor agarre y sensaci\u00f3n de la tabla.<\/span><\/li>\n<li>Buen agarre, adecuado para andar en patineta.<\/li>\n<li><span>Color: Blanco cumbre\/Tinte platino-Obsidiana oscura-Violeta persa.<\/span><\/li>\n<li><span>Modelo: FD4691-101.<\/span><\/li>\n<\/ul>\n<\/div>\n<\/div>\n<\/div>\n","protected":false},"excerpt":{"rendered":"<p>SB VERTEBRAE Las Vertebrae se adaptan r\u00e1pidamente y se desmoldan lentamente, ofreciendo un ajuste uniforme desde el primer momento. Los<\/p>\n","protected":false},"featured_media":78149,"comment_status":"open","ping_status":"closed","template":"","meta":{"nf_dc_page":""},"product_brand":[],"product_cat":[76],"product_tag":[],"class_list":{"0":"post-78147","1":"product","2":"type-product","3":"status-publish","4":"has-post-thumbnail","6":"product_cat-masculino","8":"first","9":"instock","10":"shipping-taxable","11":"purchasable","12":"product-type-simple"},"_links":{"self":[{"href":"https:\/\/brandss.com.py\/index\/wp-json\/wp\/v2\/product\/78147","targetHints":{"allow":["GET"]}}],"collection":[{"href":"https:\/\/brandss.com.py\/index\/wp-json\/wp\/v2\/product"}],"about":[{"href":"https:\/\/brandss.com.py\/index\/wp-json\/wp\/v2\/types\/product"}],"replies":[{"embeddable":true,"href":"https:\/\/brandss.com.py\/index\/wp-json\/wp\/v2\/comments?post=78147"}],"version-history":[{"count":1,"href":"https:\/\/brandss.com.py\/index\/wp-json\/wp\/v2\/product\/78147\/revisions"}],"predecessor-version":[{"id":78157,"href":"https:\/\/brandss.com.py\/index\/wp-json\/wp\/v2\/product\/78147\/revisions\/78157"}],"wp:featuredmedia":[{"embeddable":true,"href":"https:\/\/brandss.com.py\/index\/wp-json\/wp\/v2\/media\/78149"}],"wp:attachment":[{"href":"https:\/\/brandss.com.py\/index\/wp-json\/wp\/v2\/media?parent=78147"}],"wp:term":[{"taxonomy":"product_brand","embeddable":true,"href":"https:\/\/brandss.com.py\/index\/wp-json\/wp\/v2\/product_brand?post=78147"},{"taxonomy":"product_cat","embeddable":true,"href":"https:\/\/brandss.com.py\/index\/wp-json\/wp\/v2\/product_cat?post=78147"},{"taxonomy":"product_tag","embeddable":true,"href":"https:\/\/brandss.com.py\/index\/wp-json\/wp\/v2\/product_tag?post=78147"}],"curies":[{"name":"wp","href":"https:\/\/api.w.org\/{rel}","templated":true}]}}