{"id":78159,"date":"2025-03-27T12:48:19","date_gmt":"2025-03-27T12:48:19","guid":{"rendered":"https:\/\/brandss.com.py\/index\/?post_type=product&#038;p=78159"},"modified":"2025-03-27T12:48:51","modified_gmt":"2025-03-27T12:48:51","slug":"calzado-deportivo-infantil-nike-air-max-90","status":"publish","type":"product","link":"https:\/\/brandss.com.py\/index\/producto\/calzado-deportivo-infantil-nike-air-max-90\/","title":{"rendered":"CALZADO DEPORTIVO INFANTIL NIKE AIR MAX 90"},"content":{"rendered":"<p><img loading=\"lazy\" decoding=\"async\" class=\"\" src=\"https:\/\/1000marcas.net\/wp-content\/uploads\/2019\/11\/Logo-Nike.jpg\" alt=\"Logo de Nike: la historia y el significado del logotipo, la ...\" width=\"409\" height=\"230\" \/><\/p>\n<h1>AIR MAX 90<\/h1>\n<p class=\"\" data-start=\"35\" data-end=\"404\">Para ni\u00f1os son una versi\u00f3n mejorada del ic\u00f3nico modelo Air Max 90, dise\u00f1adas para ofrecer <strong data-start=\"156\" data-end=\"227\">m\u00e1ximo confort, durabilidad y un ajuste adaptado a los m\u00e1s peque\u00f1os<\/strong>. Esta edici\u00f3n especial (SE) presenta un dise\u00f1o en <strong data-start=\"278\" data-end=\"296\">colores pastel<\/strong>, inspirado en los \u00faltimos d\u00edas del verano antes del regreso a clases, brindando un look fresco y moderno.<\/p>\n<p class=\"\" data-start=\"406\" data-end=\"635\">Con una construcci\u00f3n resistente de <strong data-start=\"441\" data-end=\"470\">cuero genuino y sint\u00e9tico<\/strong>, combinada con una <strong data-start=\"490\" data-end=\"530\">unidad Air Max optimizada para ni\u00f1os<\/strong>, estas zapatillas son ideales para el uso diario, tanto en la escuela como en actividades recreativas.<\/p>\n<h3 class=\"\" data-start=\"637\" data-end=\"674\"><strong data-start=\"641\" data-end=\"672\">Caracter\u00edsticas Principales<\/strong><\/h3>\n<p class=\"\" data-start=\"676\" data-end=\"704\">\u2705 <strong data-start=\"678\" data-end=\"702\">Dise\u00f1o y Materiales:<\/strong><\/p>\n<ul data-start=\"705\" data-end=\"962\">\n<li class=\"\" data-start=\"705\" data-end=\"796\">\n<p class=\"\" data-start=\"707\" data-end=\"796\"><strong data-start=\"707\" data-end=\"754\">Parte superior de cuero genuino y sint\u00e9tico<\/strong>, f\u00e1cil de limpiar y altamente duradera.<\/p>\n<\/li>\n<li class=\"\" data-start=\"797\" data-end=\"873\">\n<p class=\"\" data-start=\"799\" data-end=\"873\"><strong data-start=\"799\" data-end=\"826\">Dise\u00f1o cl\u00e1sico renovado<\/strong>, con colores pastel en una edici\u00f3n especial.<\/p>\n<\/li>\n<li class=\"\" data-start=\"874\" data-end=\"962\">\n<p class=\"\" data-start=\"876\" data-end=\"962\"><strong data-start=\"876\" data-end=\"894\">Forma mejorada<\/strong>, con m\u00e1s espacio en la puntera para mayor libertad de movimiento.<\/p>\n<\/li>\n<\/ul>\n<p class=\"\" data-start=\"964\" data-end=\"998\">\u2705 <strong data-start=\"966\" data-end=\"996\">Comodidad y Amortiguaci\u00f3n:<\/strong><\/p>\n<ul data-start=\"999\" data-end=\"1243\">\n<li class=\"\" data-start=\"999\" data-end=\"1083\">\n<p class=\"\" data-start=\"1001\" data-end=\"1083\"><strong data-start=\"1001\" data-end=\"1027\">Unidad Air Max visible<\/strong>, m\u00e1s suave y adaptada a las necesidades de los ni\u00f1os.<\/p>\n<\/li>\n<li class=\"\" data-start=\"1084\" data-end=\"1164\">\n<p class=\"\" data-start=\"1086\" data-end=\"1164\"><strong data-start=\"1086\" data-end=\"1105\">Espuma flexible<\/strong>, que proporciona amortiguaci\u00f3n y comodidad en cada paso.<\/p>\n<\/li>\n<li class=\"\" data-start=\"1165\" data-end=\"1243\">\n<p class=\"\" data-start=\"1167\" data-end=\"1243\"><strong data-start=\"1167\" data-end=\"1204\">Acolchado adicional en el tobillo<\/strong>, para un ajuste m\u00e1s c\u00f3modo y seguro.<\/p>\n<\/li>\n<\/ul>\n<p class=\"\" data-start=\"1245\" data-end=\"1270\">\u2705 <strong data-start=\"1247\" data-end=\"1268\">Suela y Tracci\u00f3n:<\/strong><\/p>\n<ul data-start=\"1271\" data-end=\"1429\">\n<li class=\"\" data-start=\"1271\" data-end=\"1356\">\n<p class=\"\" data-start=\"1273\" data-end=\"1356\"><strong data-start=\"1273\" data-end=\"1311\">Suela de goma de longitud completa<\/strong>, con ranuras que aumentan la flexibilidad.<\/p>\n<\/li>\n<li class=\"\" data-start=\"1357\" data-end=\"1429\">\n<p class=\"\" data-start=\"1359\" data-end=\"1429\"><strong data-start=\"1359\" data-end=\"1389\">Mayor estabilidad y agarre<\/strong>, ideal para todo tipo de superficies.<\/p>\n<\/li>\n<\/ul>\n<p class=\"\" data-start=\"1431\" data-end=\"1458\">\u2705 <strong data-start=\"1433\" data-end=\"1456\">Ajuste y Sensaci\u00f3n:<\/strong><\/p>\n<ul data-start=\"1459\" data-end=\"1592\">\n<li class=\"\" data-start=\"1459\" data-end=\"1523\">\n<p class=\"\" data-start=\"1461\" data-end=\"1523\"><strong data-start=\"1461\" data-end=\"1483\">Cierre de cordones<\/strong>, asegurando un ajuste firme y seguro.<\/p>\n<\/li>\n<li class=\"\" data-start=\"1524\" data-end=\"1592\">\n<p class=\"\" data-start=\"1526\" data-end=\"1592\"><strong data-start=\"1526\" data-end=\"1547\">Dise\u00f1o ergon\u00f3mico<\/strong>, que brinda comodidad durante todo el d\u00eda.<\/p>\n<\/li>\n<\/ul>\n","protected":false},"excerpt":{"rendered":"<p>AIR MAX 90 Para ni\u00f1os son una versi\u00f3n mejorada del ic\u00f3nico modelo Air Max 90, dise\u00f1adas para ofrecer m\u00e1ximo confort,<\/p>\n","protected":false},"featured_media":78160,"comment_status":"open","ping_status":"closed","template":"","meta":{"nf_dc_page":""},"product_brand":[],"product_cat":[75],"product_tag":[],"class_list":{"0":"post-78159","1":"product","2":"type-product","3":"status-publish","4":"has-post-thumbnail","6":"product_cat-infantil","8":"first","9":"instock","10":"shipping-taxable","11":"purchasable","12":"product-type-simple"},"_links":{"self":[{"href":"https:\/\/brandss.com.py\/index\/wp-json\/wp\/v2\/product\/78159","targetHints":{"allow":["GET"]}}],"collection":[{"href":"https:\/\/brandss.com.py\/index\/wp-json\/wp\/v2\/product"}],"about":[{"href":"https:\/\/brandss.com.py\/index\/wp-json\/wp\/v2\/types\/product"}],"replies":[{"embeddable":true,"href":"https:\/\/brandss.com.py\/index\/wp-json\/wp\/v2\/comments?post=78159"}],"version-history":[{"count":1,"href":"https:\/\/brandss.com.py\/index\/wp-json\/wp\/v2\/product\/78159\/revisions"}],"predecessor-version":[{"id":78169,"href":"https:\/\/brandss.com.py\/index\/wp-json\/wp\/v2\/product\/78159\/revisions\/78169"}],"wp:featuredmedia":[{"embeddable":true,"href":"https:\/\/brandss.com.py\/index\/wp-json\/wp\/v2\/media\/78160"}],"wp:attachment":[{"href":"https:\/\/brandss.com.py\/index\/wp-json\/wp\/v2\/media?parent=78159"}],"wp:term":[{"taxonomy":"product_brand","embeddable":true,"href":"https:\/\/brandss.com.py\/index\/wp-json\/wp\/v2\/product_brand?post=78159"},{"taxonomy":"product_cat","embeddable":true,"href":"https:\/\/brandss.com.py\/index\/wp-json\/wp\/v2\/product_cat?post=78159"},{"taxonomy":"product_tag","embeddable":true,"href":"https:\/\/brandss.com.py\/index\/wp-json\/wp\/v2\/product_tag?post=78159"}],"curies":[{"name":"wp","href":"https:\/\/api.w.org\/{rel}","templated":true}]}}