{"id":78170,"date":"2025-03-27T12:59:14","date_gmt":"2025-03-27T12:59:14","guid":{"rendered":"https:\/\/brandss.com.py\/index\/?post_type=product&#038;p=78170"},"modified":"2026-01-26T11:38:08","modified_gmt":"2026-01-26T11:38:08","slug":"calzado-deportivo-masculino-nike-react-phantom-run-flyknit","status":"publish","type":"product","link":"https:\/\/brandss.com.py\/index\/producto\/calzado-deportivo-masculino-nike-react-phantom-run-flyknit\/","title":{"rendered":"CALZADO DEPORTIVO MASCULINO NIKE  REACT PHANTOM RUN FLYKNIT"},"content":{"rendered":"<p><img loading=\"lazy\" decoding=\"async\" class=\"\" src=\"https:\/\/1000marcas.net\/wp-content\/uploads\/2019\/11\/Logo-Nike.jpg\" alt=\"Logo de Nike: la historia y el significado del logotipo, la ...\" width=\"469\" height=\"264\" \/><\/p>\n<h1 data-start=\"0\" data-end=\"51\">REACT PHANTOM RUN FLYKNIT<\/h1>\n<p class=\"\" data-start=\"53\" data-end=\"534\">Dise\u00f1adas para ofrecer <strong data-start=\"76\" data-end=\"118\">m\u00e1xima comodidad, ajuste y rendimiento<\/strong>, estas zapatillas elevan la experiencia de correr a otro nivel. <strong data-start=\"183\" data-end=\"214\">Inspiradas en su predecesor<\/strong>, este modelo mantiene la esencia de un dise\u00f1o sin cordones pero lo lleva m\u00e1s all\u00e1, incorporando un <strong data-start=\"314\" data-end=\"332\">soporte seguro<\/strong> que envuelve el pie de manera natural. La sensaci\u00f3n es tan ligera y adaptable que parece desaparecer en cada paso, permiti\u00e9ndote concentrarte \u00fanicamente en tu rendimiento y en alcanzar tus objetivos.<\/p>\n<p class=\"\" data-start=\"536\" data-end=\"910\">La incorporaci\u00f3n de <strong data-start=\"556\" data-end=\"587\">m\u00e1s espuma en la entresuela<\/strong> se traduce en una amortiguaci\u00f3n superior, reduciendo el impacto con cada pisada y brindando una sensaci\u00f3n de suavidad inigualable. Ya sea para carreras largas, entrenamientos diarios o simplemente para moverte con total libertad, este modelo est\u00e1 dise\u00f1ado para mantener <strong data-start=\"858\" data-end=\"907\">la comodidad y la estabilidad en todo momento<\/strong>.<\/p>\n<p class=\"\" data-start=\"912\" data-end=\"1106\">Adem\u00e1s, su dise\u00f1o moderno y ergon\u00f3mico no solo prioriza el rendimiento, sino tambi\u00e9n el estilo, permiti\u00e9ndote usarlo dentro y fuera de la pista sin comprometer la est\u00e9tica ni la funcionalidad.<\/p>\n<h3 class=\"\" data-start=\"1108\" data-end=\"1140\"><strong data-start=\"1112\" data-end=\"1138\">Caracter\u00edsticas Clave:<\/strong><\/h3>\n<p class=\"\" data-start=\"1142\" data-end=\"1178\">\u2705 <strong data-start=\"1144\" data-end=\"1176\">Dise\u00f1o Innovador y Funcional<\/strong><\/p>\n<ul data-start=\"1179\" data-end=\"1399\">\n<li class=\"\" data-start=\"1179\" data-end=\"1250\">\n<p class=\"\" data-start=\"1181\" data-end=\"1250\"><strong data-start=\"1181\" data-end=\"1205\">Sistema sin cordones<\/strong>, para un ajuste pr\u00e1ctico, r\u00e1pido y seguro.<\/p>\n<\/li>\n<li class=\"\" data-start=\"1251\" data-end=\"1327\">\n<p class=\"\" data-start=\"1253\" data-end=\"1327\"><strong data-start=\"1253\" data-end=\"1275\">Soporte envolvente<\/strong>, que brinda estabilidad sin sensaci\u00f3n de rigidez.<\/p>\n<\/li>\n<li class=\"\" data-start=\"1328\" data-end=\"1399\">\n<p class=\"\" data-start=\"1330\" data-end=\"1399\"><strong data-start=\"1330\" data-end=\"1362\">Dise\u00f1o ligero y transpirable<\/strong>, que se adapta a la forma del pie.<\/p>\n<\/li>\n<\/ul>\n<p class=\"\" data-start=\"1401\" data-end=\"1444\">\u2705 <strong data-start=\"1403\" data-end=\"1442\">Comodidad y Amortiguaci\u00f3n Mejoradas<\/strong><\/p>\n<ul data-start=\"1445\" data-end=\"1752\">\n<li class=\"\" data-start=\"1445\" data-end=\"1573\">\n<p class=\"\" data-start=\"1447\" data-end=\"1573\"><strong data-start=\"1447\" data-end=\"1492\">Mayor cantidad de espuma en la entresuela<\/strong>, proporcionando un retorno de energ\u00eda optimizado y mayor absorci\u00f3n de impacto.<\/p>\n<\/li>\n<li class=\"\" data-start=\"1574\" data-end=\"1665\">\n<p class=\"\" data-start=\"1576\" data-end=\"1665\"><strong data-start=\"1576\" data-end=\"1614\">Sensaci\u00f3n de suavidad en cada paso<\/strong>, ideal para correr largas distancias sin fatiga.<\/p>\n<\/li>\n<li class=\"\" data-start=\"1666\" data-end=\"1752\">\n<p class=\"\" data-start=\"1668\" data-end=\"1752\"><strong data-start=\"1668\" data-end=\"1696\">Forro interior acolchado<\/strong>, que elimina rozaduras y mejora la comodidad general.<\/p>\n<\/li>\n<\/ul>\n<p class=\"\" data-start=\"1754\" data-end=\"1787\">\u2705 <strong data-start=\"1756\" data-end=\"1785\">Rendimiento en Movimiento<\/strong><\/p>\n<ul data-start=\"1788\" data-end=\"2034\">\n<li class=\"\" data-start=\"1788\" data-end=\"1871\">\n<p class=\"\" data-start=\"1790\" data-end=\"1871\"><strong data-start=\"1790\" data-end=\"1825\">Tracci\u00f3n optimizada en la suela<\/strong>, asegurando agarre en diversas superficies.<\/p>\n<\/li>\n<li class=\"\" data-start=\"1872\" data-end=\"1951\">\n<p class=\"\" data-start=\"1874\" data-end=\"1951\"><strong data-start=\"1874\" data-end=\"1903\">Flexibilidad en la pisada<\/strong>, para una transici\u00f3n m\u00e1s fluida en cada paso.<\/p>\n<\/li>\n<li class=\"\" data-start=\"1952\" data-end=\"2034\">\n<p class=\"\" data-start=\"1954\" data-end=\"2034\"><strong data-start=\"1954\" data-end=\"1975\">Dise\u00f1o ergon\u00f3mico<\/strong>, que favorece una postura natural y eficiente al correr.<\/p>\n<\/li>\n<\/ul>\n<p>&nbsp;<\/p>\n","protected":false},"excerpt":{"rendered":"<p>REACT PHANTOM RUN FLYKNIT Dise\u00f1adas para ofrecer m\u00e1xima comodidad, ajuste y rendimiento, estas zapatillas elevan la experiencia de correr a<\/p>\n","protected":false},"featured_media":78172,"comment_status":"open","ping_status":"closed","template":"","meta":{"nf_dc_page":""},"product_brand":[],"product_cat":[76],"product_tag":[],"class_list":{"0":"post-78170","1":"product","2":"type-product","3":"status-publish","4":"has-post-thumbnail","6":"product_cat-masculino","8":"first","9":"outofstock","10":"shipping-taxable","11":"purchasable","12":"product-type-simple"},"_links":{"self":[{"href":"https:\/\/brandss.com.py\/index\/wp-json\/wp\/v2\/product\/78170","targetHints":{"allow":["GET"]}}],"collection":[{"href":"https:\/\/brandss.com.py\/index\/wp-json\/wp\/v2\/product"}],"about":[{"href":"https:\/\/brandss.com.py\/index\/wp-json\/wp\/v2\/types\/product"}],"replies":[{"embeddable":true,"href":"https:\/\/brandss.com.py\/index\/wp-json\/wp\/v2\/comments?post=78170"}],"version-history":[{"count":1,"href":"https:\/\/brandss.com.py\/index\/wp-json\/wp\/v2\/product\/78170\/revisions"}],"predecessor-version":[{"id":78177,"href":"https:\/\/brandss.com.py\/index\/wp-json\/wp\/v2\/product\/78170\/revisions\/78177"}],"wp:featuredmedia":[{"embeddable":true,"href":"https:\/\/brandss.com.py\/index\/wp-json\/wp\/v2\/media\/78172"}],"wp:attachment":[{"href":"https:\/\/brandss.com.py\/index\/wp-json\/wp\/v2\/media?parent=78170"}],"wp:term":[{"taxonomy":"product_brand","embeddable":true,"href":"https:\/\/brandss.com.py\/index\/wp-json\/wp\/v2\/product_brand?post=78170"},{"taxonomy":"product_cat","embeddable":true,"href":"https:\/\/brandss.com.py\/index\/wp-json\/wp\/v2\/product_cat?post=78170"},{"taxonomy":"product_tag","embeddable":true,"href":"https:\/\/brandss.com.py\/index\/wp-json\/wp\/v2\/product_tag?post=78170"}],"curies":[{"name":"wp","href":"https:\/\/api.w.org\/{rel}","templated":true}]}}