{"id":78189,"date":"2025-03-27T14:44:47","date_gmt":"2025-03-27T14:44:47","guid":{"rendered":"https:\/\/brandss.com.py\/index\/?post_type=product&#038;p=78189"},"modified":"2025-07-07T18:00:03","modified_gmt":"2025-07-07T18:00:03","slug":"calzado-deportivo-masculino-nike-air-jordan-11","status":"publish","type":"product","link":"https:\/\/brandss.com.py\/index\/producto\/calzado-deportivo-masculino-nike-air-jordan-11\/","title":{"rendered":"CALZADO DEPORTIVO MASCULINO NIKE AIR JORDAN 11"},"content":{"rendered":"<p><img loading=\"lazy\" decoding=\"async\" class=\"\" src=\"https:\/\/1000marcas.net\/wp-content\/uploads\/2019\/11\/Logo-Nike.jpg\" alt=\"Logo de Nike: la historia y el significado del logotipo, la ...\" width=\"283\" height=\"160\" \/><\/p>\n<h1 data-start=\"0\" data-end=\"57\"><strong data-start=\"4\" data-end=\"55\">Air Jordan 11<\/strong><\/h1>\n<p class=\"\" data-start=\"59\" data-end=\"662\">Los <strong data-start=\"63\" data-end=\"80\">Air Jordan 11<\/strong> son una de las siluetas m\u00e1s emblem\u00e1ticas de la historia del calzado deportivo, conocidos por su <strong data-start=\"177\" data-end=\"197\">dise\u00f1o innovador<\/strong> y su impacto tanto en el baloncesto como en la moda urbana. Introducidos por primera vez en 1995, estos tenis marcaron un antes y un despu\u00e9s, destac\u00e1ndose por la incorporaci\u00f3n de <strong data-start=\"377\" data-end=\"397\">charol brillante<\/strong> en la parte superior, un material que hasta ese momento no se ve\u00eda en calzado deportivo. Este dise\u00f1o, que aporta un toque de sofisticaci\u00f3n, fue un hito en la industria, haciendo que los Jordan 11 no solo fueran perfectos para la cancha, sino tambi\u00e9n para la calle.<\/p>\n<p class=\"\" data-start=\"664\" data-end=\"865\">El modelo ha tenido m\u00faltiples reediciones y versiones, como las populares <strong data-start=\"738\" data-end=\"751\">&#8220;Concord&#8221;<\/strong>, <strong data-start=\"753\" data-end=\"763\">&#8220;Bred&#8221;<\/strong> y <strong data-start=\"766\" data-end=\"781\">&#8220;Space Jam&#8221;<\/strong>, que siguen siendo altamente demandadas por coleccionistas y fan\u00e1ticos de la marca.<\/p>\n<h3 class=\"\" data-start=\"867\" data-end=\"904\"><strong data-start=\"871\" data-end=\"902\">Caracter\u00edsticas\u00a0<\/strong><\/h3>\n<p class=\"\" data-start=\"906\" data-end=\"960\">\u2705 <strong data-start=\"908\" data-end=\"958\">Dise\u00f1o Innovador y Materiales de Alta Calidad:<\/strong><\/p>\n<ul data-start=\"961\" data-end=\"1236\">\n<li class=\"\" data-start=\"961\" data-end=\"1109\">\n<p class=\"\" data-start=\"963\" data-end=\"1109\"><strong data-start=\"963\" data-end=\"981\">Parte superior<\/strong> de <strong data-start=\"985\" data-end=\"1004\">malla bal\u00edstica<\/strong> combinada con <strong data-start=\"1019\" data-end=\"1039\">charol brillante<\/strong>, lo que proporciona durabilidad, resistencia y un aspecto elegante.<\/p>\n<\/li>\n<li class=\"\" data-start=\"1110\" data-end=\"1236\">\n<p class=\"\" data-start=\"1112\" data-end=\"1236\">El <strong data-start=\"1115\" data-end=\"1135\">charol brillante<\/strong> no solo a\u00f1ade un estilo \u00fanico, sino que tambi\u00e9n mejora la <strong data-start=\"1194\" data-end=\"1209\">resistencia<\/strong> del calzado al desgaste.<\/p>\n<\/li>\n<\/ul>\n<p class=\"\" data-start=\"1238\" data-end=\"1274\">\u2705 <strong data-start=\"1240\" data-end=\"1272\">Tecnolog\u00eda de Amortiguaci\u00f3n:<\/strong><\/p>\n<ul data-start=\"1275\" data-end=\"1613\">\n<li class=\"\" data-start=\"1275\" data-end=\"1444\">\n<p class=\"\" data-start=\"1277\" data-end=\"1444\"><strong data-start=\"1277\" data-end=\"1303\">Amortiguaci\u00f3n Air-Sole<\/strong> en el tal\u00f3n, que ofrece una <strong data-start=\"1332\" data-end=\"1369\">absorci\u00f3n de impactos excepcional<\/strong>, reduciendo el esfuerzo en cada pisada y mejorando la comodidad general.<\/p>\n<\/li>\n<li class=\"\" data-start=\"1445\" data-end=\"1613\">\n<p class=\"\" data-start=\"1447\" data-end=\"1613\"><strong data-start=\"1447\" data-end=\"1476\">Placa de fibra de carbono<\/strong> en la entresuela que proporciona <strong data-start=\"1510\" data-end=\"1525\">estabilidad<\/strong> durante movimientos din\u00e1micos, ideal para movimientos r\u00e1pidos y cambios de direcci\u00f3n.<\/p>\n<\/li>\n<\/ul>\n<p class=\"\" data-start=\"1615\" data-end=\"1642\">\u2705 <strong data-start=\"1617\" data-end=\"1640\">Tracci\u00f3n y Soporte:<\/strong><\/p>\n<ul data-start=\"1643\" data-end=\"1893\">\n<li class=\"\" data-start=\"1643\" data-end=\"1773\">\n<p class=\"\" data-start=\"1645\" data-end=\"1773\"><strong data-start=\"1645\" data-end=\"1674\">Suela de goma transl\u00facida<\/strong> con un patr\u00f3n de tracci\u00f3n optimizado, ofreciendo un <strong data-start=\"1727\" data-end=\"1746\">agarre superior<\/strong> en diversas superficies.<\/p>\n<\/li>\n<li class=\"\" data-start=\"1774\" data-end=\"1893\">\n<p class=\"\" data-start=\"1776\" data-end=\"1893\">La goma transl\u00facida tambi\u00e9n a\u00f1ade un <strong data-start=\"1813\" data-end=\"1839\">toque visual atractivo<\/strong> que distingue a los Air Jordan 11 de otros modelos.<\/p>\n<\/li>\n<\/ul>\n<p class=\"\" data-start=\"1895\" data-end=\"1925\">\u2705 <strong data-start=\"1897\" data-end=\"1923\">Versatilidad y Estilo:<\/strong><\/p>\n<ul data-start=\"1926\" data-end=\"2315\">\n<li class=\"\" data-start=\"1926\" data-end=\"2090\">\n<p class=\"\" data-start=\"1928\" data-end=\"2090\"><strong data-start=\"1928\" data-end=\"1959\">Dise\u00f1o elegante y funcional<\/strong> que ha sido amado tanto por jugadores de baloncesto como por fan\u00e1ticos de la moda, siendo una opci\u00f3n popular para el uso diario.<\/p>\n<\/li>\n<li class=\"\" data-start=\"2091\" data-end=\"2315\">\n<p class=\"\" data-start=\"2093\" data-end=\"2315\">Disponible en varias combinaciones de colores, como los cl\u00e1sicos <strong data-start=\"2158\" data-end=\"2186\">blanco-negro (&#8220;Concord&#8221;)<\/strong> y <strong data-start=\"2189\" data-end=\"2212\">negro-rojo (&#8220;Bred&#8221;)<\/strong>, as\u00ed como ediciones especiales como el <strong data-start=\"2252\" data-end=\"2267\">&#8220;Space Jam&#8221;<\/strong>, que han sido populares desde su lanzamiento.<\/p>\n<\/li>\n<\/ul>\n<p>&nbsp;<\/p>\n<p>&nbsp;<\/p>\n<p>&nbsp;<\/p>\n","protected":false},"excerpt":{"rendered":"<p>Air Jordan 11 Los Air Jordan 11 son una de las siluetas m\u00e1s emblem\u00e1ticas de la historia del calzado deportivo,<\/p>\n","protected":false},"featured_media":78190,"comment_status":"open","ping_status":"closed","template":"","meta":{"nf_dc_page":""},"product_brand":[],"product_cat":[76],"product_tag":[],"class_list":{"0":"post-78189","1":"product","2":"type-product","3":"status-publish","4":"has-post-thumbnail","6":"product_cat-masculino","8":"first","9":"outofstock","10":"shipping-taxable","11":"purchasable","12":"product-type-simple"},"_links":{"self":[{"href":"https:\/\/brandss.com.py\/index\/wp-json\/wp\/v2\/product\/78189","targetHints":{"allow":["GET"]}}],"collection":[{"href":"https:\/\/brandss.com.py\/index\/wp-json\/wp\/v2\/product"}],"about":[{"href":"https:\/\/brandss.com.py\/index\/wp-json\/wp\/v2\/types\/product"}],"replies":[{"embeddable":true,"href":"https:\/\/brandss.com.py\/index\/wp-json\/wp\/v2\/comments?post=78189"}],"version-history":[{"count":1,"href":"https:\/\/brandss.com.py\/index\/wp-json\/wp\/v2\/product\/78189\/revisions"}],"predecessor-version":[{"id":78195,"href":"https:\/\/brandss.com.py\/index\/wp-json\/wp\/v2\/product\/78189\/revisions\/78195"}],"wp:featuredmedia":[{"embeddable":true,"href":"https:\/\/brandss.com.py\/index\/wp-json\/wp\/v2\/media\/78190"}],"wp:attachment":[{"href":"https:\/\/brandss.com.py\/index\/wp-json\/wp\/v2\/media?parent=78189"}],"wp:term":[{"taxonomy":"product_brand","embeddable":true,"href":"https:\/\/brandss.com.py\/index\/wp-json\/wp\/v2\/product_brand?post=78189"},{"taxonomy":"product_cat","embeddable":true,"href":"https:\/\/brandss.com.py\/index\/wp-json\/wp\/v2\/product_cat?post=78189"},{"taxonomy":"product_tag","embeddable":true,"href":"https:\/\/brandss.com.py\/index\/wp-json\/wp\/v2\/product_tag?post=78189"}],"curies":[{"name":"wp","href":"https:\/\/api.w.org\/{rel}","templated":true}]}}