{"id":78196,"date":"2025-03-27T16:57:02","date_gmt":"2025-03-27T16:57:02","guid":{"rendered":"https:\/\/brandss.com.py\/index\/?post_type=product&#038;p=78196"},"modified":"2025-03-27T16:57:41","modified_gmt":"2025-03-27T16:57:41","slug":"calzado-casual-masculino-nike-blazer-mid-77-jumbo","status":"publish","type":"product","link":"https:\/\/brandss.com.py\/index\/producto\/calzado-casual-masculino-nike-blazer-mid-77-jumbo\/","title":{"rendered":"CALZADO CASUAL MASCULINO NIKE BLAZER MID 77 JUMBO"},"content":{"rendered":"<p><img loading=\"lazy\" decoding=\"async\" class=\"\" src=\"https:\/\/1000marcas.net\/wp-content\/uploads\/2019\/11\/Logo-Nike.jpg\" alt=\"Logo de Nike: la historia y el significado del logotipo, la marca y el  s\u00edmbolo. | png, vector\" width=\"130\" height=\"73\" \/><\/p>\n<h1>BLAZER MID 77 JUMBO<\/h1>\n<div class=\"inline gap-1 \">\n<p class=\"text-left text-base leading-normal \"><span>Las vers\u00e1tiles y audaces\u00a0<\/span><span>Nike Blazer Mid Jumbo\u00a0<\/span><span>acaban de lanzar una nueva y llamativa combinaci\u00f3n de colores. Presentamos las Nike Blazer Mid Jumbo Black Aqua.<\/span><\/p>\n<\/div>\n<div class=\"inline gap-1 \">\n<p class=\"text-left text-base leading-normal \"><span>Estas Blazer de corte medio cambian su habitual base de cuero blanco por una parte superior completamente negra. La puntera es de ante a juego con los cordones y el cuello de tejido acanalado. El llamativo color aguamarina brillante se presenta en forma de grandes Swooshes conectados en los laterales y medial de la zapatilla, y en las costuras en zigzag expuestas que recubren la puntera. La leng\u00fceta y el logo Nike en la plantilla negra tambi\u00e9n son del mismo tono. Una entresuela texturizada en color vela y una suela exterior de goma aguamarina completan el dise\u00f1o de estas zapatillas.<\/span><\/p>\n<p>Color: Black\/Baltic Blue\/Sail.<\/p>\n<p>Modelo: FD0278-001.<\/p>\n<\/div>\n","protected":false},"excerpt":{"rendered":"<p>BLAZER MID 77 JUMBO Las vers\u00e1tiles y audaces\u00a0Nike Blazer Mid Jumbo\u00a0acaban de lanzar una nueva y llamativa combinaci\u00f3n de colores.<\/p>\n","protected":false},"featured_media":78197,"comment_status":"open","ping_status":"closed","template":"","meta":{"nf_dc_page":""},"product_brand":[],"product_cat":[76],"product_tag":[],"class_list":{"0":"post-78196","1":"product","2":"type-product","3":"status-publish","4":"has-post-thumbnail","6":"product_cat-masculino","8":"first","9":"instock","10":"shipping-taxable","11":"purchasable","12":"product-type-simple"},"_links":{"self":[{"href":"https:\/\/brandss.com.py\/index\/wp-json\/wp\/v2\/product\/78196","targetHints":{"allow":["GET"]}}],"collection":[{"href":"https:\/\/brandss.com.py\/index\/wp-json\/wp\/v2\/product"}],"about":[{"href":"https:\/\/brandss.com.py\/index\/wp-json\/wp\/v2\/types\/product"}],"replies":[{"embeddable":true,"href":"https:\/\/brandss.com.py\/index\/wp-json\/wp\/v2\/comments?post=78196"}],"version-history":[{"count":1,"href":"https:\/\/brandss.com.py\/index\/wp-json\/wp\/v2\/product\/78196\/revisions"}],"predecessor-version":[{"id":78206,"href":"https:\/\/brandss.com.py\/index\/wp-json\/wp\/v2\/product\/78196\/revisions\/78206"}],"wp:featuredmedia":[{"embeddable":true,"href":"https:\/\/brandss.com.py\/index\/wp-json\/wp\/v2\/media\/78197"}],"wp:attachment":[{"href":"https:\/\/brandss.com.py\/index\/wp-json\/wp\/v2\/media?parent=78196"}],"wp:term":[{"taxonomy":"product_brand","embeddable":true,"href":"https:\/\/brandss.com.py\/index\/wp-json\/wp\/v2\/product_brand?post=78196"},{"taxonomy":"product_cat","embeddable":true,"href":"https:\/\/brandss.com.py\/index\/wp-json\/wp\/v2\/product_cat?post=78196"},{"taxonomy":"product_tag","embeddable":true,"href":"https:\/\/brandss.com.py\/index\/wp-json\/wp\/v2\/product_tag?post=78196"}],"curies":[{"name":"wp","href":"https:\/\/api.w.org\/{rel}","templated":true}]}}