{"id":78207,"date":"2025-03-27T17:11:40","date_gmt":"2025-03-27T17:11:40","guid":{"rendered":"https:\/\/brandss.com.py\/index\/?post_type=product&#038;p=78207"},"modified":"2025-03-27T17:12:16","modified_gmt":"2025-03-27T17:12:16","slug":"pantalon-deportivo-masculino-nike-sb-kearney","status":"publish","type":"product","link":"https:\/\/brandss.com.py\/index\/producto\/pantalon-deportivo-masculino-nike-sb-kearney\/","title":{"rendered":"PANTAL\u00d3N DEPORTIVO MASCULINO NIKE SB KEARNEY"},"content":{"rendered":"<p><img loading=\"lazy\" decoding=\"async\" class=\"\" src=\"https:\/\/1000marcas.net\/wp-content\/uploads\/2019\/11\/Logo-Nike.jpg\" alt=\"Logo de Nike: la historia y el significado del logotipo, la marca y el  s\u00edmbolo. | png, vector\" width=\"174\" height=\"98\" \/><\/p>\n<h1>SB KEARNEY<\/h1>\n<div class=\"b-microproduct\">\n<div class=\"b-microproduct__info\">\n<div class=\"b-microproduct__price\"><\/div>\n<\/div>\n<\/div>\n<div class=\"b-fullpdpdetails__content\">\n<div class=\"b-fullpdpdetails__item\" data-prop-name=\"productDescription\"><span>Los pantalones de skate Nike SB Kearney est\u00e1n confeccionados con tela Ripstop duradera y presentan un ajuste ancho. Tiene 6 bolsillos y un bolsillo secreto, para guardar de forma segura tus objetos esenciales.<\/span><\/div>\n<div data-prop-name=\"productDescription\">\n<div class=\"b-fullpdpdetails__section\">\n<div><\/div>\n<div class=\"b-fullpdpdetails__title\"><strong>Dise\u00f1o duradero<\/strong><\/div>\n<div><\/div>\n<div class=\"b-productdata__content\">La tela Ripstop duradera est\u00e1 dise\u00f1ada para durar y agrega durabilidad a las \u00e1reas de mayor desgaste.<\/div>\n<\/div>\n<div class=\"b-fullpdpdetails__section\">\n<div class=\"b-fullpdpdetails__title\">Almacenamiento conveniente<\/div>\n<div class=\"b-productdata__content\">El dise\u00f1o de m\u00faltiples bolsillos, adem\u00e1s de bolsillos de carga en los costados, le brinda amplio espacio para guardar sus elementos esenciales.<\/div>\n<div><\/div>\n<\/div>\n<div class=\"b-fullpdpdetails__section\">\n<div class=\"b-fullpdpdetails__title\"><strong>Dise\u00f1o distintivo<\/strong><\/div>\n<div><\/div>\n<div class=\"b-productdata__content\">El cord\u00f3n en cada dobladillo te permite ajustar el ajuste alrededor de tus tobillos para que puedas ce\u00f1irlos o dejarlos abiertos.<\/div>\n<\/div>\n<\/div>\n<div class=\"b-fullpdpdetails__attribute\" data-id=\"gmg_productSpecifications\">\n<div class=\"b-fullpdpdetails__section\">\n<div><\/div>\n<div class=\"b-fullpdpdetails__title\"><strong>Detalles<\/strong><\/div>\n<div><\/div>\n<div class=\"b-productdata__content\">\n<ul class=\"b-list--dots\">\n<li><span>Estructura: 97% algod\u00f3n\/3% elastano. <\/span><\/li>\n<li><span>Bolsillos: 87% poli\u00e9ster\/13% algod\u00f3n.<\/span><\/li>\n<li><span>Lavado a m\u00e1quina.<\/span><\/li>\n<li><span>I<\/span><span>mportado.<\/span><\/li>\n<li><span>Color: Azul marino medianoche\/blanco.<\/span><\/li>\n<li><span>Modelo: FD0401-410.<\/span><\/li>\n<\/ul>\n<\/div>\n<\/div>\n<div class=\"b-fullpdpdetails__section\">\n<div class=\"b-productdata__content\"><\/div>\n<\/div>\n<\/div>\n<div class=\"b-fullpdpdetails__attribute\" data-id=\"gmg_enhancedBenefits\">\n<div class=\"b-fullpdpdetails__section\"><\/div>\n<\/div>\n<\/div>\n","protected":false},"excerpt":{"rendered":"<p>SB KEARNEY Los pantalones de skate Nike SB Kearney est\u00e1n confeccionados con tela Ripstop duradera y presentan un ajuste ancho.<\/p>\n","protected":false},"featured_media":78209,"comment_status":"open","ping_status":"closed","template":"","meta":{"nf_dc_page":""},"product_brand":[],"product_cat":[76],"product_tag":[],"class_list":{"0":"post-78207","1":"product","2":"type-product","3":"status-publish","4":"has-post-thumbnail","6":"product_cat-masculino","8":"first","9":"instock","10":"shipping-taxable","11":"purchasable","12":"product-type-simple"},"_links":{"self":[{"href":"https:\/\/brandss.com.py\/index\/wp-json\/wp\/v2\/product\/78207","targetHints":{"allow":["GET"]}}],"collection":[{"href":"https:\/\/brandss.com.py\/index\/wp-json\/wp\/v2\/product"}],"about":[{"href":"https:\/\/brandss.com.py\/index\/wp-json\/wp\/v2\/types\/product"}],"replies":[{"embeddable":true,"href":"https:\/\/brandss.com.py\/index\/wp-json\/wp\/v2\/comments?post=78207"}],"version-history":[{"count":1,"href":"https:\/\/brandss.com.py\/index\/wp-json\/wp\/v2\/product\/78207\/revisions"}],"predecessor-version":[{"id":78223,"href":"https:\/\/brandss.com.py\/index\/wp-json\/wp\/v2\/product\/78207\/revisions\/78223"}],"wp:featuredmedia":[{"embeddable":true,"href":"https:\/\/brandss.com.py\/index\/wp-json\/wp\/v2\/media\/78209"}],"wp:attachment":[{"href":"https:\/\/brandss.com.py\/index\/wp-json\/wp\/v2\/media?parent=78207"}],"wp:term":[{"taxonomy":"product_brand","embeddable":true,"href":"https:\/\/brandss.com.py\/index\/wp-json\/wp\/v2\/product_brand?post=78207"},{"taxonomy":"product_cat","embeddable":true,"href":"https:\/\/brandss.com.py\/index\/wp-json\/wp\/v2\/product_cat?post=78207"},{"taxonomy":"product_tag","embeddable":true,"href":"https:\/\/brandss.com.py\/index\/wp-json\/wp\/v2\/product_tag?post=78207"}],"curies":[{"name":"wp","href":"https:\/\/api.w.org\/{rel}","templated":true}]}}