{"id":78239,"date":"2025-03-27T17:35:37","date_gmt":"2025-03-27T17:35:37","guid":{"rendered":"https:\/\/brandss.com.py\/index\/?post_type=product&#038;p=78239"},"modified":"2025-03-27T17:36:55","modified_gmt":"2025-03-27T17:36:55","slug":"calzado-deportivo-infantil-nike-air-max-90-2","status":"publish","type":"product","link":"https:\/\/brandss.com.py\/index\/producto\/calzado-deportivo-infantil-nike-air-max-90-2\/","title":{"rendered":"CALZADO DEPORTIVO INFANTIL NIKE AIR MAX 90"},"content":{"rendered":"<p><img loading=\"lazy\" decoding=\"async\" class=\"\" src=\"https:\/\/1000marcas.net\/wp-content\/uploads\/2019\/11\/Logo-Nike.jpg\" alt=\"Logo de Nike: la historia y el significado del logotipo, la marca y el  s\u00edmbolo. | png, vector\" width=\"119\" height=\"67\" \/><\/p>\n<h1>AIR MAX 90<\/h1>\n<p><span>Lanzado originalmente en los 90, el Nike Air Max 90 sigue vigente gracias a su dise\u00f1o innovador y c\u00f3moda amortiguaci\u00f3n. Este modelo, ideal para estudiantes de primaria, est\u00e1 recubierto de malla transpirable y cuero suave. Traemos un favorito de los 90 a una nueva generaci\u00f3n. Con una amortiguaci\u00f3n m\u00e1s suave, una suela flexible, mayor espacio en la puntera y unidades Max Air optimizadas para pies en crecimiento, las Nike Air Max 90 est\u00e1n de vuelta y listas para jugar. Adoradas por los adultos, estas zapatillas cl\u00e1sicas ahora ofrecen una sensaci\u00f3n a\u00fan mejor, \u00a1ideal para ti!<\/span><\/p>\n<p>&nbsp;<\/p>\n<ul>\n<li><span>Parte superior de malla.<\/span><\/li>\n<li><span>superposiciones de cuero.<\/span><\/li>\n<li><span>Superposiciones de Swoosh en los laterales.<\/span><\/li>\n<li><span>Ojales de TPU.<\/span><\/li>\n<li><span>Sistema de cordones tradicional.<\/span><\/li>\n<li><span>Leng\u00fceta acolchada con la marca Nike Air Max.<\/span><\/li>\n<li><span>Pesta\u00f1a del tal\u00f3n de TPU con la marca Nike Air.<\/span><\/li>\n<li><span>Entresuela de espuma para mayor soporte.<\/span><\/li>\n<li><span>Unidad Max Air en el tal\u00f3n.<\/span><\/li>\n<li><span><span>Color: Blanco\/Azul Rayo\/Negro\/Azul Rayo.<\/span><\/span><\/li>\n<li><span><span>Modelo: FD0678-100.<\/span><\/span><\/li>\n<\/ul>\n","protected":false},"excerpt":{"rendered":"<p>AIR MAX 90 Lanzado originalmente en los 90, el Nike Air Max 90 sigue vigente gracias a su dise\u00f1o innovador<\/p>\n","protected":false},"featured_media":78240,"comment_status":"open","ping_status":"closed","template":"","meta":{"nf_dc_page":""},"product_brand":[],"product_cat":[75],"product_tag":[],"class_list":{"0":"post-78239","1":"product","2":"type-product","3":"status-publish","4":"has-post-thumbnail","6":"product_cat-infantil","8":"first","9":"instock","10":"shipping-taxable","11":"purchasable","12":"product-type-simple"},"_links":{"self":[{"href":"https:\/\/brandss.com.py\/index\/wp-json\/wp\/v2\/product\/78239","targetHints":{"allow":["GET"]}}],"collection":[{"href":"https:\/\/brandss.com.py\/index\/wp-json\/wp\/v2\/product"}],"about":[{"href":"https:\/\/brandss.com.py\/index\/wp-json\/wp\/v2\/types\/product"}],"replies":[{"embeddable":true,"href":"https:\/\/brandss.com.py\/index\/wp-json\/wp\/v2\/comments?post=78239"}],"version-history":[{"count":1,"href":"https:\/\/brandss.com.py\/index\/wp-json\/wp\/v2\/product\/78239\/revisions"}],"predecessor-version":[{"id":78248,"href":"https:\/\/brandss.com.py\/index\/wp-json\/wp\/v2\/product\/78239\/revisions\/78248"}],"wp:featuredmedia":[{"embeddable":true,"href":"https:\/\/brandss.com.py\/index\/wp-json\/wp\/v2\/media\/78240"}],"wp:attachment":[{"href":"https:\/\/brandss.com.py\/index\/wp-json\/wp\/v2\/media?parent=78239"}],"wp:term":[{"taxonomy":"product_brand","embeddable":true,"href":"https:\/\/brandss.com.py\/index\/wp-json\/wp\/v2\/product_brand?post=78239"},{"taxonomy":"product_cat","embeddable":true,"href":"https:\/\/brandss.com.py\/index\/wp-json\/wp\/v2\/product_cat?post=78239"},{"taxonomy":"product_tag","embeddable":true,"href":"https:\/\/brandss.com.py\/index\/wp-json\/wp\/v2\/product_tag?post=78239"}],"curies":[{"name":"wp","href":"https:\/\/api.w.org\/{rel}","templated":true}]}}