{"id":78267,"date":"2025-03-28T12:57:48","date_gmt":"2025-03-28T12:57:48","guid":{"rendered":"https:\/\/brandss.com.py\/index\/?post_type=product&#038;p=78267"},"modified":"2026-03-27T14:53:52","modified_gmt":"2026-03-27T14:53:52","slug":"calzado-deportivo-femenino-nike-v2k-run","status":"publish","type":"product","link":"https:\/\/brandss.com.py\/index\/producto\/calzado-deportivo-femenino-nike-v2k-run\/","title":{"rendered":"CALZADO DEPORTIVO FEMENINO NIKE V2K RUN"},"content":{"rendered":"<p><img loading=\"lazy\" decoding=\"async\" class=\"\" src=\"https:\/\/1000marcas.net\/wp-content\/uploads\/2019\/11\/Logo-Nike.jpg\" alt=\"Logo de Nike: la historia y el significado del logotipo, la marca y el  s\u00edmbolo. | png, vector\" width=\"99\" height=\"56\" \/><\/p>\n<h1>V2K RUN<\/h1>\n<div class=\"experience-component experience-productText\">\n<div class=\"product-text-wrapper hide-empty  \">\n<div class=\"product-text-content     \">\n<div class=\"product-text  released    \" data-product-field=\"longDescription\">\n<div class=\"pi-tier3\">\n<div class=\"pi-pdpmainbody\">\n<p>Adelanta. Regresa. No importa, estos calzados lleva lo retro al futuro. El V2K remasteriza todo lo que amas del Vomero con un look tra\u00eddo directamente de un cat\u00e1logo de running de principios de siglo. C\u00fabrete con una mezcla de met\u00e1licos llamativos, detalles pl\u00e1sticos referenciales y una entresuela con una est\u00e9tica perfectamente vintage. Y el tal\u00f3n robusto garantiza comodidad adondequiera que vayas.<\/p>\n<p><b>Beneficios<\/b><\/p>\n<ul>\n<li>La parte superior de malla es ligera y ventilada.<\/li>\n<li>La entresuela de espuma de doble densidad crea una pisada c\u00f3moda.<\/li>\n<li>Los detalles de pl\u00e1stico transl\u00facido aluden al Nike Vomero 5 cl\u00e1sico.<\/li>\n<li>La suela de goma ofrece una tracci\u00f3n duradera.<\/li>\n<\/ul>\n<p><b>Datos del producto<\/b><\/p>\n<ul>\n<li>Este producto no est\u00e1 dise\u00f1ado para usarse como equipo de protecci\u00f3n personal (EPP).<\/li>\n<li>Color: Blanco Cumbre\/Platino Puro\/Mineral De Hierro Ligero\/Plata Metalizado.<\/li>\n<li>Modelo: FD0736-100.<\/li>\n<\/ul>\n<\/div>\n<\/div>\n<\/div>\n<\/div>\n<\/div>\n<\/div>\n","protected":false},"excerpt":{"rendered":"<p>V2K RUN Adelanta. Regresa. No importa, estos calzados lleva lo retro al futuro. El V2K remasteriza todo lo que amas<\/p>\n","protected":false},"featured_media":78275,"comment_status":"open","ping_status":"closed","template":"","meta":{"nf_dc_page":""},"product_brand":[],"product_cat":[73],"product_tag":[],"class_list":{"0":"post-78267","1":"product","2":"type-product","3":"status-publish","4":"has-post-thumbnail","6":"product_cat-femenino","8":"first","9":"outofstock","10":"shipping-taxable","11":"purchasable","12":"product-type-simple"},"_links":{"self":[{"href":"https:\/\/brandss.com.py\/index\/wp-json\/wp\/v2\/product\/78267","targetHints":{"allow":["GET"]}}],"collection":[{"href":"https:\/\/brandss.com.py\/index\/wp-json\/wp\/v2\/product"}],"about":[{"href":"https:\/\/brandss.com.py\/index\/wp-json\/wp\/v2\/types\/product"}],"replies":[{"embeddable":true,"href":"https:\/\/brandss.com.py\/index\/wp-json\/wp\/v2\/comments?post=78267"}],"version-history":[{"count":1,"href":"https:\/\/brandss.com.py\/index\/wp-json\/wp\/v2\/product\/78267\/revisions"}],"predecessor-version":[{"id":78286,"href":"https:\/\/brandss.com.py\/index\/wp-json\/wp\/v2\/product\/78267\/revisions\/78286"}],"wp:featuredmedia":[{"embeddable":true,"href":"https:\/\/brandss.com.py\/index\/wp-json\/wp\/v2\/media\/78275"}],"wp:attachment":[{"href":"https:\/\/brandss.com.py\/index\/wp-json\/wp\/v2\/media?parent=78267"}],"wp:term":[{"taxonomy":"product_brand","embeddable":true,"href":"https:\/\/brandss.com.py\/index\/wp-json\/wp\/v2\/product_brand?post=78267"},{"taxonomy":"product_cat","embeddable":true,"href":"https:\/\/brandss.com.py\/index\/wp-json\/wp\/v2\/product_cat?post=78267"},{"taxonomy":"product_tag","embeddable":true,"href":"https:\/\/brandss.com.py\/index\/wp-json\/wp\/v2\/product_tag?post=78267"}],"curies":[{"name":"wp","href":"https:\/\/api.w.org\/{rel}","templated":true}]}}